{"id":1185,"date":"2025-10-14T18:37:31","date_gmt":"2025-10-14T18:37:31","guid":{"rendered":"https:\/\/dev2.cantalupe.net\/bacssa\/?page_id=1185"},"modified":"2026-02-06T20:28:33","modified_gmt":"2026-02-06T20:28:33","slug":"tratamiento-de-agua","status":"publish","type":"page","link":"https:\/\/dev2.cantalupe.net\/bacssa\/tratamiento-de-agua\/","title":{"rendered":"Tratamiento de Agua"},"content":{"rendered":"\t\t<div data-elementor-type=\"wp-page\" data-elementor-id=\"1185\" class=\"elementor elementor-1185\" data-elementor-post-type=\"page\">\n\t\t\t\t<div data-particle_enable=\"false\" data-particle-mobile-disabled=\"false\" class=\"elementor-element elementor-element-4d77517 e-con-full e-flex e-con e-parent\" data-id=\"4d77517\" data-element_type=\"container\" data-e-type=\"container\" data-settings=\"{&quot;background_background&quot;:&quot;classic&quot;}\">\n\t\t\t\t<div class=\"elementor-element elementor-element-d97fab3 animated-slow elementor-invisible elementor-widget elementor-widget-heading\" data-id=\"d97fab3\" data-element_type=\"widget\" data-e-type=\"widget\" data-settings=\"{&quot;_animation&quot;:&quot;fadeIn&quot;}\" data-widget_type=\"heading.default\">\n\t\t\t\t<div class=\"elementor-widget-container\">\n\t\t\t\t\t<h2 class=\"elementor-heading-title elementor-size-default\">Tratamiento <br>de agua<\/h2>\t\t\t\t<\/div>\n\t\t\t\t<\/div>\n\t\t\t\t<\/div>\n\t\t<div data-particle_enable=\"false\" data-particle-mobile-disabled=\"false\" class=\"elementor-element elementor-element-670cf0b e-flex e-con-boxed e-con e-parent\" data-id=\"670cf0b\" data-element_type=\"container\" data-e-type=\"container\">\n\t\t\t\t\t<div class=\"e-con-inner\">\n\t\t<div data-particle_enable=\"false\" data-particle-mobile-disabled=\"false\" class=\"elementor-element elementor-element-6765604 e-con-full e-flex e-con e-child\" data-id=\"6765604\" data-element_type=\"container\" data-e-type=\"container\">\n\t\t<div data-particle_enable=\"false\" data-particle-mobile-disabled=\"false\" class=\"elementor-element elementor-element-1a11ba3 e-con-full animated-slow e-flex elementor-invisible e-con e-child\" data-id=\"1a11ba3\" data-element_type=\"container\" data-e-type=\"container\" data-settings=\"{&quot;animation&quot;:&quot;fadeInLeft&quot;}\">\n\t\t\t\t<div class=\"elementor-element elementor-element-a2c179b elementor-widget__width-initial elementor-widget elementor-widget-heading\" data-id=\"a2c179b\" data-element_type=\"widget\" data-e-type=\"widget\" data-widget_type=\"heading.default\">\n\t\t\t\t<div class=\"elementor-widget-container\">\n\t\t\t\t\t<h2 class=\"elementor-heading-title elementor-size-default\"><strong>Soluciones modulares<\/strong> para <strong>clarificaci\u00f3n, filtrado, desinfecci\u00f3n<\/strong> y <strong>reuso<\/strong>.<\/h2>\t\t\t\t<\/div>\n\t\t\t\t<\/div>\n\t\t\t\t<\/div>\n\t\t<div data-particle_enable=\"false\" data-particle-mobile-disabled=\"false\" class=\"elementor-element elementor-element-5c61653 e-con-full animated-slow e-flex elementor-invisible e-con e-child\" data-id=\"5c61653\" data-element_type=\"container\" data-e-type=\"container\" data-settings=\"{&quot;animation&quot;:&quot;fadeInRight&quot;}\">\n\t\t\t\t<div class=\"elementor-element elementor-element-792eee8 elementor-position-inline-start elementor-mobile-position-inline-start elementor-view-default elementor-widget elementor-widget-icon-box\" data-id=\"792eee8\" data-element_type=\"widget\" data-e-type=\"widget\" data-widget_type=\"icon-box.default\">\n\t\t\t\t<div class=\"elementor-widget-container\">\n\t\t\t\t\t\t\t<div class=\"elementor-icon-box-wrapper\">\n\n\t\t\t\t\t\t<div class=\"elementor-icon-box-icon\">\n\t\t\t\t<span  class=\"elementor-icon\">\n\t\t\t\t<svg xmlns=\"http:\/\/www.w3.org\/2000\/svg\" width=\"26\" height=\"26\" viewBox=\"0 0 26 26\" fill=\"none\"><path d=\"M25 1L25 25L0.999999 25\" stroke=\"#3053A1\" stroke-width=\"2\"><\/path><path d=\"M25 25L1 0.999999\" stroke=\"#3053A1\" stroke-width=\"2\"><\/path><\/svg>\t\t\t\t<\/span>\n\t\t\t<\/div>\n\t\t\t\n\t\t\t\t\t\t<div class=\"elementor-icon-box-content\">\n\n\t\t\t\t\t\t\t\t\t<h3 class=\"elementor-icon-box-title\">\n\t\t\t\t\t\t<span  >\n\t\t\t\t\t\t\tEn BACSSA acompa\u00f1amos a nuestros clientes en todo el ciclo del tratamiento de agua: desde el diagn\u00f3stico inicial hasta la operaci\u00f3n continua del sistema. Nuestro diferencial est\u00e1 en el dise\u00f1o y puesta en marcha de plantas m\u00f3viles y fijas adaptadas a cada entorno, combinando tecnolog\u00eda, eficiencia y sustentabilidad.\t\t\t\t\t\t<\/span>\n\t\t\t\t\t<\/h3>\n\t\t\t\t\n\t\t\t\t\n\t\t\t<\/div>\n\t\t\t\n\t\t<\/div>\n\t\t\t\t\t\t<\/div>\n\t\t\t\t<\/div>\n\t\t\t\t<\/div>\n\t\t\t\t<\/div>\n\t\t\t\t\t<\/div>\n\t\t\t\t<\/div>\n\t\t<div data-particle_enable=\"false\" data-particle-mobile-disabled=\"false\" class=\"elementor-element elementor-element-0c5e7ec animated-slow e-flex e-con-boxed elementor-invisible e-con e-parent\" data-id=\"0c5e7ec\" data-element_type=\"container\" data-e-type=\"container\" data-settings=\"{&quot;animation&quot;:&quot;fadeIn&quot;}\">\n\t\t\t\t\t<div class=\"e-con-inner\">\n\t\t\t\t<div class=\"elementor-element elementor-element-0ac335c elementor-widget elementor-widget-n-accordion\" data-id=\"0ac335c\" data-element_type=\"widget\" data-e-type=\"widget\" data-settings=\"{&quot;default_state&quot;:&quot;expanded&quot;,&quot;max_items_expended&quot;:&quot;one&quot;,&quot;n_accordion_animation_duration&quot;:{&quot;unit&quot;:&quot;ms&quot;,&quot;size&quot;:400,&quot;sizes&quot;:[]}}\" data-widget_type=\"nested-accordion.default\">\n\t\t\t\t<div class=\"elementor-widget-container\">\n\t\t\t\t\t\t\t<div class=\"e-n-accordion\" aria-label=\"Accordion. Open links with Enter or Space, close with Escape, and navigate with Arrow Keys\">\n\t\t\t\t\t\t<details id=\"e-n-accordion-item-1120\" class=\"e-n-accordion-item\" open>\n\t\t\t\t<summary class=\"e-n-accordion-item-title\" data-accordion-index=\"1\" tabindex=\"0\" aria-expanded=\"true\" aria-controls=\"e-n-accordion-item-1120\" >\n\t\t\t\t\t<span class='e-n-accordion-item-title-header'><div class=\"e-n-accordion-item-title-text\"> Nuestras soluciones incluyen <\/div><\/span>\n\t\t\t\t\t\t\t<span class='e-n-accordion-item-title-icon'>\n\t\t\t<span class='e-opened' ><svg xmlns=\"http:\/\/www.w3.org\/2000\/svg\" width=\"27\" height=\"27\" viewBox=\"0 0 27 27\" fill=\"none\"><circle cx=\"13.5\" cy=\"13.5\" r=\"13.5\" fill=\"#3053A1\"><\/circle><path d=\"M18 9L18 19L8 19\" stroke=\"white\" stroke-width=\"2\"><\/path><path d=\"M18 19L8 9\" stroke=\"white\" stroke-width=\"2\"><\/path><\/svg><\/span>\n\t\t\t<span class='e-closed'><svg xmlns=\"http:\/\/www.w3.org\/2000\/svg\" width=\"27\" height=\"27\" viewBox=\"0 0 27 27\" fill=\"none\"><circle cx=\"13.5\" cy=\"13.5\" r=\"13.5\" fill=\"#0191FF\"><\/circle><path d=\"M8 9L18 9L18 19\" stroke=\"white\" stroke-width=\"2\"><\/path><path d=\"M18 9L8 19\" stroke=\"white\" stroke-width=\"2\"><\/path><\/svg><\/span>\n\t\t<\/span>\n\n\t\t\t\t\t\t<\/summary>\n\t\t\t\t<div data-particle_enable=\"false\" data-particle-mobile-disabled=\"false\" role=\"region\" aria-labelledby=\"e-n-accordion-item-1120\" class=\"elementor-element elementor-element-3a80ee2 e-con-full e-flex e-con e-child\" data-id=\"3a80ee2\" data-element_type=\"container\" data-e-type=\"container\">\n\t\t\t\t<div class=\"elementor-element elementor-element-17452a1 elementor-widget elementor-widget-text-editor\" data-id=\"17452a1\" data-element_type=\"widget\" data-e-type=\"widget\" data-widget_type=\"text-editor.default\">\n\t\t\t\t<div class=\"elementor-widget-container\">\n\t\t\t\t\t\t\t\t\t<ul><li><strong>Plantas Sanitarias de Agua (PSA):<\/strong> Clarificaci\u00f3n por sedimentaci\u00f3n lamelar, filtraci\u00f3n multimedia y microfiltraci\u00f3n, desinfecci\u00f3n con cloro o luz ultravioleta.<\/li><li><strong>Plantas de Tratamiento de Efluentes Cloacales (PTEC):<\/strong> Tecnolog\u00edas aer\u00f3bicas convencionales o de membranas (MBR) que permiten reutilizar el agua tratada en riego de caminos, forestaciones o procesos industriales.<\/li><li><strong>Reuso inteligente del agua:<\/strong> Instalaci\u00f3n de tanques y sistemas automatizados que permiten almacenar y redirigir el agua tratada para tareas operativas, reduciendo el consumo de agua dulce y mejorando la eficiencia h\u00eddrica.<\/li><\/ul>\t\t\t\t\t\t\t\t<\/div>\n\t\t\t\t<\/div>\n\t\t\t\t<\/div>\n\t\t\t\t\t<\/details>\n\t\t\t\t\t<\/div>\n\t\t\t\t\t\t<\/div>\n\t\t\t\t<\/div>\n\t\t\t\t<div class=\"elementor-element elementor-element-ae48dd2 elementor-widget elementor-widget-n-accordion\" data-id=\"ae48dd2\" data-element_type=\"widget\" data-e-type=\"widget\" data-settings=\"{&quot;default_state&quot;:&quot;expanded&quot;,&quot;max_items_expended&quot;:&quot;one&quot;,&quot;n_accordion_animation_duration&quot;:{&quot;unit&quot;:&quot;ms&quot;,&quot;size&quot;:400,&quot;sizes&quot;:[]}}\" data-widget_type=\"nested-accordion.default\">\n\t\t\t\t<div class=\"elementor-widget-container\">\n\t\t\t\t\t\t\t<div class=\"e-n-accordion\" aria-label=\"Accordion. Open links with Enter or Space, close with Escape, and navigate with Arrow Keys\">\n\t\t\t\t\t\t<details id=\"e-n-accordion-item-1820\" class=\"e-n-accordion-item\" open>\n\t\t\t\t<summary class=\"e-n-accordion-item-title\" data-accordion-index=\"1\" tabindex=\"0\" aria-expanded=\"true\" aria-controls=\"e-n-accordion-item-1820\" >\n\t\t\t\t\t<span class='e-n-accordion-item-title-header'><div class=\"e-n-accordion-item-title-text\"> Nuestras soluciones incluyen <\/div><\/span>\n\t\t\t\t\t\t\t<span class='e-n-accordion-item-title-icon'>\n\t\t\t<span class='e-opened' ><svg xmlns=\"http:\/\/www.w3.org\/2000\/svg\" width=\"27\" height=\"27\" viewBox=\"0 0 27 27\" fill=\"none\"><circle cx=\"13.5\" cy=\"13.5\" r=\"13.5\" fill=\"#3053A1\"><\/circle><path d=\"M18 9L18 19L8 19\" stroke=\"white\" stroke-width=\"2\"><\/path><path d=\"M18 19L8 9\" stroke=\"white\" stroke-width=\"2\"><\/path><\/svg><\/span>\n\t\t\t<span class='e-closed'><svg xmlns=\"http:\/\/www.w3.org\/2000\/svg\" width=\"27\" height=\"27\" viewBox=\"0 0 27 27\" fill=\"none\"><circle cx=\"13.5\" cy=\"13.5\" r=\"13.5\" fill=\"#0191FF\"><\/circle><path d=\"M8 9L18 9L18 19\" stroke=\"white\" stroke-width=\"2\"><\/path><path d=\"M18 9L8 19\" stroke=\"white\" stroke-width=\"2\"><\/path><\/svg><\/span>\n\t\t<\/span>\n\n\t\t\t\t\t\t<\/summary>\n\t\t\t\t<div data-particle_enable=\"false\" data-particle-mobile-disabled=\"false\" role=\"region\" aria-labelledby=\"e-n-accordion-item-1820\" class=\"elementor-element elementor-element-76ca609 e-con-full e-flex e-con e-child\" data-id=\"76ca609\" data-element_type=\"container\" data-e-type=\"container\">\n\t\t\t\t<div class=\"elementor-element elementor-element-79eeb74 elementor-widget elementor-widget-text-editor\" data-id=\"79eeb74\" data-element_type=\"widget\" data-e-type=\"widget\" data-widget_type=\"text-editor.default\">\n\t\t\t\t<div class=\"elementor-widget-container\">\n\t\t\t\t\t\t\t\t\t<ul><li>Soluciones escalables y de r\u00e1pida implementaci\u00f3n.<\/li><li>Alta eficiencia de remoci\u00f3n de contaminantes.<\/li><li>Ahorro de recursos y cumplimiento normativo.<\/li><li>Impacto positivo en la huella h\u00eddrica y ambiental.<\/li><\/ul>\t\t\t\t\t\t\t\t<\/div>\n\t\t\t\t<\/div>\n\t\t\t\t<\/div>\n\t\t\t\t\t<\/details>\n\t\t\t\t\t<\/div>\n\t\t\t\t\t\t<\/div>\n\t\t\t\t<\/div>\n\t\t\t\t\t<\/div>\n\t\t\t\t<\/div>\n\t\t\t\t<\/div>\n\t\t","protected":false},"excerpt":{"rendered":"<p>Tratamiento de agua Soluciones modulares para clarificaci\u00f3n, filtrado, desinfecci\u00f3n y reuso. En BACSSA acompa\u00f1amos a nuestros clientes en todo el ciclo del tratamiento de agua: desde el diagn\u00f3stico inicial hasta la operaci\u00f3n continua del sistema. Nuestro diferencial est\u00e1 en el dise\u00f1o y puesta en marcha de plantas m\u00f3viles y fijas adaptadas a cada entorno, combinando [&hellip;]<\/p>\n","protected":false},"author":2,"featured_media":0,"parent":0,"menu_order":0,"comment_status":"closed","ping_status":"closed","template":"","meta":{"footnotes":""},"class_list":["post-1185","page","type-page","status-publish","hentry"],"_links":{"self":[{"href":"https:\/\/dev2.cantalupe.net\/bacssa\/wp-json\/wp\/v2\/pages\/1185","targetHints":{"allow":["GET"]}}],"collection":[{"href":"https:\/\/dev2.cantalupe.net\/bacssa\/wp-json\/wp\/v2\/pages"}],"about":[{"href":"https:\/\/dev2.cantalupe.net\/bacssa\/wp-json\/wp\/v2\/types\/page"}],"author":[{"embeddable":true,"href":"https:\/\/dev2.cantalupe.net\/bacssa\/wp-json\/wp\/v2\/users\/2"}],"replies":[{"embeddable":true,"href":"https:\/\/dev2.cantalupe.net\/bacssa\/wp-json\/wp\/v2\/comments?post=1185"}],"version-history":[{"count":32,"href":"https:\/\/dev2.cantalupe.net\/bacssa\/wp-json\/wp\/v2\/pages\/1185\/revisions"}],"predecessor-version":[{"id":1335,"href":"https:\/\/dev2.cantalupe.net\/bacssa\/wp-json\/wp\/v2\/pages\/1185\/revisions\/1335"}],"wp:attachment":[{"href":"https:\/\/dev2.cantalupe.net\/bacssa\/wp-json\/wp\/v2\/media?parent=1185"}],"curies":[{"name":"wp","href":"https:\/\/api.w.org\/{rel}","templated":true}]}}