{"id":1208,"date":"2025-10-14T19:38:03","date_gmt":"2025-10-14T19:38:03","guid":{"rendered":"https:\/\/dev2.cantalupe.net\/bacssa\/?page_id=1208"},"modified":"2026-02-12T19:32:38","modified_gmt":"2026-02-12T19:32:38","slug":"logistica-v2","status":"publish","type":"page","link":"https:\/\/dev2.cantalupe.net\/bacssa\/logistica-v2\/","title":{"rendered":"Log\u00edstica v2"},"content":{"rendered":"\t\t<div data-elementor-type=\"wp-page\" data-elementor-id=\"1208\" class=\"elementor elementor-1208\" data-elementor-post-type=\"page\">\n\t\t\t\t<div data-particle_enable=\"false\" data-particle-mobile-disabled=\"false\" class=\"elementor-element elementor-element-4d77517 e-con-full e-flex e-con e-parent\" data-id=\"4d77517\" data-element_type=\"container\" data-e-type=\"container\" data-settings=\"{&quot;background_background&quot;:&quot;classic&quot;}\">\n\t\t\t\t<\/div>\n\t\t<div data-particle_enable=\"false\" data-particle-mobile-disabled=\"false\" class=\"elementor-element elementor-element-83c1932 e-flex e-con-boxed e-con e-parent\" data-id=\"83c1932\" data-element_type=\"container\" data-e-type=\"container\">\n\t\t\t\t\t<div class=\"e-con-inner\">\n\t\t<div data-particle_enable=\"false\" data-particle-mobile-disabled=\"false\" class=\"elementor-element elementor-element-5fe86d0 e-con-full e-flex e-con e-child\" data-id=\"5fe86d0\" data-element_type=\"container\" data-e-type=\"container\">\n\t\t<div data-particle_enable=\"false\" data-particle-mobile-disabled=\"false\" class=\"elementor-element elementor-element-6a140d6 e-con-full animated-slow e-flex elementor-invisible e-con e-child\" data-id=\"6a140d6\" data-element_type=\"container\" data-e-type=\"container\" data-settings=\"{&quot;animation&quot;:&quot;fadeInLeft&quot;}\">\n\t\t\t\t<div class=\"elementor-element elementor-element-1c4e9a5 elementor-widget__width-initial elementor-widget elementor-widget-heading\" data-id=\"1c4e9a5\" data-element_type=\"widget\" data-e-type=\"widget\" data-widget_type=\"heading.default\">\n\t\t\t\t<div class=\"elementor-widget-container\">\n\t\t\t\t\t<h2 class=\"elementor-heading-title elementor-size-default\">Transporte de <strong>cargas l\u00edquidas <\/strong><\/h2>\t\t\t\t<\/div>\n\t\t\t\t<\/div>\n\t\t\t\t<\/div>\n\t\t<div data-particle_enable=\"false\" data-particle-mobile-disabled=\"false\" class=\"elementor-element elementor-element-ba3c479 e-con-full animated-slow e-flex elementor-invisible e-con e-child\" data-id=\"ba3c479\" data-element_type=\"container\" data-e-type=\"container\" data-settings=\"{&quot;animation&quot;:&quot;fadeInRight&quot;}\">\n\t\t\t\t<div class=\"elementor-element elementor-element-94047a6 elementor-position-inline-start elementor-mobile-position-inline-start elementor-view-default elementor-widget elementor-widget-icon-box\" data-id=\"94047a6\" data-element_type=\"widget\" data-e-type=\"widget\" data-widget_type=\"icon-box.default\">\n\t\t\t\t<div class=\"elementor-widget-container\">\n\t\t\t\t\t\t\t<div class=\"elementor-icon-box-wrapper\">\n\n\t\t\t\t\t\t<div class=\"elementor-icon-box-icon\">\n\t\t\t\t<span  class=\"elementor-icon\">\n\t\t\t\t<svg xmlns=\"http:\/\/www.w3.org\/2000\/svg\" width=\"26\" height=\"26\" viewBox=\"0 0 26 26\" fill=\"none\"><path d=\"M25 1L25 25L0.999999 25\" stroke=\"#3053A1\" stroke-width=\"2\"><\/path><path d=\"M25 25L1 0.999999\" stroke=\"#3053A1\" stroke-width=\"2\"><\/path><\/svg>\t\t\t\t<\/span>\n\t\t\t<\/div>\n\t\t\t\n\t\t\t\t\t\t<div class=\"elementor-icon-box-content\">\n\n\t\t\t\t\t\t\t\t\t<h3 class=\"elementor-icon-box-title\">\n\t\t\t\t\t\t<span  >\n\t\t\t\t\t\t\tEn BACSSA brindamos soluciones log\u00edsticas integrales, con foco en eficiencia, trazabilidad y seguridad. Operamos una flota de veh\u00edculos especialmente equipada para el transporte de cargas l\u00edquidas, materiales convencionales y residuos industriales, incluso peligrosos (Y8 e Y9 \u2013 C.A.E. 722\/24).\t\t\t\t\t\t<\/span>\n\t\t\t\t\t<\/h3>\n\t\t\t\t\n\t\t\t\t\n\t\t\t<\/div>\n\t\t\t\n\t\t<\/div>\n\t\t\t\t\t\t<\/div>\n\t\t\t\t<\/div>\n\t\t\t\t<\/div>\n\t\t\t\t<\/div>\n\t\t\t\t\t<\/div>\n\t\t\t\t<\/div>\n\t\t<div data-particle_enable=\"false\" data-particle-mobile-disabled=\"false\" class=\"elementor-element elementor-element-0c5e7ec animated-slow e-flex e-con-boxed elementor-invisible e-con e-parent\" data-id=\"0c5e7ec\" data-element_type=\"container\" data-e-type=\"container\" data-settings=\"{&quot;animation&quot;:&quot;fadeIn&quot;}\">\n\t\t\t\t\t<div class=\"e-con-inner\">\n\t\t\t\t<div class=\"elementor-element elementor-element-0ac335c elementor-widget elementor-widget-n-accordion\" data-id=\"0ac335c\" data-element_type=\"widget\" data-e-type=\"widget\" data-settings=\"{&quot;default_state&quot;:&quot;expanded&quot;,&quot;max_items_expended&quot;:&quot;one&quot;,&quot;n_accordion_animation_duration&quot;:{&quot;unit&quot;:&quot;ms&quot;,&quot;size&quot;:400,&quot;sizes&quot;:[]}}\" data-widget_type=\"nested-accordion.default\">\n\t\t\t\t<div class=\"elementor-widget-container\">\n\t\t\t\t\t\t\t<div class=\"e-n-accordion\" aria-label=\"Accordion. Open links with Enter or Space, close with Escape, and navigate with Arrow Keys\">\n\t\t\t\t\t\t<details id=\"e-n-accordion-item-1120\" class=\"e-n-accordion-item\" open>\n\t\t\t\t<summary class=\"e-n-accordion-item-title\" data-accordion-index=\"1\" tabindex=\"0\" aria-expanded=\"true\" aria-controls=\"e-n-accordion-item-1120\" >\n\t\t\t\t\t<span class='e-n-accordion-item-title-header'><div class=\"e-n-accordion-item-title-text\"> Aplicaciones destacadas <\/div><\/span>\n\t\t\t\t\t\t\t<span class='e-n-accordion-item-title-icon'>\n\t\t\t<span class='e-opened' ><svg xmlns=\"http:\/\/www.w3.org\/2000\/svg\" width=\"27\" height=\"27\" viewBox=\"0 0 27 27\" fill=\"none\"><circle cx=\"13.5\" cy=\"13.5\" r=\"13.5\" fill=\"#3053A1\"><\/circle><path d=\"M18 9L18 19L8 19\" stroke=\"white\" stroke-width=\"2\"><\/path><path d=\"M18 19L8 9\" stroke=\"white\" stroke-width=\"2\"><\/path><\/svg><\/span>\n\t\t\t<span class='e-closed'><svg xmlns=\"http:\/\/www.w3.org\/2000\/svg\" width=\"27\" height=\"27\" viewBox=\"0 0 27 27\" fill=\"none\"><circle cx=\"13.5\" cy=\"13.5\" r=\"13.5\" fill=\"#0191FF\"><\/circle><path d=\"M8 9L18 9L18 19\" stroke=\"white\" stroke-width=\"2\"><\/path><path d=\"M18 9L8 19\" stroke=\"white\" stroke-width=\"2\"><\/path><\/svg><\/span>\n\t\t<\/span>\n\n\t\t\t\t\t\t<\/summary>\n\t\t\t\t<div data-particle_enable=\"false\" data-particle-mobile-disabled=\"false\" role=\"region\" aria-labelledby=\"e-n-accordion-item-1120\" class=\"elementor-element elementor-element-3a80ee2 e-con-full e-flex e-con e-child\" data-id=\"3a80ee2\" data-element_type=\"container\" data-e-type=\"container\">\n\t\t\t\t<div class=\"elementor-element elementor-element-17452a1 elementor-widget elementor-widget-text-editor\" data-id=\"17452a1\" data-element_type=\"widget\" data-e-type=\"widget\" data-widget_type=\"text-editor.default\">\n\t\t\t\t<div class=\"elementor-widget-container\">\n\t\t\t\t\t\t\t\t\t<ul>\n \t<li>Transporte de efluentes y l\u00edquidos no peligrosos mediante camiones de vac\u00edo de diferente capacidad.<\/li>\n \t<li>Transporte de residuos peligrosos bajo normativa vigente.<\/li>\n \t<li>Transporte de agua industrial y potable.<\/li>\n \t<li>Impacto positivo en la huella h\u00eddrica y ambiental.<\/li>\n<\/ul>\t\t\t\t\t\t\t\t<\/div>\n\t\t\t\t<\/div>\n\t\t\t\t<\/div>\n\t\t\t\t\t<\/details>\n\t\t\t\t\t<\/div>\n\t\t\t\t\t\t<\/div>\n\t\t\t\t<\/div>\n\t\t\t\t<div class=\"elementor-element elementor-element-ae48dd2 elementor-widget elementor-widget-n-accordion\" data-id=\"ae48dd2\" data-element_type=\"widget\" data-e-type=\"widget\" data-settings=\"{&quot;default_state&quot;:&quot;expanded&quot;,&quot;max_items_expended&quot;:&quot;one&quot;,&quot;n_accordion_animation_duration&quot;:{&quot;unit&quot;:&quot;ms&quot;,&quot;size&quot;:400,&quot;sizes&quot;:[]}}\" data-widget_type=\"nested-accordion.default\">\n\t\t\t\t<div class=\"elementor-widget-container\">\n\t\t\t\t\t\t\t<div class=\"e-n-accordion\" aria-label=\"Accordion. Open links with Enter or Space, close with Escape, and navigate with Arrow Keys\">\n\t\t\t\t\t\t<details id=\"e-n-accordion-item-1820\" class=\"e-n-accordion-item\" open>\n\t\t\t\t<summary class=\"e-n-accordion-item-title\" data-accordion-index=\"1\" tabindex=\"0\" aria-expanded=\"true\" aria-controls=\"e-n-accordion-item-1820\" >\n\t\t\t\t\t<span class='e-n-accordion-item-title-header'><div class=\"e-n-accordion-item-title-text\"> Tecnolog\u00eda aplicada a la  seguridad y trazabilidad <\/div><\/span>\n\t\t\t\t\t\t\t<span class='e-n-accordion-item-title-icon'>\n\t\t\t<span class='e-opened' ><svg xmlns=\"http:\/\/www.w3.org\/2000\/svg\" width=\"27\" height=\"27\" viewBox=\"0 0 27 27\" fill=\"none\"><circle cx=\"13.5\" cy=\"13.5\" r=\"13.5\" fill=\"#3053A1\"><\/circle><path d=\"M18 9L18 19L8 19\" stroke=\"white\" stroke-width=\"2\"><\/path><path d=\"M18 19L8 9\" stroke=\"white\" stroke-width=\"2\"><\/path><\/svg><\/span>\n\t\t\t<span class='e-closed'><svg xmlns=\"http:\/\/www.w3.org\/2000\/svg\" width=\"27\" height=\"27\" viewBox=\"0 0 27 27\" fill=\"none\"><circle cx=\"13.5\" cy=\"13.5\" r=\"13.5\" fill=\"#0191FF\"><\/circle><path d=\"M8 9L18 9L18 19\" stroke=\"white\" stroke-width=\"2\"><\/path><path d=\"M18 9L8 19\" stroke=\"white\" stroke-width=\"2\"><\/path><\/svg><\/span>\n\t\t<\/span>\n\n\t\t\t\t\t\t<\/summary>\n\t\t\t\t<div data-particle_enable=\"false\" data-particle-mobile-disabled=\"false\" role=\"region\" aria-labelledby=\"e-n-accordion-item-1820\" class=\"elementor-element elementor-element-76ca609 e-con-full e-flex e-con e-child\" data-id=\"76ca609\" data-element_type=\"container\" data-e-type=\"container\">\n\t\t\t\t<div class=\"elementor-element elementor-element-79eeb74 elementor-widget elementor-widget-text-editor\" data-id=\"79eeb74\" data-element_type=\"widget\" data-e-type=\"widget\" data-widget_type=\"text-editor.default\">\n\t\t\t\t<div class=\"elementor-widget-container\">\n\t\t\t\t\t\t\t\t\t<ul>\n \t<li>Seguimiento satelital y c\u00e1maras a bordo.<\/li>\n \t<li>Sistema de gesti\u00f3n de flotas y sensores de fatiga.<\/li>\n \t<li>Trazabilidad y cumplimiento normativo (ELD, HOS, etc.).<\/li>\n \t<li>Seguimiento en tiempo real de cada chofer.<\/li>\n<\/ul>\t\t\t\t\t\t\t\t<\/div>\n\t\t\t\t<\/div>\n\t\t\t\t<\/div>\n\t\t\t\t\t<\/details>\n\t\t\t\t\t<\/div>\n\t\t\t\t\t\t<\/div>\n\t\t\t\t<\/div>\n\t\t\t\t<div class=\"elementor-element elementor-element-d499b1b elementor-widget elementor-widget-n-accordion\" data-id=\"d499b1b\" data-element_type=\"widget\" data-e-type=\"widget\" data-settings=\"{&quot;default_state&quot;:&quot;expanded&quot;,&quot;max_items_expended&quot;:&quot;one&quot;,&quot;n_accordion_animation_duration&quot;:{&quot;unit&quot;:&quot;ms&quot;,&quot;size&quot;:400,&quot;sizes&quot;:[]}}\" data-widget_type=\"nested-accordion.default\">\n\t\t\t\t<div class=\"elementor-widget-container\">\n\t\t\t\t\t\t\t<div class=\"e-n-accordion\" aria-label=\"Accordion. Open links with Enter or Space, close with Escape, and navigate with Arrow Keys\">\n\t\t\t\t\t\t<details id=\"e-n-accordion-item-2220\" class=\"e-n-accordion-item\" open>\n\t\t\t\t<summary class=\"e-n-accordion-item-title\" data-accordion-index=\"1\" tabindex=\"0\" aria-expanded=\"true\" aria-controls=\"e-n-accordion-item-2220\" >\n\t\t\t\t\t<span class='e-n-accordion-item-title-header'><div class=\"e-n-accordion-item-title-text\"> Beneficios <\/div><\/span>\n\t\t\t\t\t\t\t<span class='e-n-accordion-item-title-icon'>\n\t\t\t<span class='e-opened' ><svg xmlns=\"http:\/\/www.w3.org\/2000\/svg\" width=\"27\" height=\"27\" viewBox=\"0 0 27 27\" fill=\"none\"><circle cx=\"13.5\" cy=\"13.5\" r=\"13.5\" fill=\"#3053A1\"><\/circle><path d=\"M18 9L18 19L8 19\" stroke=\"white\" stroke-width=\"2\"><\/path><path d=\"M18 19L8 9\" stroke=\"white\" stroke-width=\"2\"><\/path><\/svg><\/span>\n\t\t\t<span class='e-closed'><svg xmlns=\"http:\/\/www.w3.org\/2000\/svg\" width=\"27\" height=\"27\" viewBox=\"0 0 27 27\" fill=\"none\"><circle cx=\"13.5\" cy=\"13.5\" r=\"13.5\" fill=\"#0191FF\"><\/circle><path d=\"M8 9L18 9L18 19\" stroke=\"white\" stroke-width=\"2\"><\/path><path d=\"M18 9L8 19\" stroke=\"white\" stroke-width=\"2\"><\/path><\/svg><\/span>\n\t\t<\/span>\n\n\t\t\t\t\t\t<\/summary>\n\t\t\t\t<div data-particle_enable=\"false\" data-particle-mobile-disabled=\"false\" role=\"region\" aria-labelledby=\"e-n-accordion-item-2220\" class=\"elementor-element elementor-element-641ff26 e-con-full e-flex e-con e-child\" data-id=\"641ff26\" data-element_type=\"container\" data-e-type=\"container\">\n\t\t\t\t<div class=\"elementor-element elementor-element-38df7b1 elementor-widget elementor-widget-text-editor\" data-id=\"38df7b1\" data-element_type=\"widget\" data-e-type=\"widget\" data-widget_type=\"text-editor.default\">\n\t\t\t\t<div class=\"elementor-widget-container\">\n\t\t\t\t\t\t\t\t\t<ul>\n \t<li>Mayor seguridad operativa y reducci\u00f3n de riesgos.<\/li>\n \t<li>Optimizaci\u00f3n de tiempos y costos de operaci\u00f3n.<\/li>\n \t<li>Capacidad de adaptaci\u00f3n a contextos exigentes.<\/li>\n \t<li>100% flota propia.<\/li>\n<\/ul>\t\t\t\t\t\t\t\t<\/div>\n\t\t\t\t<\/div>\n\t\t\t\t<\/div>\n\t\t\t\t\t<\/details>\n\t\t\t\t\t<\/div>\n\t\t\t\t\t\t<\/div>\n\t\t\t\t<\/div>\n\t\t\t\t\t<\/div>\n\t\t\t\t<\/div>\n\t\t\t\t<\/div>\n\t\t","protected":false},"excerpt":{"rendered":"<p>Transporte de cargas l\u00edquidas En BACSSA brindamos soluciones log\u00edsticas integrales, con foco en eficiencia, trazabilidad y seguridad. Operamos una flota de veh\u00edculos especialmente equipada para el transporte de cargas l\u00edquidas, materiales convencionales y residuos industriales, incluso peligrosos (Y8 e Y9 \u2013 C.A.E. 722\/24). Aplicaciones destacadas Transporte de efluentes y l\u00edquidos no peligrosos mediante camiones de [&hellip;]<\/p>\n","protected":false},"author":2,"featured_media":0,"parent":0,"menu_order":0,"comment_status":"closed","ping_status":"closed","template":"","meta":{"footnotes":""},"class_list":["post-1208","page","type-page","status-publish","hentry"],"_links":{"self":[{"href":"https:\/\/dev2.cantalupe.net\/bacssa\/wp-json\/wp\/v2\/pages\/1208","targetHints":{"allow":["GET"]}}],"collection":[{"href":"https:\/\/dev2.cantalupe.net\/bacssa\/wp-json\/wp\/v2\/pages"}],"about":[{"href":"https:\/\/dev2.cantalupe.net\/bacssa\/wp-json\/wp\/v2\/types\/page"}],"author":[{"embeddable":true,"href":"https:\/\/dev2.cantalupe.net\/bacssa\/wp-json\/wp\/v2\/users\/2"}],"replies":[{"embeddable":true,"href":"https:\/\/dev2.cantalupe.net\/bacssa\/wp-json\/wp\/v2\/comments?post=1208"}],"version-history":[{"count":40,"href":"https:\/\/dev2.cantalupe.net\/bacssa\/wp-json\/wp\/v2\/pages\/1208\/revisions"}],"predecessor-version":[{"id":1414,"href":"https:\/\/dev2.cantalupe.net\/bacssa\/wp-json\/wp\/v2\/pages\/1208\/revisions\/1414"}],"wp:attachment":[{"href":"https:\/\/dev2.cantalupe.net\/bacssa\/wp-json\/wp\/v2\/media?parent=1208"}],"curies":[{"name":"wp","href":"https:\/\/api.w.org\/{rel}","templated":true}]}}