{"id":1229,"date":"2025-10-14T19:49:42","date_gmt":"2025-10-14T19:49:42","guid":{"rendered":"https:\/\/dev2.cantalupe.net\/bacssa\/?page_id=1229"},"modified":"2026-02-13T19:51:00","modified_gmt":"2026-02-13T19:51:00","slug":"tecnologia-aplicada-a-la-medicion-v2","status":"publish","type":"page","link":"https:\/\/dev2.cantalupe.net\/bacssa\/tecnologia-aplicada-a-la-medicion-v2\/","title":{"rendered":"Tecnolog\u00eda aplicada a la medici\u00f3n v2"},"content":{"rendered":"\t\t<div data-elementor-type=\"wp-page\" data-elementor-id=\"1229\" class=\"elementor elementor-1229\" data-elementor-post-type=\"page\">\n\t\t\t\t<div data-particle_enable=\"false\" data-particle-mobile-disabled=\"false\" class=\"elementor-element elementor-element-4d77517 e-con-full e-flex e-con e-parent\" data-id=\"4d77517\" data-element_type=\"container\" data-e-type=\"container\" data-settings=\"{&quot;background_background&quot;:&quot;classic&quot;}\">\n\t\t\t\t<div class=\"elementor-element elementor-element-d97fab3 animated-slow elementor-invisible elementor-widget elementor-widget-heading\" data-id=\"d97fab3\" data-element_type=\"widget\" data-e-type=\"widget\" data-settings=\"{&quot;_animation&quot;:&quot;fadeIn&quot;}\" data-widget_type=\"heading.default\">\n\t\t\t\t<div class=\"elementor-widget-container\">\n\t\t\t\t\t<h2 class=\"elementor-heading-title elementor-size-default\">Tecnolog\u00eda aplicada<br>\na la medici\u00f3n<\/h2>\t\t\t\t<\/div>\n\t\t\t\t<\/div>\n\t\t\t\t<\/div>\n\t\t<div data-particle_enable=\"false\" data-particle-mobile-disabled=\"false\" class=\"elementor-element elementor-element-d48d6d1 e-flex e-con-boxed e-con e-parent\" data-id=\"d48d6d1\" data-element_type=\"container\" data-e-type=\"container\">\n\t\t\t\t\t<div class=\"e-con-inner\">\n\t\t<div data-particle_enable=\"false\" data-particle-mobile-disabled=\"false\" class=\"elementor-element elementor-element-8e7812d e-con-full e-flex e-con e-child\" data-id=\"8e7812d\" data-element_type=\"container\" data-e-type=\"container\">\n\t\t<div data-particle_enable=\"false\" data-particle-mobile-disabled=\"false\" class=\"elementor-element elementor-element-69e1a06 e-con-full animated-slow e-flex elementor-invisible e-con e-child\" data-id=\"69e1a06\" data-element_type=\"container\" data-e-type=\"container\" data-settings=\"{&quot;animation&quot;:&quot;fadeInLeft&quot;}\">\n\t\t\t\t<div class=\"elementor-element elementor-element-59a7c77 elementor-widget__width-initial elementor-widget elementor-widget-heading\" data-id=\"59a7c77\" data-element_type=\"widget\" data-e-type=\"widget\" data-widget_type=\"heading.default\">\n\t\t\t\t<div class=\"elementor-widget-container\">\n\t\t\t\t\t<h2 class=\"elementor-heading-title elementor-size-default\"><strong>Inteligencia operativa<\/strong> para decisiones en <strong>tiempo real.<\/strong><\/h2>\t\t\t\t<\/div>\n\t\t\t\t<\/div>\n\t\t\t\t<\/div>\n\t\t<div data-particle_enable=\"false\" data-particle-mobile-disabled=\"false\" class=\"elementor-element elementor-element-46f6b8e e-con-full animated-slow e-flex elementor-invisible e-con e-child\" data-id=\"46f6b8e\" data-element_type=\"container\" data-e-type=\"container\" data-settings=\"{&quot;animation&quot;:&quot;fadeInRight&quot;}\">\n\t\t\t\t<div class=\"elementor-element elementor-element-6ade6ce elementor-position-inline-start elementor-mobile-position-inline-start elementor-view-default elementor-widget elementor-widget-icon-box\" data-id=\"6ade6ce\" data-element_type=\"widget\" data-e-type=\"widget\" data-widget_type=\"icon-box.default\">\n\t\t\t\t<div class=\"elementor-widget-container\">\n\t\t\t\t\t\t\t<div class=\"elementor-icon-box-wrapper\">\n\n\t\t\t\t\t\t<div class=\"elementor-icon-box-icon\">\n\t\t\t\t<span  class=\"elementor-icon\">\n\t\t\t\t<svg xmlns=\"http:\/\/www.w3.org\/2000\/svg\" width=\"26\" height=\"26\" viewBox=\"0 0 26 26\" fill=\"none\"><path d=\"M25 1L25 25L0.999999 25\" stroke=\"#3053A1\" stroke-width=\"2\"><\/path><path d=\"M25 25L1 0.999999\" stroke=\"#3053A1\" stroke-width=\"2\"><\/path><\/svg>\t\t\t\t<\/span>\n\t\t\t<\/div>\n\t\t\t\n\t\t\t\t\t\t<div class=\"elementor-icon-box-content\">\n\n\t\t\t\t\t\t\t\t\t<h3 class=\"elementor-icon-box-title\">\n\t\t\t\t\t\t<span  >\n\t\t\t\t\t\t\tEn BACSSA transformamos datos en valor. A trav\u00e9s de nuestra plataforma digital <strong>SAPIENS,<\/strong> ofrecemos soluciones de monitoreo y control remoto que permiten supervisar, analizar y gestionar procesos cr\u00edticos en tiempo real, de forma segura, precisa y accesible.\t\t\t\t\t\t<\/span>\n\t\t\t\t\t<\/h3>\n\t\t\t\t\n\t\t\t\t\n\t\t\t<\/div>\n\t\t\t\n\t\t<\/div>\n\t\t\t\t\t\t<\/div>\n\t\t\t\t<\/div>\n\t\t\t\t<\/div>\n\t\t\t\t<\/div>\n\t\t\t\t\t<\/div>\n\t\t\t\t<\/div>\n\t\t<div data-particle_enable=\"false\" data-particle-mobile-disabled=\"false\" class=\"elementor-element elementor-element-0c5e7ec animated-slow e-flex e-con-boxed elementor-invisible e-con e-parent\" data-id=\"0c5e7ec\" data-element_type=\"container\" data-e-type=\"container\" data-settings=\"{&quot;animation&quot;:&quot;fadeIn&quot;}\">\n\t\t\t\t\t<div class=\"e-con-inner\">\n\t\t\t\t<div class=\"elementor-element elementor-element-0ac335c elementor-widget elementor-widget-n-accordion\" data-id=\"0ac335c\" data-element_type=\"widget\" data-e-type=\"widget\" data-settings=\"{&quot;default_state&quot;:&quot;expanded&quot;,&quot;max_items_expended&quot;:&quot;one&quot;,&quot;n_accordion_animation_duration&quot;:{&quot;unit&quot;:&quot;ms&quot;,&quot;size&quot;:400,&quot;sizes&quot;:[]}}\" data-widget_type=\"nested-accordion.default\">\n\t\t\t\t<div class=\"elementor-widget-container\">\n\t\t\t\t\t\t\t<div class=\"e-n-accordion\" aria-label=\"Accordion. Open links with Enter or Space, close with Escape, and navigate with Arrow Keys\">\n\t\t\t\t\t\t<details id=\"e-n-accordion-item-1120\" class=\"e-n-accordion-item\" open>\n\t\t\t\t<summary class=\"e-n-accordion-item-title\" data-accordion-index=\"1\" tabindex=\"0\" aria-expanded=\"true\" aria-controls=\"e-n-accordion-item-1120\" >\n\t\t\t\t\t<span class='e-n-accordion-item-title-header'><div class=\"e-n-accordion-item-title-text\"> Aplicaciones destacadas <\/div><\/span>\n\t\t\t\t\t\t\t<span class='e-n-accordion-item-title-icon'>\n\t\t\t<span class='e-opened' ><svg xmlns=\"http:\/\/www.w3.org\/2000\/svg\" width=\"27\" height=\"27\" viewBox=\"0 0 27 27\" fill=\"none\"><circle cx=\"13.5\" cy=\"13.5\" r=\"13.5\" fill=\"#3053A1\"><\/circle><path d=\"M18 9L18 19L8 19\" stroke=\"white\" stroke-width=\"2\"><\/path><path d=\"M18 19L8 9\" stroke=\"white\" stroke-width=\"2\"><\/path><\/svg><\/span>\n\t\t\t<span class='e-closed'><svg xmlns=\"http:\/\/www.w3.org\/2000\/svg\" width=\"27\" height=\"27\" viewBox=\"0 0 27 27\" fill=\"none\"><circle cx=\"13.5\" cy=\"13.5\" r=\"13.5\" fill=\"#0191FF\"><\/circle><path d=\"M8 9L18 9L18 19\" stroke=\"white\" stroke-width=\"2\"><\/path><path d=\"M18 9L8 19\" stroke=\"white\" stroke-width=\"2\"><\/path><\/svg><\/span>\n\t\t<\/span>\n\n\t\t\t\t\t\t<\/summary>\n\t\t\t\t<div data-particle_enable=\"false\" data-particle-mobile-disabled=\"false\" role=\"region\" aria-labelledby=\"e-n-accordion-item-1120\" class=\"elementor-element elementor-element-3a80ee2 e-con-full e-flex e-con e-child\" data-id=\"3a80ee2\" data-element_type=\"container\" data-e-type=\"container\">\n\t\t\t\t<div class=\"elementor-element elementor-element-17452a1 elementor-widget elementor-widget-text-editor\" data-id=\"17452a1\" data-element_type=\"widget\" data-e-type=\"widget\" data-widget_type=\"text-editor.default\">\n\t\t\t\t<div class=\"elementor-widget-container\">\n\t\t\t\t\t\t\t\t\t<ul><li><strong>Monitoreo de tanques y flowback:<\/strong> Sensores de radar, comunicaci\u00f3n dual (sat\u00e9lite\/GPRS), energ\u00eda solar y se\u00f1alizaci\u00f3n visual-sonora para prevenir desbordes y optimizar el retiro.<\/li><li><strong>Ensayos de pozo (DFit):<\/strong> Medici\u00f3n de presi\u00f3n, caudal y nivel para evaluar integridad del pozo antes de fractura hidr\u00e1ulica.<\/li><li><strong>Control en transferencias de agua:<\/strong> Supervisi\u00f3n de caudal, presi\u00f3n y niveles en tiempo real durante operaciones de alimentaci\u00f3n a fractura.<\/li><li><strong>Gesti\u00f3n de accesos (SADE):<\/strong> Registro digital en locaci\u00f3n con validaci\u00f3n sanitaria, de permisos y capacitaciones. Terminal biom\u00e9trica, red local y reportes autom\u00e1ticos.<\/li><\/ul>\t\t\t\t\t\t\t\t<\/div>\n\t\t\t\t<\/div>\n\t\t\t\t<\/div>\n\t\t\t\t\t<\/details>\n\t\t\t\t\t<\/div>\n\t\t\t\t\t\t<\/div>\n\t\t\t\t<\/div>\n\t\t\t\t<div class=\"elementor-element elementor-element-ae48dd2 elementor-widget elementor-widget-n-accordion\" data-id=\"ae48dd2\" data-element_type=\"widget\" data-e-type=\"widget\" data-settings=\"{&quot;default_state&quot;:&quot;expanded&quot;,&quot;max_items_expended&quot;:&quot;one&quot;,&quot;n_accordion_animation_duration&quot;:{&quot;unit&quot;:&quot;ms&quot;,&quot;size&quot;:400,&quot;sizes&quot;:[]}}\" data-widget_type=\"nested-accordion.default\">\n\t\t\t\t<div class=\"elementor-widget-container\">\n\t\t\t\t\t\t\t<div class=\"e-n-accordion\" aria-label=\"Accordion. Open links with Enter or Space, close with Escape, and navigate with Arrow Keys\">\n\t\t\t\t\t\t<details id=\"e-n-accordion-item-1820\" class=\"e-n-accordion-item\" open>\n\t\t\t\t<summary class=\"e-n-accordion-item-title\" data-accordion-index=\"1\" tabindex=\"0\" aria-expanded=\"true\" aria-controls=\"e-n-accordion-item-1820\" >\n\t\t\t\t\t<span class='e-n-accordion-item-title-header'><div class=\"e-n-accordion-item-title-text\"> Nuestra Plataforma  Sapiens nos permite <\/div><\/span>\n\t\t\t\t\t\t\t<span class='e-n-accordion-item-title-icon'>\n\t\t\t<span class='e-opened' ><svg xmlns=\"http:\/\/www.w3.org\/2000\/svg\" width=\"27\" height=\"27\" viewBox=\"0 0 27 27\" fill=\"none\"><circle cx=\"13.5\" cy=\"13.5\" r=\"13.5\" fill=\"#3053A1\"><\/circle><path d=\"M18 9L18 19L8 19\" stroke=\"white\" stroke-width=\"2\"><\/path><path d=\"M18 19L8 9\" stroke=\"white\" stroke-width=\"2\"><\/path><\/svg><\/span>\n\t\t\t<span class='e-closed'><svg xmlns=\"http:\/\/www.w3.org\/2000\/svg\" width=\"27\" height=\"27\" viewBox=\"0 0 27 27\" fill=\"none\"><circle cx=\"13.5\" cy=\"13.5\" r=\"13.5\" fill=\"#0191FF\"><\/circle><path d=\"M8 9L18 9L18 19\" stroke=\"white\" stroke-width=\"2\"><\/path><path d=\"M18 9L8 19\" stroke=\"white\" stroke-width=\"2\"><\/path><\/svg><\/span>\n\t\t<\/span>\n\n\t\t\t\t\t\t<\/summary>\n\t\t\t\t<div data-particle_enable=\"false\" data-particle-mobile-disabled=\"false\" role=\"region\" aria-labelledby=\"e-n-accordion-item-1820\" class=\"elementor-element elementor-element-76ca609 e-con-full e-flex e-con e-child\" data-id=\"76ca609\" data-element_type=\"container\" data-e-type=\"container\">\n\t\t\t\t<div class=\"elementor-element elementor-element-79eeb74 elementor-widget elementor-widget-text-editor\" data-id=\"79eeb74\" data-element_type=\"widget\" data-e-type=\"widget\" data-widget_type=\"text-editor.default\">\n\t\t\t\t<div class=\"elementor-widget-container\">\n\t\t\t\t\t\t\t\t\t<ul><li>Visualizaci\u00f3n online multiplataforma.<\/li><li>Alarmas, reportes e indicadores configurables.<\/li><li>Trazabilidad completa del proceso.<\/li><li>Seguridad de datos con pol\u00edticas de confidencialidad, integridad y disponibilidad.<\/li><\/ul>\t\t\t\t\t\t\t\t<\/div>\n\t\t\t\t<\/div>\n\t\t\t\t<\/div>\n\t\t\t\t\t<\/details>\n\t\t\t\t\t<\/div>\n\t\t\t\t\t\t<\/div>\n\t\t\t\t<\/div>\n\t\t\t\t<div class=\"elementor-element elementor-element-d499b1b elementor-widget elementor-widget-n-accordion\" data-id=\"d499b1b\" data-element_type=\"widget\" data-e-type=\"widget\" data-settings=\"{&quot;default_state&quot;:&quot;expanded&quot;,&quot;max_items_expended&quot;:&quot;one&quot;,&quot;n_accordion_animation_duration&quot;:{&quot;unit&quot;:&quot;ms&quot;,&quot;size&quot;:400,&quot;sizes&quot;:[]}}\" data-widget_type=\"nested-accordion.default\">\n\t\t\t\t<div class=\"elementor-widget-container\">\n\t\t\t\t\t\t\t<div class=\"e-n-accordion\" aria-label=\"Accordion. Open links with Enter or Space, close with Escape, and navigate with Arrow Keys\">\n\t\t\t\t\t\t<details id=\"e-n-accordion-item-2220\" class=\"e-n-accordion-item\" open>\n\t\t\t\t<summary class=\"e-n-accordion-item-title\" data-accordion-index=\"1\" tabindex=\"0\" aria-expanded=\"true\" aria-controls=\"e-n-accordion-item-2220\" >\n\t\t\t\t\t<span class='e-n-accordion-item-title-header'><div class=\"e-n-accordion-item-title-text\"> Beneficios <\/div><\/span>\n\t\t\t\t\t\t\t<span class='e-n-accordion-item-title-icon'>\n\t\t\t<span class='e-opened' ><svg xmlns=\"http:\/\/www.w3.org\/2000\/svg\" width=\"27\" height=\"27\" viewBox=\"0 0 27 27\" fill=\"none\"><circle cx=\"13.5\" cy=\"13.5\" r=\"13.5\" fill=\"#3053A1\"><\/circle><path d=\"M18 9L18 19L8 19\" stroke=\"white\" stroke-width=\"2\"><\/path><path d=\"M18 19L8 9\" stroke=\"white\" stroke-width=\"2\"><\/path><\/svg><\/span>\n\t\t\t<span class='e-closed'><svg xmlns=\"http:\/\/www.w3.org\/2000\/svg\" width=\"27\" height=\"27\" viewBox=\"0 0 27 27\" fill=\"none\"><circle cx=\"13.5\" cy=\"13.5\" r=\"13.5\" fill=\"#0191FF\"><\/circle><path d=\"M8 9L18 9L18 19\" stroke=\"white\" stroke-width=\"2\"><\/path><path d=\"M18 9L8 19\" stroke=\"white\" stroke-width=\"2\"><\/path><\/svg><\/span>\n\t\t<\/span>\n\n\t\t\t\t\t\t<\/summary>\n\t\t\t\t<div data-particle_enable=\"false\" data-particle-mobile-disabled=\"false\" role=\"region\" aria-labelledby=\"e-n-accordion-item-2220\" class=\"elementor-element elementor-element-641ff26 e-con-full e-flex e-con e-child\" data-id=\"641ff26\" data-element_type=\"container\" data-e-type=\"container\">\n\t\t\t\t<div class=\"elementor-element elementor-element-38df7b1 elementor-widget elementor-widget-text-editor\" data-id=\"38df7b1\" data-element_type=\"widget\" data-e-type=\"widget\" data-widget_type=\"text-editor.default\">\n\t\t\t\t<div class=\"elementor-widget-container\">\n\t\t\t\t\t\t\t\t\t<ul><li>Mejores decisiones con datos en tiempo real.<\/li><li>Reducci\u00f3n de riesgos y mejora de eficiencia.<\/li><li>Intervenci\u00f3n inmediata ante desv\u00edos o incidentes.<\/li><li>Cumplimiento normativo y evidencia digital auditable.<\/li><\/ul>\t\t\t\t\t\t\t\t<\/div>\n\t\t\t\t<\/div>\n\t\t\t\t<\/div>\n\t\t\t\t\t<\/details>\n\t\t\t\t\t<\/div>\n\t\t\t\t\t\t<\/div>\n\t\t\t\t<\/div>\n\t\t\t\t\t<\/div>\n\t\t\t\t<\/div>\n\t\t\t\t<\/div>\n\t\t","protected":false},"excerpt":{"rendered":"<p>Tecnolog\u00eda aplicada a la medici\u00f3n Inteligencia operativa para decisiones en tiempo real. En BACSSA transformamos datos en valor. A trav\u00e9s de nuestra plataforma digital SAPIENS, ofrecemos soluciones de monitoreo y control remoto que permiten supervisar, analizar y gestionar procesos cr\u00edticos en tiempo real, de forma segura, precisa y accesible. Aplicaciones destacadas Monitoreo de tanques y [&hellip;]<\/p>\n","protected":false},"author":2,"featured_media":0,"parent":0,"menu_order":0,"comment_status":"closed","ping_status":"closed","template":"","meta":{"footnotes":""},"class_list":["post-1229","page","type-page","status-publish","hentry"],"_links":{"self":[{"href":"https:\/\/dev2.cantalupe.net\/bacssa\/wp-json\/wp\/v2\/pages\/1229","targetHints":{"allow":["GET"]}}],"collection":[{"href":"https:\/\/dev2.cantalupe.net\/bacssa\/wp-json\/wp\/v2\/pages"}],"about":[{"href":"https:\/\/dev2.cantalupe.net\/bacssa\/wp-json\/wp\/v2\/types\/page"}],"author":[{"embeddable":true,"href":"https:\/\/dev2.cantalupe.net\/bacssa\/wp-json\/wp\/v2\/users\/2"}],"replies":[{"embeddable":true,"href":"https:\/\/dev2.cantalupe.net\/bacssa\/wp-json\/wp\/v2\/comments?post=1229"}],"version-history":[{"count":17,"href":"https:\/\/dev2.cantalupe.net\/bacssa\/wp-json\/wp\/v2\/pages\/1229\/revisions"}],"predecessor-version":[{"id":1436,"href":"https:\/\/dev2.cantalupe.net\/bacssa\/wp-json\/wp\/v2\/pages\/1229\/revisions\/1436"}],"wp:attachment":[{"href":"https:\/\/dev2.cantalupe.net\/bacssa\/wp-json\/wp\/v2\/media?parent=1229"}],"curies":[{"name":"wp","href":"https:\/\/api.w.org\/{rel}","templated":true}]}}