{"id":281,"date":"2025-04-23T10:29:08","date_gmt":"2025-04-23T13:29:08","guid":{"rendered":"https:\/\/dev2.cantalupe.net\/rubber\/?page_id=281"},"modified":"2025-05-08T09:46:11","modified_gmt":"2025-05-08T12:46:11","slug":"baldosas-de-caucho","status":"publish","type":"page","link":"https:\/\/dev2.cantalupe.net\/rubber\/baldosas-de-caucho\/","title":{"rendered":"Baldosas de Caucho"},"content":{"rendered":"\t\t<div data-elementor-type=\"wp-page\" data-elementor-id=\"281\" class=\"elementor elementor-281\" data-elementor-post-type=\"page\">\n\t\t\t\t<div class=\"elementor-element elementor-element-70f8e09 e-flex e-con-boxed e-con e-parent\" data-id=\"70f8e09\" data-element_type=\"container\" data-settings=\"{&quot;background_background&quot;:&quot;classic&quot;}\">\n\t\t\t\t\t<div class=\"e-con-inner\">\n\t\t\t\t<div class=\"elementor-element elementor-element-0b819a1 elementor-widget-mobile__width-initial elementor-widget elementor-widget-heading\" data-id=\"0b819a1\" data-element_type=\"widget\" data-widget_type=\"heading.default\">\n\t\t\t\t<div class=\"elementor-widget-container\">\n\t\t\t\t\t<h2 class=\"elementor-heading-title elementor-size-default\">Baldosas de Caucho<\/h2>\t\t\t\t<\/div>\n\t\t\t\t<\/div>\n\t\t\t\t<div class=\"elementor-element elementor-element-6384c0a animated-slow elementor-hidden-desktop elementor-hidden-tablet elementor-hidden-mobile elementor-invisible elementor-widget elementor-widget-button\" data-id=\"6384c0a\" data-element_type=\"widget\" data-settings=\"{&quot;_animation&quot;:&quot;swing&quot;}\" data-widget_type=\"button.default\">\n\t\t\t\t<div class=\"elementor-widget-container\">\n\t\t\t\t\t\t\t\t\t<div class=\"elementor-button-wrapper\">\n\t\t\t\t\t<a class=\"elementor-button elementor-button-link elementor-size-sm\" href=\"#\">\n\t\t\t\t\t\t<span class=\"elementor-button-content-wrapper\">\n\t\t\t\t\t\t\t\t\t<span class=\"elementor-button-text\">Carta de Colores<\/span>\n\t\t\t\t\t<\/span>\n\t\t\t\t\t<\/a>\n\t\t\t\t<\/div>\n\t\t\t\t\t\t\t\t<\/div>\n\t\t\t\t<\/div>\n\t\t\t\t\t<\/div>\n\t\t\t\t<\/div>\n\t\t<div class=\"elementor-element elementor-element-0aa50ba e-con-full e-flex e-con e-parent\" data-id=\"0aa50ba\" data-element_type=\"container\" data-settings=\"{&quot;background_background&quot;:&quot;classic&quot;}\">\n\t\t<div class=\"elementor-element elementor-element-bd5dc0b e-con-full e-flex e-con e-child\" data-id=\"bd5dc0b\" data-element_type=\"container\">\n\t\t<div class=\"elementor-element elementor-element-ec084c8 e-con-full e-flex e-con e-child\" data-id=\"ec084c8\" data-element_type=\"container\">\n\t\t<div class=\"elementor-element elementor-element-65b693a e-con-full e-flex e-con e-child\" data-id=\"65b693a\" data-element_type=\"container\" data-settings=\"{&quot;background_background&quot;:&quot;classic&quot;}\">\n\t\t\t\t<div class=\"elementor-element elementor-element-35bcb66 elementor-widget elementor-widget-heading\" data-id=\"35bcb66\" data-element_type=\"widget\" data-widget_type=\"heading.default\">\n\t\t\t\t<div class=\"elementor-widget-container\">\n\t\t\t\t\t<h2 class=\"elementor-heading-title elementor-size-default\">Patios de Juego y<br> Espacios Deportivos<\/h2>\t\t\t\t<\/div>\n\t\t\t\t<\/div>\n\t\t\t\t<div class=\"elementor-element elementor-element-09055a2 elementor-widget elementor-widget-heading\" data-id=\"09055a2\" data-element_type=\"widget\" data-widget_type=\"heading.default\">\n\t\t\t\t<div class=\"elementor-widget-container\">\n\t\t\t\t\t<h2 class=\"elementor-heading-title elementor-size-default\">Las baldosas de caucho se presentan como una opci\u00f3n m\u00e1s econ\u00f3mica al caucho in situ, compartiendo muchas de sus ventajas: amortiguan ca\u00eddas, son antideslizantes y f\u00e1ciles de mantener.<br><br> Adem\u00e1s, ofrecemos los colores m\u00e1s vibrantes y duraderos del mercado, perfectos para darle vida a tus espacios.\n<\/h2>\t\t\t\t<\/div>\n\t\t\t\t<\/div>\n\t\t\t\t<div class=\"elementor-element elementor-element-0784809 elementor-widget elementor-widget-button\" data-id=\"0784809\" data-element_type=\"widget\" data-widget_type=\"button.default\">\n\t\t\t\t<div class=\"elementor-widget-container\">\n\t\t\t\t\t\t\t\t\t<div class=\"elementor-button-wrapper\">\n\t\t\t\t\t<a class=\"elementor-button elementor-button-link elementor-size-sm\" href=\"https:\/\/dev2.cantalupe.net\/rubber\/wp-content\/uploads\/2025\/05\/FT-Baldosas-de-caucho.pdf\" target=\"_blank\">\n\t\t\t\t\t\t<span class=\"elementor-button-content-wrapper\">\n\t\t\t\t\t\t\t\t\t<span class=\"elementor-button-text\">Ficha T\u00e9cnica<\/span>\n\t\t\t\t\t<\/span>\n\t\t\t\t\t<\/a>\n\t\t\t\t<\/div>\n\t\t\t\t\t\t\t\t<\/div>\n\t\t\t\t<\/div>\n\t\t\t\t<\/div>\n\t\t\t\t<\/div>\n\t\t\t\t<\/div>\n\t\t\t\t<\/div>\n\t\t\t\t<\/div>\n\t\t","protected":false},"excerpt":{"rendered":"<p>Baldosas de Caucho Carta de Colores Patios de Juego y Espacios Deportivos Las baldosas de caucho se presentan como una opci\u00f3n m\u00e1s econ\u00f3mica al caucho in situ, compartiendo muchas de sus ventajas: amortiguan ca\u00eddas, son antideslizantes y f\u00e1ciles de mantener. Adem\u00e1s, ofrecemos los colores m\u00e1s vibrantes y duraderos del mercado, perfectos para darle vida a [&hellip;]<\/p>\n","protected":false},"author":1,"featured_media":0,"parent":0,"menu_order":0,"comment_status":"closed","ping_status":"closed","template":"","meta":{"_acf_changed":false,"_joinchat":[],"footnotes":""},"class_list":["post-281","page","type-page","status-publish","hentry"],"acf":[],"_links":{"self":[{"href":"https:\/\/dev2.cantalupe.net\/rubber\/wp-json\/wp\/v2\/pages\/281","targetHints":{"allow":["GET"]}}],"collection":[{"href":"https:\/\/dev2.cantalupe.net\/rubber\/wp-json\/wp\/v2\/pages"}],"about":[{"href":"https:\/\/dev2.cantalupe.net\/rubber\/wp-json\/wp\/v2\/types\/page"}],"author":[{"embeddable":true,"href":"https:\/\/dev2.cantalupe.net\/rubber\/wp-json\/wp\/v2\/users\/1"}],"replies":[{"embeddable":true,"href":"https:\/\/dev2.cantalupe.net\/rubber\/wp-json\/wp\/v2\/comments?post=281"}],"version-history":[{"count":31,"href":"https:\/\/dev2.cantalupe.net\/rubber\/wp-json\/wp\/v2\/pages\/281\/revisions"}],"predecessor-version":[{"id":666,"href":"https:\/\/dev2.cantalupe.net\/rubber\/wp-json\/wp\/v2\/pages\/281\/revisions\/666"}],"wp:attachment":[{"href":"https:\/\/dev2.cantalupe.net\/rubber\/wp-json\/wp\/v2\/media?parent=281"}],"curies":[{"name":"wp","href":"https:\/\/api.w.org\/{rel}","templated":true}]}}