{"id":12488,"date":"2025-11-04T14:46:34","date_gmt":"2025-11-04T14:46:34","guid":{"rendered":"https:\/\/dev2.cantalupe.net\/sigloxxi\/libro\/abracadabra-omnipotens\/"},"modified":"2025-11-04T14:46:34","modified_gmt":"2025-11-04T14:46:34","slug":"abracadabra-omnipotens","status":"publish","type":"product","link":"https:\/\/dev2.cantalupe.net\/sigloxxi\/libro\/abracadabra-omnipotens\/","title":{"rendered":"Abracadabra Omnipotens"},"content":{"rendered":"<p>Abracadabra Omnipotens presenta un recorrido por el submundo de la magia zaragozana en los siglos XVI y XVII a trav\u00e9s de testimonios en su mayor\u00eda procedentes de fuentes judiciales. Pese a la imagen de la magia como algo opuesto a la religi\u00f3n, y de la persecuci\u00f3n de sus m\u00faltiples y diversos practicantes, lo m\u00e1gico y lo religioso aparec\u00edan \u00edntimamente entrelazados, como dos caras de la misma moneda. \u00a0 La f\u00f3rmula que da t\u00edtulo al libro as\u00ed lo sugiere, al reunir dos t\u00e9rminos en principio contrapuestos: &#8220;abracadabra&#8221; -la palabra m\u00e1gica- y &#8220;omnipotens&#8221; -el atributo que define por esencia a la divinidad-. A lo largo de las p\u00e1ginas del libro se ven desfilar todo tipo de personajes, desde estafadores profesionales hasta quienes confiaron realmente en la magia como recurso para solucionar toda clase de problemas. Como complemento final, la obra cuenta con valiosas ilustraciones intercaladas al hilo del texto, como los Caprichos de Goya, grabados de la \u00e9poca y reproducciones de documentos originales de los procesos inquisitoriales mencionados.<\/p>\n","protected":false},"excerpt":{"rendered":"<p>Abracadabra Omnipotens presenta un recorrido por el submundo de la magia zaragozana en los siglos XVI y XVII a trav\u00e9s de testimonios en su mayor\u00eda procedentes de fuentes judiciales. Pese a la imagen de la magia como algo opuesto a la religi\u00f3n, y de la persecuci\u00f3n de sus m\u00faltiples y diversos practicantes, lo m\u00e1gico y lo religioso aparec\u00edan \u00edntimamente entrelazados, como dos caras de la misma moneda. \u00a0 La f\u00f3rmula que da t\u00edtulo al libro as\u00ed lo sugiere, al reunir dos t\u00e9rminos en principio contrapuestos: &#8220;abracadabra&#8221; -la palabra m\u00e1gica- y &#8220;omnipotens&#8221; -el atributo que define por esencia a la divinidad-. A lo largo de las p\u00e1ginas del libro se ven desfilar todo tipo de personajes, desde estafadores profesionales hasta quienes confiaron realmente en la magia como recurso para solucionar toda clase de problemas. Como complemento final, la obra cuenta con valiosas ilustraciones intercaladas al hilo del texto, como los Caprichos de Goya, grabados de la \u00e9poca y reproducciones de documentos originales de los procesos inquisitoriales mencionados.<\/p>\n","protected":false},"featured_media":80,"comment_status":"closed","ping_status":"open","template":"","meta":{"_acf_changed":false},"materia_nivel_3":[2559,2558],"subtema_nivel_2":[2561],"tema_nivel_1":[2567],"product_brand":[],"product_cat":[15],"product_tag":[],"product_author":[2790],"product_collection":[],"class_list":{"0":"post-12488","1":"product","2":"type-product","3":"status-publish","4":"has-post-thumbnail","6":"materia_nivel_3-espana","7":"materia_nivel_3-moderna","8":"subtema_nivel_2-historia","9":"tema_nivel_1-historia","10":"product_cat-uncategorized","11":"product_author-tausiet-maria","13":"first","14":"instock","15":"purchasable","16":"product-type-simple"},"acf":[],"_links":{"self":[{"href":"https:\/\/dev2.cantalupe.net\/sigloxxi\/wp-json\/wp\/v2\/product\/12488","targetHints":{"allow":["GET"]}}],"collection":[{"href":"https:\/\/dev2.cantalupe.net\/sigloxxi\/wp-json\/wp\/v2\/product"}],"about":[{"href":"https:\/\/dev2.cantalupe.net\/sigloxxi\/wp-json\/wp\/v2\/types\/product"}],"replies":[{"embeddable":true,"href":"https:\/\/dev2.cantalupe.net\/sigloxxi\/wp-json\/wp\/v2\/comments?post=12488"}],"version-history":[{"count":1,"href":"https:\/\/dev2.cantalupe.net\/sigloxxi\/wp-json\/wp\/v2\/product\/12488\/revisions"}],"predecessor-version":[{"id":12489,"href":"https:\/\/dev2.cantalupe.net\/sigloxxi\/wp-json\/wp\/v2\/product\/12488\/revisions\/12489"}],"wp:featuredmedia":[{"embeddable":true,"href":"https:\/\/dev2.cantalupe.net\/sigloxxi\/wp-json\/wp\/v2\/media\/80"}],"wp:attachment":[{"href":"https:\/\/dev2.cantalupe.net\/sigloxxi\/wp-json\/wp\/v2\/media?parent=12488"}],"wp:term":[{"taxonomy":"materia_nivel_3","embeddable":true,"href":"https:\/\/dev2.cantalupe.net\/sigloxxi\/wp-json\/wp\/v2\/materia_nivel_3?post=12488"},{"taxonomy":"subtema_nivel_2","embeddable":true,"href":"https:\/\/dev2.cantalupe.net\/sigloxxi\/wp-json\/wp\/v2\/subtema_nivel_2?post=12488"},{"taxonomy":"tema_nivel_1","embeddable":true,"href":"https:\/\/dev2.cantalupe.net\/sigloxxi\/wp-json\/wp\/v2\/tema_nivel_1?post=12488"},{"taxonomy":"product_brand","embeddable":true,"href":"https:\/\/dev2.cantalupe.net\/sigloxxi\/wp-json\/wp\/v2\/product_brand?post=12488"},{"taxonomy":"product_cat","embeddable":true,"href":"https:\/\/dev2.cantalupe.net\/sigloxxi\/wp-json\/wp\/v2\/product_cat?post=12488"},{"taxonomy":"product_tag","embeddable":true,"href":"https:\/\/dev2.cantalupe.net\/sigloxxi\/wp-json\/wp\/v2\/product_tag?post=12488"},{"taxonomy":"product_author","embeddable":true,"href":"https:\/\/dev2.cantalupe.net\/sigloxxi\/wp-json\/wp\/v2\/product_author?post=12488"},{"taxonomy":"product_collection","embeddable":true,"href":"https:\/\/dev2.cantalupe.net\/sigloxxi\/wp-json\/wp\/v2\/product_collection?post=12488"}],"curies":[{"name":"wp","href":"https:\/\/api.w.org\/{rel}","templated":true}]}}