{"id":12490,"date":"2025-11-04T14:46:34","date_gmt":"2025-11-04T14:46:34","guid":{"rendered":"https:\/\/dev2.cantalupe.net\/sigloxxi\/libro\/absolutismo-y-comunidad\/"},"modified":"2025-11-04T14:46:34","modified_gmt":"2025-11-04T14:46:34","slug":"absolutismo-y-comunidad","status":"publish","type":"product","link":"https:\/\/dev2.cantalupe.net\/sigloxxi\/libro\/absolutismo-y-comunidad\/","title":{"rendered":"Absolutismo y comunidad"},"content":{"rendered":"<p>La guerra de las Comunidades de Castilla de 1520 puede considerarse la mayor revuelta urbana desarrollada en Europa durante la Edad Moderna, pero sus causas est\u00e1n a\u00fan lejos de haber sido convenientemente desentra\u00f1adas. \u00bfPor qu\u00e9 tuvo lugar el levantamiento de las ciudades principales de Castilla contra su leg\u00edtimo rey a comienzos del siglo XVI y cu\u00e1l es el sentido hist\u00f3rico de este se\u00f1alado acontecimiento de la historia de Castilla al filo de la expansi\u00f3n imperial de los Austrias? Estas dos cuestiones de explicaci\u00f3n e interpretaci\u00f3n inspiran este libro. Para abordarlas se adopta una perspectiva de largo plazo que relaciona el largo ciclo de conflictividad social y pol\u00edtica de la Baja Edad Media con la instauraci\u00f3n del primer Estado absolutista de Europa Occidental -dotado de una enorme capacidad de acumulaci\u00f3n centralizada y redistribuci\u00f3n de riqueza-, que vino a alterar sustancial mente los medios de reproducci\u00f3n econ\u00f3mica y las formas de organizaci\u00f3n pol\u00edtica de las clases agrarias y urbanas. Pero no todas las ciudades del Reino fueron comuneras, de manera que el an\u00e1lisis debe centrarse en el universo urbano escenario primero de la protesta. La investigaci\u00f3n que se presenta trata de responder principalmente a una cuesti\u00f3n: \u00bfPor qu\u00e9 una ciudad como Segovia fue una principal capital comunera y en cambio Guadalajara, situada en la misma regi\u00f3n hist\u00f3rica, no lo fue? Por medio de un an\u00e1lisis comparado de la trayectoria de estas dos ciudades entre 1350 y 1550 se analizan las condiciones bajo las cuales los conflictos latentes pod\u00edan estallar en una revuelta colectiva contra el orden absolutista, y se a\u00edslan los factores cuya presencia o ausencia determina el triunfo o el fracaso del bando comunero ciudad a ciudad.<\/p>\n","protected":false},"excerpt":{"rendered":"<p>La guerra de las Comunidades de Castilla de 1520 puede considerarse la mayor revuelta urbana desarrollada en Europa durante la Edad Moderna, pero sus causas est\u00e1n a\u00fan lejos de haber sido convenientemente desentra\u00f1adas. \u00bfPor qu\u00e9 tuvo lugar el levantamiento de las ciudades principales de Castilla contra su leg\u00edtimo rey a comienzos del siglo XVI y cu\u00e1l es el sentido hist\u00f3rico de este se\u00f1alado acontecimiento de la historia de Castilla al filo de la expansi\u00f3n imperial de los Austrias? Estas dos cuestiones de explicaci\u00f3n e interpretaci\u00f3n inspiran este libro. Para abordarlas se adopta una perspectiva de largo plazo que relaciona el largo ciclo de conflictividad social y pol\u00edtica de la Baja Edad Media con la instauraci\u00f3n del primer Estado absolutista de Europa Occidental -dotado de una enorme capacidad de acumulaci\u00f3n centralizada y redistribuci\u00f3n de riqueza-, que vino a alterar sustancial mente los medios de reproducci\u00f3n econ\u00f3mica y las formas de organizaci\u00f3n pol\u00edtica de las clases agrarias y urbanas. Pero no todas las ciudades del Reino fueron comuneras, de manera que el an\u00e1lisis debe centrarse en el universo urbano escenario primero de la protesta. La investigaci\u00f3n que se presenta trata de responder principalmente a una cuesti\u00f3n: \u00bfPor qu\u00e9 una ciudad como Segovia fue una principal capital comunera y en cambio Guadalajara, situada en la misma regi\u00f3n hist\u00f3rica, no lo fue? Por medio de un an\u00e1lisis comparado de la trayectoria de estas dos ciudades entre 1350 y 1550 se analizan las condiciones bajo las cuales los conflictos latentes pod\u00edan estallar en una revuelta colectiva contra el orden absolutista, y se a\u00edslan los factores cuya presencia o ausencia determina el triunfo o el fracaso del bando comunero ciudad a ciudad.<\/p>\n","protected":false},"featured_media":82,"comment_status":"closed","ping_status":"open","template":"","meta":{"_acf_changed":false},"materia_nivel_3":[2558],"subtema_nivel_2":[2561],"tema_nivel_1":[2567],"product_brand":[],"product_cat":[15],"product_tag":[],"product_author":[2791],"product_collection":[],"class_list":{"0":"post-12490","1":"product","2":"type-product","3":"status-publish","4":"has-post-thumbnail","6":"materia_nivel_3-moderna","7":"subtema_nivel_2-historia","8":"tema_nivel_1-historia","9":"product_cat-uncategorized","10":"product_author-sanchez-leon-pablo","12":"first","13":"instock","14":"purchasable","15":"product-type-simple"},"acf":[],"_links":{"self":[{"href":"https:\/\/dev2.cantalupe.net\/sigloxxi\/wp-json\/wp\/v2\/product\/12490","targetHints":{"allow":["GET"]}}],"collection":[{"href":"https:\/\/dev2.cantalupe.net\/sigloxxi\/wp-json\/wp\/v2\/product"}],"about":[{"href":"https:\/\/dev2.cantalupe.net\/sigloxxi\/wp-json\/wp\/v2\/types\/product"}],"replies":[{"embeddable":true,"href":"https:\/\/dev2.cantalupe.net\/sigloxxi\/wp-json\/wp\/v2\/comments?post=12490"}],"version-history":[{"count":1,"href":"https:\/\/dev2.cantalupe.net\/sigloxxi\/wp-json\/wp\/v2\/product\/12490\/revisions"}],"predecessor-version":[{"id":12491,"href":"https:\/\/dev2.cantalupe.net\/sigloxxi\/wp-json\/wp\/v2\/product\/12490\/revisions\/12491"}],"wp:featuredmedia":[{"embeddable":true,"href":"https:\/\/dev2.cantalupe.net\/sigloxxi\/wp-json\/wp\/v2\/media\/82"}],"wp:attachment":[{"href":"https:\/\/dev2.cantalupe.net\/sigloxxi\/wp-json\/wp\/v2\/media?parent=12490"}],"wp:term":[{"taxonomy":"materia_nivel_3","embeddable":true,"href":"https:\/\/dev2.cantalupe.net\/sigloxxi\/wp-json\/wp\/v2\/materia_nivel_3?post=12490"},{"taxonomy":"subtema_nivel_2","embeddable":true,"href":"https:\/\/dev2.cantalupe.net\/sigloxxi\/wp-json\/wp\/v2\/subtema_nivel_2?post=12490"},{"taxonomy":"tema_nivel_1","embeddable":true,"href":"https:\/\/dev2.cantalupe.net\/sigloxxi\/wp-json\/wp\/v2\/tema_nivel_1?post=12490"},{"taxonomy":"product_brand","embeddable":true,"href":"https:\/\/dev2.cantalupe.net\/sigloxxi\/wp-json\/wp\/v2\/product_brand?post=12490"},{"taxonomy":"product_cat","embeddable":true,"href":"https:\/\/dev2.cantalupe.net\/sigloxxi\/wp-json\/wp\/v2\/product_cat?post=12490"},{"taxonomy":"product_tag","embeddable":true,"href":"https:\/\/dev2.cantalupe.net\/sigloxxi\/wp-json\/wp\/v2\/product_tag?post=12490"},{"taxonomy":"product_author","embeddable":true,"href":"https:\/\/dev2.cantalupe.net\/sigloxxi\/wp-json\/wp\/v2\/product_author?post=12490"},{"taxonomy":"product_collection","embeddable":true,"href":"https:\/\/dev2.cantalupe.net\/sigloxxi\/wp-json\/wp\/v2\/product_collection?post=12490"}],"curies":[{"name":"wp","href":"https:\/\/api.w.org\/{rel}","templated":true}]}}