{"id":12512,"date":"2025-11-04T14:46:34","date_gmt":"2025-11-04T14:46:34","guid":{"rendered":"https:\/\/dev2.cantalupe.net\/sigloxxi\/libro\/agresion-sexual\/"},"modified":"2025-11-04T14:46:39","modified_gmt":"2025-11-04T14:46:39","slug":"agresion-sexual","status":"publish","type":"product","link":"https:\/\/dev2.cantalupe.net\/sigloxxi\/libro\/agresion-sexual\/","title":{"rendered":"Agresi\u00f3n sexual"},"content":{"rendered":"<p>El objetivo de esta monograf\u00eda es definir con claridad las pautas de intervenci\u00f3n del profesional de las ciencias humanas ante el ni\u00f1o o el joven v\u00edctima de abuso sexual. Se han recogido los diversos tipos de secuelas emocionales a corto y largo plazo y la reacci\u00f3n del menor ante su entorno familiar y social. Se exploran las diversas clases de abuso: paidofilia e incesto, y la relaci\u00f3n din\u00e1mica entre agresores y v\u00edctimas. Se especifican pautas de tratamiento psicoterap\u00e9utico seg\u00fan sexo y edad. El texto se completa con una muestra de patograf\u00edas extra\u00eddas de la realidad actual.<\/p>\n","protected":false},"excerpt":{"rendered":"<p>El objetivo de esta monograf\u00eda es definir con claridad las pautas de intervenci\u00f3n del profesional de las ciencias humanas ante el ni\u00f1o o el joven v\u00edctima de abuso sexual. Se han recogido los diversos tipos de secuelas emocionales a corto y largo plazo y la reacci\u00f3n del menor ante su entorno familiar y social. Se exploran las diversas clases de abuso: paidofilia e incesto, y la relaci\u00f3n din\u00e1mica entre agresores y v\u00edctimas. Se especifican pautas de tratamiento psicoterap\u00e9utico seg\u00fan sexo y edad. El texto se completa con una muestra de patograf\u00edas extra\u00eddas de la realidad actual.<\/p>\n","protected":false},"featured_media":102,"comment_status":"closed","ping_status":"open","template":"","meta":{"_acf_changed":false},"materia_nivel_3":[],"subtema_nivel_2":[2578],"tema_nivel_1":[2579],"product_brand":[],"product_cat":[15],"product_tag":[],"product_author":[2799],"product_collection":[],"class_list":{"0":"post-12512","1":"product","2":"type-product","3":"status-publish","4":"has-post-thumbnail","6":"subtema_nivel_2-psicologia","7":"tema_nivel_1-psicologia","8":"product_cat-uncategorized","9":"product_author-vazquez-mezquita-blanca","11":"first","12":"instock","13":"purchasable","14":"product-type-simple"},"acf":[],"_links":{"self":[{"href":"https:\/\/dev2.cantalupe.net\/sigloxxi\/wp-json\/wp\/v2\/product\/12512","targetHints":{"allow":["GET"]}}],"collection":[{"href":"https:\/\/dev2.cantalupe.net\/sigloxxi\/wp-json\/wp\/v2\/product"}],"about":[{"href":"https:\/\/dev2.cantalupe.net\/sigloxxi\/wp-json\/wp\/v2\/types\/product"}],"replies":[{"embeddable":true,"href":"https:\/\/dev2.cantalupe.net\/sigloxxi\/wp-json\/wp\/v2\/comments?post=12512"}],"version-history":[{"count":1,"href":"https:\/\/dev2.cantalupe.net\/sigloxxi\/wp-json\/wp\/v2\/product\/12512\/revisions"}],"predecessor-version":[{"id":12513,"href":"https:\/\/dev2.cantalupe.net\/sigloxxi\/wp-json\/wp\/v2\/product\/12512\/revisions\/12513"}],"wp:featuredmedia":[{"embeddable":true,"href":"https:\/\/dev2.cantalupe.net\/sigloxxi\/wp-json\/wp\/v2\/media\/102"}],"wp:attachment":[{"href":"https:\/\/dev2.cantalupe.net\/sigloxxi\/wp-json\/wp\/v2\/media?parent=12512"}],"wp:term":[{"taxonomy":"materia_nivel_3","embeddable":true,"href":"https:\/\/dev2.cantalupe.net\/sigloxxi\/wp-json\/wp\/v2\/materia_nivel_3?post=12512"},{"taxonomy":"subtema_nivel_2","embeddable":true,"href":"https:\/\/dev2.cantalupe.net\/sigloxxi\/wp-json\/wp\/v2\/subtema_nivel_2?post=12512"},{"taxonomy":"tema_nivel_1","embeddable":true,"href":"https:\/\/dev2.cantalupe.net\/sigloxxi\/wp-json\/wp\/v2\/tema_nivel_1?post=12512"},{"taxonomy":"product_brand","embeddable":true,"href":"https:\/\/dev2.cantalupe.net\/sigloxxi\/wp-json\/wp\/v2\/product_brand?post=12512"},{"taxonomy":"product_cat","embeddable":true,"href":"https:\/\/dev2.cantalupe.net\/sigloxxi\/wp-json\/wp\/v2\/product_cat?post=12512"},{"taxonomy":"product_tag","embeddable":true,"href":"https:\/\/dev2.cantalupe.net\/sigloxxi\/wp-json\/wp\/v2\/product_tag?post=12512"},{"taxonomy":"product_author","embeddable":true,"href":"https:\/\/dev2.cantalupe.net\/sigloxxi\/wp-json\/wp\/v2\/product_author?post=12512"},{"taxonomy":"product_collection","embeddable":true,"href":"https:\/\/dev2.cantalupe.net\/sigloxxi\/wp-json\/wp\/v2\/product_collection?post=12512"}],"curies":[{"name":"wp","href":"https:\/\/api.w.org\/{rel}","templated":true}]}}