{"id":12542,"date":"2025-11-04T14:46:51","date_gmt":"2025-11-04T14:46:51","guid":{"rendered":"https:\/\/dev2.cantalupe.net\/sigloxxi\/libro\/allende-y-la-experiencia-chilena\/"},"modified":"2025-11-04T14:47:07","modified_gmt":"2025-11-04T14:47:07","slug":"allende-y-la-experiencia-chilena","status":"publish","type":"product","link":"https:\/\/dev2.cantalupe.net\/sigloxxi\/libro\/allende-y-la-experiencia-chilena\/","title":{"rendered":"Allende y la experiencia chilena"},"content":{"rendered":"<p>Entrevista con Joan Garc\u00e9s<br \/>\n\u00a0<br \/>\n40 a\u00f1os despu\u00e9s de la insurrecci\u00f3n armada contra las instituciones y libertades republicanas de Chile, esta nueva edici\u00f3n de la cl\u00e1sica obra de Joan E. Garc\u00e9s sobre el gobierno del presidente Salvador Allende, traducida a varios idiomas, quiere recordar los hechos acaecidos en el periodo comprendido entre las elecciones presidenciales de 1970 y el asalto armado al Palacio de La Moneda del\u00a0<br \/>\n11 de septiembre de 1973. Hechos analizados por un analista excepcional y testigo directo, Joan E. Garc\u00e9s, a quien la gran amistad y confianza de Salvador Allende lo situaron en una posici\u00f3n de responsabilidad singular en este periodo hist\u00f3rico, que se convirti\u00f3 en la experiencia m\u00e1s moderna hasta la fecha de democratizaci\u00f3n de las estructuras sociales, econ\u00f3micas y pol\u00edticas que conten\u00eda los g\u00e9rmenes de una transici\u00f3n al socialismo en pluralismo y libertad nunca antes tan ampliamente desarrollados.<br \/>\nAn\u00e1lisis detallado y relato v\u00edvido, no puede comprenderse plenamente la experiencia hist\u00f3rica que Chile viviera de la mano del presidente Allende sin conocer los elementos revelados a lo largo de este libro, condicionantes de las opciones estrat\u00e9gicas y t\u00e1cticas de uno de los procesos revolucionarios que m\u00e1s ha influido en las izquierdas de todo el mundo con posterioridad a la Revoluci\u00f3n rusa y a la Guerra de Espa\u00f1a.<\/p>\n","protected":false},"excerpt":{"rendered":"<p>Entrevista con Joan Garc\u00e9s<br \/>\n\u00a0<br \/>\n40 a\u00f1os despu\u00e9s de la insurrecci\u00f3n armada contra las instituciones y libertades republicanas de Chile, esta nueva edici\u00f3n de la cl\u00e1sica obra de Joan E. Garc\u00e9s sobre el gobierno del presidente Salvador Allende, traducida a varios idiomas, quiere recordar los hechos acaecidos en el periodo comprendido entre las elecciones presidenciales de 1970 y el asalto armado al Palacio de La Moneda del\u00a0<br \/>\n11 de septiembre de 1973. Hechos analizados por un analista excepcional y testigo directo, Joan E. Garc\u00e9s, a quien la gran amistad y confianza de Salvador Allende lo situaron en una posici\u00f3n de responsabilidad singular en este periodo hist\u00f3rico, que se convirti\u00f3 en la experiencia m\u00e1s moderna hasta la fecha de democratizaci\u00f3n de las estructuras sociales, econ\u00f3micas y pol\u00edticas que conten\u00eda los g\u00e9rmenes de una transici\u00f3n al socialismo en pluralismo y libertad nunca antes tan ampliamente desarrollados.<br \/>\nAn\u00e1lisis detallado y relato v\u00edvido, no puede comprenderse plenamente la experiencia hist\u00f3rica que Chile viviera de la mano del presidente Allende sin conocer los elementos revelados a lo largo de este libro, condicionantes de las opciones estrat\u00e9gicas y t\u00e1cticas de uno de los procesos revolucionarios que m\u00e1s ha influido en las izquierdas de todo el mundo con posterioridad a la Revoluci\u00f3n rusa y a la Guerra de Espa\u00f1a.<\/p>\n","protected":false},"featured_media":124,"comment_status":"closed","ping_status":"open","template":"","meta":{"_acf_changed":false},"materia_nivel_3":[2605,2565],"subtema_nivel_2":[2561,2576],"tema_nivel_1":[2567],"product_brand":[],"product_cat":[15],"product_tag":[],"product_author":[2809],"product_collection":[],"class_list":{"0":"post-12542","1":"product","2":"type-product","3":"status-publish","4":"has-post-thumbnail","6":"materia_nivel_3-america","7":"materia_nivel_3-contemporanea","8":"subtema_nivel_2-historia","9":"subtema_nivel_2-politica","10":"tema_nivel_1-historia","11":"product_cat-uncategorized","12":"product_author-garces-joan-e","14":"first","15":"instock","16":"purchasable","17":"product-type-simple"},"acf":[],"_links":{"self":[{"href":"https:\/\/dev2.cantalupe.net\/sigloxxi\/wp-json\/wp\/v2\/product\/12542","targetHints":{"allow":["GET"]}}],"collection":[{"href":"https:\/\/dev2.cantalupe.net\/sigloxxi\/wp-json\/wp\/v2\/product"}],"about":[{"href":"https:\/\/dev2.cantalupe.net\/sigloxxi\/wp-json\/wp\/v2\/types\/product"}],"replies":[{"embeddable":true,"href":"https:\/\/dev2.cantalupe.net\/sigloxxi\/wp-json\/wp\/v2\/comments?post=12542"}],"version-history":[{"count":1,"href":"https:\/\/dev2.cantalupe.net\/sigloxxi\/wp-json\/wp\/v2\/product\/12542\/revisions"}],"predecessor-version":[{"id":12543,"href":"https:\/\/dev2.cantalupe.net\/sigloxxi\/wp-json\/wp\/v2\/product\/12542\/revisions\/12543"}],"wp:featuredmedia":[{"embeddable":true,"href":"https:\/\/dev2.cantalupe.net\/sigloxxi\/wp-json\/wp\/v2\/media\/124"}],"wp:attachment":[{"href":"https:\/\/dev2.cantalupe.net\/sigloxxi\/wp-json\/wp\/v2\/media?parent=12542"}],"wp:term":[{"taxonomy":"materia_nivel_3","embeddable":true,"href":"https:\/\/dev2.cantalupe.net\/sigloxxi\/wp-json\/wp\/v2\/materia_nivel_3?post=12542"},{"taxonomy":"subtema_nivel_2","embeddable":true,"href":"https:\/\/dev2.cantalupe.net\/sigloxxi\/wp-json\/wp\/v2\/subtema_nivel_2?post=12542"},{"taxonomy":"tema_nivel_1","embeddable":true,"href":"https:\/\/dev2.cantalupe.net\/sigloxxi\/wp-json\/wp\/v2\/tema_nivel_1?post=12542"},{"taxonomy":"product_brand","embeddable":true,"href":"https:\/\/dev2.cantalupe.net\/sigloxxi\/wp-json\/wp\/v2\/product_brand?post=12542"},{"taxonomy":"product_cat","embeddable":true,"href":"https:\/\/dev2.cantalupe.net\/sigloxxi\/wp-json\/wp\/v2\/product_cat?post=12542"},{"taxonomy":"product_tag","embeddable":true,"href":"https:\/\/dev2.cantalupe.net\/sigloxxi\/wp-json\/wp\/v2\/product_tag?post=12542"},{"taxonomy":"product_author","embeddable":true,"href":"https:\/\/dev2.cantalupe.net\/sigloxxi\/wp-json\/wp\/v2\/product_author?post=12542"},{"taxonomy":"product_collection","embeddable":true,"href":"https:\/\/dev2.cantalupe.net\/sigloxxi\/wp-json\/wp\/v2\/product_collection?post=12542"}],"curies":[{"name":"wp","href":"https:\/\/api.w.org\/{rel}","templated":true}]}}