{"id":12554,"date":"2025-11-04T14:46:51","date_gmt":"2025-11-04T14:46:51","guid":{"rendered":"https:\/\/dev2.cantalupe.net\/sigloxxi\/libro\/alta-cultura-descafeinada-2\/"},"modified":"2025-11-04T14:47:08","modified_gmt":"2025-11-04T14:47:08","slug":"alta-cultura-descafeinada-2","status":"publish","type":"product","link":"https:\/\/dev2.cantalupe.net\/sigloxxi\/libro\/alta-cultura-descafeinada-2\/","title":{"rendered":"Alta cultura descafeinada"},"content":{"rendered":"<p>\u00bfC\u00f3mo es posible que el neoliberalismo y sus<br \/>\ninstituciones se apliquen afanosamente en propagar<br \/>\nun arte social y participativo, un arte creativo y original, incluso un arte<br \/>\ncr\u00edtico? El activismo cultural del neoliberalismo es inagotable y el arte<br \/>\ncontempor\u00e1neo es un lugar id\u00f3neo para entender c\u00f3mo funciona.<br \/>\nAlta cultura<br \/>\ndescafeinada<br \/>\n\tindaga desde una perspectiva<br \/>\ncr\u00edtica en la despolitizaci\u00f3n del arte en las \u00faltimas d\u00e9cadas. Ofrece una<br \/>\ncr\u00edtica directa a esos procesos destinados a recuperar y reinsertar pr\u00e1cticas<br \/>\nen otro tiempo disidentes y que, sin embargo, se nos presentan hoy como yermas,<br \/>\ninocuas y descafeinadas de consenso. Si el neoliberalismo carece de centro, si<br \/>\nse mueve tanto dentro como fuera de las instituciones, es porque posee la<br \/>\nvirtud de fagocitar y nutrirse h\u00e1bilmente de cuanto lo rodea, incluso de<br \/>\naquello que est\u00e1 destinado a cuestionarlo. Alberto Santamar\u00eda analiza la<br \/>\ndespolitizaci\u00f3n de la vanguardia en el arte de ese activismo cultural<br \/>\nneoliberal que nos rodea y nos urge a reubicar la cultura como herramienta<br \/>\nemancipadora en la batalla ideol\u00f3gica.Incluye nuevo pr\u00f3logo a la 2.\u00aa edici\u00f3n: Diario. 2 d\u00edas en Madrid<\/p>\n","protected":false},"excerpt":{"rendered":"<p>\u00bfC\u00f3mo es posible que el neoliberalismo y sus<br \/>\ninstituciones se apliquen afanosamente en propagar<br \/>\nun arte social y participativo, un arte creativo y original, incluso un arte<br \/>\ncr\u00edtico? El activismo cultural del neoliberalismo es inagotable y el arte<br \/>\ncontempor\u00e1neo es un lugar id\u00f3neo para entender c\u00f3mo funciona.<br \/>\nAlta cultura<br \/>\ndescafeinada<br \/>\n\tindaga desde una perspectiva<br \/>\ncr\u00edtica en la despolitizaci\u00f3n del arte en las \u00faltimas d\u00e9cadas. Ofrece una<br \/>\ncr\u00edtica directa a esos procesos destinados a recuperar y reinsertar pr\u00e1cticas<br \/>\nen otro tiempo disidentes y que, sin embargo, se nos presentan hoy como yermas,<br \/>\ninocuas y descafeinadas de consenso. Si el neoliberalismo carece de centro, si<br \/>\nse mueve tanto dentro como fuera de las instituciones, es porque posee la<br \/>\nvirtud de fagocitar y nutrirse h\u00e1bilmente de cuanto lo rodea, incluso de<br \/>\naquello que est\u00e1 destinado a cuestionarlo. Alberto Santamar\u00eda analiza la<br \/>\ndespolitizaci\u00f3n de la vanguardia en el arte de ese activismo cultural<br \/>\nneoliberal que nos rodea y nos urge a reubicar la cultura como herramienta<br \/>\nemancipadora en la batalla ideol\u00f3gica.Incluye nuevo pr\u00f3logo a la 2.\u00aa edici\u00f3n: Diario. 2 d\u00edas en Madrid<\/p>\n","protected":false},"featured_media":133,"comment_status":"closed","ping_status":"open","template":"","meta":{"_acf_changed":false},"materia_nivel_3":[2610],"subtema_nivel_2":[2611,2586,2576],"tema_nivel_1":[2587],"product_brand":[],"product_cat":[15],"product_tag":[],"product_author":[2813],"product_collection":[],"class_list":{"0":"post-12554","1":"product","2":"type-product","3":"status-publish","4":"has-post-thumbnail","6":"materia_nivel_3-filosofia-y-critica-de-la-cultura","7":"subtema_nivel_2-arte","8":"subtema_nivel_2-filosofia","9":"subtema_nivel_2-politica","10":"tema_nivel_1-filosofia-y-pensamiento","11":"product_cat-uncategorized","12":"product_author-santamaria-alberto","14":"first","15":"instock","16":"purchasable","17":"product-type-simple"},"acf":[],"_links":{"self":[{"href":"https:\/\/dev2.cantalupe.net\/sigloxxi\/wp-json\/wp\/v2\/product\/12554","targetHints":{"allow":["GET"]}}],"collection":[{"href":"https:\/\/dev2.cantalupe.net\/sigloxxi\/wp-json\/wp\/v2\/product"}],"about":[{"href":"https:\/\/dev2.cantalupe.net\/sigloxxi\/wp-json\/wp\/v2\/types\/product"}],"replies":[{"embeddable":true,"href":"https:\/\/dev2.cantalupe.net\/sigloxxi\/wp-json\/wp\/v2\/comments?post=12554"}],"version-history":[{"count":1,"href":"https:\/\/dev2.cantalupe.net\/sigloxxi\/wp-json\/wp\/v2\/product\/12554\/revisions"}],"predecessor-version":[{"id":12555,"href":"https:\/\/dev2.cantalupe.net\/sigloxxi\/wp-json\/wp\/v2\/product\/12554\/revisions\/12555"}],"wp:featuredmedia":[{"embeddable":true,"href":"https:\/\/dev2.cantalupe.net\/sigloxxi\/wp-json\/wp\/v2\/media\/133"}],"wp:attachment":[{"href":"https:\/\/dev2.cantalupe.net\/sigloxxi\/wp-json\/wp\/v2\/media?parent=12554"}],"wp:term":[{"taxonomy":"materia_nivel_3","embeddable":true,"href":"https:\/\/dev2.cantalupe.net\/sigloxxi\/wp-json\/wp\/v2\/materia_nivel_3?post=12554"},{"taxonomy":"subtema_nivel_2","embeddable":true,"href":"https:\/\/dev2.cantalupe.net\/sigloxxi\/wp-json\/wp\/v2\/subtema_nivel_2?post=12554"},{"taxonomy":"tema_nivel_1","embeddable":true,"href":"https:\/\/dev2.cantalupe.net\/sigloxxi\/wp-json\/wp\/v2\/tema_nivel_1?post=12554"},{"taxonomy":"product_brand","embeddable":true,"href":"https:\/\/dev2.cantalupe.net\/sigloxxi\/wp-json\/wp\/v2\/product_brand?post=12554"},{"taxonomy":"product_cat","embeddable":true,"href":"https:\/\/dev2.cantalupe.net\/sigloxxi\/wp-json\/wp\/v2\/product_cat?post=12554"},{"taxonomy":"product_tag","embeddable":true,"href":"https:\/\/dev2.cantalupe.net\/sigloxxi\/wp-json\/wp\/v2\/product_tag?post=12554"},{"taxonomy":"product_author","embeddable":true,"href":"https:\/\/dev2.cantalupe.net\/sigloxxi\/wp-json\/wp\/v2\/product_author?post=12554"},{"taxonomy":"product_collection","embeddable":true,"href":"https:\/\/dev2.cantalupe.net\/sigloxxi\/wp-json\/wp\/v2\/product_collection?post=12554"}],"curies":[{"name":"wp","href":"https:\/\/api.w.org\/{rel}","templated":true}]}}