{"id":12572,"date":"2025-11-04T14:47:13","date_gmt":"2025-11-04T14:47:13","guid":{"rendered":"https:\/\/dev2.cantalupe.net\/sigloxxi\/libro\/anatomia-de-la-destructividad-humana\/"},"modified":"2025-11-04T14:47:13","modified_gmt":"2025-11-04T14:47:13","slug":"anatomia-de-la-destructividad-humana","status":"publish","type":"product","link":"https:\/\/dev2.cantalupe.net\/sigloxxi\/libro\/anatomia-de-la-destructividad-humana\/","title":{"rendered":"Anatom\u00eda de la destructividad humana"},"content":{"rendered":"<p>La Segunda Guerra Mundial, el Holocausto o<br \/>\nlas purgas de la Uni\u00f3n Sovi\u00e9tica son episodios de la historia reciente que<br \/>\nmuestran c\u00f3mo el mundo, en vez de alcanzar un progreso verdaderamente humano,<br \/>\nva sumi\u00e9ndose en la barbarie hasta el punto de volverse patente la amenaza de<br \/>\nuna Tercera Guerra Mundial. \u00bfQu\u00e9 ha ocurrido para que no se cumplieran las<br \/>\npromesas fraguadas durante la Ilustraci\u00f3n? Pareciera que a la humanidad le<br \/>\nresultara m\u00e1s atractivo el uso de la agresividad y la violencia que el de la<br \/>\nracionalidad y la \u00e9tica. \u00bfQu\u00e9 hay en la condici\u00f3n humana que nos arrastra<br \/>\nirremediablemente a las org\u00edas de destrucci\u00f3n y violencia a las que se entreg\u00f3<br \/>\nel siglo xx y parece que se entregar\u00e1 el xxi?Erich Fromm abord\u00f3 el problema de la agresi\u00f3n humana desde<br \/>\ntodas las aristas para detectar cu\u00e1les son las causas que originan esa genuina<br \/>\ndestructividad. Bas\u00e1ndose en los hallazgos de disciplinas como la antropolog\u00eda,<br \/>\nla paleontolog\u00eda, la psicolog\u00eda y la historia, y a trav\u00e9s de un sorprendente<br \/>\nan\u00e1lisis del car\u00e1cter de Stalin, Hitler y Himmler, en Anatom\u00eda<br \/>\nde la destructividad humana estudia c\u00f3mo los fracasos de nuestra<br \/>\ncapacidad para amar y razonar desencadenan un deseo de control absoluto sobre<br \/>\nla vida o, ante la imposibilidad de dominio, la total destrucci\u00f3n.<\/p>\n","protected":false},"excerpt":{"rendered":"<p>La Segunda Guerra Mundial, el Holocausto o<br \/>\nlas purgas de la Uni\u00f3n Sovi\u00e9tica son episodios de la historia reciente que<br \/>\nmuestran c\u00f3mo el mundo, en vez de alcanzar un progreso verdaderamente humano,<br \/>\nva sumi\u00e9ndose en la barbarie hasta el punto de volverse patente la amenaza de<br \/>\nuna Tercera Guerra Mundial. \u00bfQu\u00e9 ha ocurrido para que no se cumplieran las<br \/>\npromesas fraguadas durante la Ilustraci\u00f3n? Pareciera que a la humanidad le<br \/>\nresultara m\u00e1s atractivo el uso de la agresividad y la violencia que el de la<br \/>\nracionalidad y la \u00e9tica. \u00bfQu\u00e9 hay en la condici\u00f3n humana que nos arrastra<br \/>\nirremediablemente a las org\u00edas de destrucci\u00f3n y violencia a las que se entreg\u00f3<br \/>\nel siglo xx y parece que se entregar\u00e1 el xxi?Erich Fromm abord\u00f3 el problema de la agresi\u00f3n humana desde<br \/>\ntodas las aristas para detectar cu\u00e1les son las causas que originan esa genuina<br \/>\ndestructividad. Bas\u00e1ndose en los hallazgos de disciplinas como la antropolog\u00eda,<br \/>\nla paleontolog\u00eda, la psicolog\u00eda y la historia, y a trav\u00e9s de un sorprendente<br \/>\nan\u00e1lisis del car\u00e1cter de Stalin, Hitler y Himmler, en Anatom\u00eda<br \/>\nde la destructividad humana estudia c\u00f3mo los fracasos de nuestra<br \/>\ncapacidad para amar y razonar desencadenan un deseo de control absoluto sobre<br \/>\nla vida o, ante la imposibilidad de dominio, la total destrucci\u00f3n.<\/p>\n","protected":false},"featured_media":151,"comment_status":"closed","ping_status":"open","template":"","meta":{"_acf_changed":false},"materia_nivel_3":[],"subtema_nivel_2":[2586,2578],"tema_nivel_1":[2579],"product_brand":[],"product_cat":[15],"product_tag":[],"product_author":[2823],"product_collection":[],"class_list":{"0":"post-12572","1":"product","2":"type-product","3":"status-publish","4":"has-post-thumbnail","6":"subtema_nivel_2-filosofia","7":"subtema_nivel_2-psicologia","8":"tema_nivel_1-psicologia","9":"product_cat-uncategorized","10":"product_author-fromm-erich","12":"first","13":"instock","14":"purchasable","15":"product-type-simple"},"acf":[],"_links":{"self":[{"href":"https:\/\/dev2.cantalupe.net\/sigloxxi\/wp-json\/wp\/v2\/product\/12572","targetHints":{"allow":["GET"]}}],"collection":[{"href":"https:\/\/dev2.cantalupe.net\/sigloxxi\/wp-json\/wp\/v2\/product"}],"about":[{"href":"https:\/\/dev2.cantalupe.net\/sigloxxi\/wp-json\/wp\/v2\/types\/product"}],"replies":[{"embeddable":true,"href":"https:\/\/dev2.cantalupe.net\/sigloxxi\/wp-json\/wp\/v2\/comments?post=12572"}],"version-history":[{"count":1,"href":"https:\/\/dev2.cantalupe.net\/sigloxxi\/wp-json\/wp\/v2\/product\/12572\/revisions"}],"predecessor-version":[{"id":12573,"href":"https:\/\/dev2.cantalupe.net\/sigloxxi\/wp-json\/wp\/v2\/product\/12572\/revisions\/12573"}],"wp:featuredmedia":[{"embeddable":true,"href":"https:\/\/dev2.cantalupe.net\/sigloxxi\/wp-json\/wp\/v2\/media\/151"}],"wp:attachment":[{"href":"https:\/\/dev2.cantalupe.net\/sigloxxi\/wp-json\/wp\/v2\/media?parent=12572"}],"wp:term":[{"taxonomy":"materia_nivel_3","embeddable":true,"href":"https:\/\/dev2.cantalupe.net\/sigloxxi\/wp-json\/wp\/v2\/materia_nivel_3?post=12572"},{"taxonomy":"subtema_nivel_2","embeddable":true,"href":"https:\/\/dev2.cantalupe.net\/sigloxxi\/wp-json\/wp\/v2\/subtema_nivel_2?post=12572"},{"taxonomy":"tema_nivel_1","embeddable":true,"href":"https:\/\/dev2.cantalupe.net\/sigloxxi\/wp-json\/wp\/v2\/tema_nivel_1?post=12572"},{"taxonomy":"product_brand","embeddable":true,"href":"https:\/\/dev2.cantalupe.net\/sigloxxi\/wp-json\/wp\/v2\/product_brand?post=12572"},{"taxonomy":"product_cat","embeddable":true,"href":"https:\/\/dev2.cantalupe.net\/sigloxxi\/wp-json\/wp\/v2\/product_cat?post=12572"},{"taxonomy":"product_tag","embeddable":true,"href":"https:\/\/dev2.cantalupe.net\/sigloxxi\/wp-json\/wp\/v2\/product_tag?post=12572"},{"taxonomy":"product_author","embeddable":true,"href":"https:\/\/dev2.cantalupe.net\/sigloxxi\/wp-json\/wp\/v2\/product_author?post=12572"},{"taxonomy":"product_collection","embeddable":true,"href":"https:\/\/dev2.cantalupe.net\/sigloxxi\/wp-json\/wp\/v2\/product_collection?post=12572"}],"curies":[{"name":"wp","href":"https:\/\/api.w.org\/{rel}","templated":true}]}}