{"id":12602,"date":"2025-11-04T14:47:23","date_gmt":"2025-11-04T14:47:23","guid":{"rendered":"https:\/\/dev2.cantalupe.net\/sigloxxi\/libro\/apogeo-del-liberalismo-en-la-gloriosa\/"},"modified":"2025-11-04T14:47:23","modified_gmt":"2025-11-04T14:47:23","slug":"apogeo-del-liberalismo-en-la-gloriosa","status":"publish","type":"product","link":"https:\/\/dev2.cantalupe.net\/sigloxxi\/libro\/apogeo-del-liberalismo-en-la-gloriosa\/","title":{"rendered":"Apogeo del liberalismo en &#8221;La Gloriosa&#8221;"},"content":{"rendered":"<p>La recepci\u00f3n en la econom\u00eda espa\u00f1ola de las instituciones y orientaciones favorables al desarrollo industrial y a la implantaci\u00f3n de una econom\u00eda de mercados que concentra en per\u00edodos breves e intensos de nuestra historia pol\u00edtica. Uno de ellos fue La Gloriosa revoluci\u00f3n liberar de septiembre de 1868. La obra reformadora de La Gloriosa signific\u00f3 el apogeo del liberalismo econ\u00f3mico en Espa\u00f1a. Constituye el esfuerzo m\u00e1s profundo y sistem\u00e1tico llevado a cabo en Espa\u00f1a hasta 1959 para dotar a la econom\u00eda espa\u00f1ola de un marco institucional similar al de los pa\u00edses adelantados. Este libro reconstruye toda esa reforma y ofrece una visi\u00f3n novedosa de su contenido y de los factores que la hicieron posible. El autor maneja una interpretaci\u00f3n original en la que atribuye el papel de motor del cambio a la fuerza: dejas ideas de los hombres agrupados alrededor de la escuela economista. Esta influencia de las ideas permite comprender el margen de autonom\u00eda de que goz\u00f3 la pol\u00edtica econ\u00f3mica del sexenio liberal respecto de los intereses econ\u00f3micos dominantes. Esa autonom\u00eda de la pol\u00edtica econ\u00f3mica permiti\u00f3 quebrar las orientaciones restrictivas y proteccionistas que hab\u00edan dominado por largo tiempo en Espa\u00f1a. En suma, un libro en el que se analiza con rigor y cierta audacia interpretativa uno de los per\u00edodos de mayor inter\u00e9s de nuestra historia pol\u00edtica y econ\u00f3mica.<\/p>\n","protected":false},"excerpt":{"rendered":"<p>La recepci\u00f3n en la econom\u00eda espa\u00f1ola de las instituciones y orientaciones favorables al desarrollo industrial y a la implantaci\u00f3n de una econom\u00eda de mercados que concentra en per\u00edodos breves e intensos de nuestra historia pol\u00edtica. Uno de ellos fue La Gloriosa revoluci\u00f3n liberar de septiembre de 1868. La obra reformadora de La Gloriosa signific\u00f3 el apogeo del liberalismo econ\u00f3mico en Espa\u00f1a. Constituye el esfuerzo m\u00e1s profundo y sistem\u00e1tico llevado a cabo en Espa\u00f1a hasta 1959 para dotar a la econom\u00eda espa\u00f1ola de un marco institucional similar al de los pa\u00edses adelantados. Este libro reconstruye toda esa reforma y ofrece una visi\u00f3n novedosa de su contenido y de los factores que la hicieron posible. El autor maneja una interpretaci\u00f3n original en la que atribuye el papel de motor del cambio a la fuerza: dejas ideas de los hombres agrupados alrededor de la escuela economista. Esta influencia de las ideas permite comprender el margen de autonom\u00eda de que goz\u00f3 la pol\u00edtica econ\u00f3mica del sexenio liberal respecto de los intereses econ\u00f3micos dominantes. Esa autonom\u00eda de la pol\u00edtica econ\u00f3mica permiti\u00f3 quebrar las orientaciones restrictivas y proteccionistas que hab\u00edan dominado por largo tiempo en Espa\u00f1a. En suma, un libro en el que se analiza con rigor y cierta audacia interpretativa uno de los per\u00edodos de mayor inter\u00e9s de nuestra historia pol\u00edtica y econ\u00f3mica.<\/p>\n","protected":false},"featured_media":330,"comment_status":"closed","ping_status":"open","template":"","meta":{"_acf_changed":false},"materia_nivel_3":[2565,2559],"subtema_nivel_2":[2561],"tema_nivel_1":[2567],"product_brand":[],"product_cat":[15],"product_tag":[],"product_author":[2833],"product_collection":[],"class_list":{"0":"post-12602","1":"product","2":"type-product","3":"status-publish","4":"has-post-thumbnail","6":"materia_nivel_3-contemporanea","7":"materia_nivel_3-espana","8":"subtema_nivel_2-historia","9":"tema_nivel_1-historia","10":"product_cat-uncategorized","11":"product_author-costas-comesana-anton","13":"first","14":"instock","15":"purchasable","16":"product-type-simple"},"acf":[],"_links":{"self":[{"href":"https:\/\/dev2.cantalupe.net\/sigloxxi\/wp-json\/wp\/v2\/product\/12602","targetHints":{"allow":["GET"]}}],"collection":[{"href":"https:\/\/dev2.cantalupe.net\/sigloxxi\/wp-json\/wp\/v2\/product"}],"about":[{"href":"https:\/\/dev2.cantalupe.net\/sigloxxi\/wp-json\/wp\/v2\/types\/product"}],"replies":[{"embeddable":true,"href":"https:\/\/dev2.cantalupe.net\/sigloxxi\/wp-json\/wp\/v2\/comments?post=12602"}],"version-history":[{"count":1,"href":"https:\/\/dev2.cantalupe.net\/sigloxxi\/wp-json\/wp\/v2\/product\/12602\/revisions"}],"predecessor-version":[{"id":12603,"href":"https:\/\/dev2.cantalupe.net\/sigloxxi\/wp-json\/wp\/v2\/product\/12602\/revisions\/12603"}],"wp:featuredmedia":[{"embeddable":true,"href":"https:\/\/dev2.cantalupe.net\/sigloxxi\/wp-json\/wp\/v2\/media\/330"}],"wp:attachment":[{"href":"https:\/\/dev2.cantalupe.net\/sigloxxi\/wp-json\/wp\/v2\/media?parent=12602"}],"wp:term":[{"taxonomy":"materia_nivel_3","embeddable":true,"href":"https:\/\/dev2.cantalupe.net\/sigloxxi\/wp-json\/wp\/v2\/materia_nivel_3?post=12602"},{"taxonomy":"subtema_nivel_2","embeddable":true,"href":"https:\/\/dev2.cantalupe.net\/sigloxxi\/wp-json\/wp\/v2\/subtema_nivel_2?post=12602"},{"taxonomy":"tema_nivel_1","embeddable":true,"href":"https:\/\/dev2.cantalupe.net\/sigloxxi\/wp-json\/wp\/v2\/tema_nivel_1?post=12602"},{"taxonomy":"product_brand","embeddable":true,"href":"https:\/\/dev2.cantalupe.net\/sigloxxi\/wp-json\/wp\/v2\/product_brand?post=12602"},{"taxonomy":"product_cat","embeddable":true,"href":"https:\/\/dev2.cantalupe.net\/sigloxxi\/wp-json\/wp\/v2\/product_cat?post=12602"},{"taxonomy":"product_tag","embeddable":true,"href":"https:\/\/dev2.cantalupe.net\/sigloxxi\/wp-json\/wp\/v2\/product_tag?post=12602"},{"taxonomy":"product_author","embeddable":true,"href":"https:\/\/dev2.cantalupe.net\/sigloxxi\/wp-json\/wp\/v2\/product_author?post=12602"},{"taxonomy":"product_collection","embeddable":true,"href":"https:\/\/dev2.cantalupe.net\/sigloxxi\/wp-json\/wp\/v2\/product_collection?post=12602"}],"curies":[{"name":"wp","href":"https:\/\/api.w.org\/{rel}","templated":true}]}}