{"id":12606,"date":"2025-11-04T14:47:23","date_gmt":"2025-11-04T14:47:23","guid":{"rendered":"https:\/\/dev2.cantalupe.net\/sigloxxi\/libro\/apoyo-social\/"},"modified":"2025-11-04T14:47:23","modified_gmt":"2025-11-04T14:47:23","slug":"apoyo-social","status":"publish","type":"product","link":"https:\/\/dev2.cantalupe.net\/sigloxxi\/libro\/apoyo-social\/","title":{"rendered":"Apoyo social"},"content":{"rendered":"<p>En este libro la autora realiza un an\u00e1lisis sobre el papel que los lazos sociales desempe\u00f1an en la salud. Tras un acercamiento te\u00f3rico al tema desde la perspectiva de la Psicolog\u00eda Social y de la Psicolog\u00eda Comunitaria, se revisan desde un punto de vista pr\u00e1ctico las principales estrategias de intervenci\u00f3n comunitarias basadas en el manejo del apoyo social, centr\u00e1ndose especialmente en los grupos de autoayuda. Esto hace que el libro sea de inter\u00e9s no s\u00f3lo para los psic\u00f3logos, sino tambi\u00e9n para los profesionales de las distintas disciplinas relacionadas con la salud: Medicina, Enfermer\u00eda, Trabajo Social, Educaci\u00f3n Social, etc\u00e9tera.<\/p>\n","protected":false},"excerpt":{"rendered":"<p>En este libro la autora realiza un an\u00e1lisis sobre el papel que los lazos sociales desempe\u00f1an en la salud. Tras un acercamiento te\u00f3rico al tema desde la perspectiva de la Psicolog\u00eda Social y de la Psicolog\u00eda Comunitaria, se revisan desde un punto de vista pr\u00e1ctico las principales estrategias de intervenci\u00f3n comunitarias basadas en el manejo del apoyo social, centr\u00e1ndose especialmente en los grupos de autoayuda. Esto hace que el libro sea de inter\u00e9s no s\u00f3lo para los psic\u00f3logos, sino tambi\u00e9n para los profesionales de las distintas disciplinas relacionadas con la salud: Medicina, Enfermer\u00eda, Trabajo Social, Educaci\u00f3n Social, etc\u00e9tera.<\/p>\n","protected":false},"featured_media":334,"comment_status":"closed","ping_status":"open","template":"","meta":{"_acf_changed":false},"materia_nivel_3":[],"subtema_nivel_2":[2578],"tema_nivel_1":[2563],"product_brand":[],"product_cat":[15],"product_tag":[],"product_author":[2835],"product_collection":[],"class_list":{"0":"post-12606","1":"product","2":"type-product","3":"status-publish","4":"has-post-thumbnail","6":"subtema_nivel_2-psicologia","7":"tema_nivel_1-siglo-xxi-de-espana-general","8":"product_cat-uncategorized","9":"product_author-barron-ana","11":"first","12":"instock","13":"purchasable","14":"product-type-simple"},"acf":[],"_links":{"self":[{"href":"https:\/\/dev2.cantalupe.net\/sigloxxi\/wp-json\/wp\/v2\/product\/12606","targetHints":{"allow":["GET"]}}],"collection":[{"href":"https:\/\/dev2.cantalupe.net\/sigloxxi\/wp-json\/wp\/v2\/product"}],"about":[{"href":"https:\/\/dev2.cantalupe.net\/sigloxxi\/wp-json\/wp\/v2\/types\/product"}],"replies":[{"embeddable":true,"href":"https:\/\/dev2.cantalupe.net\/sigloxxi\/wp-json\/wp\/v2\/comments?post=12606"}],"version-history":[{"count":1,"href":"https:\/\/dev2.cantalupe.net\/sigloxxi\/wp-json\/wp\/v2\/product\/12606\/revisions"}],"predecessor-version":[{"id":12607,"href":"https:\/\/dev2.cantalupe.net\/sigloxxi\/wp-json\/wp\/v2\/product\/12606\/revisions\/12607"}],"wp:featuredmedia":[{"embeddable":true,"href":"https:\/\/dev2.cantalupe.net\/sigloxxi\/wp-json\/wp\/v2\/media\/334"}],"wp:attachment":[{"href":"https:\/\/dev2.cantalupe.net\/sigloxxi\/wp-json\/wp\/v2\/media?parent=12606"}],"wp:term":[{"taxonomy":"materia_nivel_3","embeddable":true,"href":"https:\/\/dev2.cantalupe.net\/sigloxxi\/wp-json\/wp\/v2\/materia_nivel_3?post=12606"},{"taxonomy":"subtema_nivel_2","embeddable":true,"href":"https:\/\/dev2.cantalupe.net\/sigloxxi\/wp-json\/wp\/v2\/subtema_nivel_2?post=12606"},{"taxonomy":"tema_nivel_1","embeddable":true,"href":"https:\/\/dev2.cantalupe.net\/sigloxxi\/wp-json\/wp\/v2\/tema_nivel_1?post=12606"},{"taxonomy":"product_brand","embeddable":true,"href":"https:\/\/dev2.cantalupe.net\/sigloxxi\/wp-json\/wp\/v2\/product_brand?post=12606"},{"taxonomy":"product_cat","embeddable":true,"href":"https:\/\/dev2.cantalupe.net\/sigloxxi\/wp-json\/wp\/v2\/product_cat?post=12606"},{"taxonomy":"product_tag","embeddable":true,"href":"https:\/\/dev2.cantalupe.net\/sigloxxi\/wp-json\/wp\/v2\/product_tag?post=12606"},{"taxonomy":"product_author","embeddable":true,"href":"https:\/\/dev2.cantalupe.net\/sigloxxi\/wp-json\/wp\/v2\/product_author?post=12606"},{"taxonomy":"product_collection","embeddable":true,"href":"https:\/\/dev2.cantalupe.net\/sigloxxi\/wp-json\/wp\/v2\/product_collection?post=12606"}],"curies":[{"name":"wp","href":"https:\/\/api.w.org\/{rel}","templated":true}]}}