{"id":12634,"date":"2025-11-04T14:47:23","date_gmt":"2025-11-04T14:47:23","guid":{"rendered":"https:\/\/dev2.cantalupe.net\/sigloxxi\/libro\/aristoteles-en-90-minutos\/"},"modified":"2025-11-04T14:47:28","modified_gmt":"2025-11-04T14:47:28","slug":"aristoteles-en-90-minutos","status":"publish","type":"product","link":"https:\/\/dev2.cantalupe.net\/sigloxxi\/libro\/aristoteles-en-90-minutos\/","title":{"rendered":"Arist\u00f3teles en 90 minutos"},"content":{"rendered":"<p>Arist\u00f3teles fue preceptor de Alejandro Magno. La historia no registra detalles de esta relaci\u00f3n, pero sabemos que, con el tiempo, Alejandro estuvo a punto de firmar la sentencia de muerte de su maestro, si bien acab\u00f3 por olvidarse del tema y, en su lugar, se dispuso a invadir la India. De no ser por este golpe de suerte, habr\u00edamos perdido al hombre cuya filosof\u00eda hab\u00eda de dominar el pensamiento occidental durante cerca de dos milenios. Gracias a Arist\u00f3teles, no obstante, el mundo medieval persisti\u00f3 en sus creencias de que el Sol giraba alrededor de la Tierra y que todo estaba compuesto de tierra, aire, fuego y agua.\u00a0<br \/>\nEn Arist\u00f3teles en 90 minutos, Paul Strathern expone de manera clara y concisa la vida e ideas de quien fuera, para santo Tom\u00e1s de Aquino, \u00abel fil\u00f3sofo\u00bb por antonomasia. El libro incluye asimismo una selecci\u00f3n de los principales escritos aristot\u00e9licos, y una lista cronol\u00f3gica de fechas filos\u00f3ficas importantes.<\/p>\n","protected":false},"excerpt":{"rendered":"<p>Arist\u00f3teles fue preceptor de Alejandro Magno. La historia no registra detalles de esta relaci\u00f3n, pero sabemos que, con el tiempo, Alejandro estuvo a punto de firmar la sentencia de muerte de su maestro, si bien acab\u00f3 por olvidarse del tema y, en su lugar, se dispuso a invadir la India. De no ser por este golpe de suerte, habr\u00edamos perdido al hombre cuya filosof\u00eda hab\u00eda de dominar el pensamiento occidental durante cerca de dos milenios. Gracias a Arist\u00f3teles, no obstante, el mundo medieval persisti\u00f3 en sus creencias de que el Sol giraba alrededor de la Tierra y que todo estaba compuesto de tierra, aire, fuego y agua.\u00a0<br \/>\nEn Arist\u00f3teles en 90 minutos, Paul Strathern expone de manera clara y concisa la vida e ideas de quien fuera, para santo Tom\u00e1s de Aquino, \u00abel fil\u00f3sofo\u00bb por antonomasia. El libro incluye asimismo una selecci\u00f3n de los principales escritos aristot\u00e9licos, y una lista cronol\u00f3gica de fechas filos\u00f3ficas importantes.<\/p>\n","protected":false},"featured_media":361,"comment_status":"closed","ping_status":"open","template":"","meta":{"_acf_changed":false},"materia_nivel_3":[2660],"subtema_nivel_2":[2586],"tema_nivel_1":[2663],"product_brand":[],"product_cat":[15],"product_tag":[],"product_author":[2849],"product_collection":[],"class_list":{"0":"post-12634","1":"product","2":"type-product","3":"status-publish","4":"has-post-thumbnail","6":"materia_nivel_3-antigua","7":"subtema_nivel_2-filosofia","8":"tema_nivel_1-en-90-minutos","9":"product_cat-uncategorized","10":"product_author-strathern-paul","12":"first","13":"instock","14":"purchasable","15":"product-type-simple"},"acf":[],"_links":{"self":[{"href":"https:\/\/dev2.cantalupe.net\/sigloxxi\/wp-json\/wp\/v2\/product\/12634","targetHints":{"allow":["GET"]}}],"collection":[{"href":"https:\/\/dev2.cantalupe.net\/sigloxxi\/wp-json\/wp\/v2\/product"}],"about":[{"href":"https:\/\/dev2.cantalupe.net\/sigloxxi\/wp-json\/wp\/v2\/types\/product"}],"replies":[{"embeddable":true,"href":"https:\/\/dev2.cantalupe.net\/sigloxxi\/wp-json\/wp\/v2\/comments?post=12634"}],"version-history":[{"count":1,"href":"https:\/\/dev2.cantalupe.net\/sigloxxi\/wp-json\/wp\/v2\/product\/12634\/revisions"}],"predecessor-version":[{"id":12635,"href":"https:\/\/dev2.cantalupe.net\/sigloxxi\/wp-json\/wp\/v2\/product\/12634\/revisions\/12635"}],"wp:featuredmedia":[{"embeddable":true,"href":"https:\/\/dev2.cantalupe.net\/sigloxxi\/wp-json\/wp\/v2\/media\/361"}],"wp:attachment":[{"href":"https:\/\/dev2.cantalupe.net\/sigloxxi\/wp-json\/wp\/v2\/media?parent=12634"}],"wp:term":[{"taxonomy":"materia_nivel_3","embeddable":true,"href":"https:\/\/dev2.cantalupe.net\/sigloxxi\/wp-json\/wp\/v2\/materia_nivel_3?post=12634"},{"taxonomy":"subtema_nivel_2","embeddable":true,"href":"https:\/\/dev2.cantalupe.net\/sigloxxi\/wp-json\/wp\/v2\/subtema_nivel_2?post=12634"},{"taxonomy":"tema_nivel_1","embeddable":true,"href":"https:\/\/dev2.cantalupe.net\/sigloxxi\/wp-json\/wp\/v2\/tema_nivel_1?post=12634"},{"taxonomy":"product_brand","embeddable":true,"href":"https:\/\/dev2.cantalupe.net\/sigloxxi\/wp-json\/wp\/v2\/product_brand?post=12634"},{"taxonomy":"product_cat","embeddable":true,"href":"https:\/\/dev2.cantalupe.net\/sigloxxi\/wp-json\/wp\/v2\/product_cat?post=12634"},{"taxonomy":"product_tag","embeddable":true,"href":"https:\/\/dev2.cantalupe.net\/sigloxxi\/wp-json\/wp\/v2\/product_tag?post=12634"},{"taxonomy":"product_author","embeddable":true,"href":"https:\/\/dev2.cantalupe.net\/sigloxxi\/wp-json\/wp\/v2\/product_author?post=12634"},{"taxonomy":"product_collection","embeddable":true,"href":"https:\/\/dev2.cantalupe.net\/sigloxxi\/wp-json\/wp\/v2\/product_collection?post=12634"}],"curies":[{"name":"wp","href":"https:\/\/api.w.org\/{rel}","templated":true}]}}