{"id":12712,"date":"2025-11-04T14:47:48","date_gmt":"2025-11-04T14:47:48","guid":{"rendered":"https:\/\/dev2.cantalupe.net\/sigloxxi\/libro\/blanqui-y-el-blanquismo\/"},"modified":"2025-11-04T14:47:49","modified_gmt":"2025-11-04T14:47:49","slug":"blanqui-y-el-blanquismo","status":"publish","type":"product","link":"https:\/\/dev2.cantalupe.net\/sigloxxi\/libro\/blanqui-y-el-blanquismo\/","title":{"rendered":"Blanqui y el blanquismo"},"content":{"rendered":"<p>Samuel Bernstein, el eminente historiador de los movimientos sociales, nos relata los detalles de la vida militante y rom\u00e1ntica de Blanqui, modelo de revolucionario y generador de tumultos que cualquier autoridad civil temer\u00eda en libertad. A pesar de que Blanqui, encerrado en la c\u00e1rcel la mayor parte de su vida, fue el gran ausente de la Comuna, no dej\u00f3 de ser, tal como se\u00f1al\u00f3 Marx, \u00abla cabeza y el coraz\u00f3n del partido proletario en Francia\u00bb y por todas partes plane\u00f3 la sombra del que los insurrectos parisienses llamaban cari\u00f1osamente \u00abel Viejo\u00bb.\u00a0En Blanqui y el blanquismo se presenta esta doctrina y su acci\u00f3n pol\u00edtica como una de las constantes b\u00e1sicas del pensamiento y de la acci\u00f3n revolucionarios en Francia. Alumbrado en la experiencia revolucionaria de 1848, el blanquismo encuentra su apogeo en la Comuna de 1871, cuyo resplandor destella nuestros d\u00edas.<\/p>\n","protected":false},"excerpt":{"rendered":"<p>Samuel Bernstein, el eminente historiador de los movimientos sociales, nos relata los detalles de la vida militante y rom\u00e1ntica de Blanqui, modelo de revolucionario y generador de tumultos que cualquier autoridad civil temer\u00eda en libertad. A pesar de que Blanqui, encerrado en la c\u00e1rcel la mayor parte de su vida, fue el gran ausente de la Comuna, no dej\u00f3 de ser, tal como se\u00f1al\u00f3 Marx, \u00abla cabeza y el coraz\u00f3n del partido proletario en Francia\u00bb y por todas partes plane\u00f3 la sombra del que los insurrectos parisienses llamaban cari\u00f1osamente \u00abel Viejo\u00bb.\u00a0En Blanqui y el blanquismo se presenta esta doctrina y su acci\u00f3n pol\u00edtica como una de las constantes b\u00e1sicas del pensamiento y de la acci\u00f3n revolucionarios en Francia. Alumbrado en la experiencia revolucionaria de 1848, el blanquismo encuentra su apogeo en la Comuna de 1871, cuyo resplandor destella nuestros d\u00edas.<\/p>\n","protected":false},"featured_media":427,"comment_status":"closed","ping_status":"open","template":"","meta":{"_acf_changed":false},"materia_nivel_3":[2565,2691],"subtema_nivel_2":[2561,2576],"tema_nivel_1":[2567],"product_brand":[],"product_cat":[15],"product_tag":[],"product_author":[2867],"product_collection":[],"class_list":{"0":"post-12712","1":"product","2":"type-product","3":"status-publish","4":"has-post-thumbnail","6":"materia_nivel_3-contemporanea","7":"materia_nivel_3-historia-de-las-ideas-politicas","8":"subtema_nivel_2-historia","9":"subtema_nivel_2-politica","10":"tema_nivel_1-historia","11":"product_cat-uncategorized","12":"product_author-bernstein-samuel","14":"first","15":"instock","16":"purchasable","17":"product-type-simple"},"acf":[],"_links":{"self":[{"href":"https:\/\/dev2.cantalupe.net\/sigloxxi\/wp-json\/wp\/v2\/product\/12712","targetHints":{"allow":["GET"]}}],"collection":[{"href":"https:\/\/dev2.cantalupe.net\/sigloxxi\/wp-json\/wp\/v2\/product"}],"about":[{"href":"https:\/\/dev2.cantalupe.net\/sigloxxi\/wp-json\/wp\/v2\/types\/product"}],"replies":[{"embeddable":true,"href":"https:\/\/dev2.cantalupe.net\/sigloxxi\/wp-json\/wp\/v2\/comments?post=12712"}],"version-history":[{"count":1,"href":"https:\/\/dev2.cantalupe.net\/sigloxxi\/wp-json\/wp\/v2\/product\/12712\/revisions"}],"predecessor-version":[{"id":12713,"href":"https:\/\/dev2.cantalupe.net\/sigloxxi\/wp-json\/wp\/v2\/product\/12712\/revisions\/12713"}],"wp:featuredmedia":[{"embeddable":true,"href":"https:\/\/dev2.cantalupe.net\/sigloxxi\/wp-json\/wp\/v2\/media\/427"}],"wp:attachment":[{"href":"https:\/\/dev2.cantalupe.net\/sigloxxi\/wp-json\/wp\/v2\/media?parent=12712"}],"wp:term":[{"taxonomy":"materia_nivel_3","embeddable":true,"href":"https:\/\/dev2.cantalupe.net\/sigloxxi\/wp-json\/wp\/v2\/materia_nivel_3?post=12712"},{"taxonomy":"subtema_nivel_2","embeddable":true,"href":"https:\/\/dev2.cantalupe.net\/sigloxxi\/wp-json\/wp\/v2\/subtema_nivel_2?post=12712"},{"taxonomy":"tema_nivel_1","embeddable":true,"href":"https:\/\/dev2.cantalupe.net\/sigloxxi\/wp-json\/wp\/v2\/tema_nivel_1?post=12712"},{"taxonomy":"product_brand","embeddable":true,"href":"https:\/\/dev2.cantalupe.net\/sigloxxi\/wp-json\/wp\/v2\/product_brand?post=12712"},{"taxonomy":"product_cat","embeddable":true,"href":"https:\/\/dev2.cantalupe.net\/sigloxxi\/wp-json\/wp\/v2\/product_cat?post=12712"},{"taxonomy":"product_tag","embeddable":true,"href":"https:\/\/dev2.cantalupe.net\/sigloxxi\/wp-json\/wp\/v2\/product_tag?post=12712"},{"taxonomy":"product_author","embeddable":true,"href":"https:\/\/dev2.cantalupe.net\/sigloxxi\/wp-json\/wp\/v2\/product_author?post=12712"},{"taxonomy":"product_collection","embeddable":true,"href":"https:\/\/dev2.cantalupe.net\/sigloxxi\/wp-json\/wp\/v2\/product_collection?post=12712"}],"curies":[{"name":"wp","href":"https:\/\/api.w.org\/{rel}","templated":true}]}}