{"id":12728,"date":"2025-11-04T14:47:50","date_gmt":"2025-11-04T14:47:50","guid":{"rendered":"https:\/\/dev2.cantalupe.net\/sigloxxi\/libro\/borges-en-90-minutos\/"},"modified":"2025-11-04T14:47:51","modified_gmt":"2025-11-04T14:47:51","slug":"borges-en-90-minutos","status":"publish","type":"product","link":"https:\/\/dev2.cantalupe.net\/sigloxxi\/libro\/borges-en-90-minutos\/","title":{"rendered":"Borges en 90 minutos"},"content":{"rendered":"<p>Entretejiendo ficci\u00f3n y hechos, materia fant\u00e1stica con figuras hist\u00f3ricas, la idea de Borges de un mundo en el que convergen el tiempo, la cultura y el espacio resulta muy apropiado en nuestro progreso hacia la globalizaci\u00f3n. Fue perdiendo la vista a medida que cumpl\u00eda a\u00f1os hasta quedarse ciego pero, seg\u00fan su vista desaparec\u00eda, los extra\u00f1os y ex\u00f3ticos relatos que hab\u00eda puesto sobre el papel cobraron viveza. La obra de Borges, sorprendentemente profunda y conmovedora, es atemporal y emocionante, resultado de un profundo sufrimiento y una incorregible inocencia.<br \/>\nEn Borges en 90 minutos, Paul Strathern nos ofrece un relato tan conciso como experto sobre la vida y obra de Borges, y explica su influencia sobre la literatura y la lucha del hombre para entender su lugar en el mundo. El libro incluye asimismo una cronolog\u00eda de su vida y \u00e9poca, as\u00ed como lecturas recomendadas para quienes quieran saber m\u00e1s.<\/p>\n","protected":false},"excerpt":{"rendered":"<p>Entretejiendo ficci\u00f3n y hechos, materia fant\u00e1stica con figuras hist\u00f3ricas, la idea de Borges de un mundo en el que convergen el tiempo, la cultura y el espacio resulta muy apropiado en nuestro progreso hacia la globalizaci\u00f3n. Fue perdiendo la vista a medida que cumpl\u00eda a\u00f1os hasta quedarse ciego pero, seg\u00fan su vista desaparec\u00eda, los extra\u00f1os y ex\u00f3ticos relatos que hab\u00eda puesto sobre el papel cobraron viveza. La obra de Borges, sorprendentemente profunda y conmovedora, es atemporal y emocionante, resultado de un profundo sufrimiento y una incorregible inocencia.<br \/>\nEn Borges en 90 minutos, Paul Strathern nos ofrece un relato tan conciso como experto sobre la vida y obra de Borges, y explica su influencia sobre la literatura y la lucha del hombre para entender su lugar en el mundo. El libro incluye asimismo una cronolog\u00eda de su vida y \u00e9poca, as\u00ed como lecturas recomendadas para quienes quieran saber m\u00e1s.<\/p>\n","protected":false},"featured_media":441,"comment_status":"closed","ping_status":"open","template":"","meta":{"_acf_changed":false},"materia_nivel_3":[2685],"subtema_nivel_2":[2562],"tema_nivel_1":[2663],"product_brand":[],"product_cat":[15],"product_tag":[],"product_author":[2849],"product_collection":[],"class_list":{"0":"post-12728","1":"product","2":"type-product","3":"status-publish","4":"has-post-thumbnail","6":"materia_nivel_3-historia-de-la-literatura","7":"subtema_nivel_2-lengua-y-literatura","8":"tema_nivel_1-en-90-minutos","9":"product_cat-uncategorized","10":"product_author-strathern-paul","12":"first","13":"instock","14":"purchasable","15":"product-type-simple"},"acf":[],"_links":{"self":[{"href":"https:\/\/dev2.cantalupe.net\/sigloxxi\/wp-json\/wp\/v2\/product\/12728","targetHints":{"allow":["GET"]}}],"collection":[{"href":"https:\/\/dev2.cantalupe.net\/sigloxxi\/wp-json\/wp\/v2\/product"}],"about":[{"href":"https:\/\/dev2.cantalupe.net\/sigloxxi\/wp-json\/wp\/v2\/types\/product"}],"replies":[{"embeddable":true,"href":"https:\/\/dev2.cantalupe.net\/sigloxxi\/wp-json\/wp\/v2\/comments?post=12728"}],"version-history":[{"count":1,"href":"https:\/\/dev2.cantalupe.net\/sigloxxi\/wp-json\/wp\/v2\/product\/12728\/revisions"}],"predecessor-version":[{"id":12729,"href":"https:\/\/dev2.cantalupe.net\/sigloxxi\/wp-json\/wp\/v2\/product\/12728\/revisions\/12729"}],"wp:featuredmedia":[{"embeddable":true,"href":"https:\/\/dev2.cantalupe.net\/sigloxxi\/wp-json\/wp\/v2\/media\/441"}],"wp:attachment":[{"href":"https:\/\/dev2.cantalupe.net\/sigloxxi\/wp-json\/wp\/v2\/media?parent=12728"}],"wp:term":[{"taxonomy":"materia_nivel_3","embeddable":true,"href":"https:\/\/dev2.cantalupe.net\/sigloxxi\/wp-json\/wp\/v2\/materia_nivel_3?post=12728"},{"taxonomy":"subtema_nivel_2","embeddable":true,"href":"https:\/\/dev2.cantalupe.net\/sigloxxi\/wp-json\/wp\/v2\/subtema_nivel_2?post=12728"},{"taxonomy":"tema_nivel_1","embeddable":true,"href":"https:\/\/dev2.cantalupe.net\/sigloxxi\/wp-json\/wp\/v2\/tema_nivel_1?post=12728"},{"taxonomy":"product_brand","embeddable":true,"href":"https:\/\/dev2.cantalupe.net\/sigloxxi\/wp-json\/wp\/v2\/product_brand?post=12728"},{"taxonomy":"product_cat","embeddable":true,"href":"https:\/\/dev2.cantalupe.net\/sigloxxi\/wp-json\/wp\/v2\/product_cat?post=12728"},{"taxonomy":"product_tag","embeddable":true,"href":"https:\/\/dev2.cantalupe.net\/sigloxxi\/wp-json\/wp\/v2\/product_tag?post=12728"},{"taxonomy":"product_author","embeddable":true,"href":"https:\/\/dev2.cantalupe.net\/sigloxxi\/wp-json\/wp\/v2\/product_author?post=12728"},{"taxonomy":"product_collection","embeddable":true,"href":"https:\/\/dev2.cantalupe.net\/sigloxxi\/wp-json\/wp\/v2\/product_collection?post=12728"}],"curies":[{"name":"wp","href":"https:\/\/api.w.org\/{rel}","templated":true}]}}