{"id":12744,"date":"2025-11-04T14:47:50","date_gmt":"2025-11-04T14:47:50","guid":{"rendered":"https:\/\/dev2.cantalupe.net\/sigloxxi\/libro\/bujarin-y-la-revolucion-bolchevique\/"},"modified":"2025-11-04T14:47:55","modified_gmt":"2025-11-04T14:47:55","slug":"bujarin-y-la-revolucion-bolchevique","status":"publish","type":"product","link":"https:\/\/dev2.cantalupe.net\/sigloxxi\/libro\/bujarin-y-la-revolucion-bolchevique\/","title":{"rendered":"Bujarin y la Revoluci\u00f3n bolchevique"},"content":{"rendered":"<p>Nikol\u00e1i Iv\u00e1novich Bujarin, te\u00f3rico oficial del comunismo sovi\u00e9tico, director de Pravda y secretario general del Comit\u00e9 Ejecutivo de la Internacional Comunista, desempe\u00f1\u00f3 un papel esencial en el grupo dirigente del Partido de Lenin y, tras la muerte de este, lo codirigi\u00f3 de 1925 a 1928. Tras esta \u00faltima etapa, en que fue el principal art\u00edfice de la pol\u00edtica sovi\u00e9tica, se situ\u00f3 en la oposici\u00f3n a Stalin durante los decisivos acontecimientos de 1928 y 1929, y se erigi\u00f3 en s\u00edmbolo de la resistencia bolchevique contra la ascensi\u00f3n del estalinismo.<br \/>\nStephen F. Cohen, historiador de prestigio internacional por sus investigaciones sobre la historia de la Uni\u00f3n Sovi\u00e9tica, nos lega esta excelente e iluminadora obra que no s\u00f3lo es la biograf\u00eda pol\u00edtica de un hombre que fue fundamental en la historia de la primera mitad del siglo XX, tambi\u00e9n es una lectura que nos obliga a reexaminar con otra perspectiva la Revoluci\u00f3n rusa y las primeras d\u00e9cadas de la historia sovi\u00e9tica, desde la formaci\u00f3n del radicalismo bolchevique hasta la d\u00e9cada de los treinta con la gran purga de Stalin y la destrucci\u00f3n del viejo Partido Bolchevique.<\/p>\n","protected":false},"excerpt":{"rendered":"<p>Nikol\u00e1i Iv\u00e1novich Bujarin, te\u00f3rico oficial del comunismo sovi\u00e9tico, director de Pravda y secretario general del Comit\u00e9 Ejecutivo de la Internacional Comunista, desempe\u00f1\u00f3 un papel esencial en el grupo dirigente del Partido de Lenin y, tras la muerte de este, lo codirigi\u00f3 de 1925 a 1928. Tras esta \u00faltima etapa, en que fue el principal art\u00edfice de la pol\u00edtica sovi\u00e9tica, se situ\u00f3 en la oposici\u00f3n a Stalin durante los decisivos acontecimientos de 1928 y 1929, y se erigi\u00f3 en s\u00edmbolo de la resistencia bolchevique contra la ascensi\u00f3n del estalinismo.<br \/>\nStephen F. Cohen, historiador de prestigio internacional por sus investigaciones sobre la historia de la Uni\u00f3n Sovi\u00e9tica, nos lega esta excelente e iluminadora obra que no s\u00f3lo es la biograf\u00eda pol\u00edtica de un hombre que fue fundamental en la historia de la primera mitad del siglo XX, tambi\u00e9n es una lectura que nos obliga a reexaminar con otra perspectiva la Revoluci\u00f3n rusa y las primeras d\u00e9cadas de la historia sovi\u00e9tica, desde la formaci\u00f3n del radicalismo bolchevique hasta la d\u00e9cada de los treinta con la gran purga de Stalin y la destrucci\u00f3n del viejo Partido Bolchevique.<\/p>\n","protected":false},"featured_media":455,"comment_status":"closed","ping_status":"open","template":"","meta":{"_acf_changed":false},"materia_nivel_3":[2565,2691],"subtema_nivel_2":[2561,2576],"tema_nivel_1":[2567],"product_brand":[],"product_cat":[15],"product_tag":[],"product_author":[2873],"product_collection":[],"class_list":{"0":"post-12744","1":"product","2":"type-product","3":"status-publish","4":"has-post-thumbnail","6":"materia_nivel_3-contemporanea","7":"materia_nivel_3-historia-de-las-ideas-politicas","8":"subtema_nivel_2-historia","9":"subtema_nivel_2-politica","10":"tema_nivel_1-historia","11":"product_cat-uncategorized","12":"product_author-cohen-stephen-f","14":"first","15":"instock","16":"purchasable","17":"product-type-simple"},"acf":[],"_links":{"self":[{"href":"https:\/\/dev2.cantalupe.net\/sigloxxi\/wp-json\/wp\/v2\/product\/12744","targetHints":{"allow":["GET"]}}],"collection":[{"href":"https:\/\/dev2.cantalupe.net\/sigloxxi\/wp-json\/wp\/v2\/product"}],"about":[{"href":"https:\/\/dev2.cantalupe.net\/sigloxxi\/wp-json\/wp\/v2\/types\/product"}],"replies":[{"embeddable":true,"href":"https:\/\/dev2.cantalupe.net\/sigloxxi\/wp-json\/wp\/v2\/comments?post=12744"}],"version-history":[{"count":1,"href":"https:\/\/dev2.cantalupe.net\/sigloxxi\/wp-json\/wp\/v2\/product\/12744\/revisions"}],"predecessor-version":[{"id":12745,"href":"https:\/\/dev2.cantalupe.net\/sigloxxi\/wp-json\/wp\/v2\/product\/12744\/revisions\/12745"}],"wp:featuredmedia":[{"embeddable":true,"href":"https:\/\/dev2.cantalupe.net\/sigloxxi\/wp-json\/wp\/v2\/media\/455"}],"wp:attachment":[{"href":"https:\/\/dev2.cantalupe.net\/sigloxxi\/wp-json\/wp\/v2\/media?parent=12744"}],"wp:term":[{"taxonomy":"materia_nivel_3","embeddable":true,"href":"https:\/\/dev2.cantalupe.net\/sigloxxi\/wp-json\/wp\/v2\/materia_nivel_3?post=12744"},{"taxonomy":"subtema_nivel_2","embeddable":true,"href":"https:\/\/dev2.cantalupe.net\/sigloxxi\/wp-json\/wp\/v2\/subtema_nivel_2?post=12744"},{"taxonomy":"tema_nivel_1","embeddable":true,"href":"https:\/\/dev2.cantalupe.net\/sigloxxi\/wp-json\/wp\/v2\/tema_nivel_1?post=12744"},{"taxonomy":"product_brand","embeddable":true,"href":"https:\/\/dev2.cantalupe.net\/sigloxxi\/wp-json\/wp\/v2\/product_brand?post=12744"},{"taxonomy":"product_cat","embeddable":true,"href":"https:\/\/dev2.cantalupe.net\/sigloxxi\/wp-json\/wp\/v2\/product_cat?post=12744"},{"taxonomy":"product_tag","embeddable":true,"href":"https:\/\/dev2.cantalupe.net\/sigloxxi\/wp-json\/wp\/v2\/product_tag?post=12744"},{"taxonomy":"product_author","embeddable":true,"href":"https:\/\/dev2.cantalupe.net\/sigloxxi\/wp-json\/wp\/v2\/product_author?post=12744"},{"taxonomy":"product_collection","embeddable":true,"href":"https:\/\/dev2.cantalupe.net\/sigloxxi\/wp-json\/wp\/v2\/product_collection?post=12744"}],"curies":[{"name":"wp","href":"https:\/\/api.w.org\/{rel}","templated":true}]}}