{"id":12764,"date":"2025-11-04T14:47:57","date_gmt":"2025-11-04T14:47:57","guid":{"rendered":"https:\/\/dev2.cantalupe.net\/sigloxxi\/libro\/campo-y-campesinos-de-castilla-la-vieja-en-tiempos-de-felipe-ii\/"},"modified":"2025-11-04T14:47:57","modified_gmt":"2025-11-04T14:47:57","slug":"campo-y-campesinos-de-castilla-la-vieja-en-tiempos-de-felipe-ii","status":"publish","type":"product","link":"https:\/\/dev2.cantalupe.net\/sigloxxi\/libro\/campo-y-campesinos-de-castilla-la-vieja-en-tiempos-de-felipe-ii\/","title":{"rendered":"Campo y campesinos de Castilla la Vieja en tiempos de Felipe II"},"content":{"rendered":"<p>Este trabajo de Francis Brumont llena un vac\u00edo que se dejaba notar en la historiograf\u00eda sobre el campo o la econom\u00eda agraria de Castilla la Vieja en la segunda mitad del siglo XVI, completando as\u00ed la visi\u00f3n de conjunto necesaria al lado de la obra de Noel Salomon, La vida rural castellana en tiempos de Felipe II, que se refiere a Castilla la Nueva, y de la monograf\u00eda urbana de Bartolom\u00e9 Bennassar, Valladolid en el Siglo de Oro. La obra de Francis Brumont es un estudio de historia econ\u00f3mica rural elaborado seg\u00fan las directrices de la actual historiograf\u00eda francesa y basado rigurosamente en una larga etapa de recogida de documentaci\u00f3n. Resulta notable la densidad de informaci\u00f3n que en ella se ofrece, extra\u00edda de los archivos, y que sin duda incitar\u00e1 a los estudiosos para futuras investigaciones en archivos como el de Simancas y el Hist\u00f3rico Nacional. Suministra gran n\u00famero de noticias de primera mano, de indudable valor para la historiograf\u00eda econ\u00f3mica espa\u00f1ola. En la primera parte expone los principales aspectos de la vida econ\u00f3mica del norte de Castilla la Vieja en la segunda mitad del siglo XVI. La segunda parte se basa fundamentalmente en la investigaci\u00f3n de una comarca, La Bureba: el relieve, los suelos, el clima, la demograf\u00eda, la econom\u00eda (agricultura, ganader\u00eda, intercambios y artesanado), la sociedad. Completa el libro un abundante aparato estad\u00edstico (cuadros, gr\u00e1ficos y mapas) y un \u00edndice de top\u00f3nimos.<\/p>\n","protected":false},"excerpt":{"rendered":"<p>Este trabajo de Francis Brumont llena un vac\u00edo que se dejaba notar en la historiograf\u00eda sobre el campo o la econom\u00eda agraria de Castilla la Vieja en la segunda mitad del siglo XVI, completando as\u00ed la visi\u00f3n de conjunto necesaria al lado de la obra de Noel Salomon, La vida rural castellana en tiempos de Felipe II, que se refiere a Castilla la Nueva, y de la monograf\u00eda urbana de Bartolom\u00e9 Bennassar, Valladolid en el Siglo de Oro. La obra de Francis Brumont es un estudio de historia econ\u00f3mica rural elaborado seg\u00fan las directrices de la actual historiograf\u00eda francesa y basado rigurosamente en una larga etapa de recogida de documentaci\u00f3n. Resulta notable la densidad de informaci\u00f3n que en ella se ofrece, extra\u00edda de los archivos, y que sin duda incitar\u00e1 a los estudiosos para futuras investigaciones en archivos como el de Simancas y el Hist\u00f3rico Nacional. Suministra gran n\u00famero de noticias de primera mano, de indudable valor para la historiograf\u00eda econ\u00f3mica espa\u00f1ola. En la primera parte expone los principales aspectos de la vida econ\u00f3mica del norte de Castilla la Vieja en la segunda mitad del siglo XVI. La segunda parte se basa fundamentalmente en la investigaci\u00f3n de una comarca, La Bureba: el relieve, los suelos, el clima, la demograf\u00eda, la econom\u00eda (agricultura, ganader\u00eda, intercambios y artesanado), la sociedad. Completa el libro un abundante aparato estad\u00edstico (cuadros, gr\u00e1ficos y mapas) y un \u00edndice de top\u00f3nimos.<\/p>\n","protected":false},"featured_media":473,"comment_status":"closed","ping_status":"open","template":"","meta":{"_acf_changed":false},"materia_nivel_3":[2559,2558],"subtema_nivel_2":[2561],"tema_nivel_1":[2567],"product_brand":[],"product_cat":[15],"product_tag":[],"product_author":[2881],"product_collection":[],"class_list":{"0":"post-12764","1":"product","2":"type-product","3":"status-publish","4":"has-post-thumbnail","6":"materia_nivel_3-espana","7":"materia_nivel_3-moderna","8":"subtema_nivel_2-historia","9":"tema_nivel_1-historia","10":"product_cat-uncategorized","11":"product_author-brumont-francis","13":"first","14":"instock","15":"purchasable","16":"product-type-simple"},"acf":[],"_links":{"self":[{"href":"https:\/\/dev2.cantalupe.net\/sigloxxi\/wp-json\/wp\/v2\/product\/12764","targetHints":{"allow":["GET"]}}],"collection":[{"href":"https:\/\/dev2.cantalupe.net\/sigloxxi\/wp-json\/wp\/v2\/product"}],"about":[{"href":"https:\/\/dev2.cantalupe.net\/sigloxxi\/wp-json\/wp\/v2\/types\/product"}],"replies":[{"embeddable":true,"href":"https:\/\/dev2.cantalupe.net\/sigloxxi\/wp-json\/wp\/v2\/comments?post=12764"}],"version-history":[{"count":1,"href":"https:\/\/dev2.cantalupe.net\/sigloxxi\/wp-json\/wp\/v2\/product\/12764\/revisions"}],"predecessor-version":[{"id":12765,"href":"https:\/\/dev2.cantalupe.net\/sigloxxi\/wp-json\/wp\/v2\/product\/12764\/revisions\/12765"}],"wp:featuredmedia":[{"embeddable":true,"href":"https:\/\/dev2.cantalupe.net\/sigloxxi\/wp-json\/wp\/v2\/media\/473"}],"wp:attachment":[{"href":"https:\/\/dev2.cantalupe.net\/sigloxxi\/wp-json\/wp\/v2\/media?parent=12764"}],"wp:term":[{"taxonomy":"materia_nivel_3","embeddable":true,"href":"https:\/\/dev2.cantalupe.net\/sigloxxi\/wp-json\/wp\/v2\/materia_nivel_3?post=12764"},{"taxonomy":"subtema_nivel_2","embeddable":true,"href":"https:\/\/dev2.cantalupe.net\/sigloxxi\/wp-json\/wp\/v2\/subtema_nivel_2?post=12764"},{"taxonomy":"tema_nivel_1","embeddable":true,"href":"https:\/\/dev2.cantalupe.net\/sigloxxi\/wp-json\/wp\/v2\/tema_nivel_1?post=12764"},{"taxonomy":"product_brand","embeddable":true,"href":"https:\/\/dev2.cantalupe.net\/sigloxxi\/wp-json\/wp\/v2\/product_brand?post=12764"},{"taxonomy":"product_cat","embeddable":true,"href":"https:\/\/dev2.cantalupe.net\/sigloxxi\/wp-json\/wp\/v2\/product_cat?post=12764"},{"taxonomy":"product_tag","embeddable":true,"href":"https:\/\/dev2.cantalupe.net\/sigloxxi\/wp-json\/wp\/v2\/product_tag?post=12764"},{"taxonomy":"product_author","embeddable":true,"href":"https:\/\/dev2.cantalupe.net\/sigloxxi\/wp-json\/wp\/v2\/product_author?post=12764"},{"taxonomy":"product_collection","embeddable":true,"href":"https:\/\/dev2.cantalupe.net\/sigloxxi\/wp-json\/wp\/v2\/product_collection?post=12764"}],"curies":[{"name":"wp","href":"https:\/\/api.w.org\/{rel}","templated":true}]}}