{"id":12768,"date":"2025-11-04T14:47:57","date_gmt":"2025-11-04T14:47:57","guid":{"rendered":"https:\/\/dev2.cantalupe.net\/sigloxxi\/libro\/capitalismo-canibal\/"},"modified":"2025-11-04T14:47:57","modified_gmt":"2025-11-04T14:47:57","slug":"capitalismo-canibal","status":"publish","type":"product","link":"https:\/\/dev2.cantalupe.net\/sigloxxi\/libro\/capitalismo-canibal\/","title":{"rendered":"Capitalismo can\u00edbal"},"content":{"rendered":"<p>\u00bfQu\u00e9 clase de animal es el capitalismo y cu\u00e1l es su dieta para mantenerse con vida? Si respondemos esta pregunta, dice Nancy Fraser, entenderemos de verdad la crisis de nuestro tiempo y descubriremos el modo de matar de hambre a la bestia. Para eso, no nos alcanzan los modelos te\u00f3ricos heredados del marxismo, que tienden a concebir el capitalismo como un sistema econ\u00f3mico basado en la explotaci\u00f3n de la fuerza de trabajo y en la producci\u00f3n con fines de lucro, bajo las leyes del mercado y de la propiedad privada. Esa visi\u00f3n oficial hoy resulta estrecha y, sobre todo, enga\u00f1osa.\u00a0En este an\u00e1lisis deslumbrante, Nancy Fraser desarrolla una teor\u00eda del capitalismo \u0093modelo siglo XXI\u0094. As\u00ed, paso a paso, presenta una noci\u00f3n ampliada del capital como forma de sociedad y revela los ingredientes extraecon\u00f3micos que, lejos de ser marginales, son su condici\u00f3n de posibilidad. Para expandirse, el sistema canibaliza zonas enteras que no est\u00e1n mercantilizadas y que por eso quedan fuera del cuadro. Hay que traer a un primer plano esas \u0093moradas ocultas\u0094 de las que el capitalismo se alimenta y examinarlas a fondo: riqueza expropiada a la naturaleza (aire respirable, tierras cultivables, agua potable) y a los pueblos sometidos y racializados de las periferias; m\u00faltiples formas de cuidado, subvaluadas (cuando no negadas por completo) y en general a cargo de mujeres; bienes y poderes p\u00fablicos, que proveen infraestructura material y jur\u00eddica que el capital necesita para funcionar y a la vez socava todo lo posible; la energ\u00eda y la creatividad de los trabajadores. Si bien no se consignan en los balances de las empresas, estas formas de riqueza constituyen precondiciones esenciales para las utilidades y las ganancias. Estos soportes vitales de la acumulaci\u00f3n son constitutivos del orden capitalista y el foco de conflictos hasta ahora aislados.Si queremos terminar con el capitalismo can\u00edbal, que devora las bases sociales, naturales y pol\u00edticas de las que depende, tenemos que superar el reduccionismo economicista y construir, en cambio, una visi\u00f3n ampliada del socialismo, sin repetir las experiencias fracasadas del siglo XX. Puede parecer una tarea dif\u00edcil, pero es nuestra \u00fanica esperanza. Esa agenda, y su hoja de ruta, es el alma de este libro imprescindible.<\/p>\n","protected":false},"excerpt":{"rendered":"<p>\u00bfQu\u00e9 clase de animal es el capitalismo y cu\u00e1l es su dieta para mantenerse con vida? Si respondemos esta pregunta, dice Nancy Fraser, entenderemos de verdad la crisis de nuestro tiempo y descubriremos el modo de matar de hambre a la bestia. Para eso, no nos alcanzan los modelos te\u00f3ricos heredados del marxismo, que tienden a concebir el capitalismo como un sistema econ\u00f3mico basado en la explotaci\u00f3n de la fuerza de trabajo y en la producci\u00f3n con fines de lucro, bajo las leyes del mercado y de la propiedad privada. Esa visi\u00f3n oficial hoy resulta estrecha y, sobre todo, enga\u00f1osa.\u00a0En este an\u00e1lisis deslumbrante, Nancy Fraser desarrolla una teor\u00eda del capitalismo \u0093modelo siglo XXI\u0094. As\u00ed, paso a paso, presenta una noci\u00f3n ampliada del capital como forma de sociedad y revela los ingredientes extraecon\u00f3micos que, lejos de ser marginales, son su condici\u00f3n de posibilidad. Para expandirse, el sistema canibaliza zonas enteras que no est\u00e1n mercantilizadas y que por eso quedan fuera del cuadro. Hay que traer a un primer plano esas \u0093moradas ocultas\u0094 de las que el capitalismo se alimenta y examinarlas a fondo: riqueza expropiada a la naturaleza (aire respirable, tierras cultivables, agua potable) y a los pueblos sometidos y racializados de las periferias; m\u00faltiples formas de cuidado, subvaluadas (cuando no negadas por completo) y en general a cargo de mujeres; bienes y poderes p\u00fablicos, que proveen infraestructura material y jur\u00eddica que el capital necesita para funcionar y a la vez socava todo lo posible; la energ\u00eda y la creatividad de los trabajadores. Si bien no se consignan en los balances de las empresas, estas formas de riqueza constituyen precondiciones esenciales para las utilidades y las ganancias. Estos soportes vitales de la acumulaci\u00f3n son constitutivos del orden capitalista y el foco de conflictos hasta ahora aislados.Si queremos terminar con el capitalismo can\u00edbal, que devora las bases sociales, naturales y pol\u00edticas de las que depende, tenemos que superar el reduccionismo economicista y construir, en cambio, una visi\u00f3n ampliada del socialismo, sin repetir las experiencias fracasadas del siglo XX. Puede parecer una tarea dif\u00edcil, pero es nuestra \u00fanica esperanza. Esa agenda, y su hoja de ruta, es el alma de este libro imprescindible.<\/p>\n","protected":false},"featured_media":477,"comment_status":"closed","ping_status":"open","template":"","meta":{"_acf_changed":false},"materia_nivel_3":[],"subtema_nivel_2":[2598,2576,2583],"tema_nivel_1":[2697],"product_brand":[],"product_cat":[15],"product_tag":[],"product_author":[2883],"product_collection":[],"class_list":{"0":"post-12768","1":"product","2":"type-product","3":"status-publish","4":"has-post-thumbnail","6":"subtema_nivel_2-economia","7":"subtema_nivel_2-politica","8":"subtema_nivel_2-sociologia","9":"tema_nivel_1-singular","10":"product_cat-uncategorized","11":"product_author-fraser-nancy","13":"first","14":"instock","15":"purchasable","16":"product-type-simple"},"acf":[],"_links":{"self":[{"href":"https:\/\/dev2.cantalupe.net\/sigloxxi\/wp-json\/wp\/v2\/product\/12768","targetHints":{"allow":["GET"]}}],"collection":[{"href":"https:\/\/dev2.cantalupe.net\/sigloxxi\/wp-json\/wp\/v2\/product"}],"about":[{"href":"https:\/\/dev2.cantalupe.net\/sigloxxi\/wp-json\/wp\/v2\/types\/product"}],"replies":[{"embeddable":true,"href":"https:\/\/dev2.cantalupe.net\/sigloxxi\/wp-json\/wp\/v2\/comments?post=12768"}],"version-history":[{"count":1,"href":"https:\/\/dev2.cantalupe.net\/sigloxxi\/wp-json\/wp\/v2\/product\/12768\/revisions"}],"predecessor-version":[{"id":12769,"href":"https:\/\/dev2.cantalupe.net\/sigloxxi\/wp-json\/wp\/v2\/product\/12768\/revisions\/12769"}],"wp:featuredmedia":[{"embeddable":true,"href":"https:\/\/dev2.cantalupe.net\/sigloxxi\/wp-json\/wp\/v2\/media\/477"}],"wp:attachment":[{"href":"https:\/\/dev2.cantalupe.net\/sigloxxi\/wp-json\/wp\/v2\/media?parent=12768"}],"wp:term":[{"taxonomy":"materia_nivel_3","embeddable":true,"href":"https:\/\/dev2.cantalupe.net\/sigloxxi\/wp-json\/wp\/v2\/materia_nivel_3?post=12768"},{"taxonomy":"subtema_nivel_2","embeddable":true,"href":"https:\/\/dev2.cantalupe.net\/sigloxxi\/wp-json\/wp\/v2\/subtema_nivel_2?post=12768"},{"taxonomy":"tema_nivel_1","embeddable":true,"href":"https:\/\/dev2.cantalupe.net\/sigloxxi\/wp-json\/wp\/v2\/tema_nivel_1?post=12768"},{"taxonomy":"product_brand","embeddable":true,"href":"https:\/\/dev2.cantalupe.net\/sigloxxi\/wp-json\/wp\/v2\/product_brand?post=12768"},{"taxonomy":"product_cat","embeddable":true,"href":"https:\/\/dev2.cantalupe.net\/sigloxxi\/wp-json\/wp\/v2\/product_cat?post=12768"},{"taxonomy":"product_tag","embeddable":true,"href":"https:\/\/dev2.cantalupe.net\/sigloxxi\/wp-json\/wp\/v2\/product_tag?post=12768"},{"taxonomy":"product_author","embeddable":true,"href":"https:\/\/dev2.cantalupe.net\/sigloxxi\/wp-json\/wp\/v2\/product_author?post=12768"},{"taxonomy":"product_collection","embeddable":true,"href":"https:\/\/dev2.cantalupe.net\/sigloxxi\/wp-json\/wp\/v2\/product_collection?post=12768"}],"curies":[{"name":"wp","href":"https:\/\/api.w.org\/{rel}","templated":true}]}}