{"id":12772,"date":"2025-11-04T14:47:57","date_gmt":"2025-11-04T14:47:57","guid":{"rendered":"https:\/\/dev2.cantalupe.net\/sigloxxi\/libro\/cara-y-cruz\/"},"modified":"2025-11-04T14:47:57","modified_gmt":"2025-11-04T14:47:57","slug":"cara-y-cruz","status":"publish","type":"product","link":"https:\/\/dev2.cantalupe.net\/sigloxxi\/libro\/cara-y-cruz\/","title":{"rendered":"Cara y cruz"},"content":{"rendered":"<p>Con las herramientas del dise\u00f1o y de la publicidad, Siro L\u00f3pez hace de restaurador y cirujano para actualizar dos im\u00e1genes influyentes y medi\u00e1ticas: el rostro de Jesucristo y la cruz.El autor, te\u00f3logo y artista reconocido, interpela a creyentes y no creyentes. Un libro lleno de ventanas. Provocador para algunos, ox\u00edgeno para otros. Un libro de Arte, un libro de hoy.\u0093Donde los evangelios dicen s\u00ed o dicen no, estas im\u00e1genes colocan un signo de interrogaci\u00f3n. Las im\u00e1genes preguntonas provienen, como la palabra evang\u00e9lica, de la cruz: la cruz que quiere ser cara y est\u00e1 harta de servir a dos se\u00f1ores.\u0094Eduardo Galeano\u0093Isa\u00edas, el profeta, romp\u00eda el c\u00e1ntaro para sacudir la conciencia de los suyos. Siro, Isa\u00edas del siglo XXI, repite el gesto con im\u00e1genes en vez de c\u00e1ntaros. Iconos del hombre de hoy, que sacuden conciencias y remiten a la utop\u00eda abandonada del Nazareno: el amor y los pobres. Cuando la Iglesia se hace espect\u00e1culo y multinacional, siempre hay profetas en busca de lo esencial.\u0094Jos\u00e9 Manuel Vidal, El Mundo\u0093Humanizando la figura de Dios, las im\u00e1genes tratan de insuflar una bocanada de aire fresco y renovado a la Iglesia, anim\u00e1ndola a eludir tensiones involucionistas y postulando un mayor apego a los desprotegidos y a la realidad social.\u0094Jos\u00e9 Antonio Hern\u00e1ndez, El Pa\u00eds\u0093Un artista radicalmente aut\u00e9ntico, que muestra una sincera b\u00fasqueda de una fe dialogada, sin ataduras, cr\u00edtica, alejada de unas estructuras que la corrompen y del ordeno y mando. Cara y cruz&#8230; como la vida, como el propio Jesucristo. Unas im\u00e1genes que dan que pensar en mitad de un mundo plano.\u0094Jes\u00fas Bastante, ABC<\/p>\n","protected":false},"excerpt":{"rendered":"<p>Con las herramientas del dise\u00f1o y de la publicidad, Siro L\u00f3pez hace de restaurador y cirujano para actualizar dos im\u00e1genes influyentes y medi\u00e1ticas: el rostro de Jesucristo y la cruz.El autor, te\u00f3logo y artista reconocido, interpela a creyentes y no creyentes. Un libro lleno de ventanas. Provocador para algunos, ox\u00edgeno para otros. Un libro de Arte, un libro de hoy.\u0093Donde los evangelios dicen s\u00ed o dicen no, estas im\u00e1genes colocan un signo de interrogaci\u00f3n. Las im\u00e1genes preguntonas provienen, como la palabra evang\u00e9lica, de la cruz: la cruz que quiere ser cara y est\u00e1 harta de servir a dos se\u00f1ores.\u0094Eduardo Galeano\u0093Isa\u00edas, el profeta, romp\u00eda el c\u00e1ntaro para sacudir la conciencia de los suyos. Siro, Isa\u00edas del siglo XXI, repite el gesto con im\u00e1genes en vez de c\u00e1ntaros. Iconos del hombre de hoy, que sacuden conciencias y remiten a la utop\u00eda abandonada del Nazareno: el amor y los pobres. Cuando la Iglesia se hace espect\u00e1culo y multinacional, siempre hay profetas en busca de lo esencial.\u0094Jos\u00e9 Manuel Vidal, El Mundo\u0093Humanizando la figura de Dios, las im\u00e1genes tratan de insuflar una bocanada de aire fresco y renovado a la Iglesia, anim\u00e1ndola a eludir tensiones involucionistas y postulando un mayor apego a los desprotegidos y a la realidad social.\u0094Jos\u00e9 Antonio Hern\u00e1ndez, El Pa\u00eds\u0093Un artista radicalmente aut\u00e9ntico, que muestra una sincera b\u00fasqueda de una fe dialogada, sin ataduras, cr\u00edtica, alejada de unas estructuras que la corrompen y del ordeno y mando. Cara y cruz&#8230; como la vida, como el propio Jesucristo. Unas im\u00e1genes que dan que pensar en mitad de un mundo plano.\u0094Jes\u00fas Bastante, ABC<\/p>\n","protected":false},"featured_media":481,"comment_status":"closed","ping_status":"open","template":"","meta":{"_acf_changed":false},"materia_nivel_3":[2714,2673],"subtema_nivel_2":[2611,2577],"tema_nivel_1":[2563],"product_brand":[],"product_cat":[15],"product_tag":[],"product_author":[2885],"product_collection":[],"class_list":{"0":"post-12772","1":"product","2":"type-product","3":"status-publish","4":"has-post-thumbnail","6":"materia_nivel_3-actual","7":"materia_nivel_3-cristianismo","8":"subtema_nivel_2-arte","9":"subtema_nivel_2-religion","10":"tema_nivel_1-siglo-xxi-de-espana-general","11":"product_cat-uncategorized","12":"product_author-lopez-siro","14":"first","15":"instock","16":"purchasable","17":"product-type-simple"},"acf":[],"_links":{"self":[{"href":"https:\/\/dev2.cantalupe.net\/sigloxxi\/wp-json\/wp\/v2\/product\/12772","targetHints":{"allow":["GET"]}}],"collection":[{"href":"https:\/\/dev2.cantalupe.net\/sigloxxi\/wp-json\/wp\/v2\/product"}],"about":[{"href":"https:\/\/dev2.cantalupe.net\/sigloxxi\/wp-json\/wp\/v2\/types\/product"}],"replies":[{"embeddable":true,"href":"https:\/\/dev2.cantalupe.net\/sigloxxi\/wp-json\/wp\/v2\/comments?post=12772"}],"version-history":[{"count":1,"href":"https:\/\/dev2.cantalupe.net\/sigloxxi\/wp-json\/wp\/v2\/product\/12772\/revisions"}],"predecessor-version":[{"id":12773,"href":"https:\/\/dev2.cantalupe.net\/sigloxxi\/wp-json\/wp\/v2\/product\/12772\/revisions\/12773"}],"wp:featuredmedia":[{"embeddable":true,"href":"https:\/\/dev2.cantalupe.net\/sigloxxi\/wp-json\/wp\/v2\/media\/481"}],"wp:attachment":[{"href":"https:\/\/dev2.cantalupe.net\/sigloxxi\/wp-json\/wp\/v2\/media?parent=12772"}],"wp:term":[{"taxonomy":"materia_nivel_3","embeddable":true,"href":"https:\/\/dev2.cantalupe.net\/sigloxxi\/wp-json\/wp\/v2\/materia_nivel_3?post=12772"},{"taxonomy":"subtema_nivel_2","embeddable":true,"href":"https:\/\/dev2.cantalupe.net\/sigloxxi\/wp-json\/wp\/v2\/subtema_nivel_2?post=12772"},{"taxonomy":"tema_nivel_1","embeddable":true,"href":"https:\/\/dev2.cantalupe.net\/sigloxxi\/wp-json\/wp\/v2\/tema_nivel_1?post=12772"},{"taxonomy":"product_brand","embeddable":true,"href":"https:\/\/dev2.cantalupe.net\/sigloxxi\/wp-json\/wp\/v2\/product_brand?post=12772"},{"taxonomy":"product_cat","embeddable":true,"href":"https:\/\/dev2.cantalupe.net\/sigloxxi\/wp-json\/wp\/v2\/product_cat?post=12772"},{"taxonomy":"product_tag","embeddable":true,"href":"https:\/\/dev2.cantalupe.net\/sigloxxi\/wp-json\/wp\/v2\/product_tag?post=12772"},{"taxonomy":"product_author","embeddable":true,"href":"https:\/\/dev2.cantalupe.net\/sigloxxi\/wp-json\/wp\/v2\/product_author?post=12772"},{"taxonomy":"product_collection","embeddable":true,"href":"https:\/\/dev2.cantalupe.net\/sigloxxi\/wp-json\/wp\/v2\/product_collection?post=12772"}],"curies":[{"name":"wp","href":"https:\/\/api.w.org\/{rel}","templated":true}]}}