{"id":12774,"date":"2025-11-04T14:47:57","date_gmt":"2025-11-04T14:47:57","guid":{"rendered":"https:\/\/dev2.cantalupe.net\/sigloxxi\/libro\/carlismo-y-rebeldia-campesina\/"},"modified":"2025-11-04T14:47:57","modified_gmt":"2025-11-04T14:47:57","slug":"carlismo-y-rebeldia-campesina","status":"publish","type":"product","link":"https:\/\/dev2.cantalupe.net\/sigloxxi\/libro\/carlismo-y-rebeldia-campesina\/","title":{"rendered":"Carlismo y rebeld\u00eda campesina"},"content":{"rendered":"<p>La historiograf\u00eda sobre la crisis final del Antiguo R\u00e9gimen y las primeras experiencias constitucionales en Espa\u00f1a conoce m\u00e1s estudios sobre las actitudes de los privilegiados de antiguo o nuevo cu\u00f1o, que sobre el conjunto mayoritario de la poblaci\u00f3n espa\u00f1ola: el campesinado. Es as\u00ed como a\u00fan pueden sobrevivir ciertas ideas simplistas respecto al papel jugado por las masas campesinas en el cruciatper\u00edgdo que aqu\u00ed se aborda (1812-1840); ideas por lo general descalificadoras de sus actitudes porque interfer\u00edan tanto en los proyectos sociales pretendidos por los reaccionarios absolutistas, como por los presuntos revolucionarios liberales.<br \/>\nEn este contexto, Vicente Fern\u00e1ndez Ben\u00edtez se incluye en la nueva l\u00ednea investigadora que, partiendo siempre de rigurosos estudios regionales, pretende recuperar protagonismo de las masas campesinas en la historia contempor\u00e1nea de Espa\u00f1a.<\/p>\n","protected":false},"excerpt":{"rendered":"<p>La historiograf\u00eda sobre la crisis final del Antiguo R\u00e9gimen y las primeras experiencias constitucionales en Espa\u00f1a conoce m\u00e1s estudios sobre las actitudes de los privilegiados de antiguo o nuevo cu\u00f1o, que sobre el conjunto mayoritario de la poblaci\u00f3n espa\u00f1ola: el campesinado. Es as\u00ed como a\u00fan pueden sobrevivir ciertas ideas simplistas respecto al papel jugado por las masas campesinas en el cruciatper\u00edgdo que aqu\u00ed se aborda (1812-1840); ideas por lo general descalificadoras de sus actitudes porque interfer\u00edan tanto en los proyectos sociales pretendidos por los reaccionarios absolutistas, como por los presuntos revolucionarios liberales.<br \/>\nEn este contexto, Vicente Fern\u00e1ndez Ben\u00edtez se incluye en la nueva l\u00ednea investigadora que, partiendo siempre de rigurosos estudios regionales, pretende recuperar protagonismo de las masas campesinas en la historia contempor\u00e1nea de Espa\u00f1a.<\/p>\n","protected":false},"featured_media":483,"comment_status":"closed","ping_status":"open","template":"","meta":{"_acf_changed":false},"materia_nivel_3":[2565,2559],"subtema_nivel_2":[2561],"tema_nivel_1":[2567],"product_brand":[],"product_cat":[15],"product_tag":[],"product_author":[2886],"product_collection":[],"class_list":{"0":"post-12774","1":"product","2":"type-product","3":"status-publish","4":"has-post-thumbnail","6":"materia_nivel_3-contemporanea","7":"materia_nivel_3-espana","8":"subtema_nivel_2-historia","9":"tema_nivel_1-historia","10":"product_cat-uncategorized","11":"product_author-fernandez-benitez-vicente","13":"first","14":"instock","15":"purchasable","16":"product-type-simple"},"acf":[],"_links":{"self":[{"href":"https:\/\/dev2.cantalupe.net\/sigloxxi\/wp-json\/wp\/v2\/product\/12774","targetHints":{"allow":["GET"]}}],"collection":[{"href":"https:\/\/dev2.cantalupe.net\/sigloxxi\/wp-json\/wp\/v2\/product"}],"about":[{"href":"https:\/\/dev2.cantalupe.net\/sigloxxi\/wp-json\/wp\/v2\/types\/product"}],"replies":[{"embeddable":true,"href":"https:\/\/dev2.cantalupe.net\/sigloxxi\/wp-json\/wp\/v2\/comments?post=12774"}],"version-history":[{"count":1,"href":"https:\/\/dev2.cantalupe.net\/sigloxxi\/wp-json\/wp\/v2\/product\/12774\/revisions"}],"predecessor-version":[{"id":12775,"href":"https:\/\/dev2.cantalupe.net\/sigloxxi\/wp-json\/wp\/v2\/product\/12774\/revisions\/12775"}],"wp:featuredmedia":[{"embeddable":true,"href":"https:\/\/dev2.cantalupe.net\/sigloxxi\/wp-json\/wp\/v2\/media\/483"}],"wp:attachment":[{"href":"https:\/\/dev2.cantalupe.net\/sigloxxi\/wp-json\/wp\/v2\/media?parent=12774"}],"wp:term":[{"taxonomy":"materia_nivel_3","embeddable":true,"href":"https:\/\/dev2.cantalupe.net\/sigloxxi\/wp-json\/wp\/v2\/materia_nivel_3?post=12774"},{"taxonomy":"subtema_nivel_2","embeddable":true,"href":"https:\/\/dev2.cantalupe.net\/sigloxxi\/wp-json\/wp\/v2\/subtema_nivel_2?post=12774"},{"taxonomy":"tema_nivel_1","embeddable":true,"href":"https:\/\/dev2.cantalupe.net\/sigloxxi\/wp-json\/wp\/v2\/tema_nivel_1?post=12774"},{"taxonomy":"product_brand","embeddable":true,"href":"https:\/\/dev2.cantalupe.net\/sigloxxi\/wp-json\/wp\/v2\/product_brand?post=12774"},{"taxonomy":"product_cat","embeddable":true,"href":"https:\/\/dev2.cantalupe.net\/sigloxxi\/wp-json\/wp\/v2\/product_cat?post=12774"},{"taxonomy":"product_tag","embeddable":true,"href":"https:\/\/dev2.cantalupe.net\/sigloxxi\/wp-json\/wp\/v2\/product_tag?post=12774"},{"taxonomy":"product_author","embeddable":true,"href":"https:\/\/dev2.cantalupe.net\/sigloxxi\/wp-json\/wp\/v2\/product_author?post=12774"},{"taxonomy":"product_collection","embeddable":true,"href":"https:\/\/dev2.cantalupe.net\/sigloxxi\/wp-json\/wp\/v2\/product_collection?post=12774"}],"curies":[{"name":"wp","href":"https:\/\/api.w.org\/{rel}","templated":true}]}}