{"id":12822,"date":"2025-11-04T14:48:18","date_gmt":"2025-11-04T14:48:18","guid":{"rendered":"https:\/\/dev2.cantalupe.net\/sigloxxi\/libro\/ciencia-y-politica-del-cociente-intelectual\/"},"modified":"2025-11-04T14:48:22","modified_gmt":"2025-11-04T14:48:22","slug":"ciencia-y-politica-del-cociente-intelectual","status":"publish","type":"product","link":"https:\/\/dev2.cantalupe.net\/sigloxxi\/libro\/ciencia-y-politica-del-cociente-intelectual\/","title":{"rendered":"Ciencia y pol\u00edtica del cociente intelectual"},"content":{"rendered":"<p>Las teor\u00edas sobre el supuesto car\u00e1cter hereditario de la inteligencia han venido despertando viva pol\u00e9mica desde comienzos de siglo. Los defensores de estas teor\u00edas, como Jensen y Eysenck, basan sus argumentaciones sobre los tests de inteligencia, que seg\u00fan ellos mostrar\u00edan un car\u00e1cter hereditario del cociente intelectual (CI).<br \/>\nHan sido muy numerosas las cr\u00edticas que se han hecho de los tests de inteligencia y de los trabajos sobre la herencia del CI, mostrando el car\u00e1cter ideol\u00f3gico que los vicia de ra\u00edz. Pero los defensores de la tesis sobre la herencia del CI han podido durante muchos a\u00f1os sostener que sus datos eran incontrovertibles, y que los estudios sobre gemelos univitelinos, por ejemplo, no dejaban lugar a dudas. El presente libro recoge un cuidadoso examen desde el punto de vista cient\u00edfico de los trabajos sobre la herencia del CI, examen cuya conclusi\u00f3n inequ\u00edvoca es que no proporcionan pruebas a favor de la tesis hereditaria. M\u00e1s a\u00fan: algunos de estos trabajos, como los del psic\u00f3logo ingl\u00e9s sir Ciril Burt, carecen por completo de valor cient\u00edfico por sus lagunas e inexactitudes. (Tras la aparici\u00f3n de la obra de Kamin se descubrir\u00eda que Burt, una de las mayores autoridades a favor de la tesis hereditaria, hab\u00eda inventado pura y simplemente sus datos.)<br \/>\nEl an\u00e1lisis de Kamin ha tenido una decisiva repercusi\u00f3n en los pa\u00edses anglosajones, marcando una \u00e9poca dentro de la pol\u00e9mica sobre el car\u00e1cter hereditario de la inteligencia. Incluso los partidarios de la tesis hereditaria se han visto obligados a modificar sus argumentos para tratar de hacer frente a las cr\u00edticas de Kamin, que deben reconocerse como incontrovertibles m\u00e1s all\u00e1 de las posiciones o prejuicios ideol\u00f3gicos de cada investigador.<\/p>\n","protected":false},"excerpt":{"rendered":"<p>Las teor\u00edas sobre el supuesto car\u00e1cter hereditario de la inteligencia han venido despertando viva pol\u00e9mica desde comienzos de siglo. Los defensores de estas teor\u00edas, como Jensen y Eysenck, basan sus argumentaciones sobre los tests de inteligencia, que seg\u00fan ellos mostrar\u00edan un car\u00e1cter hereditario del cociente intelectual (CI).<br \/>\nHan sido muy numerosas las cr\u00edticas que se han hecho de los tests de inteligencia y de los trabajos sobre la herencia del CI, mostrando el car\u00e1cter ideol\u00f3gico que los vicia de ra\u00edz. Pero los defensores de la tesis sobre la herencia del CI han podido durante muchos a\u00f1os sostener que sus datos eran incontrovertibles, y que los estudios sobre gemelos univitelinos, por ejemplo, no dejaban lugar a dudas. El presente libro recoge un cuidadoso examen desde el punto de vista cient\u00edfico de los trabajos sobre la herencia del CI, examen cuya conclusi\u00f3n inequ\u00edvoca es que no proporcionan pruebas a favor de la tesis hereditaria. M\u00e1s a\u00fan: algunos de estos trabajos, como los del psic\u00f3logo ingl\u00e9s sir Ciril Burt, carecen por completo de valor cient\u00edfico por sus lagunas e inexactitudes. (Tras la aparici\u00f3n de la obra de Kamin se descubrir\u00eda que Burt, una de las mayores autoridades a favor de la tesis hereditaria, hab\u00eda inventado pura y simplemente sus datos.)<br \/>\nEl an\u00e1lisis de Kamin ha tenido una decisiva repercusi\u00f3n en los pa\u00edses anglosajones, marcando una \u00e9poca dentro de la pol\u00e9mica sobre el car\u00e1cter hereditario de la inteligencia. Incluso los partidarios de la tesis hereditaria se han visto obligados a modificar sus argumentos para tratar de hacer frente a las cr\u00edticas de Kamin, que deben reconocerse como incontrovertibles m\u00e1s all\u00e1 de las posiciones o prejuicios ideol\u00f3gicos de cada investigador.<\/p>\n","protected":false},"featured_media":524,"comment_status":"closed","ping_status":"open","template":"","meta":{"_acf_changed":false},"materia_nivel_3":[],"subtema_nivel_2":[2649,2578],"tema_nivel_1":[2641],"product_brand":[],"product_cat":[15],"product_tag":[],"product_author":[2902],"product_collection":[],"class_list":{"0":"post-12822","1":"product","2":"type-product","3":"status-publish","4":"has-post-thumbnail","6":"subtema_nivel_2-pedagogia","7":"subtema_nivel_2-psicologia","8":"tema_nivel_1-educacion","9":"product_cat-uncategorized","10":"product_author-kamin-leon-j","12":"first","13":"instock","14":"purchasable","15":"product-type-simple"},"acf":[],"_links":{"self":[{"href":"https:\/\/dev2.cantalupe.net\/sigloxxi\/wp-json\/wp\/v2\/product\/12822","targetHints":{"allow":["GET"]}}],"collection":[{"href":"https:\/\/dev2.cantalupe.net\/sigloxxi\/wp-json\/wp\/v2\/product"}],"about":[{"href":"https:\/\/dev2.cantalupe.net\/sigloxxi\/wp-json\/wp\/v2\/types\/product"}],"replies":[{"embeddable":true,"href":"https:\/\/dev2.cantalupe.net\/sigloxxi\/wp-json\/wp\/v2\/comments?post=12822"}],"version-history":[{"count":1,"href":"https:\/\/dev2.cantalupe.net\/sigloxxi\/wp-json\/wp\/v2\/product\/12822\/revisions"}],"predecessor-version":[{"id":12823,"href":"https:\/\/dev2.cantalupe.net\/sigloxxi\/wp-json\/wp\/v2\/product\/12822\/revisions\/12823"}],"wp:featuredmedia":[{"embeddable":true,"href":"https:\/\/dev2.cantalupe.net\/sigloxxi\/wp-json\/wp\/v2\/media\/524"}],"wp:attachment":[{"href":"https:\/\/dev2.cantalupe.net\/sigloxxi\/wp-json\/wp\/v2\/media?parent=12822"}],"wp:term":[{"taxonomy":"materia_nivel_3","embeddable":true,"href":"https:\/\/dev2.cantalupe.net\/sigloxxi\/wp-json\/wp\/v2\/materia_nivel_3?post=12822"},{"taxonomy":"subtema_nivel_2","embeddable":true,"href":"https:\/\/dev2.cantalupe.net\/sigloxxi\/wp-json\/wp\/v2\/subtema_nivel_2?post=12822"},{"taxonomy":"tema_nivel_1","embeddable":true,"href":"https:\/\/dev2.cantalupe.net\/sigloxxi\/wp-json\/wp\/v2\/tema_nivel_1?post=12822"},{"taxonomy":"product_brand","embeddable":true,"href":"https:\/\/dev2.cantalupe.net\/sigloxxi\/wp-json\/wp\/v2\/product_brand?post=12822"},{"taxonomy":"product_cat","embeddable":true,"href":"https:\/\/dev2.cantalupe.net\/sigloxxi\/wp-json\/wp\/v2\/product_cat?post=12822"},{"taxonomy":"product_tag","embeddable":true,"href":"https:\/\/dev2.cantalupe.net\/sigloxxi\/wp-json\/wp\/v2\/product_tag?post=12822"},{"taxonomy":"product_author","embeddable":true,"href":"https:\/\/dev2.cantalupe.net\/sigloxxi\/wp-json\/wp\/v2\/product_author?post=12822"},{"taxonomy":"product_collection","embeddable":true,"href":"https:\/\/dev2.cantalupe.net\/sigloxxi\/wp-json\/wp\/v2\/product_collection?post=12822"}],"curies":[{"name":"wp","href":"https:\/\/api.w.org\/{rel}","templated":true}]}}