{"id":12828,"date":"2025-11-04T14:48:18","date_gmt":"2025-11-04T14:48:18","guid":{"rendered":"https:\/\/dev2.cantalupe.net\/sigloxxi\/libro\/ciudad-democracia-y-socialismo\/"},"modified":"2025-11-04T14:48:23","modified_gmt":"2025-11-04T14:48:23","slug":"ciudad-democracia-y-socialismo","status":"publish","type":"product","link":"https:\/\/dev2.cantalupe.net\/sigloxxi\/libro\/ciudad-democracia-y-socialismo\/","title":{"rendered":"Ciudad, democracia y socialismo"},"content":{"rendered":"<p>La crisis de la ciudad capitalista es un fen\u00f3meno esencial de nuestro tiempo que constituye la dram\u00e1tica experiencia cotidiana de millones de personas. Pero dicha crisis no es una fatalidad: tiene causas econ\u00f3micas, sociales y pol\u00edticas. As\u00ed lo han entendido los vecinos que han empezado a reaccionar en forma colectiva. reivindicando y organiz\u00e1ndose. De este modo ha ido surgiendo en Espa\u00f1a el movimiento ciudadano como una forma original de participaci\u00f3n popular que ha sido decisiva para mejorar las condiciones de vida de la poblaci\u00f3n y para conquistar la democracia pol\u00edtica.<br \/>\nEste libro analiza el desarrollo del movimiento ciudadano en Madrid, sus problemas y sus logros, a partir de una encuesta sociol\u00f3gica realizada entre miembros de las asociaciones de vecinos. Sobre la base de esta observaci\u00f3n, se plantea, a nivel m\u00e1s general, la relaci\u00f3n entre el urbanismo y la pol\u00edtica, el municipio y el Estado, la ciudad y el socialismo, situando las asociaciones de vecinos en el contexto pol\u00edtico y urbano de las sociedades capitalistas avanzadas y del nuevo sistema pol\u00edtico espa\u00f1ol.<\/p>\n","protected":false},"excerpt":{"rendered":"<p>La crisis de la ciudad capitalista es un fen\u00f3meno esencial de nuestro tiempo que constituye la dram\u00e1tica experiencia cotidiana de millones de personas. Pero dicha crisis no es una fatalidad: tiene causas econ\u00f3micas, sociales y pol\u00edticas. As\u00ed lo han entendido los vecinos que han empezado a reaccionar en forma colectiva. reivindicando y organiz\u00e1ndose. De este modo ha ido surgiendo en Espa\u00f1a el movimiento ciudadano como una forma original de participaci\u00f3n popular que ha sido decisiva para mejorar las condiciones de vida de la poblaci\u00f3n y para conquistar la democracia pol\u00edtica.<br \/>\nEste libro analiza el desarrollo del movimiento ciudadano en Madrid, sus problemas y sus logros, a partir de una encuesta sociol\u00f3gica realizada entre miembros de las asociaciones de vecinos. Sobre la base de esta observaci\u00f3n, se plantea, a nivel m\u00e1s general, la relaci\u00f3n entre el urbanismo y la pol\u00edtica, el municipio y el Estado, la ciudad y el socialismo, situando las asociaciones de vecinos en el contexto pol\u00edtico y urbano de las sociedades capitalistas avanzadas y del nuevo sistema pol\u00edtico espa\u00f1ol.<\/p>\n","protected":false},"featured_media":530,"comment_status":"closed","ping_status":"open","template":"","meta":{"_acf_changed":false},"materia_nivel_3":[],"subtema_nivel_2":[2583],"tema_nivel_1":[2570],"product_brand":[],"product_cat":[15],"product_tag":[],"product_author":[2905],"product_collection":[],"class_list":{"0":"post-12828","1":"product","2":"type-product","3":"status-publish","4":"has-post-thumbnail","6":"subtema_nivel_2-sociologia","7":"tema_nivel_1-ciencias-sociales","8":"product_cat-uncategorized","9":"product_author-castells-manuel","11":"first","12":"instock","13":"purchasable","14":"product-type-simple"},"acf":[],"_links":{"self":[{"href":"https:\/\/dev2.cantalupe.net\/sigloxxi\/wp-json\/wp\/v2\/product\/12828","targetHints":{"allow":["GET"]}}],"collection":[{"href":"https:\/\/dev2.cantalupe.net\/sigloxxi\/wp-json\/wp\/v2\/product"}],"about":[{"href":"https:\/\/dev2.cantalupe.net\/sigloxxi\/wp-json\/wp\/v2\/types\/product"}],"replies":[{"embeddable":true,"href":"https:\/\/dev2.cantalupe.net\/sigloxxi\/wp-json\/wp\/v2\/comments?post=12828"}],"version-history":[{"count":1,"href":"https:\/\/dev2.cantalupe.net\/sigloxxi\/wp-json\/wp\/v2\/product\/12828\/revisions"}],"predecessor-version":[{"id":12829,"href":"https:\/\/dev2.cantalupe.net\/sigloxxi\/wp-json\/wp\/v2\/product\/12828\/revisions\/12829"}],"wp:featuredmedia":[{"embeddable":true,"href":"https:\/\/dev2.cantalupe.net\/sigloxxi\/wp-json\/wp\/v2\/media\/530"}],"wp:attachment":[{"href":"https:\/\/dev2.cantalupe.net\/sigloxxi\/wp-json\/wp\/v2\/media?parent=12828"}],"wp:term":[{"taxonomy":"materia_nivel_3","embeddable":true,"href":"https:\/\/dev2.cantalupe.net\/sigloxxi\/wp-json\/wp\/v2\/materia_nivel_3?post=12828"},{"taxonomy":"subtema_nivel_2","embeddable":true,"href":"https:\/\/dev2.cantalupe.net\/sigloxxi\/wp-json\/wp\/v2\/subtema_nivel_2?post=12828"},{"taxonomy":"tema_nivel_1","embeddable":true,"href":"https:\/\/dev2.cantalupe.net\/sigloxxi\/wp-json\/wp\/v2\/tema_nivel_1?post=12828"},{"taxonomy":"product_brand","embeddable":true,"href":"https:\/\/dev2.cantalupe.net\/sigloxxi\/wp-json\/wp\/v2\/product_brand?post=12828"},{"taxonomy":"product_cat","embeddable":true,"href":"https:\/\/dev2.cantalupe.net\/sigloxxi\/wp-json\/wp\/v2\/product_cat?post=12828"},{"taxonomy":"product_tag","embeddable":true,"href":"https:\/\/dev2.cantalupe.net\/sigloxxi\/wp-json\/wp\/v2\/product_tag?post=12828"},{"taxonomy":"product_author","embeddable":true,"href":"https:\/\/dev2.cantalupe.net\/sigloxxi\/wp-json\/wp\/v2\/product_author?post=12828"},{"taxonomy":"product_collection","embeddable":true,"href":"https:\/\/dev2.cantalupe.net\/sigloxxi\/wp-json\/wp\/v2\/product_collection?post=12828"}],"curies":[{"name":"wp","href":"https:\/\/api.w.org\/{rel}","templated":true}]}}