{"id":12846,"date":"2025-11-04T14:48:24","date_gmt":"2025-11-04T14:48:24","guid":{"rendered":"https:\/\/dev2.cantalupe.net\/sigloxxi\/libro\/coaccion-y-mercado\/"},"modified":"2025-11-04T14:48:25","modified_gmt":"2025-11-04T14:48:25","slug":"coaccion-y-mercado","status":"publish","type":"product","link":"https:\/\/dev2.cantalupe.net\/sigloxxi\/libro\/coaccion-y-mercado\/","title":{"rendered":"Coacci\u00f3n y mercado"},"content":{"rendered":"<p>&#8220;Cubierta posterior: &#8220;&#8221;Por la dicha mina es Castilla, Roma es Roma, el Papa es el Papa y el Rey es monarca del mundo&#8221;&#8221;, dec\u00eda acerca de Potos\u00ed el cronista indio Felipe Guaman Poma de Ayala. El Cerro Rico de Potos\u00ed ha fascinado a cronistas y ensayistas por las riquezas que se arrancaron de sus entra\u00f1as para alimentar durante siglos el comercio de Am\u00e9rica, Europa y el Lejano Oriente. La investigaci\u00f3n de los mecanismos que se pusieron en juego para producir tanta riqueza ofrece un punto de mira excepcional para entender el significado y las consecuencias de la invasi\u00f3n y conquista de Am\u00e9rica iniciada hace m\u00e1s de quinientos a\u00f1os. Como resultado de investigaciones en archivos de la Argentina, Bolivia, Espa\u00f1a, Francia e Inglaterra, este libro despliega en toda su complejidad aquella historia. Una historia en la que figura en primer plano la coacci\u00f3n que el estado colonial ejerci\u00f3 en el reclutamiento de la mita, migraci\u00f3n forzada de miles de ind\u00edgenas con sus familias para trabajar en Potos\u00ed, lo que permiti\u00f3 a los empresarios mineros organizar la producci\u00f3n sobre la despiadada explotaci\u00f3n de los mitayos. Pero la miner\u00eda de la plata tambi\u00e9n gener\u00f3 un mercado, al cual acudieron indios y mestizos para vender su trabajo y sus productos. En el cruce entre coacci\u00f3n y mercado, los ind\u00edgenas no s\u00f3lo resistieron y se adaptaron alternativamente a las demandas y oportunidades coloniales, sino que se lanzaron por su cuenta al asalto del Cerro Rico. Este libro recibi\u00f3 en 1994 el Herbert Eugene Bolton Memorial Prize de la Conference on Latin American History de Estados Unidos y en 1995 el Premio Iberoamericano que concede la Latin American Studies Association de Estados Unidos &#8220;&#8221;al libro excepcional sobre Am\u00e9rica Latina en las ciencias sociales y las humanidades publish en espa\u00f1ol o portugu\u00e9s&#8221;&#8221;. Ha sido traducido al ingl\u00e9s y al franc\u00e9s.&#8221;<\/p>\n","protected":false},"excerpt":{"rendered":"<p>&#8220;Cubierta posterior: &#8220;&#8221;Por la dicha mina es Castilla, Roma es Roma, el Papa es el Papa y el Rey es monarca del mundo&#8221;&#8221;, dec\u00eda acerca de Potos\u00ed el cronista indio Felipe Guaman Poma de Ayala. El Cerro Rico de Potos\u00ed ha fascinado a cronistas y ensayistas por las riquezas que se arrancaron de sus entra\u00f1as para alimentar durante siglos el comercio de Am\u00e9rica, Europa y el Lejano Oriente. La investigaci\u00f3n de los mecanismos que se pusieron en juego para producir tanta riqueza ofrece un punto de mira excepcional para entender el significado y las consecuencias de la invasi\u00f3n y conquista de Am\u00e9rica iniciada hace m\u00e1s de quinientos a\u00f1os. Como resultado de investigaciones en archivos de la Argentina, Bolivia, Espa\u00f1a, Francia e Inglaterra, este libro despliega en toda su complejidad aquella historia. Una historia en la que figura en primer plano la coacci\u00f3n que el estado colonial ejerci\u00f3 en el reclutamiento de la mita, migraci\u00f3n forzada de miles de ind\u00edgenas con sus familias para trabajar en Potos\u00ed, lo que permiti\u00f3 a los empresarios mineros organizar la producci\u00f3n sobre la despiadada explotaci\u00f3n de los mitayos. Pero la miner\u00eda de la plata tambi\u00e9n gener\u00f3 un mercado, al cual acudieron indios y mestizos para vender su trabajo y sus productos. En el cruce entre coacci\u00f3n y mercado, los ind\u00edgenas no s\u00f3lo resistieron y se adaptaron alternativamente a las demandas y oportunidades coloniales, sino que se lanzaron por su cuenta al asalto del Cerro Rico. Este libro recibi\u00f3 en 1994 el Herbert Eugene Bolton Memorial Prize de la Conference on Latin American History de Estados Unidos y en 1995 el Premio Iberoamericano que concede la Latin American Studies Association de Estados Unidos &#8220;&#8221;al libro excepcional sobre Am\u00e9rica Latina en las ciencias sociales y las humanidades publish en espa\u00f1ol o portugu\u00e9s&#8221;&#8221;. Ha sido traducido al ingl\u00e9s y al franc\u00e9s.&#8221;<\/p>\n","protected":false},"featured_media":547,"comment_status":"closed","ping_status":"open","template":"","meta":{"_acf_changed":false},"materia_nivel_3":[],"subtema_nivel_2":[2576],"tema_nivel_1":[2567],"product_brand":[],"product_cat":[15],"product_tag":[],"product_author":[2914],"product_collection":[],"class_list":{"0":"post-12846","1":"product","2":"type-product","3":"status-publish","4":"has-post-thumbnail","6":"subtema_nivel_2-politica","7":"tema_nivel_1-historia","8":"product_cat-uncategorized","9":"product_author-tandeter-enrique","11":"first","12":"instock","13":"purchasable","14":"product-type-simple"},"acf":[],"_links":{"self":[{"href":"https:\/\/dev2.cantalupe.net\/sigloxxi\/wp-json\/wp\/v2\/product\/12846","targetHints":{"allow":["GET"]}}],"collection":[{"href":"https:\/\/dev2.cantalupe.net\/sigloxxi\/wp-json\/wp\/v2\/product"}],"about":[{"href":"https:\/\/dev2.cantalupe.net\/sigloxxi\/wp-json\/wp\/v2\/types\/product"}],"replies":[{"embeddable":true,"href":"https:\/\/dev2.cantalupe.net\/sigloxxi\/wp-json\/wp\/v2\/comments?post=12846"}],"version-history":[{"count":1,"href":"https:\/\/dev2.cantalupe.net\/sigloxxi\/wp-json\/wp\/v2\/product\/12846\/revisions"}],"predecessor-version":[{"id":12847,"href":"https:\/\/dev2.cantalupe.net\/sigloxxi\/wp-json\/wp\/v2\/product\/12846\/revisions\/12847"}],"wp:featuredmedia":[{"embeddable":true,"href":"https:\/\/dev2.cantalupe.net\/sigloxxi\/wp-json\/wp\/v2\/media\/547"}],"wp:attachment":[{"href":"https:\/\/dev2.cantalupe.net\/sigloxxi\/wp-json\/wp\/v2\/media?parent=12846"}],"wp:term":[{"taxonomy":"materia_nivel_3","embeddable":true,"href":"https:\/\/dev2.cantalupe.net\/sigloxxi\/wp-json\/wp\/v2\/materia_nivel_3?post=12846"},{"taxonomy":"subtema_nivel_2","embeddable":true,"href":"https:\/\/dev2.cantalupe.net\/sigloxxi\/wp-json\/wp\/v2\/subtema_nivel_2?post=12846"},{"taxonomy":"tema_nivel_1","embeddable":true,"href":"https:\/\/dev2.cantalupe.net\/sigloxxi\/wp-json\/wp\/v2\/tema_nivel_1?post=12846"},{"taxonomy":"product_brand","embeddable":true,"href":"https:\/\/dev2.cantalupe.net\/sigloxxi\/wp-json\/wp\/v2\/product_brand?post=12846"},{"taxonomy":"product_cat","embeddable":true,"href":"https:\/\/dev2.cantalupe.net\/sigloxxi\/wp-json\/wp\/v2\/product_cat?post=12846"},{"taxonomy":"product_tag","embeddable":true,"href":"https:\/\/dev2.cantalupe.net\/sigloxxi\/wp-json\/wp\/v2\/product_tag?post=12846"},{"taxonomy":"product_author","embeddable":true,"href":"https:\/\/dev2.cantalupe.net\/sigloxxi\/wp-json\/wp\/v2\/product_author?post=12846"},{"taxonomy":"product_collection","embeddable":true,"href":"https:\/\/dev2.cantalupe.net\/sigloxxi\/wp-json\/wp\/v2\/product_collection?post=12846"}],"curies":[{"name":"wp","href":"https:\/\/api.w.org\/{rel}","templated":true}]}}