{"id":12862,"date":"2025-11-04T14:48:24","date_gmt":"2025-11-04T14:48:24","guid":{"rendered":"https:\/\/dev2.cantalupe.net\/sigloxxi\/libro\/como-domina-la-clase-dominante\/"},"modified":"2025-11-04T14:48:25","modified_gmt":"2025-11-04T14:48:25","slug":"como-domina-la-clase-dominante","status":"publish","type":"product","link":"https:\/\/dev2.cantalupe.net\/sigloxxi\/libro\/como-domina-la-clase-dominante\/","title":{"rendered":"\u00bfC\u00f3mo domina la clase dominante?"},"content":{"rendered":"<p>\u00bfC\u00f3mo es posible que la clase dominada sea dominada en contra de sus intereses? La clase dominante ejerce su hegemon\u00eda de manera imperceptible para el ojo que ya ha sido domesticado: los principios de realizaci\u00f3n de tareas, los criterios de reclutamiento de personal, los tipos de tecnolog\u00eda organizativa, los modos de toma de decisiones, etc., elementos y estructuras aparentemente inocuas son v\u00edas por los que el Estado y la clase dominante ejercen su poder.<br \/>\nTherborn, brillante soci\u00f3logo considerado ya una referencia clave por sus coet\u00e1neos, elabora un procedimiento anal\u00edtico para la determinaci\u00f3n del car\u00e1cter de clase del poder de Estado y construye una tipolog\u00eda sistem\u00e1tica de las diferencias entre el Estado feudal, el Estado capitalista y el Estado socialista a partir de un agudo estudio comparativo. Tambi\u00e9n examina los principales formatos burgueses de representaci\u00f3n y los procesos de mediaci\u00f3n en el ejercicio del poder de Estado y, finalmente, discute y repasa las transformaciones de las estrategias de los partidos obreros hacia el socialismo<\/p>\n","protected":false},"excerpt":{"rendered":"<p>\u00bfC\u00f3mo es posible que la clase dominada sea dominada en contra de sus intereses? La clase dominante ejerce su hegemon\u00eda de manera imperceptible para el ojo que ya ha sido domesticado: los principios de realizaci\u00f3n de tareas, los criterios de reclutamiento de personal, los tipos de tecnolog\u00eda organizativa, los modos de toma de decisiones, etc., elementos y estructuras aparentemente inocuas son v\u00edas por los que el Estado y la clase dominante ejercen su poder.<br \/>\nTherborn, brillante soci\u00f3logo considerado ya una referencia clave por sus coet\u00e1neos, elabora un procedimiento anal\u00edtico para la determinaci\u00f3n del car\u00e1cter de clase del poder de Estado y construye una tipolog\u00eda sistem\u00e1tica de las diferencias entre el Estado feudal, el Estado capitalista y el Estado socialista a partir de un agudo estudio comparativo. Tambi\u00e9n examina los principales formatos burgueses de representaci\u00f3n y los procesos de mediaci\u00f3n en el ejercicio del poder de Estado y, finalmente, discute y repasa las transformaciones de las estrategias de los partidos obreros hacia el socialismo<\/p>\n","protected":false},"featured_media":562,"comment_status":"closed","ping_status":"open","template":"","meta":{"_acf_changed":false},"materia_nivel_3":[2631,2657],"subtema_nivel_2":[2586,2561,2576],"tema_nivel_1":[2570],"product_brand":[],"product_cat":[15],"product_tag":[],"product_author":[2897],"product_collection":[],"class_list":{"0":"post-12862","1":"product","2":"type-product","3":"status-publish","4":"has-post-thumbnail","6":"materia_nivel_3-filosofia-politica","7":"materia_nivel_3-teoria-politica","8":"subtema_nivel_2-filosofia","9":"subtema_nivel_2-historia","10":"subtema_nivel_2-politica","11":"tema_nivel_1-ciencias-sociales","12":"product_cat-uncategorized","13":"product_author-therborn-goran","15":"first","16":"instock","17":"purchasable","18":"product-type-simple"},"acf":[],"_links":{"self":[{"href":"https:\/\/dev2.cantalupe.net\/sigloxxi\/wp-json\/wp\/v2\/product\/12862","targetHints":{"allow":["GET"]}}],"collection":[{"href":"https:\/\/dev2.cantalupe.net\/sigloxxi\/wp-json\/wp\/v2\/product"}],"about":[{"href":"https:\/\/dev2.cantalupe.net\/sigloxxi\/wp-json\/wp\/v2\/types\/product"}],"replies":[{"embeddable":true,"href":"https:\/\/dev2.cantalupe.net\/sigloxxi\/wp-json\/wp\/v2\/comments?post=12862"}],"version-history":[{"count":1,"href":"https:\/\/dev2.cantalupe.net\/sigloxxi\/wp-json\/wp\/v2\/product\/12862\/revisions"}],"predecessor-version":[{"id":12863,"href":"https:\/\/dev2.cantalupe.net\/sigloxxi\/wp-json\/wp\/v2\/product\/12862\/revisions\/12863"}],"wp:featuredmedia":[{"embeddable":true,"href":"https:\/\/dev2.cantalupe.net\/sigloxxi\/wp-json\/wp\/v2\/media\/562"}],"wp:attachment":[{"href":"https:\/\/dev2.cantalupe.net\/sigloxxi\/wp-json\/wp\/v2\/media?parent=12862"}],"wp:term":[{"taxonomy":"materia_nivel_3","embeddable":true,"href":"https:\/\/dev2.cantalupe.net\/sigloxxi\/wp-json\/wp\/v2\/materia_nivel_3?post=12862"},{"taxonomy":"subtema_nivel_2","embeddable":true,"href":"https:\/\/dev2.cantalupe.net\/sigloxxi\/wp-json\/wp\/v2\/subtema_nivel_2?post=12862"},{"taxonomy":"tema_nivel_1","embeddable":true,"href":"https:\/\/dev2.cantalupe.net\/sigloxxi\/wp-json\/wp\/v2\/tema_nivel_1?post=12862"},{"taxonomy":"product_brand","embeddable":true,"href":"https:\/\/dev2.cantalupe.net\/sigloxxi\/wp-json\/wp\/v2\/product_brand?post=12862"},{"taxonomy":"product_cat","embeddable":true,"href":"https:\/\/dev2.cantalupe.net\/sigloxxi\/wp-json\/wp\/v2\/product_cat?post=12862"},{"taxonomy":"product_tag","embeddable":true,"href":"https:\/\/dev2.cantalupe.net\/sigloxxi\/wp-json\/wp\/v2\/product_tag?post=12862"},{"taxonomy":"product_author","embeddable":true,"href":"https:\/\/dev2.cantalupe.net\/sigloxxi\/wp-json\/wp\/v2\/product_author?post=12862"},{"taxonomy":"product_collection","embeddable":true,"href":"https:\/\/dev2.cantalupe.net\/sigloxxi\/wp-json\/wp\/v2\/product_collection?post=12862"}],"curies":[{"name":"wp","href":"https:\/\/api.w.org\/{rel}","templated":true}]}}