{"id":12872,"date":"2025-11-04T14:48:24","date_gmt":"2025-11-04T14:48:24","guid":{"rendered":"https:\/\/dev2.cantalupe.net\/sigloxxi\/libro\/como-perder-una-guerra-y-por-que\/"},"modified":"2025-11-04T14:48:30","modified_gmt":"2025-11-04T14:48:30","slug":"como-perder-una-guerra-y-por-que","status":"publish","type":"product","link":"https:\/\/dev2.cantalupe.net\/sigloxxi\/libro\/como-perder-una-guerra-y-por-que\/","title":{"rendered":"C\u00f3mo perder una guerra (y por qu\u00e9)"},"content":{"rendered":"<p>Cubierta posterior: La guerra puede ser un lastre. Es cara, sangrienta, incierta&#8230; Sin embargo, tiene su parte positiva. Sobre todo, si se est\u00e1 en el bando perdedor. Basta con remitirse a los datos. Shimon Tzabar as\u00ed lo ha hecho y nos plantea la conclusi\u00f3n, harto asombrosa, de que la victoria es en realidad&#8230; una derrota, y la derrota&#8230; una victoria. Tzabar invierte, con claridad meridiana, los t\u00e9rminos planteados por los cl\u00e1sicos como Sun Tzu, en su obra sobre el arte de la guerra, y von Clausewitz. Con una l\u00f3gica aplastante y un agudo sentido de lo absurdo -que recuerda a la s\u00e1tira de Swift o de Heller en Trampa 22-, el autor demuestra c\u00f3mo la paz es un medio pragm\u00e1tico y sensato para obtener la victoria pol\u00edtica. El lector interesado hallar\u00e1 aqu\u00ed una relaci\u00f3n de los hechos que explican por qu\u00e9 con tanta frecuencia -por no decir en la pr\u00e1ctica totalidad de los principales conflictos acontecidos en el transcurso de la historia- la victoria no es tan buena como pudiera parecer. Tzabar ofrece adem\u00e1s una serie de consejos pr\u00e1cticos e informaci\u00f3n pormenorizada sobre los pasos a seguir en diversos aspectos: c\u00f3mo rendirse y c\u00f3mo reaccionar si uno presiente que est\u00e1 en peligro de ganar. c\u00f3mo arruinar una econom\u00eda pr\u00f3spera; c\u00f3mo gestionar una pol\u00edtica exterior mediocre; c\u00f3mo minar el \u00e1nimo de una naci\u00f3n; c\u00f3mo adiestrar a un ej\u00e9rcito para que resulte derrotado; qu\u00e9 hacer cuando se cuenta con una fuerza de aplastante superioridad. C\u00f3mo perder una guerra (y por qu\u00e9), cuya primera edici\u00f3n vio la luz inmediatamente despu\u00e9s del fin de la guerra de Vietnam, incluye numerosas ilustraciones explicativas y mapas. La presente edici\u00f3n est\u00e1 actualizada e incorpora informaci\u00f3n relativa a los \u00faltimos acontecimientos internacionales, y ha sido publicada en el Reino Unido, Estados Unidos, Alemania, Israel, Dinamarca, Jap\u00f3n, Grecia, Holanda, Francia e Italia. ?El autor presenta una teor\u00eda parad\u00f3jica e inesperada [la derrota pueda resultar m\u00e1s ventajosa que la victoria]; la expone con el mejor humor ingl\u00e9s, y la defiende con la inimitable seriedad que hizo famosos a Jerome K. Jerome, G.K. Chesterton, George Bernard Shaw y otros muchos. [?] Es un libro que provocar\u00e1 la sonrisa del lector, cuando no la carcajada; un libro tan poco habitual como bueno; al terminarlo uno acaba estando de acuerdo con el editor cuando afirma que Tzabar es sin duda un hombre con el que uno jam\u00e1s se aburre. Mucho se ha escrito sobre y a favor de la victoria. Nos faltaba una oda a la derrota bien argumentada e investigada. Este libro ha llenado oportunamente ese vac\u00edo.? Le Monde ?El humor negro de Tzabar evoca a Trampa 22 de Heller y a Madre coraje de Brecht, un mundo delicioso de una l\u00f3gica convincente y subversiva. Sun Tzu sugiri\u00f3 que ?en el cenit de tus fuerzas, finge debilidad? pero no desarroll\u00f3 esta idea con el mismo alegre entusiasmo de Tzabar. Molestar\u00e1 a los que opinan que ?lo importante no es ganar o perder sino jugar limpio?. Tzabar, anterior militante terrorista, lo expone con claridad: la victoria no es tan buena como la pintan; ganan los perdedores. La historia est\u00e1 de su parte. No se puede confiar en la ineficacia del otro (el enemigo, Dios nos libre, puede estar a\u00fan m\u00e1s desesperado), de modo que nos ofrece alg\u00fan consejo pr\u00e1ctico para llegar el segundo. Si el desenlace es el peor de los posibles, el lector podr\u00e1 recurrir al cap\u00edtulo, ?C\u00f3mo recuperarse de una victoria accidental?; en caso de que se d\u00e9 la circunstancia m\u00e1s favorable, hallar\u00e1 un cap\u00edtulo sobre la rendici\u00f3n. Otros cap\u00edtulos abordan los preliminares de la guerra; c\u00f3mo realizar una mala pol\u00edtica exterior y c\u00f3mo arruinar una econom\u00eda pr\u00f3spera; c\u00f3mo desunir una sociedad unida; c\u00f3mo preparar a un ej\u00e9rcito para la derrota; y -lo m\u00e1s importante- la t\u00e1ctica. Si von Clausewitz y Sun Tzu le resultan poco estimulantes, pruebe con este libro. Es un momento tan bueno como otro cualquiera para interesarse por la estrategia militar.? Fortean Times ?Si existe algo semejante a un delicioso libro sobre la guerra, se trata de este. [?] Constituye un ant\u00eddoto eficaz contra von Clausewitz. [?]Para los que nos hemos preguntado ?\u00bfD\u00f3nde estaba Jonathan Swift, cuando m\u00e1s lo necesit\u00e1bamos?? Tzabar logra convencer al lector de la sensatez de lo absurdo. El libro resulta verdaderamente divertido. Adem\u00e1s dice la verdad. Personalmente, considero que C\u00f3mo perder una guerra (y por qu\u00e9) es uno de los libros m\u00e1s entretenidos e importantes con los que me he topado en mucho tiempo.? Professional Publication for Libraries (EEUU)<\/p>\n","protected":false},"excerpt":{"rendered":"<p>Cubierta posterior: La guerra puede ser un lastre. Es cara, sangrienta, incierta&#8230; Sin embargo, tiene su parte positiva. Sobre todo, si se est\u00e1 en el bando perdedor. Basta con remitirse a los datos. Shimon Tzabar as\u00ed lo ha hecho y nos plantea la conclusi\u00f3n, harto asombrosa, de que la victoria es en realidad&#8230; una derrota, y la derrota&#8230; una victoria. Tzabar invierte, con claridad meridiana, los t\u00e9rminos planteados por los cl\u00e1sicos como Sun Tzu, en su obra sobre el arte de la guerra, y von Clausewitz. Con una l\u00f3gica aplastante y un agudo sentido de lo absurdo -que recuerda a la s\u00e1tira de Swift o de Heller en Trampa 22-, el autor demuestra c\u00f3mo la paz es un medio pragm\u00e1tico y sensato para obtener la victoria pol\u00edtica. El lector interesado hallar\u00e1 aqu\u00ed una relaci\u00f3n de los hechos que explican por qu\u00e9 con tanta frecuencia -por no decir en la pr\u00e1ctica totalidad de los principales conflictos acontecidos en el transcurso de la historia- la victoria no es tan buena como pudiera parecer. Tzabar ofrece adem\u00e1s una serie de consejos pr\u00e1cticos e informaci\u00f3n pormenorizada sobre los pasos a seguir en diversos aspectos: c\u00f3mo rendirse y c\u00f3mo reaccionar si uno presiente que est\u00e1 en peligro de ganar. c\u00f3mo arruinar una econom\u00eda pr\u00f3spera; c\u00f3mo gestionar una pol\u00edtica exterior mediocre; c\u00f3mo minar el \u00e1nimo de una naci\u00f3n; c\u00f3mo adiestrar a un ej\u00e9rcito para que resulte derrotado; qu\u00e9 hacer cuando se cuenta con una fuerza de aplastante superioridad. C\u00f3mo perder una guerra (y por qu\u00e9), cuya primera edici\u00f3n vio la luz inmediatamente despu\u00e9s del fin de la guerra de Vietnam, incluye numerosas ilustraciones explicativas y mapas. La presente edici\u00f3n est\u00e1 actualizada e incorpora informaci\u00f3n relativa a los \u00faltimos acontecimientos internacionales, y ha sido publicada en el Reino Unido, Estados Unidos, Alemania, Israel, Dinamarca, Jap\u00f3n, Grecia, Holanda, Francia e Italia. ?El autor presenta una teor\u00eda parad\u00f3jica e inesperada [la derrota pueda resultar m\u00e1s ventajosa que la victoria]; la expone con el mejor humor ingl\u00e9s, y la defiende con la inimitable seriedad que hizo famosos a Jerome K. Jerome, G.K. Chesterton, George Bernard Shaw y otros muchos. [?] Es un libro que provocar\u00e1 la sonrisa del lector, cuando no la carcajada; un libro tan poco habitual como bueno; al terminarlo uno acaba estando de acuerdo con el editor cuando afirma que Tzabar es sin duda un hombre con el que uno jam\u00e1s se aburre. Mucho se ha escrito sobre y a favor de la victoria. Nos faltaba una oda a la derrota bien argumentada e investigada. Este libro ha llenado oportunamente ese vac\u00edo.? Le Monde ?El humor negro de Tzabar evoca a Trampa 22 de Heller y a Madre coraje de Brecht, un mundo delicioso de una l\u00f3gica convincente y subversiva. Sun Tzu sugiri\u00f3 que ?en el cenit de tus fuerzas, finge debilidad? pero no desarroll\u00f3 esta idea con el mismo alegre entusiasmo de Tzabar. Molestar\u00e1 a los que opinan que ?lo importante no es ganar o perder sino jugar limpio?. Tzabar, anterior militante terrorista, lo expone con claridad: la victoria no es tan buena como la pintan; ganan los perdedores. La historia est\u00e1 de su parte. No se puede confiar en la ineficacia del otro (el enemigo, Dios nos libre, puede estar a\u00fan m\u00e1s desesperado), de modo que nos ofrece alg\u00fan consejo pr\u00e1ctico para llegar el segundo. Si el desenlace es el peor de los posibles, el lector podr\u00e1 recurrir al cap\u00edtulo, ?C\u00f3mo recuperarse de una victoria accidental?; en caso de que se d\u00e9 la circunstancia m\u00e1s favorable, hallar\u00e1 un cap\u00edtulo sobre la rendici\u00f3n. Otros cap\u00edtulos abordan los preliminares de la guerra; c\u00f3mo realizar una mala pol\u00edtica exterior y c\u00f3mo arruinar una econom\u00eda pr\u00f3spera; c\u00f3mo desunir una sociedad unida; c\u00f3mo preparar a un ej\u00e9rcito para la derrota; y -lo m\u00e1s importante- la t\u00e1ctica. Si von Clausewitz y Sun Tzu le resultan poco estimulantes, pruebe con este libro. Es un momento tan bueno como otro cualquiera para interesarse por la estrategia militar.? Fortean Times ?Si existe algo semejante a un delicioso libro sobre la guerra, se trata de este. [?] Constituye un ant\u00eddoto eficaz contra von Clausewitz. [?]Para los que nos hemos preguntado ?\u00bfD\u00f3nde estaba Jonathan Swift, cuando m\u00e1s lo necesit\u00e1bamos?? Tzabar logra convencer al lector de la sensatez de lo absurdo. El libro resulta verdaderamente divertido. Adem\u00e1s dice la verdad. Personalmente, considero que C\u00f3mo perder una guerra (y por qu\u00e9) es uno de los libros m\u00e1s entretenidos e importantes con los que me he topado en mucho tiempo.? Professional Publication for Libraries (EEUU)<\/p>\n","protected":false},"featured_media":0,"comment_status":"closed","ping_status":"open","template":"","meta":{"_acf_changed":false},"materia_nivel_3":[],"subtema_nivel_2":[2576],"tema_nivel_1":[2570],"product_brand":[],"product_cat":[15],"product_tag":[],"product_author":[2922],"product_collection":[],"class_list":{"0":"post-12872","1":"product","2":"type-product","3":"status-publish","5":"subtema_nivel_2-politica","6":"tema_nivel_1-ciencias-sociales","7":"product_cat-uncategorized","8":"product_author-tzabar-shimon","10":"first","11":"instock","12":"purchasable","13":"product-type-simple"},"acf":[],"_links":{"self":[{"href":"https:\/\/dev2.cantalupe.net\/sigloxxi\/wp-json\/wp\/v2\/product\/12872","targetHints":{"allow":["GET"]}}],"collection":[{"href":"https:\/\/dev2.cantalupe.net\/sigloxxi\/wp-json\/wp\/v2\/product"}],"about":[{"href":"https:\/\/dev2.cantalupe.net\/sigloxxi\/wp-json\/wp\/v2\/types\/product"}],"replies":[{"embeddable":true,"href":"https:\/\/dev2.cantalupe.net\/sigloxxi\/wp-json\/wp\/v2\/comments?post=12872"}],"version-history":[{"count":1,"href":"https:\/\/dev2.cantalupe.net\/sigloxxi\/wp-json\/wp\/v2\/product\/12872\/revisions"}],"predecessor-version":[{"id":12873,"href":"https:\/\/dev2.cantalupe.net\/sigloxxi\/wp-json\/wp\/v2\/product\/12872\/revisions\/12873"}],"wp:attachment":[{"href":"https:\/\/dev2.cantalupe.net\/sigloxxi\/wp-json\/wp\/v2\/media?parent=12872"}],"wp:term":[{"taxonomy":"materia_nivel_3","embeddable":true,"href":"https:\/\/dev2.cantalupe.net\/sigloxxi\/wp-json\/wp\/v2\/materia_nivel_3?post=12872"},{"taxonomy":"subtema_nivel_2","embeddable":true,"href":"https:\/\/dev2.cantalupe.net\/sigloxxi\/wp-json\/wp\/v2\/subtema_nivel_2?post=12872"},{"taxonomy":"tema_nivel_1","embeddable":true,"href":"https:\/\/dev2.cantalupe.net\/sigloxxi\/wp-json\/wp\/v2\/tema_nivel_1?post=12872"},{"taxonomy":"product_brand","embeddable":true,"href":"https:\/\/dev2.cantalupe.net\/sigloxxi\/wp-json\/wp\/v2\/product_brand?post=12872"},{"taxonomy":"product_cat","embeddable":true,"href":"https:\/\/dev2.cantalupe.net\/sigloxxi\/wp-json\/wp\/v2\/product_cat?post=12872"},{"taxonomy":"product_tag","embeddable":true,"href":"https:\/\/dev2.cantalupe.net\/sigloxxi\/wp-json\/wp\/v2\/product_tag?post=12872"},{"taxonomy":"product_author","embeddable":true,"href":"https:\/\/dev2.cantalupe.net\/sigloxxi\/wp-json\/wp\/v2\/product_author?post=12872"},{"taxonomy":"product_collection","embeddable":true,"href":"https:\/\/dev2.cantalupe.net\/sigloxxi\/wp-json\/wp\/v2\/product_collection?post=12872"}],"curies":[{"name":"wp","href":"https:\/\/api.w.org\/{rel}","templated":true}]}}