{"id":12906,"date":"2025-11-04T14:48:36","date_gmt":"2025-11-04T14:48:36","guid":{"rendered":"https:\/\/dev2.cantalupe.net\/sigloxxi\/libro\/consideraciones-sobre-el-marxismo-occidental\/"},"modified":"2025-11-04T14:48:37","modified_gmt":"2025-11-04T14:48:37","slug":"consideraciones-sobre-el-marxismo-occidental","status":"publish","type":"product","link":"https:\/\/dev2.cantalupe.net\/sigloxxi\/libro\/consideraciones-sobre-el-marxismo-occidental\/","title":{"rendered":"Consideraciones sobre el marxismo occidental"},"content":{"rendered":"<p>Esta obra constituye un estudio sint\u00e9tico de la naturaleza y evoluci\u00f3n de la teor\u00eda marxista tal como \u00e9sta se desarroll\u00f3 en Europa occidental tras la derrota de las rebeliones proletarias en el Oeste y el aislamiento de la revoluci\u00f3n rusa en el Este, a comienzos de la d\u00e9cada de 1920.El an\u00e1lisis se centra particularmente en la obra de Luk\u00e1cs, Korsch, Gramsci, Adorno, Marcuse, Benjamin, Sartre, Althusser, Della Volpe y Colletti, junto con otras figuras del marxismo europeo entre 1920 y 1975. La producci\u00f3n te\u00f3rica de cada uno de estos pensadores se pone en relaci\u00f3n, a la vez, con las luchas de la clase obrera y las mutaciones culturales del pensamiento burgu\u00e9s. Tambi\u00e9n compara los antecedentes filos\u00f3ficos de las diversas escuelas pertenecientes a esta tradici\u00f3n, analizando sus innovaciones espec\u00edficas. Finalmente, eval\u00faa la unidad estructural del marxismo occidental, m\u00e1s all\u00e1 de la diversidad de los pensadores individuales, estableciendo un balance de su relaci\u00f3n con la tradici\u00f3n del marxismo cl\u00e1sico y con los problemas que deber\u00e1 confrontar ineludiblemente toda forma de materialismo hist\u00f3rico capaz de sucederle.<\/p>\n","protected":false},"excerpt":{"rendered":"<p>Esta obra constituye un estudio sint\u00e9tico de la naturaleza y evoluci\u00f3n de la teor\u00eda marxista tal como \u00e9sta se desarroll\u00f3 en Europa occidental tras la derrota de las rebeliones proletarias en el Oeste y el aislamiento de la revoluci\u00f3n rusa en el Este, a comienzos de la d\u00e9cada de 1920.El an\u00e1lisis se centra particularmente en la obra de Luk\u00e1cs, Korsch, Gramsci, Adorno, Marcuse, Benjamin, Sartre, Althusser, Della Volpe y Colletti, junto con otras figuras del marxismo europeo entre 1920 y 1975. La producci\u00f3n te\u00f3rica de cada uno de estos pensadores se pone en relaci\u00f3n, a la vez, con las luchas de la clase obrera y las mutaciones culturales del pensamiento burgu\u00e9s. Tambi\u00e9n compara los antecedentes filos\u00f3ficos de las diversas escuelas pertenecientes a esta tradici\u00f3n, analizando sus innovaciones espec\u00edficas. Finalmente, eval\u00faa la unidad estructural del marxismo occidental, m\u00e1s all\u00e1 de la diversidad de los pensadores individuales, estableciendo un balance de su relaci\u00f3n con la tradici\u00f3n del marxismo cl\u00e1sico y con los problemas que deber\u00e1 confrontar ineludiblemente toda forma de materialismo hist\u00f3rico capaz de sucederle.<\/p>\n","protected":false},"featured_media":602,"comment_status":"closed","ping_status":"open","template":"","meta":{"_acf_changed":false},"materia_nivel_3":[2565,2631,2610,2691,2775],"subtema_nivel_2":[2598,2586,2561,2576],"tema_nivel_1":[2570],"product_brand":[],"product_cat":[15],"product_tag":[],"product_author":[2937],"product_collection":[],"class_list":{"0":"post-12906","1":"product","2":"type-product","3":"status-publish","4":"has-post-thumbnail","6":"materia_nivel_3-contemporanea","7":"materia_nivel_3-filosofia-politica","8":"materia_nivel_3-filosofia-y-critica-de-la-cultura","9":"materia_nivel_3-historia-de-las-ideas-politicas","10":"materia_nivel_3-historiografia-metodologia-y-teoria-de-la-historia","11":"subtema_nivel_2-economia","12":"subtema_nivel_2-filosofia","13":"subtema_nivel_2-historia","14":"subtema_nivel_2-politica","15":"tema_nivel_1-ciencias-sociales","16":"product_cat-uncategorized","17":"product_author-anderson-perry","19":"first","20":"instock","21":"purchasable","22":"product-type-simple"},"acf":[],"_links":{"self":[{"href":"https:\/\/dev2.cantalupe.net\/sigloxxi\/wp-json\/wp\/v2\/product\/12906","targetHints":{"allow":["GET"]}}],"collection":[{"href":"https:\/\/dev2.cantalupe.net\/sigloxxi\/wp-json\/wp\/v2\/product"}],"about":[{"href":"https:\/\/dev2.cantalupe.net\/sigloxxi\/wp-json\/wp\/v2\/types\/product"}],"replies":[{"embeddable":true,"href":"https:\/\/dev2.cantalupe.net\/sigloxxi\/wp-json\/wp\/v2\/comments?post=12906"}],"version-history":[{"count":1,"href":"https:\/\/dev2.cantalupe.net\/sigloxxi\/wp-json\/wp\/v2\/product\/12906\/revisions"}],"predecessor-version":[{"id":12907,"href":"https:\/\/dev2.cantalupe.net\/sigloxxi\/wp-json\/wp\/v2\/product\/12906\/revisions\/12907"}],"wp:featuredmedia":[{"embeddable":true,"href":"https:\/\/dev2.cantalupe.net\/sigloxxi\/wp-json\/wp\/v2\/media\/602"}],"wp:attachment":[{"href":"https:\/\/dev2.cantalupe.net\/sigloxxi\/wp-json\/wp\/v2\/media?parent=12906"}],"wp:term":[{"taxonomy":"materia_nivel_3","embeddable":true,"href":"https:\/\/dev2.cantalupe.net\/sigloxxi\/wp-json\/wp\/v2\/materia_nivel_3?post=12906"},{"taxonomy":"subtema_nivel_2","embeddable":true,"href":"https:\/\/dev2.cantalupe.net\/sigloxxi\/wp-json\/wp\/v2\/subtema_nivel_2?post=12906"},{"taxonomy":"tema_nivel_1","embeddable":true,"href":"https:\/\/dev2.cantalupe.net\/sigloxxi\/wp-json\/wp\/v2\/tema_nivel_1?post=12906"},{"taxonomy":"product_brand","embeddable":true,"href":"https:\/\/dev2.cantalupe.net\/sigloxxi\/wp-json\/wp\/v2\/product_brand?post=12906"},{"taxonomy":"product_cat","embeddable":true,"href":"https:\/\/dev2.cantalupe.net\/sigloxxi\/wp-json\/wp\/v2\/product_cat?post=12906"},{"taxonomy":"product_tag","embeddable":true,"href":"https:\/\/dev2.cantalupe.net\/sigloxxi\/wp-json\/wp\/v2\/product_tag?post=12906"},{"taxonomy":"product_author","embeddable":true,"href":"https:\/\/dev2.cantalupe.net\/sigloxxi\/wp-json\/wp\/v2\/product_author?post=12906"},{"taxonomy":"product_collection","embeddable":true,"href":"https:\/\/dev2.cantalupe.net\/sigloxxi\/wp-json\/wp\/v2\/product_collection?post=12906"}],"curies":[{"name":"wp","href":"https:\/\/api.w.org\/{rel}","templated":true}]}}