{"id":12938,"date":"2025-11-04T14:48:39","date_gmt":"2025-11-04T14:48:39","guid":{"rendered":"https:\/\/dev2.cantalupe.net\/sigloxxi\/libro\/crecimiento-y-crisis\/"},"modified":"2025-11-04T14:48:43","modified_gmt":"2025-11-04T14:48:43","slug":"crecimiento-y-crisis","status":"publish","type":"product","link":"https:\/\/dev2.cantalupe.net\/sigloxxi\/libro\/crecimiento-y-crisis\/","title":{"rendered":"Crecimiento y crisis"},"content":{"rendered":"<p>Solapa: Ante la evidencia de la crisis, en los primeros a\u00f1os setenta, la mayor\u00eda de los economistas optaron por ignorar su previsible larga duraci\u00f3n, previendo inmediatas recuperaciones, a veces mediante respuestas keynesianas, o por considerarla la consecuencia fatal de un desajuste en el funcionamiento del mercado provocado por la intervenci\u00f3n estatal asociada al Estado asistencial y la regulaci\u00f3n p\u00fablica de los mercados en la posguerra. Los autores, frente a estas posiciones ya claramente insostenibles, vienen sosteniendo una perspectiva mucho m\u00e1s pr\u00f3xima a la de la llamada escuela de la regulaci\u00f3n, cuyo principal representante es Michel Aglietta (Regulaci\u00f3n y crisis del capitalismo, Siglo XXI). Para ellos ni la austeridad ni el crecimiento keynesiano podr\u00edan ser la respuesta ante una crisis de tipo distinto. Se requiere una pol\u00edtica que favorezca la inversi\u00f3n productiva, la diferencia de la pol\u00edtica conservadora de altos tipos de inter\u00e9s que ha frenado la inflaci\u00f3n al precio de fomentar la inversi\u00f3n especulativa, y es preciso optar por el desarrollo de nueva tecnolog\u00eda, nuevas formas de producir, m\u00e1s all\u00e1 del ?fordismo? y del ?taylorismo?, y, consiguientemente, por otra forma de vivir en sociedad. Pues no se puede reducir el crecimiento a la eficacia econ\u00f3mica, sino que es preciso subrayar el aspecto social de la econom\u00eda: su capacidad para satisfacer las demandas sociales.<\/p>\n","protected":false},"excerpt":{"rendered":"<p>Solapa: Ante la evidencia de la crisis, en los primeros a\u00f1os setenta, la mayor\u00eda de los economistas optaron por ignorar su previsible larga duraci\u00f3n, previendo inmediatas recuperaciones, a veces mediante respuestas keynesianas, o por considerarla la consecuencia fatal de un desajuste en el funcionamiento del mercado provocado por la intervenci\u00f3n estatal asociada al Estado asistencial y la regulaci\u00f3n p\u00fablica de los mercados en la posguerra. Los autores, frente a estas posiciones ya claramente insostenibles, vienen sosteniendo una perspectiva mucho m\u00e1s pr\u00f3xima a la de la llamada escuela de la regulaci\u00f3n, cuyo principal representante es Michel Aglietta (Regulaci\u00f3n y crisis del capitalismo, Siglo XXI). Para ellos ni la austeridad ni el crecimiento keynesiano podr\u00edan ser la respuesta ante una crisis de tipo distinto. Se requiere una pol\u00edtica que favorezca la inversi\u00f3n productiva, la diferencia de la pol\u00edtica conservadora de altos tipos de inter\u00e9s que ha frenado la inflaci\u00f3n al precio de fomentar la inversi\u00f3n especulativa, y es preciso optar por el desarrollo de nueva tecnolog\u00eda, nuevas formas de producir, m\u00e1s all\u00e1 del ?fordismo? y del ?taylorismo?, y, consiguientemente, por otra forma de vivir en sociedad. Pues no se puede reducir el crecimiento a la eficacia econ\u00f3mica, sino que es preciso subrayar el aspecto social de la econom\u00eda: su capacidad para satisfacer las demandas sociales.<\/p>\n","protected":false},"featured_media":633,"comment_status":"closed","ping_status":"open","template":"","meta":{"_acf_changed":false},"materia_nivel_3":[],"subtema_nivel_2":[2598],"tema_nivel_1":[2570],"product_brand":[],"product_cat":[15],"product_tag":[],"product_author":[3492,3493],"product_collection":[],"class_list":{"0":"post-12938","1":"product","2":"type-product","3":"status-publish","4":"has-post-thumbnail","6":"subtema_nivel_2-economia","7":"tema_nivel_1-ciencias-sociales","8":"product_cat-uncategorized","9":"product_author-billaudot-bernard","10":"product_author-gauron-andre","12":"first","13":"instock","14":"purchasable","15":"product-type-simple"},"acf":[],"_links":{"self":[{"href":"https:\/\/dev2.cantalupe.net\/sigloxxi\/wp-json\/wp\/v2\/product\/12938","targetHints":{"allow":["GET"]}}],"collection":[{"href":"https:\/\/dev2.cantalupe.net\/sigloxxi\/wp-json\/wp\/v2\/product"}],"about":[{"href":"https:\/\/dev2.cantalupe.net\/sigloxxi\/wp-json\/wp\/v2\/types\/product"}],"replies":[{"embeddable":true,"href":"https:\/\/dev2.cantalupe.net\/sigloxxi\/wp-json\/wp\/v2\/comments?post=12938"}],"version-history":[{"count":1,"href":"https:\/\/dev2.cantalupe.net\/sigloxxi\/wp-json\/wp\/v2\/product\/12938\/revisions"}],"predecessor-version":[{"id":12939,"href":"https:\/\/dev2.cantalupe.net\/sigloxxi\/wp-json\/wp\/v2\/product\/12938\/revisions\/12939"}],"wp:featuredmedia":[{"embeddable":true,"href":"https:\/\/dev2.cantalupe.net\/sigloxxi\/wp-json\/wp\/v2\/media\/633"}],"wp:attachment":[{"href":"https:\/\/dev2.cantalupe.net\/sigloxxi\/wp-json\/wp\/v2\/media?parent=12938"}],"wp:term":[{"taxonomy":"materia_nivel_3","embeddable":true,"href":"https:\/\/dev2.cantalupe.net\/sigloxxi\/wp-json\/wp\/v2\/materia_nivel_3?post=12938"},{"taxonomy":"subtema_nivel_2","embeddable":true,"href":"https:\/\/dev2.cantalupe.net\/sigloxxi\/wp-json\/wp\/v2\/subtema_nivel_2?post=12938"},{"taxonomy":"tema_nivel_1","embeddable":true,"href":"https:\/\/dev2.cantalupe.net\/sigloxxi\/wp-json\/wp\/v2\/tema_nivel_1?post=12938"},{"taxonomy":"product_brand","embeddable":true,"href":"https:\/\/dev2.cantalupe.net\/sigloxxi\/wp-json\/wp\/v2\/product_brand?post=12938"},{"taxonomy":"product_cat","embeddable":true,"href":"https:\/\/dev2.cantalupe.net\/sigloxxi\/wp-json\/wp\/v2\/product_cat?post=12938"},{"taxonomy":"product_tag","embeddable":true,"href":"https:\/\/dev2.cantalupe.net\/sigloxxi\/wp-json\/wp\/v2\/product_tag?post=12938"},{"taxonomy":"product_author","embeddable":true,"href":"https:\/\/dev2.cantalupe.net\/sigloxxi\/wp-json\/wp\/v2\/product_author?post=12938"},{"taxonomy":"product_collection","embeddable":true,"href":"https:\/\/dev2.cantalupe.net\/sigloxxi\/wp-json\/wp\/v2\/product_collection?post=12938"}],"curies":[{"name":"wp","href":"https:\/\/api.w.org\/{rel}","templated":true}]}}