{"id":12992,"date":"2025-11-04T14:48:56","date_gmt":"2025-11-04T14:48:56","guid":{"rendered":"https:\/\/dev2.cantalupe.net\/sigloxxi\/libro\/curso-de-sociologia-general-i\/"},"modified":"2025-11-04T14:49:05","modified_gmt":"2025-11-04T14:49:05","slug":"curso-de-sociologia-general-i","status":"publish","type":"product","link":"https:\/\/dev2.cantalupe.net\/sigloxxi\/libro\/curso-de-sociologia-general-i\/","title":{"rendered":"Curso de Sociolog\u00eda general I"},"content":{"rendered":"<p>El pensamiento de Pierre Bourdieu no es una<br \/>\nfoto o una pel\u00edcula de la realidad. Al contrario, busca descubrir cosas<br \/>\ninvisibles, las relaciones que no se dejan fotografiar, las estructuras<br \/>\nocultas, incorporadas al punto de presentarse como naturales.En este Curso de<br \/>\nSociolog\u00eda General I. Conceptos fundamentales, Bourdieu expone qu\u00e9 es<br \/>\npara \u00e9l la sociolog\u00eda, cu\u00e1l es su objetivo y qu\u00e9 significa ser soci\u00f3logo. Hay<br \/>\nque volver, dice, a los conceptos fundamentales para transmitir en qu\u00e9 consiste<br \/>\nel genuino trabajo del investigador e inculcar una forma original de pensar en<br \/>\nlugar de un cuerpo de conocimiento establecido que empobrece o automatiza la<br \/>\ninvestigaci\u00f3n.En un tono did\u00e1ctico, vali\u00e9ndose de<br \/>\nreferencias emp\u00edricas y de comentarios en no pocas ocasiones ir\u00f3nicos, Bourdieu<br \/>\nno solo expone paso a paso y de un modo sistem\u00e1tico conceptos esenciales como<br \/>\n\u00abhabitus\u00bb, \u00abcampo\u00bb o \u00abcapital\u00bb; adem\u00e1s, revisa la noci\u00f3n de la sociolog\u00eda como<br \/>\nciencia de las instituciones y analiza las operaciones de nominaci\u00f3n y<br \/>\nclasificaci\u00f3n, los ritos que legitiman lugares y posiciones para determinados<br \/>\nagentes sociales.<\/p>\n","protected":false},"excerpt":{"rendered":"<p>El pensamiento de Pierre Bourdieu no es una<br \/>\nfoto o una pel\u00edcula de la realidad. Al contrario, busca descubrir cosas<br \/>\ninvisibles, las relaciones que no se dejan fotografiar, las estructuras<br \/>\nocultas, incorporadas al punto de presentarse como naturales.En este Curso de<br \/>\nSociolog\u00eda General I. Conceptos fundamentales, Bourdieu expone qu\u00e9 es<br \/>\npara \u00e9l la sociolog\u00eda, cu\u00e1l es su objetivo y qu\u00e9 significa ser soci\u00f3logo. Hay<br \/>\nque volver, dice, a los conceptos fundamentales para transmitir en qu\u00e9 consiste<br \/>\nel genuino trabajo del investigador e inculcar una forma original de pensar en<br \/>\nlugar de un cuerpo de conocimiento establecido que empobrece o automatiza la<br \/>\ninvestigaci\u00f3n.En un tono did\u00e1ctico, vali\u00e9ndose de<br \/>\nreferencias emp\u00edricas y de comentarios en no pocas ocasiones ir\u00f3nicos, Bourdieu<br \/>\nno solo expone paso a paso y de un modo sistem\u00e1tico conceptos esenciales como<br \/>\n\u00abhabitus\u00bb, \u00abcampo\u00bb o \u00abcapital\u00bb; adem\u00e1s, revisa la noci\u00f3n de la sociolog\u00eda como<br \/>\nciencia de las instituciones y analiza las operaciones de nominaci\u00f3n y<br \/>\nclasificaci\u00f3n, los ritos que legitiman lugares y posiciones para determinados<br \/>\nagentes sociales.<\/p>\n","protected":false},"featured_media":680,"comment_status":"closed","ping_status":"open","template":"","meta":{"_acf_changed":false},"materia_nivel_3":[],"subtema_nivel_2":[],"tema_nivel_1":[2570],"product_brand":[],"product_cat":[15],"product_tag":[],"product_author":[3510],"product_collection":[],"class_list":{"0":"post-12992","1":"product","2":"type-product","3":"status-publish","4":"has-post-thumbnail","6":"tema_nivel_1-ciencias-sociales","7":"product_cat-uncategorized","8":"product_author-bourdieu-pierre","10":"first","11":"instock","12":"purchasable","13":"product-type-simple"},"acf":[],"_links":{"self":[{"href":"https:\/\/dev2.cantalupe.net\/sigloxxi\/wp-json\/wp\/v2\/product\/12992","targetHints":{"allow":["GET"]}}],"collection":[{"href":"https:\/\/dev2.cantalupe.net\/sigloxxi\/wp-json\/wp\/v2\/product"}],"about":[{"href":"https:\/\/dev2.cantalupe.net\/sigloxxi\/wp-json\/wp\/v2\/types\/product"}],"replies":[{"embeddable":true,"href":"https:\/\/dev2.cantalupe.net\/sigloxxi\/wp-json\/wp\/v2\/comments?post=12992"}],"version-history":[{"count":1,"href":"https:\/\/dev2.cantalupe.net\/sigloxxi\/wp-json\/wp\/v2\/product\/12992\/revisions"}],"predecessor-version":[{"id":12993,"href":"https:\/\/dev2.cantalupe.net\/sigloxxi\/wp-json\/wp\/v2\/product\/12992\/revisions\/12993"}],"wp:featuredmedia":[{"embeddable":true,"href":"https:\/\/dev2.cantalupe.net\/sigloxxi\/wp-json\/wp\/v2\/media\/680"}],"wp:attachment":[{"href":"https:\/\/dev2.cantalupe.net\/sigloxxi\/wp-json\/wp\/v2\/media?parent=12992"}],"wp:term":[{"taxonomy":"materia_nivel_3","embeddable":true,"href":"https:\/\/dev2.cantalupe.net\/sigloxxi\/wp-json\/wp\/v2\/materia_nivel_3?post=12992"},{"taxonomy":"subtema_nivel_2","embeddable":true,"href":"https:\/\/dev2.cantalupe.net\/sigloxxi\/wp-json\/wp\/v2\/subtema_nivel_2?post=12992"},{"taxonomy":"tema_nivel_1","embeddable":true,"href":"https:\/\/dev2.cantalupe.net\/sigloxxi\/wp-json\/wp\/v2\/tema_nivel_1?post=12992"},{"taxonomy":"product_brand","embeddable":true,"href":"https:\/\/dev2.cantalupe.net\/sigloxxi\/wp-json\/wp\/v2\/product_brand?post=12992"},{"taxonomy":"product_cat","embeddable":true,"href":"https:\/\/dev2.cantalupe.net\/sigloxxi\/wp-json\/wp\/v2\/product_cat?post=12992"},{"taxonomy":"product_tag","embeddable":true,"href":"https:\/\/dev2.cantalupe.net\/sigloxxi\/wp-json\/wp\/v2\/product_tag?post=12992"},{"taxonomy":"product_author","embeddable":true,"href":"https:\/\/dev2.cantalupe.net\/sigloxxi\/wp-json\/wp\/v2\/product_author?post=12992"},{"taxonomy":"product_collection","embeddable":true,"href":"https:\/\/dev2.cantalupe.net\/sigloxxi\/wp-json\/wp\/v2\/product_collection?post=12992"}],"curies":[{"name":"wp","href":"https:\/\/api.w.org\/{rel}","templated":true}]}}