{"id":13030,"date":"2025-11-04T14:49:07","date_gmt":"2025-11-04T14:49:07","guid":{"rendered":"https:\/\/dev2.cantalupe.net\/sigloxxi\/libro\/del-sacrificio-a-la-derrota-2\/"},"modified":"2025-11-04T14:49:15","modified_gmt":"2025-11-04T14:49:15","slug":"del-sacrificio-a-la-derrota-2","status":"publish","type":"product","link":"https:\/\/dev2.cantalupe.net\/sigloxxi\/libro\/del-sacrificio-a-la-derrota-2\/","title":{"rendered":"Del sacrificio a la derrota"},"content":{"rendered":"<p>\u00abNos partimos la cara\u0085 pero al final nos la<br \/>\nacabaron rompiendo.\u00bb \u00abYo he nacido aqu\u00ed, creo en un proyecto.\u00bb \u00abMe pegaron doce<br \/>\ntiros. A mi compa\u00f1ero, diecinueve. Yo, al menos, consegu\u00ed sobrevivir.\u00bb A trav\u00e9s<br \/>\ndel testimonio de antiguos combatientes de la Izquierda<br \/>\nAbertzale es posible rastrear los or\u00edgenes ideol\u00f3gicos de ETA en su<br \/>\nreivindicaci\u00f3n de una Euskadi independiente y, sobre todo, en la defensa de los<br \/>\nintereses de clase y en la lucha contra la dictadura de Franco en el Pa\u00eds<br \/>\nVasco, llegando a ser un agente emancipador para la Espa\u00f1a reprimida. Cincuenta<br \/>\na\u00f1os despu\u00e9s, viviendo en democracia y habiendo asesinado a m\u00e1s de 800<br \/>\npersonas, ETA ya no representa lo mismo para los espa\u00f1oles, que celebraron en<br \/>\n2011 el alto el fuego de la organizaci\u00f3n terrorista como uno de los mayores<br \/>\ntriunfos de la democracia.Buscando un relato que descubre \u00e1ngulos<br \/>\ndesde los que nunca se ha mirado, Nicol\u00e1s Buckley da voz a quienes hicieron uso<br \/>\nde la violencia como medio para alcanzar la autodeterminaci\u00f3n de Euskal Herria. Al ceder la palabra a antiguos militantes<br \/>\nde ETA, Del sacrifico a la derrota trasciende la<br \/>\nreconstrucci\u00f3n del relato del conflicto armado y pol\u00edtico ahondando en la<br \/>\nhistoria reciente de Espa\u00f1a y Euskadi.<\/p>\n","protected":false},"excerpt":{"rendered":"<p>\u00abNos partimos la cara\u0085 pero al final nos la<br \/>\nacabaron rompiendo.\u00bb \u00abYo he nacido aqu\u00ed, creo en un proyecto.\u00bb \u00abMe pegaron doce<br \/>\ntiros. A mi compa\u00f1ero, diecinueve. Yo, al menos, consegu\u00ed sobrevivir.\u00bb A trav\u00e9s<br \/>\ndel testimonio de antiguos combatientes de la Izquierda<br \/>\nAbertzale es posible rastrear los or\u00edgenes ideol\u00f3gicos de ETA en su<br \/>\nreivindicaci\u00f3n de una Euskadi independiente y, sobre todo, en la defensa de los<br \/>\nintereses de clase y en la lucha contra la dictadura de Franco en el Pa\u00eds<br \/>\nVasco, llegando a ser un agente emancipador para la Espa\u00f1a reprimida. Cincuenta<br \/>\na\u00f1os despu\u00e9s, viviendo en democracia y habiendo asesinado a m\u00e1s de 800<br \/>\npersonas, ETA ya no representa lo mismo para los espa\u00f1oles, que celebraron en<br \/>\n2011 el alto el fuego de la organizaci\u00f3n terrorista como uno de los mayores<br \/>\ntriunfos de la democracia.Buscando un relato que descubre \u00e1ngulos<br \/>\ndesde los que nunca se ha mirado, Nicol\u00e1s Buckley da voz a quienes hicieron uso<br \/>\nde la violencia como medio para alcanzar la autodeterminaci\u00f3n de Euskal Herria. Al ceder la palabra a antiguos militantes<br \/>\nde ETA, Del sacrifico a la derrota trasciende la<br \/>\nreconstrucci\u00f3n del relato del conflicto armado y pol\u00edtico ahondando en la<br \/>\nhistoria reciente de Espa\u00f1a y Euskadi.<\/p>\n","protected":false},"featured_media":712,"comment_status":"closed","ping_status":"open","template":"","meta":{"_acf_changed":false},"materia_nivel_3":[2565,2559],"subtema_nivel_2":[2561],"tema_nivel_1":[2567],"product_brand":[],"product_cat":[15],"product_tag":[],"product_author":[3525],"product_collection":[],"class_list":{"0":"post-13030","1":"product","2":"type-product","3":"status-publish","4":"has-post-thumbnail","6":"materia_nivel_3-contemporanea","7":"materia_nivel_3-espana","8":"subtema_nivel_2-historia","9":"tema_nivel_1-historia","10":"product_cat-uncategorized","11":"product_author-buckley-nicolas","13":"first","14":"instock","15":"purchasable","16":"product-type-simple"},"acf":[],"_links":{"self":[{"href":"https:\/\/dev2.cantalupe.net\/sigloxxi\/wp-json\/wp\/v2\/product\/13030","targetHints":{"allow":["GET"]}}],"collection":[{"href":"https:\/\/dev2.cantalupe.net\/sigloxxi\/wp-json\/wp\/v2\/product"}],"about":[{"href":"https:\/\/dev2.cantalupe.net\/sigloxxi\/wp-json\/wp\/v2\/types\/product"}],"replies":[{"embeddable":true,"href":"https:\/\/dev2.cantalupe.net\/sigloxxi\/wp-json\/wp\/v2\/comments?post=13030"}],"version-history":[{"count":1,"href":"https:\/\/dev2.cantalupe.net\/sigloxxi\/wp-json\/wp\/v2\/product\/13030\/revisions"}],"predecessor-version":[{"id":13031,"href":"https:\/\/dev2.cantalupe.net\/sigloxxi\/wp-json\/wp\/v2\/product\/13030\/revisions\/13031"}],"wp:featuredmedia":[{"embeddable":true,"href":"https:\/\/dev2.cantalupe.net\/sigloxxi\/wp-json\/wp\/v2\/media\/712"}],"wp:attachment":[{"href":"https:\/\/dev2.cantalupe.net\/sigloxxi\/wp-json\/wp\/v2\/media?parent=13030"}],"wp:term":[{"taxonomy":"materia_nivel_3","embeddable":true,"href":"https:\/\/dev2.cantalupe.net\/sigloxxi\/wp-json\/wp\/v2\/materia_nivel_3?post=13030"},{"taxonomy":"subtema_nivel_2","embeddable":true,"href":"https:\/\/dev2.cantalupe.net\/sigloxxi\/wp-json\/wp\/v2\/subtema_nivel_2?post=13030"},{"taxonomy":"tema_nivel_1","embeddable":true,"href":"https:\/\/dev2.cantalupe.net\/sigloxxi\/wp-json\/wp\/v2\/tema_nivel_1?post=13030"},{"taxonomy":"product_brand","embeddable":true,"href":"https:\/\/dev2.cantalupe.net\/sigloxxi\/wp-json\/wp\/v2\/product_brand?post=13030"},{"taxonomy":"product_cat","embeddable":true,"href":"https:\/\/dev2.cantalupe.net\/sigloxxi\/wp-json\/wp\/v2\/product_cat?post=13030"},{"taxonomy":"product_tag","embeddable":true,"href":"https:\/\/dev2.cantalupe.net\/sigloxxi\/wp-json\/wp\/v2\/product_tag?post=13030"},{"taxonomy":"product_author","embeddable":true,"href":"https:\/\/dev2.cantalupe.net\/sigloxxi\/wp-json\/wp\/v2\/product_author?post=13030"},{"taxonomy":"product_collection","embeddable":true,"href":"https:\/\/dev2.cantalupe.net\/sigloxxi\/wp-json\/wp\/v2\/product_collection?post=13030"}],"curies":[{"name":"wp","href":"https:\/\/api.w.org\/{rel}","templated":true}]}}