{"id":13050,"date":"2025-11-04T14:49:17","date_gmt":"2025-11-04T14:49:17","guid":{"rendered":"https:\/\/dev2.cantalupe.net\/sigloxxi\/libro\/de-palabra-y-obra-en-el-nuevo-mundo-4\/"},"modified":"2025-11-04T14:49:17","modified_gmt":"2025-11-04T14:49:17","slug":"de-palabra-y-obra-en-el-nuevo-mundo-4","status":"publish","type":"product","link":"https:\/\/dev2.cantalupe.net\/sigloxxi\/libro\/de-palabra-y-obra-en-el-nuevo-mundo-4\/","title":{"rendered":"De palabra y obra en el nuevo mundo 4"},"content":{"rendered":"<p>La alusiva expresi\u00f3n De Palabra y Obra en el Nuevo Mundo, que da t\u00edtulo a esta serie de publicaciones, fue escogida por Manuel Guti\u00e9rrez Est\u00e9vez, Miguel Le\u00f3n-Portilla, Gary H. Gossen y J. Jorge Klor de Alva para denominar a un amplio programa de investigaciones en antropolog\u00eda e historia de Am\u00e9rica, que implica a numerosos y prestigiados especialistas de una veintena de pa\u00edses.Con esta denominaci\u00f3n se celebran peri\u00f3dicamente seminarios y simposios en Espa\u00f1a (en Trujillo, Extremadura) y en EE UU, en torno a los cuales se articula una l\u00ednea permanente de reflexi\u00f3n y an\u00e1lisis sobre los procesos de construcci\u00f3n de las identidades culturales o \u00e9tnicas en Am\u00e9rica.Los libros en que se recogen los trabajos de estos seminarios De Palabra y Obra en el Nuevo Mundo, marcan un hito en los estudios contempor\u00e1neos de antropolog\u00eda americanista y abren nuevas perspectivas para la comprensi\u00f3n de la din\u00e1mica cultural americana.El volumen 4, Tramas de la identidad, est\u00e1 dedicado a muy diversas cuestiones y problemas relacionados con las identidades culturales. Son \u00e9stas el resultado de un entretejido de eventos, experiencias, s\u00edmbolos, met\u00e1foras, mitos y narrativas que crean el argumento de una historia compartida y que producen las lealtades necesarias para su reproducci\u00f3n. Para poder ser tejida y evitar que se desenrede esta identidad se precisa una constante serie de negociaciones, tanto entre los miembros que componen el grupo mismo, como entre \u00e9stos y sus otros.Estas negociaciones incluyen los enredos, las intrigas -tambi\u00e9n las tramas- y los proyectos discursivos o expresivos que, en su conjunto, permiten o dificultan la imposici\u00f3n de un modo colectivo de ser sobre un grupo. Se estructura este volumen por referencia a tres tipos distintos de ret\u00f3ricas identitarias: unas fundacionales, que dan a un pueblo verosimilitud para su origen o su historia; otras, de interlocuci\u00f3n, en que se entrelazan los discursos individuales o colectivos para manifestar su inevitable intertextualidad; y otras, en fin, ret\u00f3ricas del desplazamiento, que conforman el estilo m\u00e1s caracter\u00edstico de la percepci\u00f3n social americana sobre la identidad.Mediante el estudio de materiales etnogr\u00e1ficos procedentes de numerosos pa\u00edses y que presentan muy distinto grado de complejidad -desde la tribu a la naci\u00f3n, pasando por el barrio o la ciudad- se proponen hip\u00f3tesis que permiten acrecentar nuestro conocimiento de las implicaciones que tiene la permanente transformaci\u00f3n de las identidades culturales americanas.Mediante el estudio de materiales etnogr\u00e1ficos procedentes de numerosos pa\u00edses y que presentan muy distinto grado de complejidad -desde la tribu a la naci\u00f3n, pasando por el barrio o la ciudad- se proponen hip\u00f3tesis que permiten acrecentar nuestro conocimiento de las implicaciones que tiene la permanente transformaci\u00f3n de las identidades culturales americanas.<\/p>\n","protected":false},"excerpt":{"rendered":"<p>La alusiva expresi\u00f3n De Palabra y Obra en el Nuevo Mundo, que da t\u00edtulo a esta serie de publicaciones, fue escogida por Manuel Guti\u00e9rrez Est\u00e9vez, Miguel Le\u00f3n-Portilla, Gary H. Gossen y J. Jorge Klor de Alva para denominar a un amplio programa de investigaciones en antropolog\u00eda e historia de Am\u00e9rica, que implica a numerosos y prestigiados especialistas de una veintena de pa\u00edses.Con esta denominaci\u00f3n se celebran peri\u00f3dicamente seminarios y simposios en Espa\u00f1a (en Trujillo, Extremadura) y en EE UU, en torno a los cuales se articula una l\u00ednea permanente de reflexi\u00f3n y an\u00e1lisis sobre los procesos de construcci\u00f3n de las identidades culturales o \u00e9tnicas en Am\u00e9rica.Los libros en que se recogen los trabajos de estos seminarios De Palabra y Obra en el Nuevo Mundo, marcan un hito en los estudios contempor\u00e1neos de antropolog\u00eda americanista y abren nuevas perspectivas para la comprensi\u00f3n de la din\u00e1mica cultural americana.El volumen 4, Tramas de la identidad, est\u00e1 dedicado a muy diversas cuestiones y problemas relacionados con las identidades culturales. Son \u00e9stas el resultado de un entretejido de eventos, experiencias, s\u00edmbolos, met\u00e1foras, mitos y narrativas que crean el argumento de una historia compartida y que producen las lealtades necesarias para su reproducci\u00f3n. Para poder ser tejida y evitar que se desenrede esta identidad se precisa una constante serie de negociaciones, tanto entre los miembros que componen el grupo mismo, como entre \u00e9stos y sus otros.Estas negociaciones incluyen los enredos, las intrigas -tambi\u00e9n las tramas- y los proyectos discursivos o expresivos que, en su conjunto, permiten o dificultan la imposici\u00f3n de un modo colectivo de ser sobre un grupo. Se estructura este volumen por referencia a tres tipos distintos de ret\u00f3ricas identitarias: unas fundacionales, que dan a un pueblo verosimilitud para su origen o su historia; otras, de interlocuci\u00f3n, en que se entrelazan los discursos individuales o colectivos para manifestar su inevitable intertextualidad; y otras, en fin, ret\u00f3ricas del desplazamiento, que conforman el estilo m\u00e1s caracter\u00edstico de la percepci\u00f3n social americana sobre la identidad.Mediante el estudio de materiales etnogr\u00e1ficos procedentes de numerosos pa\u00edses y que presentan muy distinto grado de complejidad -desde la tribu a la naci\u00f3n, pasando por el barrio o la ciudad- se proponen hip\u00f3tesis que permiten acrecentar nuestro conocimiento de las implicaciones que tiene la permanente transformaci\u00f3n de las identidades culturales americanas.Mediante el estudio de materiales etnogr\u00e1ficos procedentes de numerosos pa\u00edses y que presentan muy distinto grado de complejidad -desde la tribu a la naci\u00f3n, pasando por el barrio o la ciudad- se proponen hip\u00f3tesis que permiten acrecentar nuestro conocimiento de las implicaciones que tiene la permanente transformaci\u00f3n de las identidades culturales americanas.<\/p>\n","protected":false},"featured_media":732,"comment_status":"closed","ping_status":"open","template":"","meta":{"_acf_changed":false},"materia_nivel_3":[],"subtema_nivel_2":[2569],"tema_nivel_1":[2570],"product_brand":[],"product_cat":[15],"product_tag":[],"product_author":[],"product_collection":[],"class_list":{"0":"post-13050","1":"product","2":"type-product","3":"status-publish","4":"has-post-thumbnail","6":"subtema_nivel_2-antropologia","7":"tema_nivel_1-ciencias-sociales","8":"product_cat-uncategorized","10":"first","11":"instock","12":"purchasable","13":"product-type-simple"},"acf":[],"_links":{"self":[{"href":"https:\/\/dev2.cantalupe.net\/sigloxxi\/wp-json\/wp\/v2\/product\/13050","targetHints":{"allow":["GET"]}}],"collection":[{"href":"https:\/\/dev2.cantalupe.net\/sigloxxi\/wp-json\/wp\/v2\/product"}],"about":[{"href":"https:\/\/dev2.cantalupe.net\/sigloxxi\/wp-json\/wp\/v2\/types\/product"}],"replies":[{"embeddable":true,"href":"https:\/\/dev2.cantalupe.net\/sigloxxi\/wp-json\/wp\/v2\/comments?post=13050"}],"version-history":[{"count":1,"href":"https:\/\/dev2.cantalupe.net\/sigloxxi\/wp-json\/wp\/v2\/product\/13050\/revisions"}],"predecessor-version":[{"id":13051,"href":"https:\/\/dev2.cantalupe.net\/sigloxxi\/wp-json\/wp\/v2\/product\/13050\/revisions\/13051"}],"wp:featuredmedia":[{"embeddable":true,"href":"https:\/\/dev2.cantalupe.net\/sigloxxi\/wp-json\/wp\/v2\/media\/732"}],"wp:attachment":[{"href":"https:\/\/dev2.cantalupe.net\/sigloxxi\/wp-json\/wp\/v2\/media?parent=13050"}],"wp:term":[{"taxonomy":"materia_nivel_3","embeddable":true,"href":"https:\/\/dev2.cantalupe.net\/sigloxxi\/wp-json\/wp\/v2\/materia_nivel_3?post=13050"},{"taxonomy":"subtema_nivel_2","embeddable":true,"href":"https:\/\/dev2.cantalupe.net\/sigloxxi\/wp-json\/wp\/v2\/subtema_nivel_2?post=13050"},{"taxonomy":"tema_nivel_1","embeddable":true,"href":"https:\/\/dev2.cantalupe.net\/sigloxxi\/wp-json\/wp\/v2\/tema_nivel_1?post=13050"},{"taxonomy":"product_brand","embeddable":true,"href":"https:\/\/dev2.cantalupe.net\/sigloxxi\/wp-json\/wp\/v2\/product_brand?post=13050"},{"taxonomy":"product_cat","embeddable":true,"href":"https:\/\/dev2.cantalupe.net\/sigloxxi\/wp-json\/wp\/v2\/product_cat?post=13050"},{"taxonomy":"product_tag","embeddable":true,"href":"https:\/\/dev2.cantalupe.net\/sigloxxi\/wp-json\/wp\/v2\/product_tag?post=13050"},{"taxonomy":"product_author","embeddable":true,"href":"https:\/\/dev2.cantalupe.net\/sigloxxi\/wp-json\/wp\/v2\/product_author?post=13050"},{"taxonomy":"product_collection","embeddable":true,"href":"https:\/\/dev2.cantalupe.net\/sigloxxi\/wp-json\/wp\/v2\/product_collection?post=13050"}],"curies":[{"name":"wp","href":"https:\/\/api.w.org\/{rel}","templated":true}]}}