{"id":13054,"date":"2025-11-04T14:49:17","date_gmt":"2025-11-04T14:49:17","guid":{"rendered":"https:\/\/dev2.cantalupe.net\/sigloxxi\/libro\/derrida-en-90-minutos\/"},"modified":"2025-11-04T14:49:21","modified_gmt":"2025-11-04T14:49:21","slug":"derrida-en-90-minutos","status":"publish","type":"product","link":"https:\/\/dev2.cantalupe.net\/sigloxxi\/libro\/derrida-en-90-minutos\/","title":{"rendered":"Derrida en 90 minutos"},"content":{"rendered":"<p>El desconstructivismo de Derrida es nada menos que un intento de destruir toda \u00abescritura\u00bb demostrando su inevitable falsedad. El escritor escribe con una mano, pero \u00bfqu\u00e9 hace con la otra? Todo escrito, todo texto, insiste Derrida, contiene su propia agenda escondida, sus propias suposiciones metaf\u00edsicas. El propio lenguaje del escritor distorsiona inevitablemente lo que piensa y escribe. Se socava as\u00ed la \u00abverdad\u00bb de todo conocimiento; llega el posestructuralismo.\u00a0<br \/>\nEn Derrida en 90 minutos, Paul Strathern presenta un recuento preciso y experto de la vida e ideas de Derrida, y explica su influencia en la lucha del hombre por comprender su existencia en el mundo. El libro incluye una selecci\u00f3n de escritos de Derrida, una breve lista de lecturas sugeridas para aquellos que deseen profundizar en su pensamiento, as\u00ed como cronolog\u00edas que sit\u00faan a Derrida en su \u00e9poca y en una sinopsis m\u00e1s amplia de la filosof\u00eda.<\/p>\n","protected":false},"excerpt":{"rendered":"<p>El desconstructivismo de Derrida es nada menos que un intento de destruir toda \u00abescritura\u00bb demostrando su inevitable falsedad. El escritor escribe con una mano, pero \u00bfqu\u00e9 hace con la otra? Todo escrito, todo texto, insiste Derrida, contiene su propia agenda escondida, sus propias suposiciones metaf\u00edsicas. El propio lenguaje del escritor distorsiona inevitablemente lo que piensa y escribe. Se socava as\u00ed la \u00abverdad\u00bb de todo conocimiento; llega el posestructuralismo.\u00a0<br \/>\nEn Derrida en 90 minutos, Paul Strathern presenta un recuento preciso y experto de la vida e ideas de Derrida, y explica su influencia en la lucha del hombre por comprender su existencia en el mundo. El libro incluye una selecci\u00f3n de escritos de Derrida, una breve lista de lecturas sugeridas para aquellos que deseen profundizar en su pensamiento, as\u00ed como cronolog\u00edas que sit\u00faan a Derrida en su \u00e9poca y en una sinopsis m\u00e1s amplia de la filosof\u00eda.<\/p>\n","protected":false},"featured_media":735,"comment_status":"closed","ping_status":"open","template":"","meta":{"_acf_changed":false},"materia_nivel_3":[2565],"subtema_nivel_2":[2586],"tema_nivel_1":[2663],"product_brand":[],"product_cat":[15],"product_tag":[],"product_author":[2849],"product_collection":[],"class_list":{"0":"post-13054","1":"product","2":"type-product","3":"status-publish","4":"has-post-thumbnail","6":"materia_nivel_3-contemporanea","7":"subtema_nivel_2-filosofia","8":"tema_nivel_1-en-90-minutos","9":"product_cat-uncategorized","10":"product_author-strathern-paul","12":"first","13":"instock","14":"purchasable","15":"product-type-simple"},"acf":[],"_links":{"self":[{"href":"https:\/\/dev2.cantalupe.net\/sigloxxi\/wp-json\/wp\/v2\/product\/13054","targetHints":{"allow":["GET"]}}],"collection":[{"href":"https:\/\/dev2.cantalupe.net\/sigloxxi\/wp-json\/wp\/v2\/product"}],"about":[{"href":"https:\/\/dev2.cantalupe.net\/sigloxxi\/wp-json\/wp\/v2\/types\/product"}],"replies":[{"embeddable":true,"href":"https:\/\/dev2.cantalupe.net\/sigloxxi\/wp-json\/wp\/v2\/comments?post=13054"}],"version-history":[{"count":1,"href":"https:\/\/dev2.cantalupe.net\/sigloxxi\/wp-json\/wp\/v2\/product\/13054\/revisions"}],"predecessor-version":[{"id":13055,"href":"https:\/\/dev2.cantalupe.net\/sigloxxi\/wp-json\/wp\/v2\/product\/13054\/revisions\/13055"}],"wp:featuredmedia":[{"embeddable":true,"href":"https:\/\/dev2.cantalupe.net\/sigloxxi\/wp-json\/wp\/v2\/media\/735"}],"wp:attachment":[{"href":"https:\/\/dev2.cantalupe.net\/sigloxxi\/wp-json\/wp\/v2\/media?parent=13054"}],"wp:term":[{"taxonomy":"materia_nivel_3","embeddable":true,"href":"https:\/\/dev2.cantalupe.net\/sigloxxi\/wp-json\/wp\/v2\/materia_nivel_3?post=13054"},{"taxonomy":"subtema_nivel_2","embeddable":true,"href":"https:\/\/dev2.cantalupe.net\/sigloxxi\/wp-json\/wp\/v2\/subtema_nivel_2?post=13054"},{"taxonomy":"tema_nivel_1","embeddable":true,"href":"https:\/\/dev2.cantalupe.net\/sigloxxi\/wp-json\/wp\/v2\/tema_nivel_1?post=13054"},{"taxonomy":"product_brand","embeddable":true,"href":"https:\/\/dev2.cantalupe.net\/sigloxxi\/wp-json\/wp\/v2\/product_brand?post=13054"},{"taxonomy":"product_cat","embeddable":true,"href":"https:\/\/dev2.cantalupe.net\/sigloxxi\/wp-json\/wp\/v2\/product_cat?post=13054"},{"taxonomy":"product_tag","embeddable":true,"href":"https:\/\/dev2.cantalupe.net\/sigloxxi\/wp-json\/wp\/v2\/product_tag?post=13054"},{"taxonomy":"product_author","embeddable":true,"href":"https:\/\/dev2.cantalupe.net\/sigloxxi\/wp-json\/wp\/v2\/product_author?post=13054"},{"taxonomy":"product_collection","embeddable":true,"href":"https:\/\/dev2.cantalupe.net\/sigloxxi\/wp-json\/wp\/v2\/product_collection?post=13054"}],"curies":[{"name":"wp","href":"https:\/\/api.w.org\/{rel}","templated":true}]}}