{"id":13088,"date":"2025-11-04T14:49:31","date_gmt":"2025-11-04T14:49:31","guid":{"rendered":"https:\/\/dev2.cantalupe.net\/sigloxxi\/libro\/dias-y-noches-de-amor-y-de-guerra\/"},"modified":"2025-11-04T14:49:31","modified_gmt":"2025-11-04T14:49:31","slug":"dias-y-noches-de-amor-y-de-guerra","status":"publish","type":"product","link":"https:\/\/dev2.cantalupe.net\/sigloxxi\/libro\/dias-y-noches-de-amor-y-de-guerra\/","title":{"rendered":"D\u00edas y noches de amor y de guerra"},"content":{"rendered":"<p>&#8220;Inesperado arte del horror.Jos\u00e9 Mar\u00eda Valverde, Camp de l&#8217;Arpa, Espa\u00f1a&#8221;&#8221;Uno de los libros m\u00e1s conmovedores que he le\u00eddo.&#8221;&#8221;Marco Antonio Campos, Proceso, M\u00e9xico&#8221;&#8221;Una escritura \u00fanica y absolutamente esencial comprender Am\u00e9rica Latina.&#8221;&#8221;S. R. Wilson, Journal of Spanish Studies, EEUU&#8221;&#8221;Aqu\u00ed hay mucho y sincero dolor, pero tambi\u00e9n suficiente humor y poes\u00eda como para levantar el \u00e1nimo m\u00e1s bajoneado.&#8221;&#8221;Milton Hatoum, Isto \u00e9, Brasil&#8221;<\/p>\n","protected":false},"excerpt":{"rendered":"<p>&#8220;Inesperado arte del horror.Jos\u00e9 Mar\u00eda Valverde, Camp de l&#8217;Arpa, Espa\u00f1a&#8221;&#8221;Uno de los libros m\u00e1s conmovedores que he le\u00eddo.&#8221;&#8221;Marco Antonio Campos, Proceso, M\u00e9xico&#8221;&#8221;Una escritura \u00fanica y absolutamente esencial comprender Am\u00e9rica Latina.&#8221;&#8221;S. R. Wilson, Journal of Spanish Studies, EEUU&#8221;&#8221;Aqu\u00ed hay mucho y sincero dolor, pero tambi\u00e9n suficiente humor y poes\u00eda como para levantar el \u00e1nimo m\u00e1s bajoneado.&#8221;&#8221;Milton Hatoum, Isto \u00e9, Brasil&#8221;<\/p>\n","protected":false},"featured_media":763,"comment_status":"closed","ping_status":"open","template":"","meta":{"_acf_changed":false},"materia_nivel_3":[],"subtema_nivel_2":[],"tema_nivel_1":[3541],"product_brand":[],"product_cat":[15],"product_tag":[],"product_author":[2868],"product_collection":[],"class_list":{"0":"post-13088","1":"product","2":"type-product","3":"status-publish","4":"has-post-thumbnail","6":"tema_nivel_1-galeano-bolsillo","7":"product_cat-uncategorized","8":"product_author-galeano-eduardo","10":"first","11":"instock","12":"purchasable","13":"product-type-simple"},"acf":[],"_links":{"self":[{"href":"https:\/\/dev2.cantalupe.net\/sigloxxi\/wp-json\/wp\/v2\/product\/13088","targetHints":{"allow":["GET"]}}],"collection":[{"href":"https:\/\/dev2.cantalupe.net\/sigloxxi\/wp-json\/wp\/v2\/product"}],"about":[{"href":"https:\/\/dev2.cantalupe.net\/sigloxxi\/wp-json\/wp\/v2\/types\/product"}],"replies":[{"embeddable":true,"href":"https:\/\/dev2.cantalupe.net\/sigloxxi\/wp-json\/wp\/v2\/comments?post=13088"}],"version-history":[{"count":1,"href":"https:\/\/dev2.cantalupe.net\/sigloxxi\/wp-json\/wp\/v2\/product\/13088\/revisions"}],"predecessor-version":[{"id":13089,"href":"https:\/\/dev2.cantalupe.net\/sigloxxi\/wp-json\/wp\/v2\/product\/13088\/revisions\/13089"}],"wp:featuredmedia":[{"embeddable":true,"href":"https:\/\/dev2.cantalupe.net\/sigloxxi\/wp-json\/wp\/v2\/media\/763"}],"wp:attachment":[{"href":"https:\/\/dev2.cantalupe.net\/sigloxxi\/wp-json\/wp\/v2\/media?parent=13088"}],"wp:term":[{"taxonomy":"materia_nivel_3","embeddable":true,"href":"https:\/\/dev2.cantalupe.net\/sigloxxi\/wp-json\/wp\/v2\/materia_nivel_3?post=13088"},{"taxonomy":"subtema_nivel_2","embeddable":true,"href":"https:\/\/dev2.cantalupe.net\/sigloxxi\/wp-json\/wp\/v2\/subtema_nivel_2?post=13088"},{"taxonomy":"tema_nivel_1","embeddable":true,"href":"https:\/\/dev2.cantalupe.net\/sigloxxi\/wp-json\/wp\/v2\/tema_nivel_1?post=13088"},{"taxonomy":"product_brand","embeddable":true,"href":"https:\/\/dev2.cantalupe.net\/sigloxxi\/wp-json\/wp\/v2\/product_brand?post=13088"},{"taxonomy":"product_cat","embeddable":true,"href":"https:\/\/dev2.cantalupe.net\/sigloxxi\/wp-json\/wp\/v2\/product_cat?post=13088"},{"taxonomy":"product_tag","embeddable":true,"href":"https:\/\/dev2.cantalupe.net\/sigloxxi\/wp-json\/wp\/v2\/product_tag?post=13088"},{"taxonomy":"product_author","embeddable":true,"href":"https:\/\/dev2.cantalupe.net\/sigloxxi\/wp-json\/wp\/v2\/product_author?post=13088"},{"taxonomy":"product_collection","embeddable":true,"href":"https:\/\/dev2.cantalupe.net\/sigloxxi\/wp-json\/wp\/v2\/product_collection?post=13088"}],"curies":[{"name":"wp","href":"https:\/\/api.w.org\/{rel}","templated":true}]}}