{"id":13092,"date":"2025-11-04T14:49:31","date_gmt":"2025-11-04T14:49:31","guid":{"rendered":"https:\/\/dev2.cantalupe.net\/sigloxxi\/libro\/dias-y-noches-de-amor-y-guerra-2\/"},"modified":"2025-11-04T14:49:31","modified_gmt":"2025-11-04T14:49:31","slug":"dias-y-noches-de-amor-y-guerra-2","status":"publish","type":"product","link":"https:\/\/dev2.cantalupe.net\/sigloxxi\/libro\/dias-y-noches-de-amor-y-guerra-2\/","title":{"rendered":"D\u00edas y noches de amor y guerra"},"content":{"rendered":"<p>En<br \/>\n 1976, a los 36 a\u00f1os, Galeano comienza un largo exilio que lo lleva<br \/>\nprimero a Buenos Aires y m\u00e1s tarde a Catalu\u00f1a. Golpeado por la<br \/>\ndesaparici\u00f3n, el asesinato o el exilio de sus compa\u00f1eros, all\u00ed escribe D\u00edas y noches de amor y de guerra<br \/>\n como un acto reparatorio, una cr\u00f3nica sobrecogedora del tiempo<br \/>\ntranscurrido entre mayo de 1975 y julio de 1977, donde plasma una<br \/>\nrigurosa fotograf\u00eda del horror pol\u00edtico de esos d\u00edas.Este<br \/>\n libro, Premio Casa de las Am\u00e9ricas 1978, es la m\u00e1s autobiogr\u00e1fica<br \/>\nretrospectiva de las dictaduras del Cono Sur y de la nostalgia del<br \/>\nexilio. Pero a la vez Galeano suma, al testimonio ominoso de la muerte,<br \/>\nuna memoria \u00edntima del \u00e9xtasis del amor.<\/p>\n","protected":false},"excerpt":{"rendered":"<p>En<br \/>\n 1976, a los 36 a\u00f1os, Galeano comienza un largo exilio que lo lleva<br \/>\nprimero a Buenos Aires y m\u00e1s tarde a Catalu\u00f1a. Golpeado por la<br \/>\ndesaparici\u00f3n, el asesinato o el exilio de sus compa\u00f1eros, all\u00ed escribe D\u00edas y noches de amor y de guerra<br \/>\n como un acto reparatorio, una cr\u00f3nica sobrecogedora del tiempo<br \/>\ntranscurrido entre mayo de 1975 y julio de 1977, donde plasma una<br \/>\nrigurosa fotograf\u00eda del horror pol\u00edtico de esos d\u00edas.Este<br \/>\n libro, Premio Casa de las Am\u00e9ricas 1978, es la m\u00e1s autobiogr\u00e1fica<br \/>\nretrospectiva de las dictaduras del Cono Sur y de la nostalgia del<br \/>\nexilio. Pero a la vez Galeano suma, al testimonio ominoso de la muerte,<br \/>\nuna memoria \u00edntima del \u00e9xtasis del amor.<\/p>\n","protected":false},"featured_media":765,"comment_status":"closed","ping_status":"open","template":"","meta":{"_acf_changed":false},"materia_nivel_3":[],"subtema_nivel_2":[],"tema_nivel_1":[2693],"product_brand":[],"product_cat":[15],"product_tag":[],"product_author":[2868],"product_collection":[],"class_list":{"0":"post-13092","1":"product","2":"type-product","3":"status-publish","4":"has-post-thumbnail","6":"tema_nivel_1-biblioteca-eduardo-galeano","7":"product_cat-uncategorized","8":"product_author-galeano-eduardo","10":"first","11":"instock","12":"purchasable","13":"product-type-simple"},"acf":[],"_links":{"self":[{"href":"https:\/\/dev2.cantalupe.net\/sigloxxi\/wp-json\/wp\/v2\/product\/13092","targetHints":{"allow":["GET"]}}],"collection":[{"href":"https:\/\/dev2.cantalupe.net\/sigloxxi\/wp-json\/wp\/v2\/product"}],"about":[{"href":"https:\/\/dev2.cantalupe.net\/sigloxxi\/wp-json\/wp\/v2\/types\/product"}],"replies":[{"embeddable":true,"href":"https:\/\/dev2.cantalupe.net\/sigloxxi\/wp-json\/wp\/v2\/comments?post=13092"}],"version-history":[{"count":1,"href":"https:\/\/dev2.cantalupe.net\/sigloxxi\/wp-json\/wp\/v2\/product\/13092\/revisions"}],"predecessor-version":[{"id":13093,"href":"https:\/\/dev2.cantalupe.net\/sigloxxi\/wp-json\/wp\/v2\/product\/13092\/revisions\/13093"}],"wp:featuredmedia":[{"embeddable":true,"href":"https:\/\/dev2.cantalupe.net\/sigloxxi\/wp-json\/wp\/v2\/media\/765"}],"wp:attachment":[{"href":"https:\/\/dev2.cantalupe.net\/sigloxxi\/wp-json\/wp\/v2\/media?parent=13092"}],"wp:term":[{"taxonomy":"materia_nivel_3","embeddable":true,"href":"https:\/\/dev2.cantalupe.net\/sigloxxi\/wp-json\/wp\/v2\/materia_nivel_3?post=13092"},{"taxonomy":"subtema_nivel_2","embeddable":true,"href":"https:\/\/dev2.cantalupe.net\/sigloxxi\/wp-json\/wp\/v2\/subtema_nivel_2?post=13092"},{"taxonomy":"tema_nivel_1","embeddable":true,"href":"https:\/\/dev2.cantalupe.net\/sigloxxi\/wp-json\/wp\/v2\/tema_nivel_1?post=13092"},{"taxonomy":"product_brand","embeddable":true,"href":"https:\/\/dev2.cantalupe.net\/sigloxxi\/wp-json\/wp\/v2\/product_brand?post=13092"},{"taxonomy":"product_cat","embeddable":true,"href":"https:\/\/dev2.cantalupe.net\/sigloxxi\/wp-json\/wp\/v2\/product_cat?post=13092"},{"taxonomy":"product_tag","embeddable":true,"href":"https:\/\/dev2.cantalupe.net\/sigloxxi\/wp-json\/wp\/v2\/product_tag?post=13092"},{"taxonomy":"product_author","embeddable":true,"href":"https:\/\/dev2.cantalupe.net\/sigloxxi\/wp-json\/wp\/v2\/product_author?post=13092"},{"taxonomy":"product_collection","embeddable":true,"href":"https:\/\/dev2.cantalupe.net\/sigloxxi\/wp-json\/wp\/v2\/product_collection?post=13092"}],"curies":[{"name":"wp","href":"https:\/\/api.w.org\/{rel}","templated":true}]}}