{"id":13104,"date":"2025-11-04T14:49:31","date_gmt":"2025-11-04T14:49:31","guid":{"rendered":"https:\/\/dev2.cantalupe.net\/sigloxxi\/libro\/diccionario-de-politica-a-j\/"},"modified":"2025-11-04T14:49:35","modified_gmt":"2025-11-04T14:49:35","slug":"diccionario-de-politica-a-j","status":"publish","type":"product","link":"https:\/\/dev2.cantalupe.net\/sigloxxi\/libro\/diccionario-de-politica-a-j\/","title":{"rendered":"Diccionario de pol\u00edtica. A-J"},"content":{"rendered":"<p>La mayor parte de los t\u00e9rminos usados en el lenguaje pol\u00edtico tienen diversos significados. El objetivo de este diccionario es el de brindar a los lectores no especializados, a los estudiantes, a los lectores de peri\u00f3dicos, a quienes escuchan conferencias, discursos, debates, etc., una explicaci\u00f3n y una interpretaci\u00f3n sencilla y tendencialmente conclusiva de los principales conceptos que forman parte del universo del discurso pol\u00edtico, con su evoluci\u00f3n hist\u00f3rica, su uso actual, sus conceptos afines o antit\u00e9ticos, as\u00ed como los autores y obras m\u00e1s directamente vinculados a ellos.<\/p>\n","protected":false},"excerpt":{"rendered":"<p>La mayor parte de los t\u00e9rminos usados en el lenguaje pol\u00edtico tienen diversos significados. El objetivo de este diccionario es el de brindar a los lectores no especializados, a los estudiantes, a los lectores de peri\u00f3dicos, a quienes escuchan conferencias, discursos, debates, etc., una explicaci\u00f3n y una interpretaci\u00f3n sencilla y tendencialmente conclusiva de los principales conceptos que forman parte del universo del discurso pol\u00edtico, con su evoluci\u00f3n hist\u00f3rica, su uso actual, sus conceptos afines o antit\u00e9ticos, as\u00ed como los autores y obras m\u00e1s directamente vinculados a ellos.<\/p>\n","protected":false},"featured_media":777,"comment_status":"closed","ping_status":"open","template":"","meta":{"_acf_changed":false},"materia_nivel_3":[],"subtema_nivel_2":[2576],"tema_nivel_1":[2570],"product_brand":[],"product_cat":[15],"product_tag":[],"product_author":[3544],"product_collection":[],"class_list":{"0":"post-13104","1":"product","2":"type-product","3":"status-publish","4":"has-post-thumbnail","6":"subtema_nivel_2-politica","7":"tema_nivel_1-ciencias-sociales","8":"product_cat-uncategorized","9":"product_author-bobbio-norberto","11":"first","12":"instock","13":"purchasable","14":"product-type-simple"},"acf":[],"_links":{"self":[{"href":"https:\/\/dev2.cantalupe.net\/sigloxxi\/wp-json\/wp\/v2\/product\/13104","targetHints":{"allow":["GET"]}}],"collection":[{"href":"https:\/\/dev2.cantalupe.net\/sigloxxi\/wp-json\/wp\/v2\/product"}],"about":[{"href":"https:\/\/dev2.cantalupe.net\/sigloxxi\/wp-json\/wp\/v2\/types\/product"}],"replies":[{"embeddable":true,"href":"https:\/\/dev2.cantalupe.net\/sigloxxi\/wp-json\/wp\/v2\/comments?post=13104"}],"version-history":[{"count":1,"href":"https:\/\/dev2.cantalupe.net\/sigloxxi\/wp-json\/wp\/v2\/product\/13104\/revisions"}],"predecessor-version":[{"id":13105,"href":"https:\/\/dev2.cantalupe.net\/sigloxxi\/wp-json\/wp\/v2\/product\/13104\/revisions\/13105"}],"wp:featuredmedia":[{"embeddable":true,"href":"https:\/\/dev2.cantalupe.net\/sigloxxi\/wp-json\/wp\/v2\/media\/777"}],"wp:attachment":[{"href":"https:\/\/dev2.cantalupe.net\/sigloxxi\/wp-json\/wp\/v2\/media?parent=13104"}],"wp:term":[{"taxonomy":"materia_nivel_3","embeddable":true,"href":"https:\/\/dev2.cantalupe.net\/sigloxxi\/wp-json\/wp\/v2\/materia_nivel_3?post=13104"},{"taxonomy":"subtema_nivel_2","embeddable":true,"href":"https:\/\/dev2.cantalupe.net\/sigloxxi\/wp-json\/wp\/v2\/subtema_nivel_2?post=13104"},{"taxonomy":"tema_nivel_1","embeddable":true,"href":"https:\/\/dev2.cantalupe.net\/sigloxxi\/wp-json\/wp\/v2\/tema_nivel_1?post=13104"},{"taxonomy":"product_brand","embeddable":true,"href":"https:\/\/dev2.cantalupe.net\/sigloxxi\/wp-json\/wp\/v2\/product_brand?post=13104"},{"taxonomy":"product_cat","embeddable":true,"href":"https:\/\/dev2.cantalupe.net\/sigloxxi\/wp-json\/wp\/v2\/product_cat?post=13104"},{"taxonomy":"product_tag","embeddable":true,"href":"https:\/\/dev2.cantalupe.net\/sigloxxi\/wp-json\/wp\/v2\/product_tag?post=13104"},{"taxonomy":"product_author","embeddable":true,"href":"https:\/\/dev2.cantalupe.net\/sigloxxi\/wp-json\/wp\/v2\/product_author?post=13104"},{"taxonomy":"product_collection","embeddable":true,"href":"https:\/\/dev2.cantalupe.net\/sigloxxi\/wp-json\/wp\/v2\/product_collection?post=13104"}],"curies":[{"name":"wp","href":"https:\/\/api.w.org\/{rel}","templated":true}]}}