{"id":13116,"date":"2025-11-04T14:49:31","date_gmt":"2025-11-04T14:49:31","guid":{"rendered":"https:\/\/dev2.cantalupe.net\/sigloxxi\/libro\/dios-dibujado-por-laura-arbol\/"},"modified":"2025-11-04T14:49:40","modified_gmt":"2025-11-04T14:49:40","slug":"dios-dibujado-por-laura-arbol","status":"publish","type":"product","link":"https:\/\/dev2.cantalupe.net\/sigloxxi\/libro\/dios-dibujado-por-laura-arbol\/","title":{"rendered":"Dios dibujado por Laura \u00c1rbol"},"content":{"rendered":"<p>Dios de Laura del \u00c1rbol es un libro que mira con iron\u00eda a la sociedad actual. El t\u00edtulo es enga\u00f1oso, porque parece que habla de un solo Dios, pero est\u00e1 hablando de muchos: \u00bfc\u00f3mo son los dioses contempor\u00e1neos? Desde el Dios F\u00fatbol, cuyos seguidores llenan estadios y veneran cada gol como un acto sagrado, pasando por el Dios Dinero y sus hordas de \u0093cryptobros\u0094, hasta el Dios Patriarcal omnipresente que se resiste a cambiar frente al imparable movimiento feminista, cada deidad contempor\u00e1nea ejerce su influencia en el tejido mismo de nuestra sociedad.\u00a0Bajo la apariencia de un dibujo na\u00edf y amable el relato de la autora es ir\u00f3nico y agudo, lo que genera un resultado complejo que explota en tu cabeza como una salsa de sabores contrastados y exquisitos.<br \/>\nOjal\u00e1 este viaje nos ayude a cuestionar nuestras propias creencias y a explorar la complejidad de lo divino en el siglo XXI.\u00a0Ojal\u00e1 menos dioses y m\u00e1s humanos.<\/p>\n","protected":false},"excerpt":{"rendered":"<p>Dios de Laura del \u00c1rbol es un libro que mira con iron\u00eda a la sociedad actual. El t\u00edtulo es enga\u00f1oso, porque parece que habla de un solo Dios, pero est\u00e1 hablando de muchos: \u00bfc\u00f3mo son los dioses contempor\u00e1neos? Desde el Dios F\u00fatbol, cuyos seguidores llenan estadios y veneran cada gol como un acto sagrado, pasando por el Dios Dinero y sus hordas de \u0093cryptobros\u0094, hasta el Dios Patriarcal omnipresente que se resiste a cambiar frente al imparable movimiento feminista, cada deidad contempor\u00e1nea ejerce su influencia en el tejido mismo de nuestra sociedad.\u00a0Bajo la apariencia de un dibujo na\u00edf y amable el relato de la autora es ir\u00f3nico y agudo, lo que genera un resultado complejo que explota en tu cabeza como una salsa de sabores contrastados y exquisitos.<br \/>\nOjal\u00e1 este viaje nos ayude a cuestionar nuestras propias creencias y a explorar la complejidad de lo divino en el siglo XXI.\u00a0Ojal\u00e1 menos dioses y m\u00e1s humanos.<\/p>\n","protected":false},"featured_media":787,"comment_status":"closed","ping_status":"open","template":"","meta":{"_acf_changed":false},"materia_nivel_3":[],"subtema_nivel_2":[2586,2577],"tema_nivel_1":[3546],"product_brand":[],"product_cat":[15],"product_tag":[],"product_author":[3547],"product_collection":[],"class_list":{"0":"post-13116","1":"product","2":"type-product","3":"status-publish","4":"has-post-thumbnail","6":"subtema_nivel_2-filosofia","7":"subtema_nivel_2-religion","8":"tema_nivel_1-un-elefante-en-la-sala","9":"product_cat-uncategorized","10":"product_author-arbol-laura","12":"first","13":"instock","14":"purchasable","15":"product-type-simple"},"acf":[],"_links":{"self":[{"href":"https:\/\/dev2.cantalupe.net\/sigloxxi\/wp-json\/wp\/v2\/product\/13116","targetHints":{"allow":["GET"]}}],"collection":[{"href":"https:\/\/dev2.cantalupe.net\/sigloxxi\/wp-json\/wp\/v2\/product"}],"about":[{"href":"https:\/\/dev2.cantalupe.net\/sigloxxi\/wp-json\/wp\/v2\/types\/product"}],"replies":[{"embeddable":true,"href":"https:\/\/dev2.cantalupe.net\/sigloxxi\/wp-json\/wp\/v2\/comments?post=13116"}],"version-history":[{"count":1,"href":"https:\/\/dev2.cantalupe.net\/sigloxxi\/wp-json\/wp\/v2\/product\/13116\/revisions"}],"predecessor-version":[{"id":13117,"href":"https:\/\/dev2.cantalupe.net\/sigloxxi\/wp-json\/wp\/v2\/product\/13116\/revisions\/13117"}],"wp:featuredmedia":[{"embeddable":true,"href":"https:\/\/dev2.cantalupe.net\/sigloxxi\/wp-json\/wp\/v2\/media\/787"}],"wp:attachment":[{"href":"https:\/\/dev2.cantalupe.net\/sigloxxi\/wp-json\/wp\/v2\/media?parent=13116"}],"wp:term":[{"taxonomy":"materia_nivel_3","embeddable":true,"href":"https:\/\/dev2.cantalupe.net\/sigloxxi\/wp-json\/wp\/v2\/materia_nivel_3?post=13116"},{"taxonomy":"subtema_nivel_2","embeddable":true,"href":"https:\/\/dev2.cantalupe.net\/sigloxxi\/wp-json\/wp\/v2\/subtema_nivel_2?post=13116"},{"taxonomy":"tema_nivel_1","embeddable":true,"href":"https:\/\/dev2.cantalupe.net\/sigloxxi\/wp-json\/wp\/v2\/tema_nivel_1?post=13116"},{"taxonomy":"product_brand","embeddable":true,"href":"https:\/\/dev2.cantalupe.net\/sigloxxi\/wp-json\/wp\/v2\/product_brand?post=13116"},{"taxonomy":"product_cat","embeddable":true,"href":"https:\/\/dev2.cantalupe.net\/sigloxxi\/wp-json\/wp\/v2\/product_cat?post=13116"},{"taxonomy":"product_tag","embeddable":true,"href":"https:\/\/dev2.cantalupe.net\/sigloxxi\/wp-json\/wp\/v2\/product_tag?post=13116"},{"taxonomy":"product_author","embeddable":true,"href":"https:\/\/dev2.cantalupe.net\/sigloxxi\/wp-json\/wp\/v2\/product_author?post=13116"},{"taxonomy":"product_collection","embeddable":true,"href":"https:\/\/dev2.cantalupe.net\/sigloxxi\/wp-json\/wp\/v2\/product_collection?post=13116"}],"curies":[{"name":"wp","href":"https:\/\/api.w.org\/{rel}","templated":true}]}}