{"id":13124,"date":"2025-11-04T14:49:42","date_gmt":"2025-11-04T14:49:42","guid":{"rendered":"https:\/\/dev2.cantalupe.net\/sigloxxi\/libro\/diversidad-y-arte-latinoamericano\/"},"modified":"2025-11-04T14:49:46","modified_gmt":"2025-11-04T14:49:46","slug":"diversidad-y-arte-latinoamericano","status":"publish","type":"product","link":"https:\/\/dev2.cantalupe.net\/sigloxxi\/libro\/diversidad-y-arte-latinoamericano\/","title":{"rendered":"Diversidad y arte latinoamericano"},"content":{"rendered":"<p>Andrea Giunta parte de un hecho consumado: la crisis del Covid supuso un gran cambio social que afect\u00f3 de manera vertical y horizontal a todas las sociedades del planeta. Observar esa capacidad de cambio que ha mostrado la humanidad, la lleva a pensar acerca de los cambios en el mundo de la creaci\u00f3n art\u00edstica que han permitido abrir los museos de arte contempor\u00e1neo a aquellas obras que nunca pudieron formar parte del canon y la discusi\u00f3n.\u00a0\u00bfCu\u00e1nta parte de este cambio debemos a los propios artistas? Es as\u00ed como Andrea crea una discusi\u00f3n en torno a seis artistas que con sus obras y discursos se posicionaron, de maneras muy variadas, contra lo establecido. Cada una de sus historias en la de la ruptura de un techo de cristal, ya sea impuesto por el g\u00e9nero, la identidad sexual o la procedencia.<\/p>\n","protected":false},"excerpt":{"rendered":"<p>Andrea Giunta parte de un hecho consumado: la crisis del Covid supuso un gran cambio social que afect\u00f3 de manera vertical y horizontal a todas las sociedades del planeta. Observar esa capacidad de cambio que ha mostrado la humanidad, la lleva a pensar acerca de los cambios en el mundo de la creaci\u00f3n art\u00edstica que han permitido abrir los museos de arte contempor\u00e1neo a aquellas obras que nunca pudieron formar parte del canon y la discusi\u00f3n.\u00a0\u00bfCu\u00e1nta parte de este cambio debemos a los propios artistas? Es as\u00ed como Andrea crea una discusi\u00f3n en torno a seis artistas que con sus obras y discursos se posicionaron, de maneras muy variadas, contra lo establecido. Cada una de sus historias en la de la ruptura de un techo de cristal, ya sea impuesto por el g\u00e9nero, la identidad sexual o la procedencia.<\/p>\n","protected":false},"featured_media":794,"comment_status":"closed","ping_status":"open","template":"","meta":{"_acf_changed":false},"materia_nivel_3":[3550],"subtema_nivel_2":[2611],"tema_nivel_1":[3551],"product_brand":[],"product_cat":[15],"product_tag":[],"product_author":[3552],"product_collection":[],"class_list":{"0":"post-13124","1":"product","2":"type-product","3":"status-publish","4":"has-post-thumbnail","6":"materia_nivel_3-estetica-y-teoria-del-arte","7":"subtema_nivel_2-arte","8":"tema_nivel_1-fuera-de-coleccion","9":"product_cat-uncategorized","10":"product_author-giunta-andrea","12":"first","13":"instock","14":"purchasable","15":"product-type-simple"},"acf":[],"_links":{"self":[{"href":"https:\/\/dev2.cantalupe.net\/sigloxxi\/wp-json\/wp\/v2\/product\/13124","targetHints":{"allow":["GET"]}}],"collection":[{"href":"https:\/\/dev2.cantalupe.net\/sigloxxi\/wp-json\/wp\/v2\/product"}],"about":[{"href":"https:\/\/dev2.cantalupe.net\/sigloxxi\/wp-json\/wp\/v2\/types\/product"}],"replies":[{"embeddable":true,"href":"https:\/\/dev2.cantalupe.net\/sigloxxi\/wp-json\/wp\/v2\/comments?post=13124"}],"version-history":[{"count":1,"href":"https:\/\/dev2.cantalupe.net\/sigloxxi\/wp-json\/wp\/v2\/product\/13124\/revisions"}],"predecessor-version":[{"id":13125,"href":"https:\/\/dev2.cantalupe.net\/sigloxxi\/wp-json\/wp\/v2\/product\/13124\/revisions\/13125"}],"wp:featuredmedia":[{"embeddable":true,"href":"https:\/\/dev2.cantalupe.net\/sigloxxi\/wp-json\/wp\/v2\/media\/794"}],"wp:attachment":[{"href":"https:\/\/dev2.cantalupe.net\/sigloxxi\/wp-json\/wp\/v2\/media?parent=13124"}],"wp:term":[{"taxonomy":"materia_nivel_3","embeddable":true,"href":"https:\/\/dev2.cantalupe.net\/sigloxxi\/wp-json\/wp\/v2\/materia_nivel_3?post=13124"},{"taxonomy":"subtema_nivel_2","embeddable":true,"href":"https:\/\/dev2.cantalupe.net\/sigloxxi\/wp-json\/wp\/v2\/subtema_nivel_2?post=13124"},{"taxonomy":"tema_nivel_1","embeddable":true,"href":"https:\/\/dev2.cantalupe.net\/sigloxxi\/wp-json\/wp\/v2\/tema_nivel_1?post=13124"},{"taxonomy":"product_brand","embeddable":true,"href":"https:\/\/dev2.cantalupe.net\/sigloxxi\/wp-json\/wp\/v2\/product_brand?post=13124"},{"taxonomy":"product_cat","embeddable":true,"href":"https:\/\/dev2.cantalupe.net\/sigloxxi\/wp-json\/wp\/v2\/product_cat?post=13124"},{"taxonomy":"product_tag","embeddable":true,"href":"https:\/\/dev2.cantalupe.net\/sigloxxi\/wp-json\/wp\/v2\/product_tag?post=13124"},{"taxonomy":"product_author","embeddable":true,"href":"https:\/\/dev2.cantalupe.net\/sigloxxi\/wp-json\/wp\/v2\/product_author?post=13124"},{"taxonomy":"product_collection","embeddable":true,"href":"https:\/\/dev2.cantalupe.net\/sigloxxi\/wp-json\/wp\/v2\/product_collection?post=13124"}],"curies":[{"name":"wp","href":"https:\/\/api.w.org\/{rel}","templated":true}]}}