{"id":13138,"date":"2025-11-04T14:49:42","date_gmt":"2025-11-04T14:49:42","guid":{"rendered":"https:\/\/dev2.cantalupe.net\/sigloxxi\/libro\/ecologia-y-estrategias-sociales-de-los-pescadores-de-cudillero\/"},"modified":"2025-11-04T14:49:50","modified_gmt":"2025-11-04T14:49:50","slug":"ecologia-y-estrategias-sociales-de-los-pescadores-de-cudillero","status":"publish","type":"product","link":"https:\/\/dev2.cantalupe.net\/sigloxxi\/libro\/ecologia-y-estrategias-sociales-de-los-pescadores-de-cudillero\/","title":{"rendered":"Ecolog\u00eda y estrategias sociales de los pescadores de Cudillero"},"content":{"rendered":"<p>Este libro examina, desde una perspectiva microsocial, las estrategias sociales de la gente marinera de Cudillero (Asturias), un pueblo que tiene, en palabras de Ortega y Gasset, \u00abel alto estilo de las razas pescadoras\u00bb. Combinando conceptos de la Antropolog\u00eda Ecol\u00f3gica, Econ\u00f3mica y Social y el an\u00e1lisis cualitativo con el cuantitativo, se emprende un estudio riguroso y sistem\u00e1tico en el que se desvelan y explican aspectos distintivos de su estilo de vida como el riesgo, la tecnolog\u00eda, el sistema a la parte, la familia, las pandillas, la estratificaci\u00f3n social, el sistema de valores y creencias, etc. En \u00e9l se enlazan las distintas pautas socioculturales y se destaca su unidad y coherencia interna, configurando una estructura global. Se utiliza tanto una perspectiva sincr\u00f3nica como diacr\u00f3nica y se pone de relieve la continuidad a la vez que la transformaci\u00f3n temporal de las formas culturales. Esta obra constituye una aportaci\u00f3n importante para el mejor entendimiento de los principios y pautas dominantes en la sociedad moderna.<\/p>\n","protected":false},"excerpt":{"rendered":"<p>Este libro examina, desde una perspectiva microsocial, las estrategias sociales de la gente marinera de Cudillero (Asturias), un pueblo que tiene, en palabras de Ortega y Gasset, \u00abel alto estilo de las razas pescadoras\u00bb. Combinando conceptos de la Antropolog\u00eda Ecol\u00f3gica, Econ\u00f3mica y Social y el an\u00e1lisis cualitativo con el cuantitativo, se emprende un estudio riguroso y sistem\u00e1tico en el que se desvelan y explican aspectos distintivos de su estilo de vida como el riesgo, la tecnolog\u00eda, el sistema a la parte, la familia, las pandillas, la estratificaci\u00f3n social, el sistema de valores y creencias, etc. En \u00e9l se enlazan las distintas pautas socioculturales y se destaca su unidad y coherencia interna, configurando una estructura global. Se utiliza tanto una perspectiva sincr\u00f3nica como diacr\u00f3nica y se pone de relieve la continuidad a la vez que la transformaci\u00f3n temporal de las formas culturales. Esta obra constituye una aportaci\u00f3n importante para el mejor entendimiento de los principios y pautas dominantes en la sociedad moderna.<\/p>\n","protected":false},"featured_media":806,"comment_status":"closed","ping_status":"open","template":"","meta":{"_acf_changed":false},"materia_nivel_3":[],"subtema_nivel_2":[2569],"tema_nivel_1":[2570],"product_brand":[],"product_cat":[15],"product_tag":[],"product_author":[3556],"product_collection":[],"class_list":{"0":"post-13138","1":"product","2":"type-product","3":"status-publish","4":"has-post-thumbnail","6":"subtema_nivel_2-antropologia","7":"tema_nivel_1-ciencias-sociales","8":"product_cat-uncategorized","9":"product_author-sanchez-fernandez-juan-oliver","11":"first","12":"instock","13":"purchasable","14":"product-type-simple"},"acf":[],"_links":{"self":[{"href":"https:\/\/dev2.cantalupe.net\/sigloxxi\/wp-json\/wp\/v2\/product\/13138","targetHints":{"allow":["GET"]}}],"collection":[{"href":"https:\/\/dev2.cantalupe.net\/sigloxxi\/wp-json\/wp\/v2\/product"}],"about":[{"href":"https:\/\/dev2.cantalupe.net\/sigloxxi\/wp-json\/wp\/v2\/types\/product"}],"replies":[{"embeddable":true,"href":"https:\/\/dev2.cantalupe.net\/sigloxxi\/wp-json\/wp\/v2\/comments?post=13138"}],"version-history":[{"count":1,"href":"https:\/\/dev2.cantalupe.net\/sigloxxi\/wp-json\/wp\/v2\/product\/13138\/revisions"}],"predecessor-version":[{"id":13139,"href":"https:\/\/dev2.cantalupe.net\/sigloxxi\/wp-json\/wp\/v2\/product\/13138\/revisions\/13139"}],"wp:featuredmedia":[{"embeddable":true,"href":"https:\/\/dev2.cantalupe.net\/sigloxxi\/wp-json\/wp\/v2\/media\/806"}],"wp:attachment":[{"href":"https:\/\/dev2.cantalupe.net\/sigloxxi\/wp-json\/wp\/v2\/media?parent=13138"}],"wp:term":[{"taxonomy":"materia_nivel_3","embeddable":true,"href":"https:\/\/dev2.cantalupe.net\/sigloxxi\/wp-json\/wp\/v2\/materia_nivel_3?post=13138"},{"taxonomy":"subtema_nivel_2","embeddable":true,"href":"https:\/\/dev2.cantalupe.net\/sigloxxi\/wp-json\/wp\/v2\/subtema_nivel_2?post=13138"},{"taxonomy":"tema_nivel_1","embeddable":true,"href":"https:\/\/dev2.cantalupe.net\/sigloxxi\/wp-json\/wp\/v2\/tema_nivel_1?post=13138"},{"taxonomy":"product_brand","embeddable":true,"href":"https:\/\/dev2.cantalupe.net\/sigloxxi\/wp-json\/wp\/v2\/product_brand?post=13138"},{"taxonomy":"product_cat","embeddable":true,"href":"https:\/\/dev2.cantalupe.net\/sigloxxi\/wp-json\/wp\/v2\/product_cat?post=13138"},{"taxonomy":"product_tag","embeddable":true,"href":"https:\/\/dev2.cantalupe.net\/sigloxxi\/wp-json\/wp\/v2\/product_tag?post=13138"},{"taxonomy":"product_author","embeddable":true,"href":"https:\/\/dev2.cantalupe.net\/sigloxxi\/wp-json\/wp\/v2\/product_author?post=13138"},{"taxonomy":"product_collection","embeddable":true,"href":"https:\/\/dev2.cantalupe.net\/sigloxxi\/wp-json\/wp\/v2\/product_collection?post=13138"}],"curies":[{"name":"wp","href":"https:\/\/api.w.org\/{rel}","templated":true}]}}