{"id":13144,"date":"2025-11-04T14:49:42","date_gmt":"2025-11-04T14:49:42","guid":{"rendered":"https:\/\/dev2.cantalupe.net\/sigloxxi\/libro\/economia-ecologia-y-sostenibilidad-en-la-sociedad-actual\/"},"modified":"2025-11-04T14:49:50","modified_gmt":"2025-11-04T14:49:50","slug":"economia-ecologia-y-sostenibilidad-en-la-sociedad-actual","status":"publish","type":"product","link":"https:\/\/dev2.cantalupe.net\/sigloxxi\/libro\/economia-ecologia-y-sostenibilidad-en-la-sociedad-actual\/","title":{"rendered":"Econom\u00eda, ecolog\u00eda y sostenibilidad en la sociedad actual"},"content":{"rendered":"<p>En los \u00faltimos tiempos preocupa cada vez m\u00e1s que la civilizaci\u00f3n industrial est\u00e9 sometiendo a la Tierra a ritmos de explotaci\u00f3n y deterioro que se revelan insostenibles. \u00bfHasta qu\u00e9 punto ello es as\u00ed? \u00bfDisponen las ciencias del oikos del aparato conceptual y estad\u00edstico adecuado para precisarlo? \u00bfC\u00f3mo influye o puede influir la ciencia en la toma de decisiones? \u00bfSe est\u00e1 reconvirtiendo la sociedad industrial hacia bases m\u00e1s sostenibles? \u00bfCu\u00e1les son los requisitos para que tal cosas ocurra? El presente libro trata de responder a estas preguntas. Se analiza el inter\u00e9s que para ello tienen los planteamientos de la econom\u00eda, la ecolog\u00eda y la termodin\u00e1mica, abriendo camino hacia una reflexi\u00f3n econ\u00f3mica abierta y transdisciplinar. Se precisa sobre lo que pueden aportar la ciencia cuantitativa y las consideraciones institucionales en la toma de decisiones econ\u00f3micas. Se reflexiona sobre la incidencia de la especie humana sobre la Tierra, haciendo hincapi\u00e9 en los problemas que suscita la creciente urbanizaci\u00f3n. Finalmente se ofrece una s\u00edntesis planetaria del metabolismo de la presente sociedad industrial.<\/p>\n","protected":false},"excerpt":{"rendered":"<p>En los \u00faltimos tiempos preocupa cada vez m\u00e1s que la civilizaci\u00f3n industrial est\u00e9 sometiendo a la Tierra a ritmos de explotaci\u00f3n y deterioro que se revelan insostenibles. \u00bfHasta qu\u00e9 punto ello es as\u00ed? \u00bfDisponen las ciencias del oikos del aparato conceptual y estad\u00edstico adecuado para precisarlo? \u00bfC\u00f3mo influye o puede influir la ciencia en la toma de decisiones? \u00bfSe est\u00e1 reconvirtiendo la sociedad industrial hacia bases m\u00e1s sostenibles? \u00bfCu\u00e1les son los requisitos para que tal cosas ocurra? El presente libro trata de responder a estas preguntas. Se analiza el inter\u00e9s que para ello tienen los planteamientos de la econom\u00eda, la ecolog\u00eda y la termodin\u00e1mica, abriendo camino hacia una reflexi\u00f3n econ\u00f3mica abierta y transdisciplinar. Se precisa sobre lo que pueden aportar la ciencia cuantitativa y las consideraciones institucionales en la toma de decisiones econ\u00f3micas. Se reflexiona sobre la incidencia de la especie humana sobre la Tierra, haciendo hincapi\u00e9 en los problemas que suscita la creciente urbanizaci\u00f3n. Finalmente se ofrece una s\u00edntesis planetaria del metabolismo de la presente sociedad industrial.<\/p>\n","protected":false},"featured_media":812,"comment_status":"closed","ping_status":"open","template":"","meta":{"_acf_changed":false},"materia_nivel_3":[],"subtema_nivel_2":[2598],"tema_nivel_1":[2570],"product_brand":[],"product_cat":[15],"product_tag":[],"product_author":[3559,3560],"product_collection":[],"class_list":{"0":"post-13144","1":"product","2":"type-product","3":"status-publish","4":"has-post-thumbnail","6":"subtema_nivel_2-economia","7":"tema_nivel_1-ciencias-sociales","8":"product_cat-uncategorized","9":"product_author-naredo-jose-manuel","10":"product_author-parra-supervia-fernando","12":"first","13":"instock","14":"purchasable","15":"product-type-simple"},"acf":[],"_links":{"self":[{"href":"https:\/\/dev2.cantalupe.net\/sigloxxi\/wp-json\/wp\/v2\/product\/13144","targetHints":{"allow":["GET"]}}],"collection":[{"href":"https:\/\/dev2.cantalupe.net\/sigloxxi\/wp-json\/wp\/v2\/product"}],"about":[{"href":"https:\/\/dev2.cantalupe.net\/sigloxxi\/wp-json\/wp\/v2\/types\/product"}],"replies":[{"embeddable":true,"href":"https:\/\/dev2.cantalupe.net\/sigloxxi\/wp-json\/wp\/v2\/comments?post=13144"}],"version-history":[{"count":1,"href":"https:\/\/dev2.cantalupe.net\/sigloxxi\/wp-json\/wp\/v2\/product\/13144\/revisions"}],"predecessor-version":[{"id":13145,"href":"https:\/\/dev2.cantalupe.net\/sigloxxi\/wp-json\/wp\/v2\/product\/13144\/revisions\/13145"}],"wp:featuredmedia":[{"embeddable":true,"href":"https:\/\/dev2.cantalupe.net\/sigloxxi\/wp-json\/wp\/v2\/media\/812"}],"wp:attachment":[{"href":"https:\/\/dev2.cantalupe.net\/sigloxxi\/wp-json\/wp\/v2\/media?parent=13144"}],"wp:term":[{"taxonomy":"materia_nivel_3","embeddable":true,"href":"https:\/\/dev2.cantalupe.net\/sigloxxi\/wp-json\/wp\/v2\/materia_nivel_3?post=13144"},{"taxonomy":"subtema_nivel_2","embeddable":true,"href":"https:\/\/dev2.cantalupe.net\/sigloxxi\/wp-json\/wp\/v2\/subtema_nivel_2?post=13144"},{"taxonomy":"tema_nivel_1","embeddable":true,"href":"https:\/\/dev2.cantalupe.net\/sigloxxi\/wp-json\/wp\/v2\/tema_nivel_1?post=13144"},{"taxonomy":"product_brand","embeddable":true,"href":"https:\/\/dev2.cantalupe.net\/sigloxxi\/wp-json\/wp\/v2\/product_brand?post=13144"},{"taxonomy":"product_cat","embeddable":true,"href":"https:\/\/dev2.cantalupe.net\/sigloxxi\/wp-json\/wp\/v2\/product_cat?post=13144"},{"taxonomy":"product_tag","embeddable":true,"href":"https:\/\/dev2.cantalupe.net\/sigloxxi\/wp-json\/wp\/v2\/product_tag?post=13144"},{"taxonomy":"product_author","embeddable":true,"href":"https:\/\/dev2.cantalupe.net\/sigloxxi\/wp-json\/wp\/v2\/product_author?post=13144"},{"taxonomy":"product_collection","embeddable":true,"href":"https:\/\/dev2.cantalupe.net\/sigloxxi\/wp-json\/wp\/v2\/product_collection?post=13144"}],"curies":[{"name":"wp","href":"https:\/\/api.w.org\/{rel}","templated":true}]}}