{"id":13248,"date":"2025-11-04T14:50:16","date_gmt":"2025-11-04T14:50:16","guid":{"rendered":"https:\/\/dev2.cantalupe.net\/sigloxxi\/libro\/el-capital-obra-completa\/"},"modified":"2025-11-04T14:50:16","modified_gmt":"2025-11-04T14:50:16","slug":"el-capital-obra-completa","status":"publish","type":"product","link":"https:\/\/dev2.cantalupe.net\/sigloxxi\/libro\/el-capital-obra-completa\/","title":{"rendered":"El Capital. Obra Completa"},"content":{"rendered":"<p>El capital, obra ineludible para comprender el capitalismo, su historia y sus categor\u00edas, es sin duda uno de los hitos de la historia del pensamiento. Con esta obra esencial, Marx no solo revolucion\u00f3 el modo de concebir la econom\u00eda, la filosof\u00eda, la historia o la pol\u00edtica, sino que describi\u00f3 una nueva perspectiva desde la que analizar la sociedad que, a d\u00eda de hoy, no ha sido superada.<br \/>\nNueva presentaci\u00f3n de este cl\u00e1sico en estuche<br \/>\nLa obra se presenta en tres libros, tal como fueron concebidos originalmente.<br \/>\nUna edici\u00f3n que integra el aparato cr\u00edtico de Pedro Scaron en cada p\u00e1gina.<\/p>\n","protected":false},"excerpt":{"rendered":"<p>El capital, obra ineludible para comprender el capitalismo, su historia y sus categor\u00edas, es sin duda uno de los hitos de la historia del pensamiento. Con esta obra esencial, Marx no solo revolucion\u00f3 el modo de concebir la econom\u00eda, la filosof\u00eda, la historia o la pol\u00edtica, sino que describi\u00f3 una nueva perspectiva desde la que analizar la sociedad que, a d\u00eda de hoy, no ha sido superada.<br \/>\nNueva presentaci\u00f3n de este cl\u00e1sico en estuche<br \/>\nLa obra se presenta en tres libros, tal como fueron concebidos originalmente.<br \/>\nUna edici\u00f3n que integra el aparato cr\u00edtico de Pedro Scaron en cada p\u00e1gina.<\/p>\n","protected":false},"featured_media":909,"comment_status":"closed","ping_status":"open","template":"","meta":{"_acf_changed":false},"materia_nivel_3":[2565],"subtema_nivel_2":[2598,2586,2561,2576],"tema_nivel_1":[3594],"product_brand":[],"product_cat":[15],"product_tag":[],"product_author":[3590],"product_collection":[],"class_list":{"0":"post-13248","1":"product","2":"type-product","3":"status-publish","4":"has-post-thumbnail","6":"materia_nivel_3-contemporanea","7":"subtema_nivel_2-economia","8":"subtema_nivel_2-filosofia","9":"subtema_nivel_2-historia","10":"subtema_nivel_2-politica","11":"tema_nivel_1-clasicos-del-pensamiento-critico","12":"product_cat-uncategorized","13":"product_author-marx-karl","15":"first","16":"instock","17":"purchasable","18":"product-type-simple"},"acf":[],"_links":{"self":[{"href":"https:\/\/dev2.cantalupe.net\/sigloxxi\/wp-json\/wp\/v2\/product\/13248","targetHints":{"allow":["GET"]}}],"collection":[{"href":"https:\/\/dev2.cantalupe.net\/sigloxxi\/wp-json\/wp\/v2\/product"}],"about":[{"href":"https:\/\/dev2.cantalupe.net\/sigloxxi\/wp-json\/wp\/v2\/types\/product"}],"replies":[{"embeddable":true,"href":"https:\/\/dev2.cantalupe.net\/sigloxxi\/wp-json\/wp\/v2\/comments?post=13248"}],"version-history":[{"count":1,"href":"https:\/\/dev2.cantalupe.net\/sigloxxi\/wp-json\/wp\/v2\/product\/13248\/revisions"}],"predecessor-version":[{"id":13249,"href":"https:\/\/dev2.cantalupe.net\/sigloxxi\/wp-json\/wp\/v2\/product\/13248\/revisions\/13249"}],"wp:featuredmedia":[{"embeddable":true,"href":"https:\/\/dev2.cantalupe.net\/sigloxxi\/wp-json\/wp\/v2\/media\/909"}],"wp:attachment":[{"href":"https:\/\/dev2.cantalupe.net\/sigloxxi\/wp-json\/wp\/v2\/media?parent=13248"}],"wp:term":[{"taxonomy":"materia_nivel_3","embeddable":true,"href":"https:\/\/dev2.cantalupe.net\/sigloxxi\/wp-json\/wp\/v2\/materia_nivel_3?post=13248"},{"taxonomy":"subtema_nivel_2","embeddable":true,"href":"https:\/\/dev2.cantalupe.net\/sigloxxi\/wp-json\/wp\/v2\/subtema_nivel_2?post=13248"},{"taxonomy":"tema_nivel_1","embeddable":true,"href":"https:\/\/dev2.cantalupe.net\/sigloxxi\/wp-json\/wp\/v2\/tema_nivel_1?post=13248"},{"taxonomy":"product_brand","embeddable":true,"href":"https:\/\/dev2.cantalupe.net\/sigloxxi\/wp-json\/wp\/v2\/product_brand?post=13248"},{"taxonomy":"product_cat","embeddable":true,"href":"https:\/\/dev2.cantalupe.net\/sigloxxi\/wp-json\/wp\/v2\/product_cat?post=13248"},{"taxonomy":"product_tag","embeddable":true,"href":"https:\/\/dev2.cantalupe.net\/sigloxxi\/wp-json\/wp\/v2\/product_tag?post=13248"},{"taxonomy":"product_author","embeddable":true,"href":"https:\/\/dev2.cantalupe.net\/sigloxxi\/wp-json\/wp\/v2\/product_author?post=13248"},{"taxonomy":"product_collection","embeddable":true,"href":"https:\/\/dev2.cantalupe.net\/sigloxxi\/wp-json\/wp\/v2\/product_collection?post=13248"}],"curies":[{"name":"wp","href":"https:\/\/api.w.org\/{rel}","templated":true}]}}