{"id":13252,"date":"2025-11-04T14:50:16","date_gmt":"2025-11-04T14:50:16","guid":{"rendered":"https:\/\/dev2.cantalupe.net\/sigloxxi\/libro\/el-cazador-de-historias\/"},"modified":"2025-11-04T14:50:16","modified_gmt":"2025-11-04T14:50:16","slug":"el-cazador-de-historias","status":"publish","type":"product","link":"https:\/\/dev2.cantalupe.net\/sigloxxi\/libro\/el-cazador-de-historias\/","title":{"rendered":"El cazador de historias"},"content":{"rendered":"<p>El siglo XXI no est\u00e1 resultando ser un gran siglo. Los abusos de un sistema formado por ricos cada vez m\u00e1s ricos y jodidos muy jodidos est\u00e1n a la orden del d\u00eda. Siguen so\u00f1ando las pulgas con comprarse un perro y los nadies con salir de pobres. En esta obra, que termin\u00f3 un a\u00f1o antes de morir, Eduardo Galeano sale a cazar en esa jungla para mostrarnos con crudeza, con humor, con ternura el mundo en que vivimos, desnudando ciertas realidades que, pese a estar al alcance de la mano, no todos llegan a ver.<br \/>\nPero, como sugiere su t\u00edtulo, El cazador de historias devela tambi\u00e9n al narrador que acecha detr\u00e1s de todos los relatos. Y as\u00ed, aunque siempre fue reticente a hablar de s\u00ed mismo, Galeano cierra este libro con un pu\u00f1ado de bellas y poderosas historias que sorprenden tanto porque ofrecen pistas de su biograf\u00eda, de sus a\u00f1os de infancia y juventud, de los primeros viajes por Am\u00e9rica Latina, de las personas que marcaron su vida y su escritura, como porque expresan sus ideas sobre la muerte. Lejos de cualquier lamento, con el puro impulso de la curiosidad y la imaginaci\u00f3n, se pregunta c\u00f3mo ser\u00e1 el final, qu\u00e9 deseos, afectos o necesidades aparecer\u00e1n entonces.<br \/>\nEduardo Galeano cre\u00f3 una obra que no pas\u00f3 inadvertida, que culmina con este libro. Varias generaciones la han le\u00eddo con fruici\u00f3n y seguramente seguir\u00e1n haci\u00e9ndolo, porque algunos fuegos, fuegos bobos, no alumbran ni queman; pero otros arden la vida con tantas ganas que no se puede mirarlos sin parpadear, y quien se acerca se enciende.<\/p>\n","protected":false},"excerpt":{"rendered":"<p>El siglo XXI no est\u00e1 resultando ser un gran siglo. Los abusos de un sistema formado por ricos cada vez m\u00e1s ricos y jodidos muy jodidos est\u00e1n a la orden del d\u00eda. Siguen so\u00f1ando las pulgas con comprarse un perro y los nadies con salir de pobres. En esta obra, que termin\u00f3 un a\u00f1o antes de morir, Eduardo Galeano sale a cazar en esa jungla para mostrarnos con crudeza, con humor, con ternura el mundo en que vivimos, desnudando ciertas realidades que, pese a estar al alcance de la mano, no todos llegan a ver.<br \/>\nPero, como sugiere su t\u00edtulo, El cazador de historias devela tambi\u00e9n al narrador que acecha detr\u00e1s de todos los relatos. Y as\u00ed, aunque siempre fue reticente a hablar de s\u00ed mismo, Galeano cierra este libro con un pu\u00f1ado de bellas y poderosas historias que sorprenden tanto porque ofrecen pistas de su biograf\u00eda, de sus a\u00f1os de infancia y juventud, de los primeros viajes por Am\u00e9rica Latina, de las personas que marcaron su vida y su escritura, como porque expresan sus ideas sobre la muerte. Lejos de cualquier lamento, con el puro impulso de la curiosidad y la imaginaci\u00f3n, se pregunta c\u00f3mo ser\u00e1 el final, qu\u00e9 deseos, afectos o necesidades aparecer\u00e1n entonces.<br \/>\nEduardo Galeano cre\u00f3 una obra que no pas\u00f3 inadvertida, que culmina con este libro. Varias generaciones la han le\u00eddo con fruici\u00f3n y seguramente seguir\u00e1n haci\u00e9ndolo, porque algunos fuegos, fuegos bobos, no alumbran ni queman; pero otros arden la vida con tantas ganas que no se puede mirarlos sin parpadear, y quien se acerca se enciende.<\/p>\n","protected":false},"featured_media":913,"comment_status":"closed","ping_status":"open","template":"","meta":{"_acf_changed":false},"materia_nivel_3":[2560],"subtema_nivel_2":[2562],"tema_nivel_1":[2693],"product_brand":[],"product_cat":[15],"product_tag":[],"product_author":[2868],"product_collection":[],"class_list":{"0":"post-13252","1":"product","2":"type-product","3":"status-publish","4":"has-post-thumbnail","6":"materia_nivel_3-narrativa","7":"subtema_nivel_2-lengua-y-literatura","8":"tema_nivel_1-biblioteca-eduardo-galeano","9":"product_cat-uncategorized","10":"product_author-galeano-eduardo","12":"first","13":"instock","14":"purchasable","15":"product-type-simple"},"acf":[],"_links":{"self":[{"href":"https:\/\/dev2.cantalupe.net\/sigloxxi\/wp-json\/wp\/v2\/product\/13252","targetHints":{"allow":["GET"]}}],"collection":[{"href":"https:\/\/dev2.cantalupe.net\/sigloxxi\/wp-json\/wp\/v2\/product"}],"about":[{"href":"https:\/\/dev2.cantalupe.net\/sigloxxi\/wp-json\/wp\/v2\/types\/product"}],"replies":[{"embeddable":true,"href":"https:\/\/dev2.cantalupe.net\/sigloxxi\/wp-json\/wp\/v2\/comments?post=13252"}],"version-history":[{"count":1,"href":"https:\/\/dev2.cantalupe.net\/sigloxxi\/wp-json\/wp\/v2\/product\/13252\/revisions"}],"predecessor-version":[{"id":13253,"href":"https:\/\/dev2.cantalupe.net\/sigloxxi\/wp-json\/wp\/v2\/product\/13252\/revisions\/13253"}],"wp:featuredmedia":[{"embeddable":true,"href":"https:\/\/dev2.cantalupe.net\/sigloxxi\/wp-json\/wp\/v2\/media\/913"}],"wp:attachment":[{"href":"https:\/\/dev2.cantalupe.net\/sigloxxi\/wp-json\/wp\/v2\/media?parent=13252"}],"wp:term":[{"taxonomy":"materia_nivel_3","embeddable":true,"href":"https:\/\/dev2.cantalupe.net\/sigloxxi\/wp-json\/wp\/v2\/materia_nivel_3?post=13252"},{"taxonomy":"subtema_nivel_2","embeddable":true,"href":"https:\/\/dev2.cantalupe.net\/sigloxxi\/wp-json\/wp\/v2\/subtema_nivel_2?post=13252"},{"taxonomy":"tema_nivel_1","embeddable":true,"href":"https:\/\/dev2.cantalupe.net\/sigloxxi\/wp-json\/wp\/v2\/tema_nivel_1?post=13252"},{"taxonomy":"product_brand","embeddable":true,"href":"https:\/\/dev2.cantalupe.net\/sigloxxi\/wp-json\/wp\/v2\/product_brand?post=13252"},{"taxonomy":"product_cat","embeddable":true,"href":"https:\/\/dev2.cantalupe.net\/sigloxxi\/wp-json\/wp\/v2\/product_cat?post=13252"},{"taxonomy":"product_tag","embeddable":true,"href":"https:\/\/dev2.cantalupe.net\/sigloxxi\/wp-json\/wp\/v2\/product_tag?post=13252"},{"taxonomy":"product_author","embeddable":true,"href":"https:\/\/dev2.cantalupe.net\/sigloxxi\/wp-json\/wp\/v2\/product_author?post=13252"},{"taxonomy":"product_collection","embeddable":true,"href":"https:\/\/dev2.cantalupe.net\/sigloxxi\/wp-json\/wp\/v2\/product_collection?post=13252"}],"curies":[{"name":"wp","href":"https:\/\/api.w.org\/{rel}","templated":true}]}}