{"id":13260,"date":"2025-11-04T14:50:16","date_gmt":"2025-11-04T14:50:16","guid":{"rendered":"https:\/\/dev2.cantalupe.net\/sigloxxi\/libro\/el-club-de-la-dinamita\/"},"modified":"2025-11-04T14:50:17","modified_gmt":"2025-11-04T14:50:17","slug":"el-club-de-la-dinamita","status":"publish","type":"product","link":"https:\/\/dev2.cantalupe.net\/sigloxxi\/libro\/el-club-de-la-dinamita\/","title":{"rendered":"El club de la dinamita"},"content":{"rendered":"<p>En<br \/>\nsu cuarto en la periferia parisina, \u00c9mile Henry coloca un cartucho de dinamita<br \/>\nen el interior de una tartera met\u00e1lica de obrero. Luego, guarda la bomba en uno de los<br \/>\nbolsillos de su abrigo y, armado con su<br \/>\npistola, un cuchillo y un profundo anhelo de libertad, sale por la puerta.<br \/>\nPoco  despu\u00e9s, los cristales del<br \/>\nescaparate del sofisticado Caf\u00e9 Terminus se hacen a\u00f1icos, un burgu\u00e9s pierde la<br \/>\nvida y otros veinte resultan heridos. Era 12 de febrero de 1894 y acababa de<br \/>\nestallar la era del terrorismo moderno.El<br \/>\nclub de la dinamita es<br \/>\nel magn\u00e9tico relato de quienes se alzaron contra el poder establecido, de<br \/>\naquellos que culpaban al capitalismo, a la religi\u00f3n, al Ej\u00e9rcito y al Estado de<br \/>\nlas desgracias de la clase obrera a finales del siglo xix.<br \/>\nSu autor, el distinguido historiador John Merriman, muestra c\u00f3mo el terrorismo<br \/>\nmoderno comenz\u00f3 en Par\u00eds aquel 12 de febrero, cuando \u00c9mile Henry cometi\u00f3 un<br \/>\nataque contra personas inocentes. Desde entonces, vivimos bajo la amenaza<br \/>\npermanente del terrorismo, de ataques que no tienen necesariamente como blanco<br \/>\nni a jefes de Estado ni oficiales de uniforme, sino que cualquiera puede ser el<br \/>\nobjetivo. Como Merriman demuestra, en el pecho del terrorista pueden latir las<br \/>\nm\u00e1s nobles causas y luchas, pero no por ello dejar\u00e1 de ser inmisericorde y<br \/>\nterrible.<\/p>\n","protected":false},"excerpt":{"rendered":"<p>En<br \/>\nsu cuarto en la periferia parisina, \u00c9mile Henry coloca un cartucho de dinamita<br \/>\nen el interior de una tartera met\u00e1lica de obrero. Luego, guarda la bomba en uno de los<br \/>\nbolsillos de su abrigo y, armado con su<br \/>\npistola, un cuchillo y un profundo anhelo de libertad, sale por la puerta.<br \/>\nPoco  despu\u00e9s, los cristales del<br \/>\nescaparate del sofisticado Caf\u00e9 Terminus se hacen a\u00f1icos, un burgu\u00e9s pierde la<br \/>\nvida y otros veinte resultan heridos. Era 12 de febrero de 1894 y acababa de<br \/>\nestallar la era del terrorismo moderno.El<br \/>\nclub de la dinamita es<br \/>\nel magn\u00e9tico relato de quienes se alzaron contra el poder establecido, de<br \/>\naquellos que culpaban al capitalismo, a la religi\u00f3n, al Ej\u00e9rcito y al Estado de<br \/>\nlas desgracias de la clase obrera a finales del siglo xix.<br \/>\nSu autor, el distinguido historiador John Merriman, muestra c\u00f3mo el terrorismo<br \/>\nmoderno comenz\u00f3 en Par\u00eds aquel 12 de febrero, cuando \u00c9mile Henry cometi\u00f3 un<br \/>\nataque contra personas inocentes. Desde entonces, vivimos bajo la amenaza<br \/>\npermanente del terrorismo, de ataques que no tienen necesariamente como blanco<br \/>\nni a jefes de Estado ni oficiales de uniforme, sino que cualquiera puede ser el<br \/>\nobjetivo. Como Merriman demuestra, en el pecho del terrorista pueden latir las<br \/>\nm\u00e1s nobles causas y luchas, pero no por ello dejar\u00e1 de ser inmisericorde y<br \/>\nterrible.<\/p>\n","protected":false},"featured_media":920,"comment_status":"closed","ping_status":"open","template":"","meta":{"_acf_changed":false},"materia_nivel_3":[2565,2566],"subtema_nivel_2":[2561],"tema_nivel_1":[2769],"product_brand":[],"product_cat":[15],"product_tag":[],"product_author":[3596],"product_collection":[],"class_list":{"0":"post-13260","1":"product","2":"type-product","3":"status-publish","4":"has-post-thumbnail","6":"materia_nivel_3-contemporanea","7":"materia_nivel_3-europa","8":"subtema_nivel_2-historia","9":"tema_nivel_1-hitos","10":"product_cat-uncategorized","11":"product_author-merriman-john","13":"first","14":"instock","15":"purchasable","16":"product-type-simple"},"acf":[],"_links":{"self":[{"href":"https:\/\/dev2.cantalupe.net\/sigloxxi\/wp-json\/wp\/v2\/product\/13260","targetHints":{"allow":["GET"]}}],"collection":[{"href":"https:\/\/dev2.cantalupe.net\/sigloxxi\/wp-json\/wp\/v2\/product"}],"about":[{"href":"https:\/\/dev2.cantalupe.net\/sigloxxi\/wp-json\/wp\/v2\/types\/product"}],"replies":[{"embeddable":true,"href":"https:\/\/dev2.cantalupe.net\/sigloxxi\/wp-json\/wp\/v2\/comments?post=13260"}],"version-history":[{"count":1,"href":"https:\/\/dev2.cantalupe.net\/sigloxxi\/wp-json\/wp\/v2\/product\/13260\/revisions"}],"predecessor-version":[{"id":13261,"href":"https:\/\/dev2.cantalupe.net\/sigloxxi\/wp-json\/wp\/v2\/product\/13260\/revisions\/13261"}],"wp:featuredmedia":[{"embeddable":true,"href":"https:\/\/dev2.cantalupe.net\/sigloxxi\/wp-json\/wp\/v2\/media\/920"}],"wp:attachment":[{"href":"https:\/\/dev2.cantalupe.net\/sigloxxi\/wp-json\/wp\/v2\/media?parent=13260"}],"wp:term":[{"taxonomy":"materia_nivel_3","embeddable":true,"href":"https:\/\/dev2.cantalupe.net\/sigloxxi\/wp-json\/wp\/v2\/materia_nivel_3?post=13260"},{"taxonomy":"subtema_nivel_2","embeddable":true,"href":"https:\/\/dev2.cantalupe.net\/sigloxxi\/wp-json\/wp\/v2\/subtema_nivel_2?post=13260"},{"taxonomy":"tema_nivel_1","embeddable":true,"href":"https:\/\/dev2.cantalupe.net\/sigloxxi\/wp-json\/wp\/v2\/tema_nivel_1?post=13260"},{"taxonomy":"product_brand","embeddable":true,"href":"https:\/\/dev2.cantalupe.net\/sigloxxi\/wp-json\/wp\/v2\/product_brand?post=13260"},{"taxonomy":"product_cat","embeddable":true,"href":"https:\/\/dev2.cantalupe.net\/sigloxxi\/wp-json\/wp\/v2\/product_cat?post=13260"},{"taxonomy":"product_tag","embeddable":true,"href":"https:\/\/dev2.cantalupe.net\/sigloxxi\/wp-json\/wp\/v2\/product_tag?post=13260"},{"taxonomy":"product_author","embeddable":true,"href":"https:\/\/dev2.cantalupe.net\/sigloxxi\/wp-json\/wp\/v2\/product_author?post=13260"},{"taxonomy":"product_collection","embeddable":true,"href":"https:\/\/dev2.cantalupe.net\/sigloxxi\/wp-json\/wp\/v2\/product_collection?post=13260"}],"curies":[{"name":"wp","href":"https:\/\/api.w.org\/{rel}","templated":true}]}}