{"id":13270,"date":"2025-11-04T14:50:16","date_gmt":"2025-11-04T14:50:16","guid":{"rendered":"https:\/\/dev2.cantalupe.net\/sigloxxi\/libro\/el-comportamiento-altruista\/"},"modified":"2025-11-04T14:50:21","modified_gmt":"2025-11-04T14:50:21","slug":"el-comportamiento-altruista","status":"publish","type":"product","link":"https:\/\/dev2.cantalupe.net\/sigloxxi\/libro\/el-comportamiento-altruista\/","title":{"rendered":"El comportamiento altruista"},"content":{"rendered":"<p>La ciencia ha afirmado durante a\u00f1os que nuestros actos m\u00e1s generosos o desinteresados esconden un oculto motivo ego\u00edsta. Este libro, cuya publicaci\u00f3n promete ser un importante acontecimiento cient\u00edfico, expone la tesis contraria. Elliott Sober y David Sloan Wilson demuestran de forma definitiva que el comportamiento altruista es, de hecho, una caracter\u00edstica importante tanto de la naturaleza biol\u00f3gica como de la humana. Ofrecen una visi\u00f3n panor\u00e1mica del comportamiento altruista en el reino animal y exponen al mismo tiempo el sentido evolutivo de dicho comportamiento. Sober y Wilson ofrecen adem\u00e1s un estudio de la controversia que se ha producido en torno a la teor\u00eda de la selecci\u00f3n de grupos, propuesta por Darwin y considerada her\u00e9tica durante los a\u00f1os sesenta. Al explicar c\u00f3mo evoluciona el comportamiento altruista por medio de la selecci\u00f3n natural, los autores ofrecen un argumento indiscutible para considerar la selecci\u00f3n de grupos como una teor\u00eda leg\u00edtima en la biolog\u00eda evolutiva. Este libro tambi\u00e9n adopta un nuevo enfoque evolutivo para explicar los motivos psicol\u00f3gicos finales que se ocultan tras el comportamiento altruista humano. Sober y Wilson demuestran c\u00f3mo las personas, y tal vez otras especies, han desarrollado la capacidad de cuidar a los dem\u00e1s como un fin en s\u00ed mismo. Este trabajo verdaderamente interdisciplinario que une la biolog\u00eda, la filosof\u00eda, la psicolog\u00eda y la antropolog\u00eda, cambiar\u00e1 de forma definitiva no s\u00f3lo nuestro concepto del comportamiento altruista, sino tambi\u00e9n nuestra forma de entender muchas cuestiones de la biolog\u00eda evolutiva y de las ciencias sociales.<\/p>\n","protected":false},"excerpt":{"rendered":"<p>La ciencia ha afirmado durante a\u00f1os que nuestros actos m\u00e1s generosos o desinteresados esconden un oculto motivo ego\u00edsta. Este libro, cuya publicaci\u00f3n promete ser un importante acontecimiento cient\u00edfico, expone la tesis contraria. Elliott Sober y David Sloan Wilson demuestran de forma definitiva que el comportamiento altruista es, de hecho, una caracter\u00edstica importante tanto de la naturaleza biol\u00f3gica como de la humana. Ofrecen una visi\u00f3n panor\u00e1mica del comportamiento altruista en el reino animal y exponen al mismo tiempo el sentido evolutivo de dicho comportamiento. Sober y Wilson ofrecen adem\u00e1s un estudio de la controversia que se ha producido en torno a la teor\u00eda de la selecci\u00f3n de grupos, propuesta por Darwin y considerada her\u00e9tica durante los a\u00f1os sesenta. Al explicar c\u00f3mo evoluciona el comportamiento altruista por medio de la selecci\u00f3n natural, los autores ofrecen un argumento indiscutible para considerar la selecci\u00f3n de grupos como una teor\u00eda leg\u00edtima en la biolog\u00eda evolutiva. Este libro tambi\u00e9n adopta un nuevo enfoque evolutivo para explicar los motivos psicol\u00f3gicos finales que se ocultan tras el comportamiento altruista humano. Sober y Wilson demuestran c\u00f3mo las personas, y tal vez otras especies, han desarrollado la capacidad de cuidar a los dem\u00e1s como un fin en s\u00ed mismo. Este trabajo verdaderamente interdisciplinario que une la biolog\u00eda, la filosof\u00eda, la psicolog\u00eda y la antropolog\u00eda, cambiar\u00e1 de forma definitiva no s\u00f3lo nuestro concepto del comportamiento altruista, sino tambi\u00e9n nuestra forma de entender muchas cuestiones de la biolog\u00eda evolutiva y de las ciencias sociales.<\/p>\n","protected":false},"featured_media":928,"comment_status":"closed","ping_status":"open","template":"","meta":{"_acf_changed":false},"materia_nivel_3":[],"subtema_nivel_2":[2578],"tema_nivel_1":[2579],"product_brand":[],"product_cat":[15],"product_tag":[],"product_author":[3600,3599],"product_collection":[],"class_list":{"0":"post-13270","1":"product","2":"type-product","3":"status-publish","4":"has-post-thumbnail","6":"subtema_nivel_2-psicologia","7":"tema_nivel_1-psicologia","8":"product_cat-uncategorized","9":"product_author-sloan-wilson-david","10":"product_author-sober-elliott","12":"first","13":"instock","14":"purchasable","15":"product-type-simple"},"acf":[],"_links":{"self":[{"href":"https:\/\/dev2.cantalupe.net\/sigloxxi\/wp-json\/wp\/v2\/product\/13270","targetHints":{"allow":["GET"]}}],"collection":[{"href":"https:\/\/dev2.cantalupe.net\/sigloxxi\/wp-json\/wp\/v2\/product"}],"about":[{"href":"https:\/\/dev2.cantalupe.net\/sigloxxi\/wp-json\/wp\/v2\/types\/product"}],"replies":[{"embeddable":true,"href":"https:\/\/dev2.cantalupe.net\/sigloxxi\/wp-json\/wp\/v2\/comments?post=13270"}],"version-history":[{"count":1,"href":"https:\/\/dev2.cantalupe.net\/sigloxxi\/wp-json\/wp\/v2\/product\/13270\/revisions"}],"predecessor-version":[{"id":13271,"href":"https:\/\/dev2.cantalupe.net\/sigloxxi\/wp-json\/wp\/v2\/product\/13270\/revisions\/13271"}],"wp:featuredmedia":[{"embeddable":true,"href":"https:\/\/dev2.cantalupe.net\/sigloxxi\/wp-json\/wp\/v2\/media\/928"}],"wp:attachment":[{"href":"https:\/\/dev2.cantalupe.net\/sigloxxi\/wp-json\/wp\/v2\/media?parent=13270"}],"wp:term":[{"taxonomy":"materia_nivel_3","embeddable":true,"href":"https:\/\/dev2.cantalupe.net\/sigloxxi\/wp-json\/wp\/v2\/materia_nivel_3?post=13270"},{"taxonomy":"subtema_nivel_2","embeddable":true,"href":"https:\/\/dev2.cantalupe.net\/sigloxxi\/wp-json\/wp\/v2\/subtema_nivel_2?post=13270"},{"taxonomy":"tema_nivel_1","embeddable":true,"href":"https:\/\/dev2.cantalupe.net\/sigloxxi\/wp-json\/wp\/v2\/tema_nivel_1?post=13270"},{"taxonomy":"product_brand","embeddable":true,"href":"https:\/\/dev2.cantalupe.net\/sigloxxi\/wp-json\/wp\/v2\/product_brand?post=13270"},{"taxonomy":"product_cat","embeddable":true,"href":"https:\/\/dev2.cantalupe.net\/sigloxxi\/wp-json\/wp\/v2\/product_cat?post=13270"},{"taxonomy":"product_tag","embeddable":true,"href":"https:\/\/dev2.cantalupe.net\/sigloxxi\/wp-json\/wp\/v2\/product_tag?post=13270"},{"taxonomy":"product_author","embeddable":true,"href":"https:\/\/dev2.cantalupe.net\/sigloxxi\/wp-json\/wp\/v2\/product_author?post=13270"},{"taxonomy":"product_collection","embeddable":true,"href":"https:\/\/dev2.cantalupe.net\/sigloxxi\/wp-json\/wp\/v2\/product_collection?post=13270"}],"curies":[{"name":"wp","href":"https:\/\/api.w.org\/{rel}","templated":true}]}}