{"id":13272,"date":"2025-11-04T14:50:16","date_gmt":"2025-11-04T14:50:16","guid":{"rendered":"https:\/\/dev2.cantalupe.net\/sigloxxi\/libro\/el-compromiso-en-la-novela-de-la-ii-republica\/"},"modified":"2025-11-04T14:50:21","modified_gmt":"2025-11-04T14:50:21","slug":"el-compromiso-en-la-novela-de-la-ii-republica","status":"publish","type":"product","link":"https:\/\/dev2.cantalupe.net\/sigloxxi\/libro\/el-compromiso-en-la-novela-de-la-ii-republica\/","title":{"rendered":"El compromiso en la novela de la II Rep\u00fablica"},"content":{"rendered":"<p>Solapa: En El compromiso en la novela de la II Rep\u00fablica su autor estudia la narrativa de uno de los per\u00edodos de nuestro siglo XX m\u00e1s dif\u00edciles de abordar por la destrucci\u00f3n de las novelas de este tipo efectuada durante la guerra y los primeros a\u00f1os de la era de Franco. Frente a la idea tradicional. de que el compromiso es exclusivo de la izquierda, Fulgencio Casta\u00f1ar demuestra que los acontecimientos por los que atravesaba Espa\u00f1a obligaron a m\u00e1s de una treintena de escritores de diferente signo a tomar partido en sus obras narrativas. Tras una panor\u00e1mica de la evoluci\u00f3n de la literatura espa\u00f1ola en los a\u00f1os veinte, el autor se centra en los postulados te\u00f3ricos de estos narradores y en las fuentes de que proceden. Luego analiza los temas m\u00e1s importantes con la peculiaridad de ofrecer los diversos enfoques que aparecen sobre las distintas cuestiones. Cierra el estudio con una indagaci\u00f3n sobre el tratamiento que dan a determinados aspectos formales los novelistas comprometidos. Sender, Arconada, Arderius, Carranque de R\u00edos, D\u00edaz Fern\u00e1ndez, Samblancat, Garcitoral, Ciges Aparicio, Ricardo Le\u00f3n, Gonz\u00e1lez Anaya, Alberto Ins\u00faa, Jos\u00e9 Mas&#8230; son las figuras m\u00e1s significativas de esta tendencia general del arte durante la II Rep\u00fablica espa\u00f1ola. Fulgencio Casta\u00f1ar. Villanueva de la Vera (C\u00e1ceres), 1945. Licenciado en Filolog\u00eda Rom\u00e1nica, secci\u00f3n de Hisp\u00e1nicas, por la Universidad de Barcelona y doctor por la de Salamanca. Ha colaborado, con art\u00edculos sobre literatura espa\u00f1ola del siglo XX, en diferentes revistas, como Tiempo de Historia, \u00cdnsula, Revista de Estudios Extreme\u00f1os y en la mexicana Cuadernos Americanos. En 1985 la Editora Regional de Extremadura public\u00f3 su ensayo El Peropalo: un rito de la Espa\u00f1a m\u00e1gica.<\/p>\n","protected":false},"excerpt":{"rendered":"<p>Solapa: En El compromiso en la novela de la II Rep\u00fablica su autor estudia la narrativa de uno de los per\u00edodos de nuestro siglo XX m\u00e1s dif\u00edciles de abordar por la destrucci\u00f3n de las novelas de este tipo efectuada durante la guerra y los primeros a\u00f1os de la era de Franco. Frente a la idea tradicional. de que el compromiso es exclusivo de la izquierda, Fulgencio Casta\u00f1ar demuestra que los acontecimientos por los que atravesaba Espa\u00f1a obligaron a m\u00e1s de una treintena de escritores de diferente signo a tomar partido en sus obras narrativas. Tras una panor\u00e1mica de la evoluci\u00f3n de la literatura espa\u00f1ola en los a\u00f1os veinte, el autor se centra en los postulados te\u00f3ricos de estos narradores y en las fuentes de que proceden. Luego analiza los temas m\u00e1s importantes con la peculiaridad de ofrecer los diversos enfoques que aparecen sobre las distintas cuestiones. Cierra el estudio con una indagaci\u00f3n sobre el tratamiento que dan a determinados aspectos formales los novelistas comprometidos. Sender, Arconada, Arderius, Carranque de R\u00edos, D\u00edaz Fern\u00e1ndez, Samblancat, Garcitoral, Ciges Aparicio, Ricardo Le\u00f3n, Gonz\u00e1lez Anaya, Alberto Ins\u00faa, Jos\u00e9 Mas&#8230; son las figuras m\u00e1s significativas de esta tendencia general del arte durante la II Rep\u00fablica espa\u00f1ola. Fulgencio Casta\u00f1ar. Villanueva de la Vera (C\u00e1ceres), 1945. Licenciado en Filolog\u00eda Rom\u00e1nica, secci\u00f3n de Hisp\u00e1nicas, por la Universidad de Barcelona y doctor por la de Salamanca. Ha colaborado, con art\u00edculos sobre literatura espa\u00f1ola del siglo XX, en diferentes revistas, como Tiempo de Historia, \u00cdnsula, Revista de Estudios Extreme\u00f1os y en la mexicana Cuadernos Americanos. En 1985 la Editora Regional de Extremadura public\u00f3 su ensayo El Peropalo: un rito de la Espa\u00f1a m\u00e1gica.<\/p>\n","protected":false},"featured_media":930,"comment_status":"closed","ping_status":"open","template":"","meta":{"_acf_changed":false},"materia_nivel_3":[2619],"subtema_nivel_2":[],"tema_nivel_1":[2563],"product_brand":[],"product_cat":[15],"product_tag":[],"product_author":[],"product_collection":[],"class_list":{"0":"post-13272","1":"product","2":"type-product","3":"status-publish","4":"has-post-thumbnail","6":"materia_nivel_3-teoria-literaria","7":"tema_nivel_1-siglo-xxi-de-espana-general","8":"product_cat-uncategorized","10":"first","11":"instock","12":"purchasable","13":"product-type-simple"},"acf":[],"_links":{"self":[{"href":"https:\/\/dev2.cantalupe.net\/sigloxxi\/wp-json\/wp\/v2\/product\/13272","targetHints":{"allow":["GET"]}}],"collection":[{"href":"https:\/\/dev2.cantalupe.net\/sigloxxi\/wp-json\/wp\/v2\/product"}],"about":[{"href":"https:\/\/dev2.cantalupe.net\/sigloxxi\/wp-json\/wp\/v2\/types\/product"}],"replies":[{"embeddable":true,"href":"https:\/\/dev2.cantalupe.net\/sigloxxi\/wp-json\/wp\/v2\/comments?post=13272"}],"version-history":[{"count":1,"href":"https:\/\/dev2.cantalupe.net\/sigloxxi\/wp-json\/wp\/v2\/product\/13272\/revisions"}],"predecessor-version":[{"id":13273,"href":"https:\/\/dev2.cantalupe.net\/sigloxxi\/wp-json\/wp\/v2\/product\/13272\/revisions\/13273"}],"wp:featuredmedia":[{"embeddable":true,"href":"https:\/\/dev2.cantalupe.net\/sigloxxi\/wp-json\/wp\/v2\/media\/930"}],"wp:attachment":[{"href":"https:\/\/dev2.cantalupe.net\/sigloxxi\/wp-json\/wp\/v2\/media?parent=13272"}],"wp:term":[{"taxonomy":"materia_nivel_3","embeddable":true,"href":"https:\/\/dev2.cantalupe.net\/sigloxxi\/wp-json\/wp\/v2\/materia_nivel_3?post=13272"},{"taxonomy":"subtema_nivel_2","embeddable":true,"href":"https:\/\/dev2.cantalupe.net\/sigloxxi\/wp-json\/wp\/v2\/subtema_nivel_2?post=13272"},{"taxonomy":"tema_nivel_1","embeddable":true,"href":"https:\/\/dev2.cantalupe.net\/sigloxxi\/wp-json\/wp\/v2\/tema_nivel_1?post=13272"},{"taxonomy":"product_brand","embeddable":true,"href":"https:\/\/dev2.cantalupe.net\/sigloxxi\/wp-json\/wp\/v2\/product_brand?post=13272"},{"taxonomy":"product_cat","embeddable":true,"href":"https:\/\/dev2.cantalupe.net\/sigloxxi\/wp-json\/wp\/v2\/product_cat?post=13272"},{"taxonomy":"product_tag","embeddable":true,"href":"https:\/\/dev2.cantalupe.net\/sigloxxi\/wp-json\/wp\/v2\/product_tag?post=13272"},{"taxonomy":"product_author","embeddable":true,"href":"https:\/\/dev2.cantalupe.net\/sigloxxi\/wp-json\/wp\/v2\/product_author?post=13272"},{"taxonomy":"product_collection","embeddable":true,"href":"https:\/\/dev2.cantalupe.net\/sigloxxi\/wp-json\/wp\/v2\/product_collection?post=13272"}],"curies":[{"name":"wp","href":"https:\/\/api.w.org\/{rel}","templated":true}]}}