{"id":13296,"date":"2025-11-04T14:50:23","date_gmt":"2025-11-04T14:50:23","guid":{"rendered":"https:\/\/dev2.cantalupe.net\/sigloxxi\/libro\/el-desarrollo-economico-de-la-europa-continental-1500-1750\/"},"modified":"2025-11-04T14:50:23","modified_gmt":"2025-11-04T14:50:23","slug":"el-desarrollo-economico-de-la-europa-continental-1500-1750","status":"publish","type":"product","link":"https:\/\/dev2.cantalupe.net\/sigloxxi\/libro\/el-desarrollo-economico-de-la-europa-continental-1500-1750\/","title":{"rendered":"El desarrollo econ\u00f3mico de la Europa continental. (1500-1750)"},"content":{"rendered":"<p>Solapa: La HISTORIA ECONOMICA MUNDIAL dirigida por Charles Wilson, de la Universidad de Cambridge, est\u00e1 planeada como un trabajo de equipo, aun cuando cada autor se ha responsabilizado del periodo en que se le reconoce como especialista. Constituye un esfuerzo continuado de s\u00edntesis e interpretaci\u00f3n de las investigaciones de los expertos en historia socioecon\u00f3mica. Los vol\u00famenes de esta serie est\u00e1n destinados tanto a los estudiosos y eruditos con formaci\u00f3n especializada en historia econ\u00f3mica como a los lectores que deseen saber c\u00f3mo, d\u00f3nde y por qu\u00e9 la historia econ\u00f3mica afecta a otras clases de historia. La mayor parte de la historia econ\u00f3mica tradicional se basaba en el estudio de las \u00e1reas nacionales: la utilizaci\u00f3n de regiones m\u00e1s amplias como unidades de an\u00e1lisis crea a\u00fan grandes problemas. Pocos investigadores, sin embargo, poseen un conocimiento directo de las lenguas y fuentes europeas comparable al del profesor Kellenbenz, lo que le permite intentar trazar un cuadro complejo y totalizante de la econom\u00eda de la Europa continental. Este cuadro muestra la existencia de considerables reservas de capacidad industrial y comercial -tradicionales- utilizables en un proceso de industrializaci\u00f3n. Pero tambi\u00e9n muestra que ser\u00eda ilusorio pensar que en el comienzo de la \u00e9poca moderna la Europa continental se encontraba ya encaminada firmemente a la estabilidad econ\u00f3mica; por el contrario, el ciclo alternante de prosperidad y escasez reinaba a\u00fan sobre buena parte de Europa, como continuar\u00eda haci\u00e9ndolo hasta tiempos relativamente modernos.<\/p>\n","protected":false},"excerpt":{"rendered":"<p>Solapa: La HISTORIA ECONOMICA MUNDIAL dirigida por Charles Wilson, de la Universidad de Cambridge, est\u00e1 planeada como un trabajo de equipo, aun cuando cada autor se ha responsabilizado del periodo en que se le reconoce como especialista. Constituye un esfuerzo continuado de s\u00edntesis e interpretaci\u00f3n de las investigaciones de los expertos en historia socioecon\u00f3mica. Los vol\u00famenes de esta serie est\u00e1n destinados tanto a los estudiosos y eruditos con formaci\u00f3n especializada en historia econ\u00f3mica como a los lectores que deseen saber c\u00f3mo, d\u00f3nde y por qu\u00e9 la historia econ\u00f3mica afecta a otras clases de historia. La mayor parte de la historia econ\u00f3mica tradicional se basaba en el estudio de las \u00e1reas nacionales: la utilizaci\u00f3n de regiones m\u00e1s amplias como unidades de an\u00e1lisis crea a\u00fan grandes problemas. Pocos investigadores, sin embargo, poseen un conocimiento directo de las lenguas y fuentes europeas comparable al del profesor Kellenbenz, lo que le permite intentar trazar un cuadro complejo y totalizante de la econom\u00eda de la Europa continental. Este cuadro muestra la existencia de considerables reservas de capacidad industrial y comercial -tradicionales- utilizables en un proceso de industrializaci\u00f3n. Pero tambi\u00e9n muestra que ser\u00eda ilusorio pensar que en el comienzo de la \u00e9poca moderna la Europa continental se encontraba ya encaminada firmemente a la estabilidad econ\u00f3mica; por el contrario, el ciclo alternante de prosperidad y escasez reinaba a\u00fan sobre buena parte de Europa, como continuar\u00eda haci\u00e9ndolo hasta tiempos relativamente modernos.<\/p>\n","protected":false},"featured_media":954,"comment_status":"closed","ping_status":"open","template":"","meta":{"_acf_changed":false},"materia_nivel_3":[2566,2558],"subtema_nivel_2":[],"tema_nivel_1":[3561],"product_brand":[],"product_cat":[15],"product_tag":[],"product_author":[3612],"product_collection":[],"class_list":{"0":"post-13296","1":"product","2":"type-product","3":"status-publish","4":"has-post-thumbnail","6":"materia_nivel_3-europa","7":"materia_nivel_3-moderna","8":"tema_nivel_1-historia-economica-mundial","9":"product_cat-uncategorized","10":"product_author-kellenbenz-hermann","12":"first","13":"instock","14":"purchasable","15":"product-type-simple"},"acf":[],"_links":{"self":[{"href":"https:\/\/dev2.cantalupe.net\/sigloxxi\/wp-json\/wp\/v2\/product\/13296","targetHints":{"allow":["GET"]}}],"collection":[{"href":"https:\/\/dev2.cantalupe.net\/sigloxxi\/wp-json\/wp\/v2\/product"}],"about":[{"href":"https:\/\/dev2.cantalupe.net\/sigloxxi\/wp-json\/wp\/v2\/types\/product"}],"replies":[{"embeddable":true,"href":"https:\/\/dev2.cantalupe.net\/sigloxxi\/wp-json\/wp\/v2\/comments?post=13296"}],"version-history":[{"count":1,"href":"https:\/\/dev2.cantalupe.net\/sigloxxi\/wp-json\/wp\/v2\/product\/13296\/revisions"}],"predecessor-version":[{"id":13297,"href":"https:\/\/dev2.cantalupe.net\/sigloxxi\/wp-json\/wp\/v2\/product\/13296\/revisions\/13297"}],"wp:featuredmedia":[{"embeddable":true,"href":"https:\/\/dev2.cantalupe.net\/sigloxxi\/wp-json\/wp\/v2\/media\/954"}],"wp:attachment":[{"href":"https:\/\/dev2.cantalupe.net\/sigloxxi\/wp-json\/wp\/v2\/media?parent=13296"}],"wp:term":[{"taxonomy":"materia_nivel_3","embeddable":true,"href":"https:\/\/dev2.cantalupe.net\/sigloxxi\/wp-json\/wp\/v2\/materia_nivel_3?post=13296"},{"taxonomy":"subtema_nivel_2","embeddable":true,"href":"https:\/\/dev2.cantalupe.net\/sigloxxi\/wp-json\/wp\/v2\/subtema_nivel_2?post=13296"},{"taxonomy":"tema_nivel_1","embeddable":true,"href":"https:\/\/dev2.cantalupe.net\/sigloxxi\/wp-json\/wp\/v2\/tema_nivel_1?post=13296"},{"taxonomy":"product_brand","embeddable":true,"href":"https:\/\/dev2.cantalupe.net\/sigloxxi\/wp-json\/wp\/v2\/product_brand?post=13296"},{"taxonomy":"product_cat","embeddable":true,"href":"https:\/\/dev2.cantalupe.net\/sigloxxi\/wp-json\/wp\/v2\/product_cat?post=13296"},{"taxonomy":"product_tag","embeddable":true,"href":"https:\/\/dev2.cantalupe.net\/sigloxxi\/wp-json\/wp\/v2\/product_tag?post=13296"},{"taxonomy":"product_author","embeddable":true,"href":"https:\/\/dev2.cantalupe.net\/sigloxxi\/wp-json\/wp\/v2\/product_author?post=13296"},{"taxonomy":"product_collection","embeddable":true,"href":"https:\/\/dev2.cantalupe.net\/sigloxxi\/wp-json\/wp\/v2\/product_collection?post=13296"}],"curies":[{"name":"wp","href":"https:\/\/api.w.org\/{rel}","templated":true}]}}