{"id":13374,"date":"2025-11-04T14:50:28","date_gmt":"2025-11-04T14:50:28","guid":{"rendered":"https:\/\/dev2.cantalupe.net\/sigloxxi\/libro\/el-gran-debate-ii\/"},"modified":"2025-11-04T14:50:29","modified_gmt":"2025-11-04T14:50:29","slug":"el-gran-debate-ii","status":"publish","type":"product","link":"https:\/\/dev2.cantalupe.net\/sigloxxi\/libro\/el-gran-debate-ii\/","title":{"rendered":"El gran debate II"},"content":{"rendered":"<p>El Gran Debate (1924-1926) recoge los principales textos de la discusi\u00f3n pol\u00edtica que se desarrolla en el seno del partido bolchevique desde el periodo inmediato a la muerte de Lenin (1924) hasta el XIV Congreso del partido, en el que Stalin vio definitivamente reforzadas sus posiciones (1926). Se trata, sin duda, de una de las pol\u00e9micas m\u00e1s importantes previas a la iniciaci\u00f3n del periodo estalinista, en la que intervinieron sucesivamente los m\u00e1s autorizados exponentes de la direcci\u00f3n bolchevique. En el centro de la discusi\u00f3n se encontraban dos cuestiones de las que depend\u00eda el porvenir de la revoluci\u00f3n en la Uni\u00f3n Sovi\u00e9tica y a nivel mundial: la cuesti\u00f3n de la revoluci\u00f3n permanente y la construcci\u00f3n del socialismo en un solo pa\u00eds.<br \/>\nLa selecci\u00f3n, realizada y presentada por G. Procacci, incluye los textos m\u00e1s significativos de Trotski (Lecciones de Octubre), Bujarin (Acerca de la teor\u00eda de la revoluci\u00f3n permanente), Zin\u00f3viev (El leninismo) y Stalin (La revoluci\u00f3n de Octubre y la t\u00e1ctica de los comunistas rusos y Cuestiones del leninismo).<br \/>\nLa presente edici\u00f3n, publicada en dos vol\u00famenes, agrupa los mencionados textos en torno a los problemas centrales del debate: la revoluci\u00f3n permanente (vol. I) y el socialismo en un solo pa\u00eds (vol. II).<\/p>\n","protected":false},"excerpt":{"rendered":"<p>El Gran Debate (1924-1926) recoge los principales textos de la discusi\u00f3n pol\u00edtica que se desarrolla en el seno del partido bolchevique desde el periodo inmediato a la muerte de Lenin (1924) hasta el XIV Congreso del partido, en el que Stalin vio definitivamente reforzadas sus posiciones (1926). Se trata, sin duda, de una de las pol\u00e9micas m\u00e1s importantes previas a la iniciaci\u00f3n del periodo estalinista, en la que intervinieron sucesivamente los m\u00e1s autorizados exponentes de la direcci\u00f3n bolchevique. En el centro de la discusi\u00f3n se encontraban dos cuestiones de las que depend\u00eda el porvenir de la revoluci\u00f3n en la Uni\u00f3n Sovi\u00e9tica y a nivel mundial: la cuesti\u00f3n de la revoluci\u00f3n permanente y la construcci\u00f3n del socialismo en un solo pa\u00eds.<br \/>\nLa selecci\u00f3n, realizada y presentada por G. Procacci, incluye los textos m\u00e1s significativos de Trotski (Lecciones de Octubre), Bujarin (Acerca de la teor\u00eda de la revoluci\u00f3n permanente), Zin\u00f3viev (El leninismo) y Stalin (La revoluci\u00f3n de Octubre y la t\u00e1ctica de los comunistas rusos y Cuestiones del leninismo).<br \/>\nLa presente edici\u00f3n, publicada en dos vol\u00famenes, agrupa los mencionados textos en torno a los problemas centrales del debate: la revoluci\u00f3n permanente (vol. I) y el socialismo en un solo pa\u00eds (vol. II).<\/p>\n","protected":false},"featured_media":1027,"comment_status":"closed","ping_status":"open","template":"","meta":{"_acf_changed":false},"materia_nivel_3":[2565,2657],"subtema_nivel_2":[2561,2576],"tema_nivel_1":[2570],"product_brand":[],"product_cat":[15],"product_tag":[],"product_author":[3635,3632],"product_collection":[],"class_list":{"0":"post-13374","1":"product","2":"type-product","3":"status-publish","4":"has-post-thumbnail","6":"materia_nivel_3-contemporanea","7":"materia_nivel_3-teoria-politica","8":"subtema_nivel_2-historia","9":"subtema_nivel_2-politica","10":"tema_nivel_1-ciencias-sociales","11":"product_cat-uncategorized","12":"product_author-stalin-iosif","13":"product_author-zinoviev-grigori","15":"first","16":"instock","17":"purchasable","18":"product-type-simple"},"acf":[],"_links":{"self":[{"href":"https:\/\/dev2.cantalupe.net\/sigloxxi\/wp-json\/wp\/v2\/product\/13374","targetHints":{"allow":["GET"]}}],"collection":[{"href":"https:\/\/dev2.cantalupe.net\/sigloxxi\/wp-json\/wp\/v2\/product"}],"about":[{"href":"https:\/\/dev2.cantalupe.net\/sigloxxi\/wp-json\/wp\/v2\/types\/product"}],"replies":[{"embeddable":true,"href":"https:\/\/dev2.cantalupe.net\/sigloxxi\/wp-json\/wp\/v2\/comments?post=13374"}],"version-history":[{"count":1,"href":"https:\/\/dev2.cantalupe.net\/sigloxxi\/wp-json\/wp\/v2\/product\/13374\/revisions"}],"predecessor-version":[{"id":13375,"href":"https:\/\/dev2.cantalupe.net\/sigloxxi\/wp-json\/wp\/v2\/product\/13374\/revisions\/13375"}],"wp:featuredmedia":[{"embeddable":true,"href":"https:\/\/dev2.cantalupe.net\/sigloxxi\/wp-json\/wp\/v2\/media\/1027"}],"wp:attachment":[{"href":"https:\/\/dev2.cantalupe.net\/sigloxxi\/wp-json\/wp\/v2\/media?parent=13374"}],"wp:term":[{"taxonomy":"materia_nivel_3","embeddable":true,"href":"https:\/\/dev2.cantalupe.net\/sigloxxi\/wp-json\/wp\/v2\/materia_nivel_3?post=13374"},{"taxonomy":"subtema_nivel_2","embeddable":true,"href":"https:\/\/dev2.cantalupe.net\/sigloxxi\/wp-json\/wp\/v2\/subtema_nivel_2?post=13374"},{"taxonomy":"tema_nivel_1","embeddable":true,"href":"https:\/\/dev2.cantalupe.net\/sigloxxi\/wp-json\/wp\/v2\/tema_nivel_1?post=13374"},{"taxonomy":"product_brand","embeddable":true,"href":"https:\/\/dev2.cantalupe.net\/sigloxxi\/wp-json\/wp\/v2\/product_brand?post=13374"},{"taxonomy":"product_cat","embeddable":true,"href":"https:\/\/dev2.cantalupe.net\/sigloxxi\/wp-json\/wp\/v2\/product_cat?post=13374"},{"taxonomy":"product_tag","embeddable":true,"href":"https:\/\/dev2.cantalupe.net\/sigloxxi\/wp-json\/wp\/v2\/product_tag?post=13374"},{"taxonomy":"product_author","embeddable":true,"href":"https:\/\/dev2.cantalupe.net\/sigloxxi\/wp-json\/wp\/v2\/product_author?post=13374"},{"taxonomy":"product_collection","embeddable":true,"href":"https:\/\/dev2.cantalupe.net\/sigloxxi\/wp-json\/wp\/v2\/product_collection?post=13374"}],"curies":[{"name":"wp","href":"https:\/\/api.w.org\/{rel}","templated":true}]}}