{"id":13414,"date":"2025-11-04T14:50:30","date_gmt":"2025-11-04T14:50:30","guid":{"rendered":"https:\/\/dev2.cantalupe.net\/sigloxxi\/libro\/el-libro-de-los-abrazos\/"},"modified":"2025-11-04T14:50:35","modified_gmt":"2025-11-04T14:50:35","slug":"el-libro-de-los-abrazos","status":"publish","type":"product","link":"https:\/\/dev2.cantalupe.net\/sigloxxi\/libro\/el-libro-de-los-abrazos\/","title":{"rendered":"El libro de los abrazos"},"content":{"rendered":"<p>Esta obra constituye tal vez una de las s\u00edntesis m\u00e1s perfectas del imaginario de Galeano: celebraciones, sucedidos, cr\u00f3nicas, sue\u00f1os, memorias y desmemorias; todo ello mediante relatos breves, directos, conmovedores, asombrosos, en los que hasta las paredes hablan, y en los que, a sus palabras, se suman sus grabados y dibujos.<\/p>\n","protected":false},"excerpt":{"rendered":"<p>Esta obra constituye tal vez una de las s\u00edntesis m\u00e1s perfectas del imaginario de Galeano: celebraciones, sucedidos, cr\u00f3nicas, sue\u00f1os, memorias y desmemorias; todo ello mediante relatos breves, directos, conmovedores, asombrosos, en los que hasta las paredes hablan, y en los que, a sus palabras, se suman sus grabados y dibujos.<\/p>\n","protected":false},"featured_media":1064,"comment_status":"closed","ping_status":"open","template":"","meta":{"_acf_changed":false},"materia_nivel_3":[2560],"subtema_nivel_2":[2562],"tema_nivel_1":[2693],"product_brand":[],"product_cat":[15],"product_tag":[],"product_author":[2868],"product_collection":[],"class_list":{"0":"post-13414","1":"product","2":"type-product","3":"status-publish","4":"has-post-thumbnail","6":"materia_nivel_3-narrativa","7":"subtema_nivel_2-lengua-y-literatura","8":"tema_nivel_1-biblioteca-eduardo-galeano","9":"product_cat-uncategorized","10":"product_author-galeano-eduardo","12":"first","13":"instock","14":"purchasable","15":"product-type-simple"},"acf":[],"_links":{"self":[{"href":"https:\/\/dev2.cantalupe.net\/sigloxxi\/wp-json\/wp\/v2\/product\/13414","targetHints":{"allow":["GET"]}}],"collection":[{"href":"https:\/\/dev2.cantalupe.net\/sigloxxi\/wp-json\/wp\/v2\/product"}],"about":[{"href":"https:\/\/dev2.cantalupe.net\/sigloxxi\/wp-json\/wp\/v2\/types\/product"}],"replies":[{"embeddable":true,"href":"https:\/\/dev2.cantalupe.net\/sigloxxi\/wp-json\/wp\/v2\/comments?post=13414"}],"version-history":[{"count":1,"href":"https:\/\/dev2.cantalupe.net\/sigloxxi\/wp-json\/wp\/v2\/product\/13414\/revisions"}],"predecessor-version":[{"id":13415,"href":"https:\/\/dev2.cantalupe.net\/sigloxxi\/wp-json\/wp\/v2\/product\/13414\/revisions\/13415"}],"wp:featuredmedia":[{"embeddable":true,"href":"https:\/\/dev2.cantalupe.net\/sigloxxi\/wp-json\/wp\/v2\/media\/1064"}],"wp:attachment":[{"href":"https:\/\/dev2.cantalupe.net\/sigloxxi\/wp-json\/wp\/v2\/media?parent=13414"}],"wp:term":[{"taxonomy":"materia_nivel_3","embeddable":true,"href":"https:\/\/dev2.cantalupe.net\/sigloxxi\/wp-json\/wp\/v2\/materia_nivel_3?post=13414"},{"taxonomy":"subtema_nivel_2","embeddable":true,"href":"https:\/\/dev2.cantalupe.net\/sigloxxi\/wp-json\/wp\/v2\/subtema_nivel_2?post=13414"},{"taxonomy":"tema_nivel_1","embeddable":true,"href":"https:\/\/dev2.cantalupe.net\/sigloxxi\/wp-json\/wp\/v2\/tema_nivel_1?post=13414"},{"taxonomy":"product_brand","embeddable":true,"href":"https:\/\/dev2.cantalupe.net\/sigloxxi\/wp-json\/wp\/v2\/product_brand?post=13414"},{"taxonomy":"product_cat","embeddable":true,"href":"https:\/\/dev2.cantalupe.net\/sigloxxi\/wp-json\/wp\/v2\/product_cat?post=13414"},{"taxonomy":"product_tag","embeddable":true,"href":"https:\/\/dev2.cantalupe.net\/sigloxxi\/wp-json\/wp\/v2\/product_tag?post=13414"},{"taxonomy":"product_author","embeddable":true,"href":"https:\/\/dev2.cantalupe.net\/sigloxxi\/wp-json\/wp\/v2\/product_author?post=13414"},{"taxonomy":"product_collection","embeddable":true,"href":"https:\/\/dev2.cantalupe.net\/sigloxxi\/wp-json\/wp\/v2\/product_collection?post=13414"}],"curies":[{"name":"wp","href":"https:\/\/api.w.org\/{rel}","templated":true}]}}