{"id":13426,"date":"2025-11-04T14:50:30","date_gmt":"2025-11-04T14:50:30","guid":{"rendered":"https:\/\/dev2.cantalupe.net\/sigloxxi\/libro\/el-mito-de-cristo\/"},"modified":"2025-11-04T14:50:35","modified_gmt":"2025-11-04T14:50:35","slug":"el-mito-de-cristo","status":"publish","type":"product","link":"https:\/\/dev2.cantalupe.net\/sigloxxi\/libro\/el-mito-de-cristo\/","title":{"rendered":"El mito de Cristo"},"content":{"rendered":"<p>Para comprender el perfil definitorio del mito neotestamentario de Cristo, y las argucias de su falsedad, la explicaci\u00f3n que ofrece este breve escrito solamente exige buen sentido, respeto por las reglas que impone el sano razonamiento y la atenta lectura de los propios evangelios can\u00f3nicos, en el contexto de la sencilla informaci\u00f3n que el autor suministra sobre la \u00e9poca y el medio ambiental en que se sit\u00faan esos cuatro incoherentes relatos, una vez despojados de aditamentos eruditos o premisas dogm\u00e1ticas. Esta lectura, exenta de los aberrantes prejuicios de la fe, pone de manifiesto una evidente contradicci\u00f3n irreductible entre el anuncio prof\u00e9tico atribuido a la propia persona de Jes\u00fas de Nazaret y el sangriento e inesperado desenlace del que fue la v\u00edctima cruenta. Desde este tr\u00e1gico suceso, la fe fan\u00e1tica de unos pocos de sus seguidores comenz\u00f3 la tarea de transformar radicalmente a un artesano galileo en el Hijo de Dios, consustancial y coeterno con el Padre, cuyo sacrificio redimir\u00eda un pecado original a fin de aplacar la c\u00f3lera de un Dios vengativo e implacable. Esta absurda leyenda gener\u00f3 muy pronto una enigm\u00e1tica dogm\u00e1tica trinitaria que implicaba una doctrina sacr\u00edlega y blasfematoria del estricto monote\u00edsmo b\u00edblico, creando un abismo insondable entre cristianismo y juda\u00edsmo: el mito de Cristo.<\/p>\n","protected":false},"excerpt":{"rendered":"<p>Para comprender el perfil definitorio del mito neotestamentario de Cristo, y las argucias de su falsedad, la explicaci\u00f3n que ofrece este breve escrito solamente exige buen sentido, respeto por las reglas que impone el sano razonamiento y la atenta lectura de los propios evangelios can\u00f3nicos, en el contexto de la sencilla informaci\u00f3n que el autor suministra sobre la \u00e9poca y el medio ambiental en que se sit\u00faan esos cuatro incoherentes relatos, una vez despojados de aditamentos eruditos o premisas dogm\u00e1ticas. Esta lectura, exenta de los aberrantes prejuicios de la fe, pone de manifiesto una evidente contradicci\u00f3n irreductible entre el anuncio prof\u00e9tico atribuido a la propia persona de Jes\u00fas de Nazaret y el sangriento e inesperado desenlace del que fue la v\u00edctima cruenta. Desde este tr\u00e1gico suceso, la fe fan\u00e1tica de unos pocos de sus seguidores comenz\u00f3 la tarea de transformar radicalmente a un artesano galileo en el Hijo de Dios, consustancial y coeterno con el Padre, cuyo sacrificio redimir\u00eda un pecado original a fin de aplacar la c\u00f3lera de un Dios vengativo e implacable. Esta absurda leyenda gener\u00f3 muy pronto una enigm\u00e1tica dogm\u00e1tica trinitaria que implicaba una doctrina sacr\u00edlega y blasfematoria del estricto monote\u00edsmo b\u00edblico, creando un abismo insondable entre cristianismo y juda\u00edsmo: el mito de Cristo.<\/p>\n","protected":false},"featured_media":1076,"comment_status":"closed","ping_status":"open","template":"","meta":{"_acf_changed":false},"materia_nivel_3":[2673],"subtema_nivel_2":[2577],"tema_nivel_1":[2627],"product_brand":[],"product_cat":[15],"product_tag":[],"product_author":[2825],"product_collection":[],"class_list":{"0":"post-13426","1":"product","2":"type-product","3":"status-publish","4":"has-post-thumbnail","6":"materia_nivel_3-cristianismo","7":"subtema_nivel_2-religion","8":"tema_nivel_1-biblioteca-gonzalo-puente-ojea","9":"product_cat-uncategorized","10":"product_author-puente-ojea-gonzalo","12":"first","13":"instock","14":"purchasable","15":"product-type-simple"},"acf":[],"_links":{"self":[{"href":"https:\/\/dev2.cantalupe.net\/sigloxxi\/wp-json\/wp\/v2\/product\/13426","targetHints":{"allow":["GET"]}}],"collection":[{"href":"https:\/\/dev2.cantalupe.net\/sigloxxi\/wp-json\/wp\/v2\/product"}],"about":[{"href":"https:\/\/dev2.cantalupe.net\/sigloxxi\/wp-json\/wp\/v2\/types\/product"}],"replies":[{"embeddable":true,"href":"https:\/\/dev2.cantalupe.net\/sigloxxi\/wp-json\/wp\/v2\/comments?post=13426"}],"version-history":[{"count":1,"href":"https:\/\/dev2.cantalupe.net\/sigloxxi\/wp-json\/wp\/v2\/product\/13426\/revisions"}],"predecessor-version":[{"id":13427,"href":"https:\/\/dev2.cantalupe.net\/sigloxxi\/wp-json\/wp\/v2\/product\/13426\/revisions\/13427"}],"wp:featuredmedia":[{"embeddable":true,"href":"https:\/\/dev2.cantalupe.net\/sigloxxi\/wp-json\/wp\/v2\/media\/1076"}],"wp:attachment":[{"href":"https:\/\/dev2.cantalupe.net\/sigloxxi\/wp-json\/wp\/v2\/media?parent=13426"}],"wp:term":[{"taxonomy":"materia_nivel_3","embeddable":true,"href":"https:\/\/dev2.cantalupe.net\/sigloxxi\/wp-json\/wp\/v2\/materia_nivel_3?post=13426"},{"taxonomy":"subtema_nivel_2","embeddable":true,"href":"https:\/\/dev2.cantalupe.net\/sigloxxi\/wp-json\/wp\/v2\/subtema_nivel_2?post=13426"},{"taxonomy":"tema_nivel_1","embeddable":true,"href":"https:\/\/dev2.cantalupe.net\/sigloxxi\/wp-json\/wp\/v2\/tema_nivel_1?post=13426"},{"taxonomy":"product_brand","embeddable":true,"href":"https:\/\/dev2.cantalupe.net\/sigloxxi\/wp-json\/wp\/v2\/product_brand?post=13426"},{"taxonomy":"product_cat","embeddable":true,"href":"https:\/\/dev2.cantalupe.net\/sigloxxi\/wp-json\/wp\/v2\/product_cat?post=13426"},{"taxonomy":"product_tag","embeddable":true,"href":"https:\/\/dev2.cantalupe.net\/sigloxxi\/wp-json\/wp\/v2\/product_tag?post=13426"},{"taxonomy":"product_author","embeddable":true,"href":"https:\/\/dev2.cantalupe.net\/sigloxxi\/wp-json\/wp\/v2\/product_author?post=13426"},{"taxonomy":"product_collection","embeddable":true,"href":"https:\/\/dev2.cantalupe.net\/sigloxxi\/wp-json\/wp\/v2\/product_collection?post=13426"}],"curies":[{"name":"wp","href":"https:\/\/api.w.org\/{rel}","templated":true}]}}