{"id":13440,"date":"2025-11-04T14:50:40","date_gmt":"2025-11-04T14:50:40","guid":{"rendered":"https:\/\/dev2.cantalupe.net\/sigloxxi\/libro\/el-moderno-sistema-mundial-iii\/"},"modified":"2025-11-04T14:50:40","modified_gmt":"2025-11-04T14:50:40","slug":"el-moderno-sistema-mundial-iii","status":"publish","type":"product","link":"https:\/\/dev2.cantalupe.net\/sigloxxi\/libro\/el-moderno-sistema-mundial-iii\/","title":{"rendered":"El moderno sistema mundial III"},"content":{"rendered":"<p>Obra fundamental y lectura ineludible, El moderno sistema mundial ofrece las claves para comprender la sociedad actual. Ejercicio de erudici\u00f3n \u00fanico y riguros\u00edsima investigaci\u00f3n hist\u00f3rica, esta magna obra de Immanuel Wallerstein es una genuina reconstrucci\u00f3n del pasado del sistema-mundo en que vivimos. En ella, el prestigioso historiador cr\u00edtico y cient\u00edfico social articula y enlaza, desde una perspectiva global en la que nada es ajeno, cada uno de los hitos que han ido configurando el capitalismo: desde la transformaci\u00f3n del modo de producci\u00f3n feudal, sus crisis y periodos de bonanza, pasando por la Revoluci\u00f3n industrial, la colonizaci\u00f3n y la descolonizaci\u00f3n sin olvidar la Revoluci\u00f3n francesa y el nacimiento de las ideolog\u00edas contempor\u00e1neas.<br \/>\nEn La segunda era de gran expansi\u00f3n de la econom\u00eda-mundo capitalista (1730-1850), tercer tomo de la magna obra de Wallerstein, contin\u00faa el an\u00e1lisis del crecimiento de la econom\u00eda-mundo. La revoluci\u00f3n industrial inglesa y la revoluci\u00f3n de independencia y la descolonizaci\u00f3n de los distintos pa\u00edses que estaban subyugados a las coronas europeas son la clave para comprender el desarrollo, el fortalecimiento y la consolidaci\u00f3n del sistema capitalista mundial en el que cada vez tienen menos peso las fuerzas populares y la burgues\u00eda va concentrando el poder.<br \/>\n\u00abEl pensamiento de Wallerstein ofrece un nuevo marco convincente para la historia europea, una nueva explicaci\u00f3n y una nueva clasificaci\u00f3n []. El moderno sistema mundial es de hecho uno de las investigaciones m\u00e1s innovadoras de la producci\u00f3n intelectual contempor\u00e1nea.\u00bb<br \/>\nFernand Braudel<br \/>\n\u00abUna obra maestra de historia social anal\u00edtica y sint\u00e9tica []. Imprescindible para quienes deseen comprender el origen del mundo contempor\u00e1neo.\u00bb<br \/>\nPolitical Science Quarterly<br \/>\n\u00abUn trabajo visionario []. Una de las declaraciones te\u00f3ricas m\u00e1s importantes sobre el desarrollo desde la \u00e9poca de Weber.\u00bb<br \/>\nContemporary Sociology<\/p>\n","protected":false},"excerpt":{"rendered":"<p>Obra fundamental y lectura ineludible, El moderno sistema mundial ofrece las claves para comprender la sociedad actual. Ejercicio de erudici\u00f3n \u00fanico y riguros\u00edsima investigaci\u00f3n hist\u00f3rica, esta magna obra de Immanuel Wallerstein es una genuina reconstrucci\u00f3n del pasado del sistema-mundo en que vivimos. En ella, el prestigioso historiador cr\u00edtico y cient\u00edfico social articula y enlaza, desde una perspectiva global en la que nada es ajeno, cada uno de los hitos que han ido configurando el capitalismo: desde la transformaci\u00f3n del modo de producci\u00f3n feudal, sus crisis y periodos de bonanza, pasando por la Revoluci\u00f3n industrial, la colonizaci\u00f3n y la descolonizaci\u00f3n sin olvidar la Revoluci\u00f3n francesa y el nacimiento de las ideolog\u00edas contempor\u00e1neas.<br \/>\nEn La segunda era de gran expansi\u00f3n de la econom\u00eda-mundo capitalista (1730-1850), tercer tomo de la magna obra de Wallerstein, contin\u00faa el an\u00e1lisis del crecimiento de la econom\u00eda-mundo. La revoluci\u00f3n industrial inglesa y la revoluci\u00f3n de independencia y la descolonizaci\u00f3n de los distintos pa\u00edses que estaban subyugados a las coronas europeas son la clave para comprender el desarrollo, el fortalecimiento y la consolidaci\u00f3n del sistema capitalista mundial en el que cada vez tienen menos peso las fuerzas populares y la burgues\u00eda va concentrando el poder.<br \/>\n\u00abEl pensamiento de Wallerstein ofrece un nuevo marco convincente para la historia europea, una nueva explicaci\u00f3n y una nueva clasificaci\u00f3n []. El moderno sistema mundial es de hecho uno de las investigaciones m\u00e1s innovadoras de la producci\u00f3n intelectual contempor\u00e1nea.\u00bb<br \/>\nFernand Braudel<br \/>\n\u00abUna obra maestra de historia social anal\u00edtica y sint\u00e9tica []. Imprescindible para quienes deseen comprender el origen del mundo contempor\u00e1neo.\u00bb<br \/>\nPolitical Science Quarterly<br \/>\n\u00abUn trabajo visionario []. Una de las declaraciones te\u00f3ricas m\u00e1s importantes sobre el desarrollo desde la \u00e9poca de Weber.\u00bb<br \/>\nContemporary Sociology<\/p>\n","protected":false},"featured_media":1089,"comment_status":"closed","ping_status":"open","template":"","meta":{"_acf_changed":false},"materia_nivel_3":[2565,3657,2558],"subtema_nivel_2":[2561],"tema_nivel_1":[2567],"product_brand":[],"product_cat":[15],"product_tag":[],"product_author":[3593],"product_collection":[],"class_list":{"0":"post-13440","1":"product","2":"type-product","3":"status-publish","4":"has-post-thumbnail","6":"materia_nivel_3-contemporanea","7":"materia_nivel_3-general","8":"materia_nivel_3-moderna","9":"subtema_nivel_2-historia","10":"tema_nivel_1-historia","11":"product_cat-uncategorized","12":"product_author-wallerstein-immanuel-maurice","14":"first","15":"instock","16":"purchasable","17":"product-type-simple"},"acf":[],"_links":{"self":[{"href":"https:\/\/dev2.cantalupe.net\/sigloxxi\/wp-json\/wp\/v2\/product\/13440","targetHints":{"allow":["GET"]}}],"collection":[{"href":"https:\/\/dev2.cantalupe.net\/sigloxxi\/wp-json\/wp\/v2\/product"}],"about":[{"href":"https:\/\/dev2.cantalupe.net\/sigloxxi\/wp-json\/wp\/v2\/types\/product"}],"replies":[{"embeddable":true,"href":"https:\/\/dev2.cantalupe.net\/sigloxxi\/wp-json\/wp\/v2\/comments?post=13440"}],"version-history":[{"count":1,"href":"https:\/\/dev2.cantalupe.net\/sigloxxi\/wp-json\/wp\/v2\/product\/13440\/revisions"}],"predecessor-version":[{"id":13441,"href":"https:\/\/dev2.cantalupe.net\/sigloxxi\/wp-json\/wp\/v2\/product\/13440\/revisions\/13441"}],"wp:featuredmedia":[{"embeddable":true,"href":"https:\/\/dev2.cantalupe.net\/sigloxxi\/wp-json\/wp\/v2\/media\/1089"}],"wp:attachment":[{"href":"https:\/\/dev2.cantalupe.net\/sigloxxi\/wp-json\/wp\/v2\/media?parent=13440"}],"wp:term":[{"taxonomy":"materia_nivel_3","embeddable":true,"href":"https:\/\/dev2.cantalupe.net\/sigloxxi\/wp-json\/wp\/v2\/materia_nivel_3?post=13440"},{"taxonomy":"subtema_nivel_2","embeddable":true,"href":"https:\/\/dev2.cantalupe.net\/sigloxxi\/wp-json\/wp\/v2\/subtema_nivel_2?post=13440"},{"taxonomy":"tema_nivel_1","embeddable":true,"href":"https:\/\/dev2.cantalupe.net\/sigloxxi\/wp-json\/wp\/v2\/tema_nivel_1?post=13440"},{"taxonomy":"product_brand","embeddable":true,"href":"https:\/\/dev2.cantalupe.net\/sigloxxi\/wp-json\/wp\/v2\/product_brand?post=13440"},{"taxonomy":"product_cat","embeddable":true,"href":"https:\/\/dev2.cantalupe.net\/sigloxxi\/wp-json\/wp\/v2\/product_cat?post=13440"},{"taxonomy":"product_tag","embeddable":true,"href":"https:\/\/dev2.cantalupe.net\/sigloxxi\/wp-json\/wp\/v2\/product_tag?post=13440"},{"taxonomy":"product_author","embeddable":true,"href":"https:\/\/dev2.cantalupe.net\/sigloxxi\/wp-json\/wp\/v2\/product_author?post=13440"},{"taxonomy":"product_collection","embeddable":true,"href":"https:\/\/dev2.cantalupe.net\/sigloxxi\/wp-json\/wp\/v2\/product_collection?post=13440"}],"curies":[{"name":"wp","href":"https:\/\/api.w.org\/{rel}","templated":true}]}}