{"id":13442,"date":"2025-11-04T14:50:40","date_gmt":"2025-11-04T14:50:40","guid":{"rendered":"https:\/\/dev2.cantalupe.net\/sigloxxi\/libro\/el-moderno-sistema-mundial-iv\/"},"modified":"2025-11-04T14:50:41","modified_gmt":"2025-11-04T14:50:41","slug":"el-moderno-sistema-mundial-iv","status":"publish","type":"product","link":"https:\/\/dev2.cantalupe.net\/sigloxxi\/libro\/el-moderno-sistema-mundial-iv\/","title":{"rendered":"El moderno sistema mundial IV"},"content":{"rendered":"<p>Obra fundamental y lectura ineludible, El moderno sistema mundial ofrece las claves para comprender la sociedad actual. Ejercicio de erudici\u00f3n \u00fanico y riguros\u00edsima investigaci\u00f3n hist\u00f3rica, esta magna obra de Immanuel Wallerstein es una genuina reconstrucci\u00f3n del pasado del sistema-mundo en que vivimos. En ella, el prestigioso historiador cr\u00edtico y cient\u00edfico social articula y enlaza, desde una perspectiva global en la que nada es ajeno, cada uno de los hitos que han ido configurando el capitalismo: desde la transformaci\u00f3n del modo de producci\u00f3n feudal, sus crisis y periodos de bonanza, pasando por la Revoluci\u00f3n industrial, la colonizaci\u00f3n y la descolonizaci\u00f3n sin olvidar la Revoluci\u00f3n francesa y el nacimiento de las ideolog\u00edas contempor\u00e1neas.<\/p>\n<p>El liberalismo centrista triunfante, 1789-1914 muestra las consecuencias pol\u00edticas, econ\u00f3micas y culturales de la Revoluci\u00f3n francesa que han configurado nuestro escenario geopol\u00edtico actual tales como el concepto de ciudadan\u00eda y derechos universales, la soberan\u00eda popular, la lucha feminista y la antirracista, la normalidad del cambio pol\u00edtico, todas ellas cuestiones que resuenan en nuestra sociedad. Partiendo de la cuesti\u00f3n de c\u00f3mo el liberalismo centrista logr\u00f3 \u00abdomesticar\u00bb al resto de ideolog\u00edas, analiza c\u00f3mo este se consolida como principio rector de nuestro sistema-mundo.<\/p>\n<p>\u00abEl pensamiento de Wallerstein ofrece un nuevo marco convincente para la historia europea, una nueva explicaci\u00f3n y una nueva clasificaci\u00f3n []. El moderno sistema mundial es de hecho uno de las investigaciones m\u00e1s innovadoras de la producci\u00f3n intelectual contempor\u00e1nea.\u00bb<br \/>\nFernand Braudel<br \/>\n\u00abUna obra maestra de historia social anal\u00edtica y sint\u00e9tica []. Imprescindible para quienes deseen comprender el origen del mundo contempor\u00e1neo.\u00bb<br \/>\nPolitical Science Quarterly<br \/>\n\u00abUn trabajo visionario []. Una de las declaraciones te\u00f3ricas m\u00e1s importantes sobre el desarrollo desde la \u00e9poca de Weber.\u00bb<br \/>\nContemporary Sociology<\/p>\n","protected":false},"excerpt":{"rendered":"<p>Obra fundamental y lectura ineludible, El moderno sistema mundial ofrece las claves para comprender la sociedad actual. Ejercicio de erudici\u00f3n \u00fanico y riguros\u00edsima investigaci\u00f3n hist\u00f3rica, esta magna obra de Immanuel Wallerstein es una genuina reconstrucci\u00f3n del pasado del sistema-mundo en que vivimos. En ella, el prestigioso historiador cr\u00edtico y cient\u00edfico social articula y enlaza, desde una perspectiva global en la que nada es ajeno, cada uno de los hitos que han ido configurando el capitalismo: desde la transformaci\u00f3n del modo de producci\u00f3n feudal, sus crisis y periodos de bonanza, pasando por la Revoluci\u00f3n industrial, la colonizaci\u00f3n y la descolonizaci\u00f3n sin olvidar la Revoluci\u00f3n francesa y el nacimiento de las ideolog\u00edas contempor\u00e1neas.<\/p>\n<p>El liberalismo centrista triunfante, 1789-1914 muestra las consecuencias pol\u00edticas, econ\u00f3micas y culturales de la Revoluci\u00f3n francesa que han configurado nuestro escenario geopol\u00edtico actual tales como el concepto de ciudadan\u00eda y derechos universales, la soberan\u00eda popular, la lucha feminista y la antirracista, la normalidad del cambio pol\u00edtico, todas ellas cuestiones que resuenan en nuestra sociedad. Partiendo de la cuesti\u00f3n de c\u00f3mo el liberalismo centrista logr\u00f3 \u00abdomesticar\u00bb al resto de ideolog\u00edas, analiza c\u00f3mo este se consolida como principio rector de nuestro sistema-mundo.<\/p>\n<p>\u00abEl pensamiento de Wallerstein ofrece un nuevo marco convincente para la historia europea, una nueva explicaci\u00f3n y una nueva clasificaci\u00f3n []. El moderno sistema mundial es de hecho uno de las investigaciones m\u00e1s innovadoras de la producci\u00f3n intelectual contempor\u00e1nea.\u00bb<br \/>\nFernand Braudel<br \/>\n\u00abUna obra maestra de historia social anal\u00edtica y sint\u00e9tica []. Imprescindible para quienes deseen comprender el origen del mundo contempor\u00e1neo.\u00bb<br \/>\nPolitical Science Quarterly<br \/>\n\u00abUn trabajo visionario []. Una de las declaraciones te\u00f3ricas m\u00e1s importantes sobre el desarrollo desde la \u00e9poca de Weber.\u00bb<br \/>\nContemporary Sociology<\/p>\n","protected":false},"featured_media":1091,"comment_status":"closed","ping_status":"open","template":"","meta":{"_acf_changed":false},"materia_nivel_3":[2565,3658],"subtema_nivel_2":[2561],"tema_nivel_1":[2567],"product_brand":[],"product_cat":[15],"product_tag":[],"product_author":[3593],"product_collection":[],"class_list":{"0":"post-13442","1":"product","2":"type-product","3":"status-publish","4":"has-post-thumbnail","6":"materia_nivel_3-contemporanea","7":"materia_nivel_3-universal","8":"subtema_nivel_2-historia","9":"tema_nivel_1-historia","10":"product_cat-uncategorized","11":"product_author-wallerstein-immanuel-maurice","13":"first","14":"instock","15":"purchasable","16":"product-type-simple"},"acf":[],"_links":{"self":[{"href":"https:\/\/dev2.cantalupe.net\/sigloxxi\/wp-json\/wp\/v2\/product\/13442","targetHints":{"allow":["GET"]}}],"collection":[{"href":"https:\/\/dev2.cantalupe.net\/sigloxxi\/wp-json\/wp\/v2\/product"}],"about":[{"href":"https:\/\/dev2.cantalupe.net\/sigloxxi\/wp-json\/wp\/v2\/types\/product"}],"replies":[{"embeddable":true,"href":"https:\/\/dev2.cantalupe.net\/sigloxxi\/wp-json\/wp\/v2\/comments?post=13442"}],"version-history":[{"count":1,"href":"https:\/\/dev2.cantalupe.net\/sigloxxi\/wp-json\/wp\/v2\/product\/13442\/revisions"}],"predecessor-version":[{"id":13443,"href":"https:\/\/dev2.cantalupe.net\/sigloxxi\/wp-json\/wp\/v2\/product\/13442\/revisions\/13443"}],"wp:featuredmedia":[{"embeddable":true,"href":"https:\/\/dev2.cantalupe.net\/sigloxxi\/wp-json\/wp\/v2\/media\/1091"}],"wp:attachment":[{"href":"https:\/\/dev2.cantalupe.net\/sigloxxi\/wp-json\/wp\/v2\/media?parent=13442"}],"wp:term":[{"taxonomy":"materia_nivel_3","embeddable":true,"href":"https:\/\/dev2.cantalupe.net\/sigloxxi\/wp-json\/wp\/v2\/materia_nivel_3?post=13442"},{"taxonomy":"subtema_nivel_2","embeddable":true,"href":"https:\/\/dev2.cantalupe.net\/sigloxxi\/wp-json\/wp\/v2\/subtema_nivel_2?post=13442"},{"taxonomy":"tema_nivel_1","embeddable":true,"href":"https:\/\/dev2.cantalupe.net\/sigloxxi\/wp-json\/wp\/v2\/tema_nivel_1?post=13442"},{"taxonomy":"product_brand","embeddable":true,"href":"https:\/\/dev2.cantalupe.net\/sigloxxi\/wp-json\/wp\/v2\/product_brand?post=13442"},{"taxonomy":"product_cat","embeddable":true,"href":"https:\/\/dev2.cantalupe.net\/sigloxxi\/wp-json\/wp\/v2\/product_cat?post=13442"},{"taxonomy":"product_tag","embeddable":true,"href":"https:\/\/dev2.cantalupe.net\/sigloxxi\/wp-json\/wp\/v2\/product_tag?post=13442"},{"taxonomy":"product_author","embeddable":true,"href":"https:\/\/dev2.cantalupe.net\/sigloxxi\/wp-json\/wp\/v2\/product_author?post=13442"},{"taxonomy":"product_collection","embeddable":true,"href":"https:\/\/dev2.cantalupe.net\/sigloxxi\/wp-json\/wp\/v2\/product_collection?post=13442"}],"curies":[{"name":"wp","href":"https:\/\/api.w.org\/{rel}","templated":true}]}}