{"id":13456,"date":"2025-11-04T14:50:40","date_gmt":"2025-11-04T14:50:40","guid":{"rendered":"https:\/\/dev2.cantalupe.net\/sigloxxi\/libro\/el-mono-del-desencanto\/"},"modified":"2025-11-04T14:50:41","modified_gmt":"2025-11-04T14:50:41","slug":"el-mono-del-desencanto","status":"publish","type":"product","link":"https:\/\/dev2.cantalupe.net\/sigloxxi\/libro\/el-mono-del-desencanto\/","title":{"rendered":"El mono del desencanto"},"content":{"rendered":"<p>La losa que sella el sepulcro de Francisco Franco en el Valle de los Ca\u00eddos, sella tambi\u00e9n la memoria y el futuro de Espa\u00f1a. El final del franquismo trajo consigo una suerte de amnesia colectiva, un rechazo del pasado reciente y la necesidad desesperada de olvidar aquellas caducas ideolog\u00edas y resistencias que hab\u00edan protagonizado la oposici\u00f3n antifranquista. \u00bfPor qu\u00e9 la sociedad espa\u00f1ola, justo en el momento en que no hab\u00eda fuerza opresora, reprimi\u00f3 su pasado y sus ansias rupturistas? Lo queramos o no, el franquismo no era meramente un r\u00e9gimen dictatorial, sino que abastec\u00eda a la sociedad espa\u00f1ola de la droga del desencanto. Sin el dictador, se acaba el desencanto y comienza el \u00abmono\u00bb. Sin \u00e9l, no es viable desmantelar las estructuras y el Estado franquista, es imposible comenzar de cero. El r\u00e9gimen pervivir\u00e1 dentro de la democracia.El mono del desencanto, libro fundamental e imprescindible, rastrea este pasado reprimido a trav\u00e9s de una cr\u00edtica cultural de la transici\u00f3n \u0096incluida tanto la Movida madrile\u00f1a como la pre-movida de Barcelona\u0096. En \u00e9l, Teresa M. Vilar\u00f3s se\u00f1ala cu\u00e1les fueron las adicciones de la sociedad espa\u00f1ola que producen este \u00abmono\u00bb que ciment\u00f3 el consenso social sobre el que se construy\u00f3 el r\u00e9gimen del 78.<\/p>\n","protected":false},"excerpt":{"rendered":"<p>La losa que sella el sepulcro de Francisco Franco en el Valle de los Ca\u00eddos, sella tambi\u00e9n la memoria y el futuro de Espa\u00f1a. El final del franquismo trajo consigo una suerte de amnesia colectiva, un rechazo del pasado reciente y la necesidad desesperada de olvidar aquellas caducas ideolog\u00edas y resistencias que hab\u00edan protagonizado la oposici\u00f3n antifranquista. \u00bfPor qu\u00e9 la sociedad espa\u00f1ola, justo en el momento en que no hab\u00eda fuerza opresora, reprimi\u00f3 su pasado y sus ansias rupturistas? Lo queramos o no, el franquismo no era meramente un r\u00e9gimen dictatorial, sino que abastec\u00eda a la sociedad espa\u00f1ola de la droga del desencanto. Sin el dictador, se acaba el desencanto y comienza el \u00abmono\u00bb. Sin \u00e9l, no es viable desmantelar las estructuras y el Estado franquista, es imposible comenzar de cero. El r\u00e9gimen pervivir\u00e1 dentro de la democracia.El mono del desencanto, libro fundamental e imprescindible, rastrea este pasado reprimido a trav\u00e9s de una cr\u00edtica cultural de la transici\u00f3n \u0096incluida tanto la Movida madrile\u00f1a como la pre-movida de Barcelona\u0096. En \u00e9l, Teresa M. Vilar\u00f3s se\u00f1ala cu\u00e1les fueron las adicciones de la sociedad espa\u00f1ola que producen este \u00abmono\u00bb que ciment\u00f3 el consenso social sobre el que se construy\u00f3 el r\u00e9gimen del 78.<\/p>\n","protected":false},"featured_media":1105,"comment_status":"closed","ping_status":"open","template":"","meta":{"_acf_changed":false},"materia_nivel_3":[2565,2559],"subtema_nivel_2":[2561],"tema_nivel_1":[2567],"product_brand":[],"product_cat":[15],"product_tag":[],"product_author":[3662],"product_collection":[],"class_list":{"0":"post-13456","1":"product","2":"type-product","3":"status-publish","4":"has-post-thumbnail","6":"materia_nivel_3-contemporanea","7":"materia_nivel_3-espana","8":"subtema_nivel_2-historia","9":"tema_nivel_1-historia","10":"product_cat-uncategorized","11":"product_author-vilaros-teresa-m","13":"first","14":"instock","15":"purchasable","16":"product-type-simple"},"acf":[],"_links":{"self":[{"href":"https:\/\/dev2.cantalupe.net\/sigloxxi\/wp-json\/wp\/v2\/product\/13456","targetHints":{"allow":["GET"]}}],"collection":[{"href":"https:\/\/dev2.cantalupe.net\/sigloxxi\/wp-json\/wp\/v2\/product"}],"about":[{"href":"https:\/\/dev2.cantalupe.net\/sigloxxi\/wp-json\/wp\/v2\/types\/product"}],"replies":[{"embeddable":true,"href":"https:\/\/dev2.cantalupe.net\/sigloxxi\/wp-json\/wp\/v2\/comments?post=13456"}],"version-history":[{"count":1,"href":"https:\/\/dev2.cantalupe.net\/sigloxxi\/wp-json\/wp\/v2\/product\/13456\/revisions"}],"predecessor-version":[{"id":13457,"href":"https:\/\/dev2.cantalupe.net\/sigloxxi\/wp-json\/wp\/v2\/product\/13456\/revisions\/13457"}],"wp:featuredmedia":[{"embeddable":true,"href":"https:\/\/dev2.cantalupe.net\/sigloxxi\/wp-json\/wp\/v2\/media\/1105"}],"wp:attachment":[{"href":"https:\/\/dev2.cantalupe.net\/sigloxxi\/wp-json\/wp\/v2\/media?parent=13456"}],"wp:term":[{"taxonomy":"materia_nivel_3","embeddable":true,"href":"https:\/\/dev2.cantalupe.net\/sigloxxi\/wp-json\/wp\/v2\/materia_nivel_3?post=13456"},{"taxonomy":"subtema_nivel_2","embeddable":true,"href":"https:\/\/dev2.cantalupe.net\/sigloxxi\/wp-json\/wp\/v2\/subtema_nivel_2?post=13456"},{"taxonomy":"tema_nivel_1","embeddable":true,"href":"https:\/\/dev2.cantalupe.net\/sigloxxi\/wp-json\/wp\/v2\/tema_nivel_1?post=13456"},{"taxonomy":"product_brand","embeddable":true,"href":"https:\/\/dev2.cantalupe.net\/sigloxxi\/wp-json\/wp\/v2\/product_brand?post=13456"},{"taxonomy":"product_cat","embeddable":true,"href":"https:\/\/dev2.cantalupe.net\/sigloxxi\/wp-json\/wp\/v2\/product_cat?post=13456"},{"taxonomy":"product_tag","embeddable":true,"href":"https:\/\/dev2.cantalupe.net\/sigloxxi\/wp-json\/wp\/v2\/product_tag?post=13456"},{"taxonomy":"product_author","embeddable":true,"href":"https:\/\/dev2.cantalupe.net\/sigloxxi\/wp-json\/wp\/v2\/product_author?post=13456"},{"taxonomy":"product_collection","embeddable":true,"href":"https:\/\/dev2.cantalupe.net\/sigloxxi\/wp-json\/wp\/v2\/product_collection?post=13456"}],"curies":[{"name":"wp","href":"https:\/\/api.w.org\/{rel}","templated":true}]}}